{"id":4376,"date":"2024-09-10T20:42:21","date_gmt":"2024-09-11T00:42:21","guid":{"rendered":"https:\/\/1800hurt911co.com\/denver\/denver-medico-de-accidentes-de-trafico\/"},"modified":"2024-10-02T10:11:49","modified_gmt":"2024-10-02T16:11:49","slug":"denver-medico-de-accidentes-de-trafico","status":"publish","type":"page","link":"https:\/\/1800hurt911co.com\/es\/denver\/denver-medico-de-accidentes-de-trafico\/","title":{"rendered":"Denver M\u00e9dico de accidentes de tr\u00e1fico"},"content":{"rendered":"<h2>\u00bfNecesita un m\u00e9dico de Denver accidente de coche?<\/h2>\n<p>Estar involucrado en un accidente de coche puede ser abrumador. Saber qu\u00e9 hacer a continuaci\u00f3n es crucial para su recuperaci\u00f3n y futuras reclamaciones. Aqu\u00ed est\u00e1n los pasos inmediatos que debe tomar despu\u00e9s de un accidente automovil\u00edstico en Denver.<\/p>\n<h3>Reconocer la necesidad de atenci\u00f3n m\u00e9dica<\/h3>\n<p>El primer y m\u00e1s importante paso es evaluar su salud. Incluso si usted se siente bien, algunas lesiones pueden no ser evidentes de inmediato. Dolor de cuello, dolores de cabeza y otros s\u00edntomas pueden desarrollarse horas o d\u00edas m\u00e1s tarde. Buscar atenci\u00f3n m\u00e9dica con prontitud es vital. Un m\u00e9dico de Denver accidente de coche puede evaluar su condici\u00f3n y documentar las lesiones, que es esencial para sus reclamaciones de seguros. Si usted experimenta cualquiera de los siguientes s\u00edntomas, busque ayuda m\u00e9dica de inmediato:<\/p>\n<ul>\n<li>Dificultad para moverse<\/li>\n<li>Dolor persistente<\/li>\n<li>Mareos o confusi\u00f3n<\/li>\n<li>Entumecimiento u hormigueo en las extremidades<\/li>\n<\/ul>\n<p>No ignore estos signos. Una evaluaci\u00f3n y un tratamiento adecuados pueden influir significativamente en su proceso de recuperaci\u00f3n y en el resultado de cualquier posible reclamaci\u00f3n de indemnizaci\u00f3n.<\/p>\n<h3>Lesiones comunes en accidentes de tr\u00e1fico<\/h3>\n<p>Las lesiones por accidentes de coche var\u00edan mucho. Algunas de las m\u00e1s comunes incluyen:<\/p>\n<h4>S\u00edntomas de latigazo cervical<\/h4>\n<p>El latigazo cervical es una lesi\u00f3n frecuente en las colisiones traseras. Los s\u00edntomas pueden incluir rigidez en el cuello, dolores de cabeza y limitaci\u00f3n de la amplitud de movimiento. El tratamiento precoz es crucial para una recuperaci\u00f3n eficaz.<\/p>\n<h4>Lesiones de tejidos blandos<\/h4>\n<p>Durante un accidente pueden producirse lesiones en los tejidos blandos, como esguinces y distensiones. Estas lesiones pueden no ser visibles, pero pueden causar dolor y malestar significativo. Un m\u00e9dico de Denver accidente de coche puede proporcionar opciones de tratamiento adecuadas.<\/p>\n<h3>Dolor de espalda y lesiones de la columna vertebral<\/h3>\n<p>El dolor de espalda es otro resultado com\u00fan de los accidentes de coche. Las lesiones pueden ir desde esguinces menores a graves da\u00f1os en la columna vertebral. Es esencial consultar con un profesional m\u00e9dico para evaluar el alcance de sus lesiones y desarrollar un plan de tratamiento. Tomar estas medidas inmediatas despu\u00e9s de un accidente de coche puede ayudarle a recuperarse m\u00e1s eficazmente y proteger sus derechos. No dude en solicitar asistencia m\u00e9dica para asegurarse de que recibe la atenci\u00f3n que necesita.<\/p>\n<h2>Atenci\u00f3n integral para lesiones por accidente de coche<\/h2>\n<p><a href=\"https:\/\/1800hurt911co.com\/wp-content\/uploads\/2024\/09\/shutterstock_2267710669.webp\"><img fetchpriority=\"high\" decoding=\"async\" class=\"alignnone wp-image-2540 size-full\" src=\"https:\/\/1800hurt911co.com\/wp-content\/uploads\/2024\/09\/shutterstock_2267710669.webp\" alt=\"Denver M\u00e9dico de accidentes de tr\u00e1fico\" width=\"500\" height=\"326\" srcset=\"https:\/\/1800hurt911co.com\/wp-content\/uploads\/2024\/09\/shutterstock_2267710669.webp 500w, https:\/\/1800hurt911co.com\/wp-content\/uploads\/2024\/09\/shutterstock_2267710669-300x196.webp 300w\" sizes=\"(max-width: 500px) 100vw, 500px\" \/><\/a><\/p>\n<p>Despu\u00e9s de un accidente de coche, el tratamiento m\u00e9dico r\u00e1pido y eficaz es crucial para la recuperaci\u00f3n. En Hurt 911 Colorado Injury Centers, ofrecemos una amplia gama de opciones de tratamiento m\u00e9dico adaptadas a sus necesidades espec\u00edficas. Nuestro objetivo es ayudarle a recuperar su salud y volver a su vida cotidiana lo antes posible.<\/p>\n<h3>Opciones de tratamiento m\u00e9dico<\/h3>\n<h4>Atenci\u00f3n quiropr\u00e1ctica para lesiones por accidente de coche<\/h4>\n<p>El cuidado quiropr\u00e1ctico es esencial para tratar el dolor de cuello, lesiones de espalda y otros problemas comunes despu\u00e9s de un accidente automovil\u00edstico. Nuestros quiropr\u00e1cticos cualificados utilizan diversas t\u00e9cnicas, incluyendo ajustes quiropr\u00e1cticos, para aliviar el dolor y restaurar la movilidad. Este enfoque pr\u00e1ctico ayuda a realinear la columna vertebral y promover la curaci\u00f3n natural.<\/p>\n<h4>Programas de fisioterapia<\/h4>\n<p>La fisioterapia juega un papel vital en el proceso de rehabilitaci\u00f3n despu\u00e9s de un accidente de coche. Nuestros fisioterapeutas crean programas de fisioterapia personalizados para mejorar la fuerza, la flexibilidad y la funci\u00f3n general. Si usted est\u00e1 tratando con lesiones de tejidos blandos o la recuperaci\u00f3n de la cirug\u00eda, nuestro equipo le apoyar\u00e1 a trav\u00e9s de cada paso de su viaje de curaci\u00f3n.<\/p>\n<h4>Servicios de diagn\u00f3stico: Radiograf\u00edas y resonancias magn\u00e9ticas<\/h4>\n<p>El diagn\u00f3stico preciso es la base de un tratamiento eficaz. Ofrecemos servicios de diagn\u00f3stico, incluyendo radiograf\u00edas y resonancias magn\u00e9ticas, para identificar el alcance completo de sus lesiones. Estas t\u00e9cnicas de imagen nos permiten desarrollar un plan de tratamiento integral adaptado a su condici\u00f3n espec\u00edfica.<\/p>\n<h3>Tratamientos especializados de lesiones<\/h3>\n<h4>Tratamiento del latigazo cervical<\/h4>\n<p>El latigazo cervical es una lesi\u00f3n frecuente en los accidentes de tr\u00e1fico. Nuestros especialistas proporcionan tratamientos espec\u00edficos para aliviar los s\u00edntomas y promover la curaci\u00f3n. Nos centramos en reducir el dolor y restaurar la funci\u00f3n a trav\u00e9s de una combinaci\u00f3n de cuidados quiropr\u00e1cticos, fisioterapia y otras modalidades.<\/p>\n<h4>Tratamiento de lesiones de tejidos blandos<\/h4>\n<p>Las lesiones de tejidos blandos pueden provocar molestias a largo plazo si no se tratan adecuadamente. Nuestro equipo emplea varias opciones de tratamiento, incluyendo la terapia de masaje y terapias manuales, para controlar el dolor y facilitar la recuperaci\u00f3n. Nos aseguramos de que usted reciba la atenci\u00f3n necesaria para sanar eficazmente.<\/p>\n<h4>Control y alivio del dolor<\/h4>\n<p>El dolor cr\u00f3nico puede afectar significativamente su calidad de vida despu\u00e9s de un accidente. Nuestro enfoque integral del tratamiento del dolor incluye diversas t\u00e9cnicas destinadas a reducir las molestias y mejorar su bienestar general. Trabajamos estrechamente con usted para identificar las estrategias m\u00e1s eficaces para el alivio. En los Centros de Lesiones Hurt 911 Colorado, nos dedicamos a proporcionar una atenci\u00f3n integral para las lesiones por accidentes automovil\u00edsticos. Nuestro equipo est\u00e1 aqu\u00ed para apoyarle en cada paso de su proceso de recuperaci\u00f3n.<\/p>\n<h2>\u00bfPor qu\u00e9 elegir los Centros de Lesiones Hurt 911 Colorado?<\/h2>\n<p>La elecci\u00f3n del proveedor m\u00e9dico correcto despu\u00e9s de un accidente de coche es crucial para su recuperaci\u00f3n. En los Centros de Lesiones Hurt 911 Colorado, ofrecemos un enfoque integral de la atenci\u00f3n que se ocupa de sus necesidades f\u00edsicas, emocionales y financieras. He aqu\u00ed por qu\u00e9 nos destacamos:<\/p>\n<h3>Equipo m\u00e9dico experimentado y dedicado<\/h3>\n<p>Nuestro equipo est\u00e1 formado por m\u00e9dicos expertos en accidentes automovil\u00edsticos y quiropr\u00e1cticos que se especializan en el tratamiento de lesiones por accidentes automovil\u00edsticos. Con una amplia formaci\u00f3n en la gesti\u00f3n de lesiones, nuestros profesionales est\u00e1n comprometidos a proporcionar la m\u00e1s alta calidad de la atenci\u00f3n. Entendemos los matices de las lesiones por accidente de coche y adaptar nuestros planes de tratamiento para satisfacer sus necesidades espec\u00edficas.<\/p>\n<h4>Nuestros m\u00e9dicos y quiropr\u00e1cticos de accidentes de coche<\/h4>\n<p>Nuestros m\u00e9dicos no s\u00f3lo tienen experiencia, sino tambi\u00e9n compasi\u00f3n. Se toman el tiempo para escuchar sus preocupaciones y desarrollar un plan de tratamiento que promueve la curaci\u00f3n y la recuperaci\u00f3n. Si usted est\u00e1 tratando con latigazo cervical, dolor de espalda, u otras lesiones, nuestro personal dedicado est\u00e1 aqu\u00ed para apoyarle en cada paso del camino.<\/p>\n<h4>Enfoque de colaboraci\u00f3n: M\u00e9dicos y abogados trabajando juntos<\/h4>\n<p><a href=\"https:\/\/1800hurt911co.com\/wp-content\/uploads\/2024\/09\/hurt911-car-accident-lawyer.webp\"><img decoding=\"async\" class=\"alignnone wp-image-2920 size-full\" src=\"https:\/\/1800hurt911co.com\/wp-content\/uploads\/2024\/09\/hurt911-car-accident-lawyer.webp\" alt=\"Denver Car Accident Lawyer\" width=\"500\" height=\"334\" srcset=\"https:\/\/1800hurt911co.com\/wp-content\/uploads\/2024\/09\/hurt911-car-accident-lawyer.webp 500w, https:\/\/1800hurt911co.com\/wp-content\/uploads\/2024\/09\/hurt911-car-accident-lawyer-300x200.webp 300w\" sizes=\"(max-width: 500px) 100vw, 500px\" \/><\/a><\/p>\n<p>Creemos en un enfoque hol\u00edstico de la recuperaci\u00f3n. Nuestro equipo m\u00e9dico colabora estrechamente con profesionales jur\u00eddicos para garantizar que su tratamiento se ajuste a su camino hacia la indemnizaci\u00f3n. Este enfoque integrado ayuda a agilizar su proceso de recuperaci\u00f3n y garantiza que reciba el apoyo que necesita.<\/p>\n<h3>Atenci\u00f3n y asistencia sin complicaciones<\/h3>\n<p>Nuestro objetivo es que su experiencia sea lo m\u00e1s agradable posible. Desde el momento en que se pone en contacto con nosotros, damos prioridad a su comodidad y conveniencia.<\/p>\n<h4>Servicios de transporte gratuitos<\/h4>\n<p>Ir y volver de las citas puede ser un reto, especialmente si padece dolor. Ofrecemos servicios de transporte gratuitos para garantizar que pueda acceder a la atenci\u00f3n m\u00e9dica que necesita sin estr\u00e9s a\u00f1adido.<\/p>\n<h4>Atenci\u00f3n basada en el derecho de retenci\u00f3n para lesiones por accidente de coche<\/h4>\n<p>Nuestro modelo de atenci\u00f3n basado en el derecho de retenci\u00f3n significa que usted puede recibir tratamiento sin preocuparse por los costos iniciales. Trabajamos con usted para asegurar que sus gastos m\u00e9dicos est\u00e1n cubiertos, lo que le permite centrarse en la curaci\u00f3n.<\/p>\n<h3>Servicio reconocido y de confianza<\/h3>\n<p>Nuestra reputaci\u00f3n lo dice todo. Somos reconocidos por nuestro compromiso con la atenci\u00f3n al paciente y los resultados satisfactorios.<\/p>\n<h4>Testimonios de pacientes e historias de \u00e9xito<\/h4>\n<p>Las experiencias de nuestros clientes importan. Nos enorgullecemos de los comentarios positivos que recibimos de aquellos a los que hemos ayudado. Sus historias de \u00e9xito reflejan nuestra dedicaci\u00f3n a proporcionar atenci\u00f3n y apoyo de primera categor\u00eda.<\/p>\n<h4>Nuestro compromiso con su recuperaci\u00f3n<\/h4>\n<p>En el Centro de Lesiones Hurt 911 Colorado, su recuperaci\u00f3n es nuestra prioridad. Estamos dedicados a ayudarle a recuperar su salud y bienestar despu\u00e9s de un accidente de coche. Conf\u00ede en nosotros para ser su socio en este viaje, asegur\u00e1ndose de recibir la atenci\u00f3n integral que se merece.<\/p>\n<h3>Apoyo jur\u00eddico para una indemnizaci\u00f3n justa<\/h3>\n<p>Adem\u00e1s de la atenci\u00f3n m\u00e9dica, asegurar una compensaci\u00f3n justa es crucial para su recuperaci\u00f3n. Nuestro equipo trabaja en estrecha colaboraci\u00f3n con abogados experimentados que se especializan en casos de accidentes automovil\u00edsticos. Ellos entienden las complejidades de la ley de lesiones personales y luchar\u00e1n por sus derechos. Al colaborar con expertos legales, nos aseguramos de que todos los aspectos de su caso se gestionen eficazmente, desde la recopilaci\u00f3n de pruebas hasta la negociaci\u00f3n con las compa\u00f1\u00edas de seguros. Con nuestro apoyo, usted puede navegar por las complejidades de las reclamaciones de seguros y los procesos legales con confianza. Nuestro objetivo es aliviar su estr\u00e9s para que pueda dar prioridad a su salud y bienestar.<\/p>\n<h2>Contacte con el Centro de Lesiones Hurt 911 Colorado<\/h2>\n<p><img decoding=\"async\" class=\"alignnone wp-image-2064\" src=\"https:\/\/1800hurt911co.com\/wp-content\/uploads\/2020\/12\/banner-bg1-copy-1024x254.webp\" alt=\"Hurt911 Logo\" width=\"500\" height=\"124\" srcset=\"https:\/\/1800hurt911co.com\/wp-content\/uploads\/2020\/12\/banner-bg1-copy-1024x254.webp 1024w, https:\/\/1800hurt911co.com\/wp-content\/uploads\/2020\/12\/banner-bg1-copy-300x75.webp 300w, https:\/\/1800hurt911co.com\/wp-content\/uploads\/2020\/12\/banner-bg1-copy-768x191.webp 768w, https:\/\/1800hurt911co.com\/wp-content\/uploads\/2020\/12\/banner-bg1-copy-1536x382.webp 1536w, https:\/\/1800hurt911co.com\/wp-content\/uploads\/2020\/12\/banner-bg1-copy.webp 1920w\" sizes=\"(max-width: 500px) 100vw, 500px\" \/><\/p>\n<h3>Programe su consulta gratuita hoy<\/h3>\n<p>Si usted ha estado implicado en un accidente de coche, es crucial buscar atenci\u00f3n m\u00e9dica inmediatamente. En Hurt 911 Colorado Injury Centers, entendemos la urgencia de su situaci\u00f3n. Nuestro equipo dedicado est\u00e1 aqu\u00ed para ayudarle a navegar el proceso de recuperaci\u00f3n. Ofrecemos una consulta gratuita para discutir sus lesiones y opciones de tratamiento. No dude en ponerse en contacto con nosotros; su salud y bienestar son nuestras principales prioridades.<\/p>\n<h3>Ubicaciones en el \u00e1rea metropolitana de Denver<\/h3>\n<p>Estamos orgullosos de servir a varios lugares en el \u00e1rea metropolitana de Denver, asegurando que la atenci\u00f3n de calidad est\u00e1 a su alcance. Nuestros centros est\u00e1n convenientemente ubicados en:<\/p>\n<ul>\n<li><strong>Denver<\/strong>: De f\u00e1cil acceso para los que est\u00e1n en la ciudad.<\/li>\n<li><strong>Commerce City<\/strong>: Sirviendo a las comunidades circundantes con atenci\u00f3n confiable.<\/li>\n<li><strong>Northglenn<\/strong>: Una opci\u00f3n local para los residentes que buscan tratamiento experto.<\/li>\n<li><strong>Centennial<\/strong>: Convenientemente situado para un acceso r\u00e1pido a nuestros servicios.<\/li>\n<li><strong>Aurora<\/strong>: Un lugar acogedor para quienes necesitan asistencia.<\/li>\n<li><strong>Lakewood<\/strong>: Comprometidos con la atenci\u00f3n a la poblaci\u00f3n local.<\/li>\n<li><strong>Colorado Springs<\/strong>: Ampliando nuestros servicios a la regi\u00f3n sur.<\/li>\n<li><strong>Arvada<\/strong>: Garantizando una atenci\u00f3n integral a todos los residentes cercanos.<\/li>\n<\/ul>\n<p>P\u00f3ngase en contacto con nosotros hoy mismo para programar su consulta y dar el primer paso hacia la recuperaci\u00f3n. Nuestro equipo est\u00e1 listo para ayudarle en su viaje hacia la curaci\u00f3n.<\/p>\n","protected":false},"excerpt":{"rendered":"<p>\u00bfNecesita un m\u00e9dico de Denver accidente de coche? Estar involucrado en un accidente de coche puede ser abrumador. Saber qu\u00e9 hacer a continuaci\u00f3n es crucial para su recuperaci\u00f3n y futuras reclamaciones. Aqu\u00ed est\u00e1n los pasos inmediatos que debe tomar despu\u00e9s de un accidente automovil\u00edstico en Denver. Reconocer la necesidad de atenci\u00f3n m\u00e9dica El primer y [&hellip;]<\/p>\n","protected":false},"author":34,"featured_media":0,"parent":4366,"menu_order":0,"comment_status":"closed","ping_status":"closed","template":"","meta":{"_acf_changed":false,"footnotes":""},"class_list":["post-4376","page","type-page","status-publish","hentry"],"acf":[],"_links":{"self":[{"href":"https:\/\/1800hurt911co.com\/es\/wp-json\/wp\/v2\/pages\/4376","targetHints":{"allow":["GET"]}}],"collection":[{"href":"https:\/\/1800hurt911co.com\/es\/wp-json\/wp\/v2\/pages"}],"about":[{"href":"https:\/\/1800hurt911co.com\/es\/wp-json\/wp\/v2\/types\/page"}],"author":[{"embeddable":true,"href":"https:\/\/1800hurt911co.com\/es\/wp-json\/wp\/v2\/users\/34"}],"replies":[{"embeddable":true,"href":"https:\/\/1800hurt911co.com\/es\/wp-json\/wp\/v2\/comments?post=4376"}],"version-history":[{"count":2,"href":"https:\/\/1800hurt911co.com\/es\/wp-json\/wp\/v2\/pages\/4376\/revisions"}],"predecessor-version":[{"id":4378,"href":"https:\/\/1800hurt911co.com\/es\/wp-json\/wp\/v2\/pages\/4376\/revisions\/4378"}],"up":[{"embeddable":true,"href":"https:\/\/1800hurt911co.com\/es\/wp-json\/wp\/v2\/pages\/4366"}],"wp:attachment":[{"href":"https:\/\/1800hurt911co.com\/es\/wp-json\/wp\/v2\/media?parent=4376"}],"curies":[{"name":"wp","href":"https:\/\/api.w.org\/{rel}","templated":true}]}}