{"id":4379,"date":"2024-09-11T07:56:42","date_gmt":"2024-09-11T11:56:42","guid":{"rendered":"https:\/\/1800hurt911co.com\/denver\/denver-fisioterapeuta-de-accidentes-de-trafico\/"},"modified":"2024-10-02T10:20:20","modified_gmt":"2024-10-02T16:20:20","slug":"denver-fisioterapeuta-de-accidentes-de-trafico","status":"publish","type":"page","link":"https:\/\/1800hurt911co.com\/es\/denver\/denver-fisioterapeuta-de-accidentes-de-trafico\/","title":{"rendered":"Denver Fisioterapeuta de accidentes de tr\u00e1fico"},"content":{"rendered":"<h2>Consiga de nuevo a normal con un terapeuta f\u00edsico del accidente de coche de Denver<\/h2>\n<p>En Hurt 911 Colorado Injury Centers, entendemos los desaf\u00edos que enfrenta despu\u00e9s de un accidente automovil\u00edstico. Las lesiones pueden ser abrumadoras, y el camino hacia la recuperaci\u00f3n puede parecer desalentador. Nuestros fisioterapeutas de accidentes de coche en Denver se dedican a proporcionar una atenci\u00f3n integral adaptada a sus necesidades espec\u00edficas. En Hurt 911 Colorado Injury Centers, damos prioridad a su bienestar. Con nuestra atenci\u00f3n integral, usted puede esperar un ambiente de apoyo donde su viaje de recuperaci\u00f3n es nuestro objetivo principal. Perm\u00edtanos ayudarle a recuperar su fuerza y confianza despu\u00e9s de su accidente de coche.<\/p>\n<h2>Atenci\u00f3n integral despu\u00e9s de un accidente de coche en Denver, Colorado<\/h2>\n<p><a href=\"https:\/\/1800hurt911co.com\/wp-content\/uploads\/2024\/09\/car-accident-physical-therapist.webp\"><img fetchpriority=\"high\" decoding=\"async\" class=\"alignnone wp-image-2865 size-full\" src=\"https:\/\/1800hurt911co.com\/wp-content\/uploads\/2024\/09\/car-accident-physical-therapist.webp\" alt=\"Denver Fisioterapeuta de accidentes de tr\u00e1fico\" width=\"500\" height=\"324\" srcset=\"https:\/\/1800hurt911co.com\/wp-content\/uploads\/2024\/09\/car-accident-physical-therapist.webp 500w, https:\/\/1800hurt911co.com\/wp-content\/uploads\/2024\/09\/car-accident-physical-therapist-300x194.webp 300w\" sizes=\"(max-width: 500px) 100vw, 500px\" \/><\/a><\/p>\n<p>Nos centramos en el tratamiento de una amplia gama de lesiones por accidentes automovil\u00edsticos, desde lesiones comunes por accidentes automovil\u00edsticos como latigazo cervical y dolor de espalda hasta problemas m\u00e1s complejos como hernias discales. Nuestros fisioterapeutas capacitados utilizan una variedad de t\u00e9cnicas para hacer frente a los s\u00edntomas de dolor, restaurar la funci\u00f3n, y promover la curaci\u00f3n. Hacemos hincapi\u00e9 en las opciones de tratamiento no invasivo que le ayudan a evitar la cirug\u00eda, mientras que la gesti\u00f3n eficaz de su dolor. Su recuperaci\u00f3n comienza con una evaluaci\u00f3n exhaustiva. Evaluamos el lugar de la lesi\u00f3n y creamos un plan de tratamiento personalizado que se adapte a su situaci\u00f3n particular. Nuestro enfoque incluye ejercicios terap\u00e9uticos, masajes espec\u00edficos y otras modalidades dise\u00f1adas para aliviar las molestias y mejorar la movilidad. Adem\u00e1s, creemos en la importancia de comenzar la terapia f\u00edsica temprano. Participar en el tratamiento poco despu\u00e9s de su accidente puede conducir a tiempos de recuperaci\u00f3n m\u00e1s r\u00e1pidos y reducir el riesgo de complicaciones a largo plazo. Nuestro objetivo es ayudarle a volver a una vida libre de dolor tan pronto como sea posible.<\/p>\n<h2>Lesiones comunes en accidentes de tr\u00e1fico<\/h2>\n<p>Los accidentes de coche pueden provocar una gran variedad de lesiones, cada una con sus propios retos. La comprensi\u00f3n de estas lesiones comunes del accidente de coche es crucial para la recuperaci\u00f3n eficaz. En Hurt 911 Colorado Injury Centers, nos especializamos en el tratamiento de estas lesiones, asegurando que usted reciba la atenci\u00f3n que necesita para volver a una vida libre de dolor.<\/p>\n<h3>Lesiones de cabeza y espalda<\/h3>\n<p>Las lesiones en la cabeza se encuentran entre las consecuencias m\u00e1s graves de los accidentes automovil\u00edsticos. Pueden ir desde conmociones cerebrales a lesiones cerebrales traum\u00e1ticas m\u00e1s graves. Las lesiones de espalda, incluidos los esguinces y las fracturas, pueden provocar dolor cr\u00f3nico si no se tratan a tiempo. Nuestros fisioterapeutas se centran en la rehabilitaci\u00f3n espec\u00edfica para aliviar el dolor y restaurar la funci\u00f3n.<\/p>\n<h3>Lesiones de cuello y t\u00f3rax<\/h3>\n<p>Las lesiones cervicales, en particular el latigazo cervical, son frecuentes en los accidentes de tr\u00e1fico. Los s\u00edntomas pueden incluir rigidez, dolor y movilidad reducida. Tambi\u00e9n pueden producirse lesiones tor\u00e1cicas, como contusiones o fracturas, que afectan a la respiraci\u00f3n y a la movilidad en general. Nuestro equipo ofrece planes de tratamiento integrales para hacer frente a estas lesiones con eficacia.<\/p>\n<h3>Latigazo cervical y hernia discal<\/h3>\n<p>El latigazo cervical, una lesi\u00f3n com\u00fan de accidente de coche, es el resultado del movimiento brusco de la cabeza y el cuello durante una colisi\u00f3n, a menudo conduce a la incomodidad y la gama limitada de movimiento. Las hernias discales pueden producirse cuando se sacude la columna vertebral, causando dolor que se irradia a los brazos o las piernas. Nuestros terapeutas emplean t\u00e9cnicas especializadas para aliviar el dolor y promover la curaci\u00f3n en estas zonas.<\/p>\n<h3>Traumatismo por objeto contundente<\/h3>\n<p>Los traumatismos por objeto contundente pueden afectar a varias partes del cuerpo, provocando hematomas, fracturas y lesiones internas. El impacto de una colisi\u00f3n puede resultar en dolor significativo y complicaciones a largo plazo si no se trata adecuadamente. En Hurt 911, nuestro enfoque incluye evaluaciones exhaustivas y planes de tratamiento personalizados para abordar las necesidades espec\u00edficas de cada paciente. Al reconocer los tipos de lesiones que pueden producirse en los accidentes de coche, podemos preparar mejor la recuperaci\u00f3n. Nuestros fisioterapeutas cualificados est\u00e1n aqu\u00ed para apoyarle en cada paso del camino.<\/p>\n<h2>C\u00f3mo la terapia f\u00edsica ayuda con lesiones por accidente de coche<\/h2>\n<p><a href=\"https:\/\/1800hurt911co.com\/wp-content\/uploads\/2024\/09\/shutterstock_2472674703.webp\"><img decoding=\"async\" class=\"alignnone wp-image-2553 size-full\" src=\"https:\/\/1800hurt911co.com\/wp-content\/uploads\/2024\/09\/shutterstock_2472674703.webp\" alt=\"Physical Therapy in Denver\" width=\"500\" height=\"339\" srcset=\"https:\/\/1800hurt911co.com\/wp-content\/uploads\/2024\/09\/shutterstock_2472674703.webp 500w, https:\/\/1800hurt911co.com\/wp-content\/uploads\/2024\/09\/shutterstock_2472674703-300x203.webp 300w\" sizes=\"(max-width: 500px) 100vw, 500px\" \/><\/a><\/p>\n<p>La fisioterapia es un paso crucial en el proceso de recuperaci\u00f3n tras un accidente de tr\u00e1fico. Desempe\u00f1a un papel importante en el tratamiento de diversas lesiones y en el restablecimiento de su bienestar general. A continuaci\u00f3n le explicamos c\u00f3mo puede ayudarle en su proceso de curaci\u00f3n.<\/p>\n<h3>Reducci\u00f3n del dolor y la inflamaci\u00f3n<\/h3>\n<p>Despu\u00e9s de un accidente de coche, muchas personas experimentan dolor e hinchaz\u00f3n. Los tratamientos de fisioterapia se centran en aliviar estos s\u00edntomas. T\u00e9cnicas como la terapia de fr\u00edo y los ejercicios espec\u00edficos ayudan a minimizar las molestias y a reducir la inflamaci\u00f3n. Al abordar estas cuestiones desde el principio, se puede allanar el camino para una recuperaci\u00f3n m\u00e1s suave.<\/p>\n<h3>Recuperaci\u00f3n de la funci\u00f3n y la movilidad<\/h3>\n<p>Las lesiones provocadas por accidentes de tr\u00e1fico pueden limitar la amplitud de movimiento y las actividades cotidianas. La fisioterapia funcional desempe\u00f1a un papel crucial para ayudar a los pacientes a recuperarse de estas lesiones. Un fisioterapeuta cualificado dise\u00f1ar\u00e1 un plan de tratamiento personalizado que incluya ejercicios terap\u00e9uticos destinados a mejorar la fuerza y la flexibilidad. Este enfoque no s\u00f3lo ayuda a restaurar la funci\u00f3n, sino que tambi\u00e9n mejora la movilidad, lo que le permite volver a su rutina normal m\u00e1s r\u00e1pidamente.<\/p>\n<h3>Curaci\u00f3n del v\u00e9rtigo y los mareos<\/h3>\n<p>Algunas v\u00edctimas de accidentes pueden sufrir v\u00e9rtigo o mareos debido a lesiones en la cabeza o latigazo cervical. Los fisioterapeutas para curar el v\u00e9rtigo desempe\u00f1an un papel crucial a la hora de abordar estos s\u00edntomas tratando las disfunciones del sistema vestibular. La fisioterapia especializada puede ayudar a tratar eficazmente estos s\u00edntomas. Las t\u00e9cnicas utilizadas por los fisioterapeutas pueden aliviar el v\u00e9rtigo, permiti\u00e9ndole recuperar el equilibrio y la estabilidad.<\/p>\n<h3>Evitar la cirug\u00eda<\/h3>\n<p>Muchas personas temen la cirug\u00eda despu\u00e9s de un accidente. La fisioterapia para evitar la cirug\u00eda ofrece opciones de tratamiento no invasivas que pueden ayudarle a evitar procedimientos quir\u00fargicos. Al centrarse en la rehabilitaci\u00f3n y la recuperaci\u00f3n mediante ejercicios y terapias a medida, puede encontrar una mejora significativa sin necesidad de intervenciones invasivas. En resumen, la fisioterapia es esencial para cualquier persona que se recupere de lesiones por accidente de coche. Reduce el dolor, restaura la funci\u00f3n, trata el v\u00e9rtigo y puede ayudarle a evitar la cirug\u00eda. Participar en un programa estructurado de fisioterapia puede conducir a una recuperaci\u00f3n m\u00e1s eficaz y a la vuelta a una vida sin dolor.<\/p>\n<h2>Tratamientos Personalizados de Terapia F\u00edsica<\/h2>\n<p>En Hurt 911 Colorado Injury Centers, entendemos que cada lesi\u00f3n por accidente de coche es diferente. Es por eso que ofrecemos tratamiento de terapia f\u00edsica personalizada adaptada a sus necesidades espec\u00edficas. Nuestros fisioterapeutas capacitados trabajar\u00e1n estrechamente con usted para desarrollar un plan de tratamiento que aborde sus s\u00edntomas de dolor \u00fanicos y sus objetivos de recuperaci\u00f3n.<\/p>\n<h3>Ejercicios terap\u00e9uticos y estiramientos<\/h3>\n<p>Nuestros fisioterapeutas le guiar\u00e1n a trav\u00e9s de ejercicios terap\u00e9uticos dise\u00f1ados para mejorar la fuerza y la flexibilidad como parte de la fisioterapia quir\u00fargica. Estos movimientos espec\u00edficos ayudan a restaurar la funci\u00f3n y la movilidad, lo que le permite recuperar su independencia despu\u00e9s de un accidente. Nos centramos en ejercicios que son seguros y eficaces para sus lesiones espec\u00edficas.<\/p>\n<h3>Terapia de Masaje y Manipulaci\u00f3n Manual<\/h3>\n<p>La terapia de masaje es una parte integral de nuestro enfoque de tratamiento. Ayuda a aliviar la tensi\u00f3n y promueve la curaci\u00f3n en las zonas afectadas. Nuestros expertos terapeutas utilizan t\u00e9cnicas de manipulaci\u00f3n manual para mejorar el flujo sangu\u00edneo y reducir el dolor. Este enfoque pr\u00e1ctico es esencial para la recuperaci\u00f3n de las lesiones comunes de accidentes de coche.<\/p>\n<h3>Terapia de ultrasonidos, hielo y fr\u00edo<\/h3>\n<p>Utilizamos modalidades avanzadas como la terapia de ultrasonido para reducir la inflamaci\u00f3n y promover la curaci\u00f3n de los tejidos. La terapia de fr\u00edo tambi\u00e9n se emplea para controlar el dolor y la hinchaz\u00f3n en las primeras etapas de la recuperaci\u00f3n. Estos tratamientos no invasivos son cruciales para controlar los efectos f\u00edsicos de sus lesiones.<\/p>\n<h3>Terapia acu\u00e1tica y t\u00e9cnicas de rehabilitaci\u00f3n cardiovascular<\/h3>\n<p>Para quienes tienen dificultades con los ejercicios tradicionales, la terapia acu\u00e1tica ofrece un entorno seguro para la rehabilitaci\u00f3n. La flotabilidad del agua reduce la tensi\u00f3n del cuerpo y permite realizar movimientos que mejoran la recuperaci\u00f3n. Adem\u00e1s, incorporamos t\u00e9cnicas de rehabilitaci\u00f3n cardiovascular para mejorar el estado f\u00edsico general y la resistencia, ayud\u00e1ndole a volver a sus actividades diarias m\u00e1s r\u00e1pidamente. En los Centros de Lesiones Hurt 911 Colorado, nuestro compromiso es proporcionarle las opciones de tratamiento m\u00e1s eficaces y personalizadas disponibles. Su recuperaci\u00f3n es nuestra prioridad, y estamos aqu\u00ed para apoyarle en cada paso del camino.<\/p>\n<h2>Ventajas de comenzar la terapia f\u00edsica temprano<\/h2>\n<p><a href=\"https:\/\/1800hurt911co.com\/wp-content\/uploads\/2024\/09\/shutterstock_2145507079.webp\"><img decoding=\"async\" class=\"alignnone wp-image-2546 size-full\" src=\"https:\/\/1800hurt911co.com\/wp-content\/uploads\/2024\/09\/shutterstock_2145507079.webp\" alt=\"Physical Therapy After a Car Accident\" width=\"500\" height=\"334\" srcset=\"https:\/\/1800hurt911co.com\/wp-content\/uploads\/2024\/09\/shutterstock_2145507079.webp 500w, https:\/\/1800hurt911co.com\/wp-content\/uploads\/2024\/09\/shutterstock_2145507079-300x200.webp 300w\" sizes=\"(max-width: 500px) 100vw, 500px\" \/><\/a><\/p>\n<p>Despu\u00e9s de un accidente de coche, la importancia de la intervenci\u00f3n temprana no puede ser exagerada. Participar en fisioterapia poco despu\u00e9s de que se produzcan sus lesiones puede suponer ventajas significativas en su proceso de recuperaci\u00f3n.<\/p>\n<h3>Recuperaci\u00f3n m\u00e1s r\u00e1pida y vida sin dolor<\/h3>\n<p>Iniciar la fisioterapia con prontitud puede acelerar su proceso de curaci\u00f3n. Al tratar las lesiones desde el principio, puede reducir los s\u00edntomas de dolor y mejorar su funcionamiento general. Muchos pacientes descubren que el tratamiento precoz les ayuda a reincorporarse a sus actividades cotidianas con mayor rapidez, lo que les permite recuperar antes su vida sin dolor.<\/p>\n<h3>Prevenci\u00f3n de da\u00f1os a largo plazo<\/h3>\n<p>Esperar demasiado para buscar tratamiento puede dar lugar a complicaciones. La fisioterapia temprana puede ayudar a prevenir da\u00f1os a largo plazo al abordar problemas como la rigidez y la movilidad reducida. Si se centra en la rehabilitaci\u00f3n de inmediato, puede minimizar el riesgo de dolor cr\u00f3nico o lesiones permanentes.<\/p>\n<h3>Soluciones no invasivas<\/h3>\n<p>La fisioterapia ofrece un enfoque no invasivo para la recuperaci\u00f3n de lesiones por accidente de coche. Al iniciar la terapia temprana, puede evitar procedimientos m\u00e1s invasivos mientras se beneficia de t\u00e9cnicas eficaces de tratamiento del dolor y rehabilitaci\u00f3n. En resumen, comenzar la fisioterapia lo antes posible tras un accidente de coche es crucial. No s\u00f3lo favorece una recuperaci\u00f3n m\u00e1s r\u00e1pida, sino que tambi\u00e9n evita complicaciones a largo plazo y proporciona una v\u00eda no invasiva para la curaci\u00f3n. No espere: d\u00e9 el primer paso hacia la recuperaci\u00f3n hoy mismo.<\/p>\n<h2>Qu\u00e9 esperar de los centros de lesi\u00f3n de Hurt 911 Colorado<\/h2>\n<p>Cuando usted elige los centros de lesi\u00f3n de Hurt 911 Colorado, usted puede anticipar un acercamiento de apoyo y cuidadoso a su recuperaci\u00f3n. Nuestro equipo dedicado est\u00e1 confiado a ayudarle a recuperar su fuerza y movilidad despu\u00e9s de un accidente de coche. Esto es lo que puede esperar:<\/p>\n<h3>Consultas gratuitas<\/h3>\n<p>Desde el momento en que se ponga en contacto con nosotros, recibir\u00e1 una atenci\u00f3n personalizada. Cada consulta se adapta a sus necesidades y preocupaciones espec\u00edficas. Nuestros fisioterapeutas capacitados escuchar\u00e1n sus experiencias y evaluar\u00e1n su condici\u00f3n en detalle. Este enfoque individualizado asegura que entendemos su situaci\u00f3n \u00fanica y puede proporcionar la mejor atenci\u00f3n posible.<\/p>\n<h3>Evaluaciones exhaustivas<\/h3>\n<p>Nuestras evaluaciones van m\u00e1s all\u00e1 de un simple chequeo r\u00e1pido. Llevamos a cabo evaluaciones en profundidad para identificar todos los aspectos de sus lesiones. Esto incluye la evaluaci\u00f3n de los s\u00edntomas de dolor, la amplitud de movimiento y las limitaciones funcionales. Mediante la recopilaci\u00f3n de esta informaci\u00f3n, podemos desarrollar una imagen m\u00e1s clara de su viaje de recuperaci\u00f3n y establecer una base s\u00f3lida para su plan de tratamiento.<\/p>\n<h3>Planes de tratamiento a medida<\/h3>\n<p>En Hurt 911, creemos en la creaci\u00f3n de planes de tratamiento que son tan \u00fanicos como usted. Cada plan est\u00e1 dise\u00f1ado para abordar sus lesiones espec\u00edficas y objetivos de recuperaci\u00f3n. Tanto si necesita ejercicios terap\u00e9uticos, fisioterapia para el dolor o t\u00e9cnicas especializadas como la terapia acu\u00e1tica, personalizamos su plan para promover la recuperaci\u00f3n m\u00e1s eficaz. Nuestro objetivo es ayudarle a volver a una vida libre de dolor lo m\u00e1s r\u00e1pidamente posible. Al elegir los Centros de Lesiones Hurt 911 Colorado, no s\u00f3lo est\u00e1 recibiendo tratamiento; est\u00e1 ganando un socio en su recuperaci\u00f3n. Estamos aqu\u00ed para apoyarle en cada paso del camino, asegur\u00e1ndonos de que dispone de los recursos y la atenci\u00f3n necesarios para curarse adecuadamente.<\/p>\n<h2>C\u00f3mo hemos ayudado a otros a recuperarse<\/h2>\n<p>Nuestro compromiso con la atenci\u00f3n integral ha dado lugar a numerosas historias de \u00e9xito. Muchos clientes han informado de mejoras significativas en sus condiciones, lo que les permite volver a trabajar y disfrutar de la vida de nuevo. Hemos ayudado a personas con diversas lesiones, desde latigazos cervicales hasta problemas de espalda m\u00e1s graves. Mediante tratamientos espec\u00edficos, ayudamos a los clientes a superar el dolor y recuperar su calidad de vida. Nuestro enfoque se centra en la comprensi\u00f3n de la situaci\u00f3n \u00fanica de cada persona, asegurando que reciban la mejor atenci\u00f3n posible. En Hurt 911, creemos que cada viaje de recuperaci\u00f3n es importante. Le invitamos a unirse a nuestra comunidad de clientes satisfechos y experimentar los beneficios de nuestros expertos servicios de fisioterapia. Su recuperaci\u00f3n es nuestra prioridad, y estamos aqu\u00ed para apoyarle en cada paso del camino.<\/p>\n<h2>Ubicaciones y \u00e1reas de servicio<\/h2>\n<p>En Hurt 911 Colorado Injury Centers, servimos con orgullo el \u00e1rea metropolitana de Denver y m\u00e1s all\u00e1, asegurando que las personas afectadas por accidentes de coche tengan acceso a una terapia f\u00edsica de calidad. Nuestro compromiso con su recuperaci\u00f3n se refleja en nuestras m\u00faltiples ubicaciones, por lo que es conveniente para que usted reciba la atenci\u00f3n que necesita.<\/p>\n<h3>\u00c1rea metropolitana de Denver<\/h3>\n<p>Nuestra oficina principal se encuentra en Denver, donde ofrecemos servicios integrales dise\u00f1ados para hacer frente a una variedad de lesiones por accidente de coche. Si usted est\u00e1 tratando con dolor de cuello, lesiones en la espalda, u otros problemas comunes relacionados con accidentes, nuestros fisioterapeutas capacitados est\u00e1n listos para ayudarle en su camino hacia la recuperaci\u00f3n.<\/p>\n<h3>Commerce City, Northglenn, Centennial, Aurora, Lakewood, Colorado Springs, Arvada<\/h3>\n<p>Adem\u00e1s de nuestra ubicaci\u00f3n en Denver, hemos ampliado nuestros servicios a las ciudades cercanas, incluyendo Commerce City, Northglenn, Centennial, Aurora, Lakewood, Colorado Springs y Arvada. Esto nos permite llegar a m\u00e1s clientes y proporcionar planes de tratamiento personalizados que se adaptan a las necesidades de cada individuo. No importa donde usted se encuentra en el \u00e1rea metropolitana de Denver, nuestro equipo est\u00e1 dedicado a ayudar a recuperarse de sus lesiones. Entendemos los desaf\u00edos que vienen con los accidentes de coche, y estamos aqu\u00ed para apoyarle en cada paso del camino. Si necesita un fisioterapeuta para accidentes de coche en Denver, p\u00f3ngase en contacto con nosotros hoy mismo para obtener m\u00e1s informaci\u00f3n sobre nuestros servicios y c\u00f3mo podemos ayudarle.<\/p>\n<h2>P\u00f3ngase en contacto con nosotros hoy<\/h2>\n<p><img loading=\"lazy\" decoding=\"async\" class=\"alignnone wp-image-2064\" src=\"https:\/\/1800hurt911co.com\/wp-content\/uploads\/2020\/12\/banner-bg1-copy-1024x254.webp\" alt=\"Hurt911 Logo\" width=\"500\" height=\"124\" srcset=\"https:\/\/1800hurt911co.com\/wp-content\/uploads\/2020\/12\/banner-bg1-copy-1024x254.webp 1024w, https:\/\/1800hurt911co.com\/wp-content\/uploads\/2020\/12\/banner-bg1-copy-300x75.webp 300w, https:\/\/1800hurt911co.com\/wp-content\/uploads\/2020\/12\/banner-bg1-copy-768x191.webp 768w, https:\/\/1800hurt911co.com\/wp-content\/uploads\/2020\/12\/banner-bg1-copy-1536x382.webp 1536w, https:\/\/1800hurt911co.com\/wp-content\/uploads\/2020\/12\/banner-bg1-copy.webp 1920w\" sizes=\"(max-width: 500px) 100vw, 500px\" \/><\/p>\n<p>Si usted ha estado involucrado en un accidente de coche y est\u00e1 buscando un fisioterapeuta de Denver dedicado a accidentes de coche, Hurt 911 Colorado Injury Centers est\u00e1 aqu\u00ed para ayudar. Nuestro equipo se compromete a proporcionarle la atenci\u00f3n personalizada que necesita para recuperarse por completo.<\/p>\n<h3>Programe una cita<\/h3>\n<p>Comenzar es f\u00e1cil. Simplemente p\u00f3ngase en contacto con nosotros por tel\u00e9fono o a trav\u00e9s de nuestro formulario en l\u00ednea. Ofrecemos horarios flexibles para acomodarnos a sus necesidades. Durante su consulta inicial, nuestros fisioterapeutas capacitados evaluar\u00e1n sus lesiones y discutir\u00e1n sus opciones de tratamiento. Este paso es crucial en el desarrollo de un plan de tratamiento personalizado que se dirige a sus objetivos espec\u00edficos de recuperaci\u00f3n.<\/p>\n<h3>Comience su viaje hacia la recuperaci\u00f3n<\/h3>\n<p>No deje que el dolor y el malestar persistan. Al ponerse en contacto con los Centros de Lesiones Hurt 911 Colorado, est\u00e1 dando el primer paso hacia la recuperaci\u00f3n de su salud y bienestar. Nuestro experimentado equipo trabajar\u00e1 con usted en cada paso del camino, asegur\u00e1ndose de que reciba la atenci\u00f3n integral necesaria para una recuperaci\u00f3n exitosa. Alcance hacia fuera hoy, y d\u00e9jenos ayudarle a conseguir detr\u00e1s a una vida dolor-libre.<\/p>\n","protected":false},"excerpt":{"rendered":"<p>Consiga de nuevo a normal con un terapeuta f\u00edsico del accidente de coche de Denver En Hurt 911 Colorado Injury Centers, entendemos los desaf\u00edos que enfrenta despu\u00e9s de un accidente automovil\u00edstico. Las lesiones pueden ser abrumadoras, y el camino hacia la recuperaci\u00f3n puede parecer desalentador. Nuestros fisioterapeutas de accidentes de coche en Denver se dedican [&hellip;]<\/p>\n","protected":false},"author":34,"featured_media":0,"parent":4366,"menu_order":0,"comment_status":"closed","ping_status":"closed","template":"","meta":{"_acf_changed":false,"footnotes":""},"class_list":["post-4379","page","type-page","status-publish","hentry"],"acf":[],"_links":{"self":[{"href":"https:\/\/1800hurt911co.com\/es\/wp-json\/wp\/v2\/pages\/4379","targetHints":{"allow":["GET"]}}],"collection":[{"href":"https:\/\/1800hurt911co.com\/es\/wp-json\/wp\/v2\/pages"}],"about":[{"href":"https:\/\/1800hurt911co.com\/es\/wp-json\/wp\/v2\/types\/page"}],"author":[{"embeddable":true,"href":"https:\/\/1800hurt911co.com\/es\/wp-json\/wp\/v2\/users\/34"}],"replies":[{"embeddable":true,"href":"https:\/\/1800hurt911co.com\/es\/wp-json\/wp\/v2\/comments?post=4379"}],"version-history":[{"count":2,"href":"https:\/\/1800hurt911co.com\/es\/wp-json\/wp\/v2\/pages\/4379\/revisions"}],"predecessor-version":[{"id":4381,"href":"https:\/\/1800hurt911co.com\/es\/wp-json\/wp\/v2\/pages\/4379\/revisions\/4381"}],"up":[{"embeddable":true,"href":"https:\/\/1800hurt911co.com\/es\/wp-json\/wp\/v2\/pages\/4366"}],"wp:attachment":[{"href":"https:\/\/1800hurt911co.com\/es\/wp-json\/wp\/v2\/media?parent=4379"}],"curies":[{"name":"wp","href":"https:\/\/api.w.org\/{rel}","templated":true}]}}