{"id":4382,"date":"2024-09-11T14:21:30","date_gmt":"2024-09-11T18:21:30","guid":{"rendered":"https:\/\/1800hurt911co.com\/denver\/denver-accidente-de-trafico\/"},"modified":"2024-10-02T10:30:06","modified_gmt":"2024-10-02T16:30:06","slug":"denver-accidente-de-trafico","status":"publish","type":"page","link":"https:\/\/1800hurt911co.com\/es\/denver\/denver-accidente-de-trafico\/","title":{"rendered":"Denver Accidente de tr\u00e1fico"},"content":{"rendered":"<h2>Tratamiento experto del accidente de coche de Denver<\/h2>\n<p>En Hurt 911 Colorado Injury Centers, entendemos que las secuelas de un accidente de coche puede ser abrumador. Usted puede estar luchando con el dolor, la incertidumbre, y el aumento de las facturas m\u00e9dicas. Nuestro objetivo principal es guiarle a trav\u00e9s de este tiempo dif\u00edcil y ayudarle a recuperar su vida.<\/p>\n<p>Nuestro equipo dedicado est\u00e1 aqu\u00ed para proporcionarle el m\u00e1s alto nivel de atenci\u00f3n. Nos especializamos en el tratamiento de una variedad de lesiones por accidente de coche, incluyendo dolor de cuello, lesiones de espalda y lesiones de tejidos blandos. Con nuestro enfoque integral, nos centramos en su salud y bienestar general.<\/p>\n<p>Cuando llegue a nuestro centro, recibir\u00e1 un plan de tratamiento individualizado que aborde sus necesidades espec\u00edficas. Nuestros servicios incluyen atenci\u00f3n m\u00e9dica, tratamiento quiropr\u00e1ctico, fisioterapia y masoterapia. Cada servicio est\u00e1 dise\u00f1ado para aliviar el dolor, mejorar la movilidad y promover la curaci\u00f3n.<\/p>\n<p>Sabemos que cada lesi\u00f3n es \u00fanica, y nuestros experimentados profesionales se comprometen a desarrollar una estrategia de recuperaci\u00f3n personalizada para usted. Desde su consulta inicial hasta la finalizaci\u00f3n de su tratamiento, estaremos a su lado, asegur\u00e1ndonos de que tenga el apoyo que necesita.<\/p>\n<p>No deje que el dolor le frene por m\u00e1s tiempo. D\u00e9 el primer paso hacia la recuperaci\u00f3n hoy mismo. P\u00f3ngase en contacto con nosotros para una consulta gratuita y comience su viaje hacia la curaci\u00f3n con los Centros de Lesiones Hurt 911 Colorado. Su camino hacia la recuperaci\u00f3n comienza aqu\u00ed.<\/p>\n<h2>Tratamiento para lesiones por accidentes automovil\u00edsticos<\/h2>\n<p><a href=\"https:\/\/1800hurt911co.com\/wp-content\/uploads\/2024\/09\/shutterstock_2463381917.webp\"><img fetchpriority=\"high\" decoding=\"async\" class=\"alignnone wp-image-2555 size-full\" src=\"https:\/\/1800hurt911co.com\/wp-content\/uploads\/2024\/09\/shutterstock_2463381917.webp\" alt=\"Car Accident in Denver\" width=\"500\" height=\"286\" srcset=\"https:\/\/1800hurt911co.com\/wp-content\/uploads\/2024\/09\/shutterstock_2463381917.webp 500w, https:\/\/1800hurt911co.com\/wp-content\/uploads\/2024\/09\/shutterstock_2463381917-300x172.webp 300w\" sizes=\"(max-width: 500px) 100vw, 500px\" \/><\/a><\/p>\n<p>Tras un accidente de tr\u00e1fico, cada momento cuenta. Es vital obtener el tratamiento adecuado r\u00e1pidamente para que pueda volver a su trabajo y la vida cotidiana sin retrasos innecesarios. En Hurt 911 Colorado Injury Centers, entendemos la urgencia de su situaci\u00f3n. Nuestro equipo se dedica a proporcionar una atenci\u00f3n eficaz que se centra en sus lesiones espec\u00edficas, ayud\u00e1ndole a recuperar su fuerza y movilidad. Ofrecemos una gama de servicios dise\u00f1ados para apoyar su recuperaci\u00f3n. Desde ajustes quiropr\u00e1cticos hasta fisioterapia, nuestras completas opciones de tratamiento tienen como objetivo aliviar el dolor y restaurar la funci\u00f3n. Nuestros experimentados profesionales desarrollar\u00e1n un plan de tratamiento individualizado que se centra en sus necesidades \u00fanicas, asegurando que usted reciba la mejor atenci\u00f3n posible. Una intervenci\u00f3n a tiempo puede reducir significativamente el tiempo de recuperaci\u00f3n. Nuestro equipo m\u00e9dico especializado trabaja eficazmente para tratar lesiones por accidente de coche como el latigazo cervical y el dolor de espalda. Damos prioridad a su salud y bienestar, por lo que es m\u00e1s f\u00e1cil para usted para manejar sus responsabilidades sin la carga de dolor persistente. No deje que un accidente le detenga. P\u00f3ngase en contacto con nosotros hoy para programar su cita y dar el primer paso para volver al trabajo y vivir su vida plenamente. Deje que el Centro de Lesiones Hurt 911 Colorado le ayude en su camino hacia la recuperaci\u00f3n.<\/p>\n<h2>Lib\u00e9rese del dolor<\/h2>\n<p>En Hurt 911 Colorado Injury Centers, entendemos que el dolor puede ser un obst\u00e1culo importante para su vida diaria y el bienestar general. Nuestro equipo dedicado est\u00e1 aqu\u00ed para ayudarle a superar los desaf\u00edos que surgen de las lesiones por accidente de coche. Nos centramos en proporcionar opciones de tratamiento eficaces que tienen como objetivo aliviar el dolor y restaurar su movilidad. Nuestro enfoque combina diversas terapias adaptadas a sus necesidades espec\u00edficas. Si usted est\u00e1 sufriendo de dolor de cuello, lesiones de espalda o lesiones de tejidos blandos, nuestros planes de atenci\u00f3n integral est\u00e1n dise\u00f1ados para promover la curaci\u00f3n y mejorar su condici\u00f3n f\u00edsica. Utilizamos herramientas de diagn\u00f3stico avanzadas para evaluar con precisi\u00f3n sus lesiones, asegurando que su plan de tratamiento est\u00e9 enfocado y sea eficaz. La atenci\u00f3n quiropr\u00e1ctica desempe\u00f1a un papel crucial en su recuperaci\u00f3n. Nuestros quiropr\u00e1cticos expertos realizan ajustes de la columna vertebral que pueden aliviar el dolor y mejorar la funci\u00f3n de su cuerpo. Adem\u00e1s, nuestros programas de fisioterapia incorporan ejercicios espec\u00edficos para fortalecer los m\u00fasculos y mejorar la movilidad, ayud\u00e1ndole a recuperar la fuerza. La terapia de masaje es otro aspecto vital de nuestras ofertas de tratamiento. Ayuda a aliviar la tensi\u00f3n, reducir el dolor y mejorar la salud en general. Nuestros terapeutas trabajan estrechamente con usted para crear un plan de masaje personalizado que complemente su proceso de recuperaci\u00f3n. No deje que el dolor dicte su vida por m\u00e1s tiempo. Nuestro equipo se compromete a ayudarle a liberarse del dolor y recuperar la calidad de vida que se merece. P\u00f3ngase en contacto con nosotros hoy mismo para iniciar su camino hacia la recuperaci\u00f3n.<\/p>\n<h2>Recupere su vida<\/h2>\n<p>Despu\u00e9s de un accidente de coche, el camino hacia la recuperaci\u00f3n puede parecer abrumador. El dolor, el trabajo perdido, y la incertidumbre sobre el futuro pueden pesar mucho en usted. En Hurt 911 Colorado Injury Centers, entendemos los retos a los que se enfrenta. Nuestro objetivo es ayudarle a recuperar su salud y volver a la vida que ama. Nuestro equipo dedicado se especializa en el tratamiento de lesiones por accidentes automovil\u00edsticos, asegurando que usted reciba la atenci\u00f3n integral necesaria para una recuperaci\u00f3n completa. Desde el momento en que usted entra por nuestras puertas, nos centramos en sus necesidades \u00fanicas y crear un plan de lesiones personalizado dise\u00f1ado para hacer frente a sus condiciones espec\u00edficas. Con nuestro enfoque hol\u00edstico, ofrecemos varias opciones de tratamiento, incluyendo la atenci\u00f3n quiropr\u00e1ctica, terapia f\u00edsica y terapia de masaje. Estos servicios trabajan en conjunto para aliviar el dolor, restaurar la movilidad y promover la curaci\u00f3n. Nuestros experimentados profesionales se comprometen a guiarle en cada paso de su recuperaci\u00f3n. No deje que el dolor dicte su vida. Es hora de tomar las riendas de su proceso de curaci\u00f3n. P\u00f3ngase en contacto con nosotros hoy para una consulta gratuita y comenzar su viaje hacia convertirse en libre de dolor y recuperar su vida. Juntos, podemos ayudarle a superar los obst\u00e1culos y volver a hacer lo que m\u00e1s le gusta.<\/p>\n<h2>Vuelve a sentirte t\u00fa mismo<\/h2>\n<p><a href=\"https:\/\/1800hurt911co.com\/wp-content\/uploads\/2024\/09\/shutterstock_2475680809.webp\"><img decoding=\"async\" class=\"alignnone wp-image-2552 size-full\" src=\"https:\/\/1800hurt911co.com\/wp-content\/uploads\/2024\/09\/shutterstock_2475680809.webp\" alt=\"Denver Car Accident Treatment, Chiropractor\" width=\"500\" height=\"330\" srcset=\"https:\/\/1800hurt911co.com\/wp-content\/uploads\/2024\/09\/shutterstock_2475680809.webp 500w, https:\/\/1800hurt911co.com\/wp-content\/uploads\/2024\/09\/shutterstock_2475680809-300x198.webp 300w\" sizes=\"(max-width: 500px) 100vw, 500px\" \/><\/a><\/p>\n<p>En Hurt 911 Colorado Injury Centers, entendemos que la recuperaci\u00f3n de un accidente de coche no es s\u00f3lo acerca de la curaci\u00f3n f\u00edsica, se trata de recuperar su vida. Estamos dedicados a guiarle a trav\u00e9s de cada paso de su viaje de recuperaci\u00f3n.<\/p>\n<h3>Paso 1: Hable con un especialista en accidentes de coche<\/h3>\n<p>Su recuperaci\u00f3n comienza con una conversaci\u00f3n. Nuestro equipo de especialistas est\u00e1 aqu\u00ed para escuchar sus preocupaciones y evaluar su situaci\u00f3n. Durante esta consulta inicial, vamos a discutir sus lesiones por accidente de coche, sus s\u00edntomas actuales, y su salud en general. Este es un paso crucial en la comprensi\u00f3n de sus necesidades y comenzar el camino hacia la recuperaci\u00f3n.<\/p>\n<h3>Paso 2: Recibir su plan personalizado de lesiones<\/h3>\n<p>Una vez que hemos reunido toda la informaci\u00f3n necesaria, vamos a crear un plan de tratamiento individualizado dise\u00f1ado espec\u00edficamente para hacer frente a sus lesiones \u00fanicas. Si usted est\u00e1 experimentando dolor de cuello, lesiones en la espalda, u otras lesiones comunes de accidentes de coche, nuestro enfoque personalizado se centrar\u00e1 en sus necesidades espec\u00edficas. Nuestro objetivo es proporcionarle una estrategia de atenci\u00f3n integral que promueve la curaci\u00f3n y restaura su condici\u00f3n f\u00edsica.<\/p>\n<h3>Paso 3: Mejore y recupere su vida<\/h3>\n<p>Con su plan de lesiones personalizado en marcha, comenzar\u00e1 su tratamiento. Nuestro equipo multidisciplinar ofrece diversos servicios, entre los que se incluyen cuidados quiropr\u00e1cticos, fisioterapia y masoterapia. Cada tratamiento tiene como objetivo aliviar el dolor, mejorar la movilidad y aumentar su bienestar general. A medida que progrese, evaluaremos continuamente su recuperaci\u00f3n para asegurarnos de que est\u00e1 en el buen camino para recuperarse completamente y volver a sus actividades diarias. No deje que el dolor le retenga por m\u00e1s tiempo. En Hurt 911 Colorado Injury Centers, nos comprometemos a ayudarle a volver a sentirse usted mismo. P\u00f3ngase en contacto hoy mismo para comenzar su viaje hacia la recuperaci\u00f3n y recuperar el control de su vida.<\/p>\n<h2>Nuestras opciones comprensivas del tratamiento<\/h2>\n<p>En los Centros de Lesiones Hurt 911 Colorado, ofrecemos una amplia gama de opciones de tratamiento dise\u00f1adas espec\u00edficamente para tratar sus lesiones por accidente de coche. Nuestro objetivo es proporcionarle la atenci\u00f3n que necesita para recuperarse por completo y recuperar su calidad de vida.<\/p>\n<h3>Atenci\u00f3n m\u00e9dica<\/h3>\n<p>Nuestro experimentado equipo m\u00e9dico realiza evaluaciones exhaustivas para identificar el alcance de sus lesiones. Desarrollamos planes de tratamiento eficaces que pueden incluir medicaci\u00f3n, fisioterapia o derivaciones a especialistas, garantizando que reciba la mejor atenci\u00f3n posible para su dolencia.<\/p>\n<h3>Cuidado Quiropr\u00e1ctico<\/h3>\n<p>El tratamiento quiropr\u00e1ctico es esencial para aquellos que sufren de dolor de cuello, lesiones en la espalda, u otros problemas musculoesquel\u00e9ticos resultantes de un accidente de coche. Nuestros quiropr\u00e1cticos realizan ajustes de la columna y otras t\u00e9cnicas para aliviar el dolor, mejorar la movilidad y apoyar su proceso de curaci\u00f3n.<\/p>\n<h3>Fisioterapia<\/h3>\n<p>Nuestros fisioterapeutas trabajan estrechamente con usted para crear un programa de fisioterapia personalizado que se centre en sus lesiones espec\u00edficas. Este programa se centra en el fortalecimiento de los m\u00fasculos, la mejora de la flexibilidad y la mejora de la funci\u00f3n general para ayudarle a volver a sus actividades diarias tan pronto como sea posible.<\/p>\n<h3>Masoterapia<\/h3>\n<p>La terapia de masaje puede ser una herramienta poderosa en su viaje de recuperaci\u00f3n. Ayuda a aliviar la tensi\u00f3n muscular, reducir el dolor y mejorar la circulaci\u00f3n. Nuestros terapeutas de masaje con licencia adaptar cada sesi\u00f3n para hacer frente a sus necesidades \u00fanicas, la promoci\u00f3n de la relajaci\u00f3n y la curaci\u00f3n.<\/p>\n<h3>Servicios de diagn\u00f3stico<\/h3>\n<p>El diagn\u00f3stico preciso es clave para un tratamiento eficaz. Utilizamos herramientas de diagn\u00f3stico avanzadas, incluyendo rayos X y resonancias magn\u00e9ticas, para evaluar sus lesiones. Esta informaci\u00f3n nos permite crear un plan de tratamiento espec\u00edfico que se ocupa de sus necesidades espec\u00edficas y apoya su recuperaci\u00f3n. Al elegir Hurt 911 Colorado Injury Centers, est\u00e1 dando el primer paso hacia una vida sin dolor. Nuestras opciones de tratamiento integral garantizan que usted reciba la atenci\u00f3n que necesita para sanar y recuperar su fuerza. Perm\u00edtanos ayudarle a volver al camino de la recuperaci\u00f3n.<\/p>\n<h2>Planes de lesiones personalizados adaptados a sus necesidades<\/h2>\n<p><a href=\"https:\/\/1800hurt911co.com\/wp-content\/uploads\/2024\/09\/shutterstock_2145507079.webp\"><img decoding=\"async\" class=\"alignnone wp-image-2546 size-full\" src=\"https:\/\/1800hurt911co.com\/wp-content\/uploads\/2024\/09\/shutterstock_2145507079.webp\" alt=\"Car Accident Treatment, Physical Therapy\" width=\"500\" height=\"334\" srcset=\"https:\/\/1800hurt911co.com\/wp-content\/uploads\/2024\/09\/shutterstock_2145507079.webp 500w, https:\/\/1800hurt911co.com\/wp-content\/uploads\/2024\/09\/shutterstock_2145507079-300x200.webp 300w\" sizes=\"(max-width: 500px) 100vw, 500px\" \/><\/a><\/p>\n<p>En Hurt 911 Colorado Injury Centers, entendemos que cada lesi\u00f3n por accidente de coche es \u00fanica. Es por eso que nos centramos en la creaci\u00f3n de planes de tratamiento individualizados dise\u00f1ados espec\u00edficamente para usted. Nuestro enfoque comienza con una evaluaci\u00f3n exhaustiva de sus lesiones, estilo de vida y objetivos de recuperaci\u00f3n. Esta evaluaci\u00f3n exhaustiva permite a nuestro equipo identificar las opciones de tratamiento m\u00e1s eficaces para su situaci\u00f3n. Una vez que tenemos una clara comprensi\u00f3n de sus necesidades, desarrollamos un plan que puede incluir una combinaci\u00f3n de atenci\u00f3n m\u00e9dica, ajustes quiropr\u00e1cticos, terapia f\u00edsica y terapia de masaje. Cada componente se selecciona cuidadosamente para promover la curaci\u00f3n y restaurar su salud en general. Nuestros planes de lesiones personalizadas est\u00e1n dirigidas a abordar las lesiones comunes de accidentes de coche como dolor de cuello, lesiones de espalda y lesiones de tejidos blandos. Damos prioridad a su comodidad y bienestar, asegurando que cada paso de su recuperaci\u00f3n se centra en aliviar el dolor y mejorar la movilidad. Con nuestro equipo dedicado a su lado, usted puede confiar en que su viaje de recuperaci\u00f3n ser\u00e1 apoyado en cada paso del camino. Tanto si necesita fisioterapia continua como tratamiento quiropr\u00e1ctico especializado, estamos aqu\u00ed para ayudarle a recuperar su fuerza y volver a su vida. No deje que las secuelas de un accidente de coche le detenga. Perm\u00edtanos crear un plan que funcione para usted.<\/p>\n<h2>\u00bfPor qu\u00e9 elegir los centros de lesi\u00f3n de Hurt 911 Colorado?<\/h2>\n<p>Cuando viene a recuperarse de lesiones del accidente de coche, seleccionar el abastecedor derecho del tratamiento es crucial. En los Centros de Lesiones Hurt 911 Colorado, entendemos los desaf\u00edos que usted enfrenta despu\u00e9s de un accidente. Nuestro compromiso con su recuperaci\u00f3n es evidente en cada aspecto de nuestro servicio. Ofrecemos un enfoque integral del tratamiento, garantizando que cada paciente reciba la atenci\u00f3n que necesita. Nuestro equipo est\u00e1 formado por profesionales experimentados que se especializan en una variedad de lesiones relacionadas con accidentes. Usted puede confiar en que nuestro personal bien informado trabajar\u00e1 diligentemente para crear un plan personalizado de lesiones que se ocupa de su situaci\u00f3n \u00fanica. Nuestra reputaci\u00f3n habla por s\u00ed misma. Somos reconocidos por nuestro servicio dedicado y la gesti\u00f3n eficaz de los casos de lesiones personales. Los clientes aprecian nuestro enfoque en su bienestar y nuestra capacidad para navegar por las complejidades del proceso de recuperaci\u00f3n. Damos prioridad a sus necesidades, asegurando que usted reciba la atenci\u00f3n y el apoyo necesarios para una recuperaci\u00f3n exitosa. Adem\u00e1s de nuestra experiencia m\u00e9dica, proporcionamos transporte gratuito de ida y vuelta a nuestras oficinas. Este servicio elimina una barrera importante para muchos pacientes, lo que le permite centrarse \u00fanicamente en la curaci\u00f3n. Nuestro enfoque hol\u00edstico para la recuperaci\u00f3n abarca la atenci\u00f3n quiropr\u00e1ctica, fisioterapia y terapia de masaje, todos dise\u00f1ados para aliviar el dolor y restaurar la movilidad. Elegir el Centro de Lesiones Hurt 911 Colorado significa que usted no es un paciente m\u00e1s. Nuestro enfoque para el tratamiento de accidentes de coche en Denver se centra en las necesidades individuales. P\u00f3ngase en contacto con nosotros hoy mismo y d\u00e9 el primer paso hacia un futuro mejor y sin dolor.<\/p>\n<h2>Obtenga una consulta gratuita de accidente<\/h2>\n<h2><img loading=\"lazy\" decoding=\"async\" class=\"alignnone wp-image-2064\" src=\"https:\/\/1800hurt911co.com\/wp-content\/uploads\/2020\/12\/banner-bg1-copy-1024x254.webp\" alt=\"Hurt911 Logo\" width=\"500\" height=\"124\" srcset=\"https:\/\/1800hurt911co.com\/wp-content\/uploads\/2020\/12\/banner-bg1-copy-1024x254.webp 1024w, https:\/\/1800hurt911co.com\/wp-content\/uploads\/2020\/12\/banner-bg1-copy-300x75.webp 300w, https:\/\/1800hurt911co.com\/wp-content\/uploads\/2020\/12\/banner-bg1-copy-768x191.webp 768w, https:\/\/1800hurt911co.com\/wp-content\/uploads\/2020\/12\/banner-bg1-copy-1536x382.webp 1536w, https:\/\/1800hurt911co.com\/wp-content\/uploads\/2020\/12\/banner-bg1-copy.webp 1920w\" sizes=\"(max-width: 500px) 100vw, 500px\" \/><\/h2>\n<p>En Hurt 911 Colorado Injury Centers, entendemos que navegar por las secuelas de un accidente de coche puede ser abrumador. Es por eso que ofrecemos una consulta gratuita para ayudarle a explorar sus opciones y obtener en el camino hacia la recuperaci\u00f3n. Durante esta reuni\u00f3n inicial, nuestro equipo evaluar\u00e1 su situaci\u00f3n y discutir sus necesidades espec\u00edficas. Nos centramos en proporcionar planes personalizados de lesiones que aborden sus circunstancias \u00fanicas. Si usted est\u00e1 tratando con dolor de cuello, lesiones en la espalda, u otras lesiones comunes de accidentes de coche, nuestros especialistas est\u00e1n aqu\u00ed para guiarle. Combinamos la atenci\u00f3n m\u00e9dica, tratamiento quiropr\u00e1ctico y terapia f\u00edsica para crear un enfoque integral que promueve la curaci\u00f3n y el alivio del dolor. Nuestro personal dedicado tambi\u00e9n responder\u00e1 a cualquier pregunta que pueda tener acerca de sus opciones de tratamiento y el proceso de recuperaci\u00f3n. Creemos que los pacientes informados son pacientes con poder. No deje que el estr\u00e9s de las facturas m\u00e9dicas y la recuperaci\u00f3n le detenga. Llegar a nosotros hoy para su consulta gratuita accidente. Perm\u00edtanos ayudarle a dar el primer paso hacia la recuperaci\u00f3n de su salud y conseguir su vida de nuevo en marcha. Servimos el \u00e1rea metropolitana de Denver incluyendo:<\/p>\n<ul>\n<li><a href=\"\/es\/aurora\/\">Aurora<\/a><\/li>\n<li><a href=\"\/es\/arvada\/\">Arvada<\/a><\/li>\n<li><a href=\"\/es\/colorado-springs\/\">Colorado Springs<\/a><\/li>\n<li><a href=\"\/es\/commerce-city\/\">Commerce City<\/a><\/li>\n<li><a href=\"\/es\/centennial\/\">Centennial<\/a><\/li>\n<li><a href=\"\/es\/denver\/\">Denver<\/a><\/li>\n<li><a href=\"\/es\/lakewood\/\">Lakewood<\/a><\/li>\n<li><a href=\"\/es\/northglenn\/\">Northglenn<\/a><\/li>\n<\/ul>\n<h2>Cont\u00e1ctenos Hoy<\/h2>\n<p>En Hurt 911 Colorado Injury Centers, estamos comprometidos a brindarle el apoyo que necesita despu\u00e9s de un accidente automovil\u00edstico. Si usted est\u00e1 experimentando dolor o luchando para volver a su rutina diaria, no dude en ponerse en contacto. Nuestro equipo est\u00e1 listo para ayudarle en cada paso del camino.<\/p>\n<p>Ll\u00e1menos hoy para programar su consulta gratuita accidente. Durante esta cita, se reunir\u00e1 con uno de nuestros especialistas que escuchar\u00e1 sus preocupaciones y evaluar su situaci\u00f3n. Vamos a discutir sus lesiones, explicar nuestras opciones de tratamiento, y crear un plan personalizado para ayudarle a recuperarse.<\/p>\n<p>Nuestro amable personal est\u00e1 aqu\u00ed para responder a sus preguntas y guiarle a trav\u00e9s del proceso. Entendemos que usted puede tener preocupaciones acerca de las facturas m\u00e9dicas y salarios perdidos, y estamos aqu\u00ed para proporcionar claridad y apoyo.<\/p>\n","protected":false},"excerpt":{"rendered":"<p>Tratamiento experto del accidente de coche de Denver En Hurt 911 Colorado Injury Centers, entendemos que las secuelas de un accidente de coche puede ser abrumador. Usted puede estar luchando con el dolor, la incertidumbre, y el aumento de las facturas m\u00e9dicas. Nuestro objetivo principal es guiarle a trav\u00e9s de este tiempo dif\u00edcil y ayudarle [&hellip;]<\/p>\n","protected":false},"author":34,"featured_media":0,"parent":4366,"menu_order":0,"comment_status":"closed","ping_status":"closed","template":"","meta":{"_acf_changed":false,"footnotes":""},"class_list":["post-4382","page","type-page","status-publish","hentry"],"acf":[],"_links":{"self":[{"href":"https:\/\/1800hurt911co.com\/es\/wp-json\/wp\/v2\/pages\/4382","targetHints":{"allow":["GET"]}}],"collection":[{"href":"https:\/\/1800hurt911co.com\/es\/wp-json\/wp\/v2\/pages"}],"about":[{"href":"https:\/\/1800hurt911co.com\/es\/wp-json\/wp\/v2\/types\/page"}],"author":[{"embeddable":true,"href":"https:\/\/1800hurt911co.com\/es\/wp-json\/wp\/v2\/users\/34"}],"replies":[{"embeddable":true,"href":"https:\/\/1800hurt911co.com\/es\/wp-json\/wp\/v2\/comments?post=4382"}],"version-history":[{"count":2,"href":"https:\/\/1800hurt911co.com\/es\/wp-json\/wp\/v2\/pages\/4382\/revisions"}],"predecessor-version":[{"id":4384,"href":"https:\/\/1800hurt911co.com\/es\/wp-json\/wp\/v2\/pages\/4382\/revisions\/4384"}],"up":[{"embeddable":true,"href":"https:\/\/1800hurt911co.com\/es\/wp-json\/wp\/v2\/pages\/4366"}],"wp:attachment":[{"href":"https:\/\/1800hurt911co.com\/es\/wp-json\/wp\/v2\/media?parent=4382"}],"curies":[{"name":"wp","href":"https:\/\/api.w.org\/{rel}","templated":true}]}}