{"id":4386,"date":"2024-09-11T09:04:50","date_gmt":"2024-09-11T13:04:50","guid":{"rendered":"https:\/\/1800hurt911co.com\/denver\/denver-diagnostico-por-imagen\/"},"modified":"2024-10-03T00:05:57","modified_gmt":"2024-10-03T06:05:57","slug":"denver-diagnostico-por-imagen","status":"publish","type":"page","link":"https:\/\/1800hurt911co.com\/es\/denver\/denver-diagnostico-por-imagen\/","title":{"rendered":"Denver Diagn\u00f3stico por imagen"},"content":{"rendered":"<h2>Denver Diagn\u00f3stico por imagen<\/h2>\n<p>En Hurt 911 Colorado Injury Centers, estamos entre los mejores centros de diagn\u00f3stico por imagen en Denver, ofreciendo servicios avanzados de diagn\u00f3stico por imagen dise\u00f1ados para proporcionar diagn\u00f3sticos precisos para sus lesiones. Nuestra tecnolog\u00eda de vanguardia incluye servicios de im\u00e1genes por resonancia magn\u00e9tica (IRM) y rayos X. Estas herramientas de diagn\u00f3stico son esenciales para identificar el alcance de las lesiones sufridas en accidentes, asegurando que usted reciba la atenci\u00f3n adecuada.<\/p>\n<h3>Resonancias magn\u00e9ticas<\/h3>\n<p>Nuestros esc\u00e1neres de resonancia magn\u00e9tica utilizan tecnolog\u00eda de imagen de alta resoluci\u00f3n para crear im\u00e1genes detalladas de los tejidos blandos, ayudando a diagnosticar condiciones tales como el latigazo cervical y otras lesiones en el cuello.<\/p>\n<h3>Rayos X<\/h3>\n<p>Tambi\u00e9n ofrecemos servicios de rayos X, que permiten una evaluaci\u00f3n r\u00e1pida de las fracturas y otras lesiones relacionadas con los huesos. Nuestros tecn\u00f3logos altamente capacitados realizan estos procedimientos de imagen, dando prioridad a su comodidad y seguridad.<\/p>\n<h3>Im\u00e1genes especializadas para el diagn\u00f3stico de lesiones<\/h3>\n<p>Nuestros servicios especializados de diagn\u00f3stico por imagen se centran en \u00e1reas com\u00fanmente afectadas por accidentes, como lesiones de la m\u00e9dula espinal, da\u00f1os en tejidos blandos y traumatismos craneoencef\u00e1licos. Mediante el empleo de t\u00e9cnicas de imagen avanzadas, podemos proporcionar a su equipo sanitario la informaci\u00f3n detallada necesaria para crear un plan de tratamiento eficaz adaptado a sus necesidades. En Hurt 911, nos comprometemos a prestar servicios integrales de diagn\u00f3stico por imagen con compasi\u00f3n y profesionalidad. Nuestro objetivo es ayudarle en su viaje de recuperaci\u00f3n, proporcionando resultados precisos y la m\u00e1s alta calidad de la atenci\u00f3n.<\/p>\n<h2>\u00bfPor qu\u00e9 elegir los Centros de Lesiones Hurt 911 Colorado?<\/h2>\n<p><img fetchpriority=\"high\" decoding=\"async\" class=\"alignnone wp-image-2936 size-full\" src=\"https:\/\/1800hurt911co.com\/wp-content\/uploads\/2024\/09\/diagnostic-imaging-x-ray.webp\" alt=\"Denver Diagnostic Imaging, X-Ray\" width=\"500\" height=\"334\" srcset=\"https:\/\/1800hurt911co.com\/wp-content\/uploads\/2024\/09\/diagnostic-imaging-x-ray.webp 500w, https:\/\/1800hurt911co.com\/wp-content\/uploads\/2024\/09\/diagnostic-imaging-x-ray-300x200.webp 300w\" sizes=\"(max-width: 500px) 100vw, 500px\" \/><\/p>\n<p>Cuando se trata de recibir im\u00e1genes de diagn\u00f3stico en Denver, Hurt 911 Colorado Injury Centers destaca por varias razones. Nuestro compromiso con la atenci\u00f3n al paciente y la tecnolog\u00eda avanzada nos convierte en la opci\u00f3n preferida para muchos.<\/p>\n<h3>Diagn\u00f3stico por imagen sin costes por adelantado<\/h3>\n<p>Entendemos que los gastos m\u00e9dicos pueden ser abrumadores, especialmente despu\u00e9s de un accidente. Es por eso que ofrecemos nuestros servicios de diagn\u00f3stico por imagen sin costes por adelantado. En cambio, nuestro equipo m\u00e9dico recibe el pago una vez que usted gana su caso de lesiones personales.<\/p>\n<h3>Ubicaciones convenientes en todo Denver<\/h3>\n<p>Con m\u00faltiples ubicaciones en todo el \u00e1rea de Denver, el acceso a nuestros servicios es f\u00e1cil. Tanto si se encuentra en el centro de la ciudad como en los suburbios de los alrededores, puede encontrar un centro cerca de usted. Esta comodidad le permite dar prioridad a su salud sin la molestia de largos desplazamientos.<\/p>\n<h3>Citas el mismo d\u00eda y al d\u00eda siguiente<\/h3>\n<p>Sabemos que el tiempo es esencial cuando se trata de diagnosticar lesiones. Por eso ofrecemos citas el mismo d\u00eda y al d\u00eda siguiente para nuestros servicios de diagn\u00f3stico por imagen. Usted no tendr\u00e1 que esperar mucho tiempo para obtener las respuestas que necesita, lo que permite planes de tratamiento m\u00e1s r\u00e1pido.<\/p>\n<h3>Transporte gratuito para los pacientes<\/h3>\n<p>Para facilitar a\u00fan m\u00e1s su experiencia, ofrecemos transporte gratuito de ida y vuelta a nuestras instalaciones. Este servicio est\u00e1 dise\u00f1ado para eliminar cualquier barrera que le impida acceder a los servicios de diagn\u00f3stico por imagen necesarios, garantizando que pueda centrarse en su recuperaci\u00f3n.<\/p>\n<h3>Atenci\u00f3n compasiva y centrada en el paciente<\/h3>\n<p>En Hurt 911, damos prioridad a su comodidad y bienestar. Nuestro amable personal se dedica a proporcionar una atenci\u00f3n compasiva durante toda su visita. Desde el momento en que llega, puede esperar un ambiente de apoyo que pone sus necesidades en primer lugar. Elegir los Centros de Lesiones Hurt 911 Colorado significa seleccionar un centro que valora su salud y recuperaci\u00f3n. Estamos aqu\u00ed para ayudarle a navegar por el camino de la curaci\u00f3n con im\u00e1genes de diagn\u00f3stico avanzadas y una atenci\u00f3n excepcional al paciente.<\/p>\n<h2>Equipo m\u00e9dico experto<\/h2>\n<p>En los Centros de Lesiones Hurt 911 Colorado, nuestro equipo m\u00e9dico se dedica a proporcionar servicios de diagn\u00f3stico por imagen de primera categor\u00eda. Nuestros radi\u00f3logos certificados por la junta est\u00e1n altamente cualificados en la interpretaci\u00f3n de resultados de im\u00e1genes complejas, asegurando diagn\u00f3sticos precisos para nuestros pacientes. Cada radi\u00f3logo aporta una amplia experiencia y formaci\u00f3n avanzada, lo que les permite identificar una amplia gama de condiciones con eficacia. Nuestros t\u00e9cnicos altamente cualificados utilizan la tecnolog\u00eda de imagen m\u00e1s avanzada, como resonancias magn\u00e9ticas y radiograf\u00edas. Trabajan con diligencia para crear im\u00e1genes detalladas que ayuden a diagnosticar lesiones y afecciones m\u00e9dicas. Su profesionalidad y conocimientos t\u00e9cnicos contribuyen significativamente a la calidad de la atenci\u00f3n que prestamos. Creemos en un enfoque de colaboraci\u00f3n, integrando los esfuerzos de nuestros m\u00e9dicos y abogados. Este trabajo en equipo garantiza que se aborden todos los aspectos de su recuperaci\u00f3n, desde el diagn\u00f3stico preciso hasta la representaci\u00f3n legal. Nuestro equipo m\u00e9dico est\u00e1 comprometido con su salud y bienestar, asegur\u00e1ndose de que reciba la mejor atenci\u00f3n posible durante todo el proceso de recuperaci\u00f3n.<\/p>\n<h3>Servicios integrales de diagn\u00f3stico<\/h3>\n<p>En los Centros de Lesiones Hurt 911 Colorado, ofrecemos una gama completa de servicios de diagn\u00f3stico por imagen dise\u00f1ados para satisfacer sus necesidades sanitarias. Nuestro compromiso de utilizar tecnolog\u00eda avanzada garantiza que usted reciba resultados precisos y oportunos, esenciales para una planificaci\u00f3n eficaz del tratamiento.<\/p>\n<h3>Resonancia magn\u00e9tica (RM)<\/h3>\n<p>Nuestros servicios de resonancia magn\u00e9tica proporcionan im\u00e1genes detalladas de los tejidos blandos, \u00f3rganos y estructuras del cuerpo. Esta exploraci\u00f3n por RM no invasiva utiliza campos magn\u00e9ticos para generar im\u00e1genes detalladas, lo que resulta crucial para diagnosticar diversas afecciones, incluidas lesiones en la columna vertebral y el cerebro. Con equipos de \u00faltima generaci\u00f3n, ofrecemos im\u00e1genes de alta calidad que ayudan a su proveedor de atenci\u00f3n m\u00e9dica a determinar el mejor curso de acci\u00f3n.<\/p>\n<h3>Radiograf\u00edas<\/h3>\n<p>Nuestros servicios de rayos X proporcionan im\u00e1genes r\u00e1pidas y eficientes para una variedad de condiciones. Esta tecnolog\u00eda reduce la exposici\u00f3n a la radiaci\u00f3n y proporciona im\u00e1genes de alta resoluci\u00f3n. Ya sea que necesite un chequeo de rutina o una evaluaci\u00f3n urgente de una lesi\u00f3n, nuestros rayos X ayudan a agilizar su diagn\u00f3stico. Al elegir los Centros de Lesiones Hurt 911 Colorado, usted obtiene acceso a servicios de diagn\u00f3stico integrales que dan prioridad a su salud y bienestar. Nuestro equipo dedicado est\u00e1 aqu\u00ed para apoyarle en cada paso del camino, asegurando una experiencia sin fisuras desde el diagn\u00f3stico hasta el tratamiento.<\/p>\n<h2>Im\u00e1genes especializadas para lesiones por accidente<\/h2>\n<p><img decoding=\"async\" class=\"alignnone wp-image-2937 size-full\" src=\"https:\/\/1800hurt911co.com\/wp-content\/uploads\/2024\/09\/diagnostic-imagin-mri.webp\" alt=\"MRI Machine, Diagnostic Imaging\" width=\"500\" height=\"334\" srcset=\"https:\/\/1800hurt911co.com\/wp-content\/uploads\/2024\/09\/diagnostic-imagin-mri.webp 500w, https:\/\/1800hurt911co.com\/wp-content\/uploads\/2024\/09\/diagnostic-imagin-mri-300x200.webp 300w\" sizes=\"(max-width: 500px) 100vw, 500px\" \/><\/p>\n<p>Cuando usted ha estado implicado en un accidente, el diagn\u00f3stico exacto es crucial para el tratamiento eficaz. En Hurt 911 Colorado Injury Centers, ofrecemos servicios especializados de diagn\u00f3stico por imagen dise\u00f1ados para identificar las lesiones resultantes de diversos accidentes. Nuestra avanzada tecnolog\u00eda de imagen asegura que usted reciba la mejor atenci\u00f3n posible adaptada a sus necesidades espec\u00edficas.<\/p>\n<h3>Diagn\u00f3stico de latigazo cervical y dolor de cuello<\/h3>\n<p>El latigazo cervical es una lesi\u00f3n com\u00fan despu\u00e9s de un accidente de coche, a menudo conduce a dolor cr\u00f3nico y malestar. Nuestros servicios de diagn\u00f3stico por imagen pueden ayudarle a identificar el alcance de su lesi\u00f3n cervical. Mediante el uso de resonancias magn\u00e9ticas, producimos im\u00e1genes detalladas que ayudan a diagnosticar el latigazo cervical, lo que permite a nuestro equipo m\u00e9dico crear planes de tratamiento eficaces.<\/p>\n<h3>Im\u00e1genes de lesiones nerviosas y de la m\u00e9dula espinal<\/h3>\n<p>Las lesiones de la m\u00e9dula espinal pueden tener graves consecuencias. Nuestros servicios de diagn\u00f3stico por imagen incluyen exploraciones especializadas para evaluar lesiones medulares y da\u00f1os en los nervios. Con la \u00faltima tecnolog\u00eda, podemos proporcionar resultados precisos que ayudan a los m\u00e9dicos a determinar el mejor curso de acci\u00f3n para la recuperaci\u00f3n.<\/p>\n<h3>Imagen de tejidos blandos y musculoesquel\u00e9ticos<\/h3>\n<p>Las lesiones de tejidos blandos a menudo no aparecen en las radiograf\u00edas est\u00e1ndar. Nuestros servicios de resonancia magn\u00e9tica son esenciales para diagnosticar este tipo de lesiones. Mediante el uso de t\u00e9cnicas avanzadas de imagen, nos aseguramos de que todos los aspectos de su lesi\u00f3n se examinan a fondo, lo que permite un tratamiento integral.<\/p>\n<h3>Exploraciones de lesiones craneales y cerebrales<\/h3>\n<p>Las lesiones en la cabeza pueden ir desde conmociones cerebrales leves a traumatismos graves. Nuestro centro ofrece resonancias magn\u00e9ticas espec\u00edficas para el diagn\u00f3stico de lesiones cerebrales. Las im\u00e1genes r\u00e1pidas y precisas pueden ser vitales para determinar los pasos adecuados para la recuperaci\u00f3n y la rehabilitaci\u00f3n. En Hurt 911, damos prioridad a su salud y recuperaci\u00f3n. Nuestros servicios especializados de diagn\u00f3stico por imagen est\u00e1n dise\u00f1ados para proporcionarle la informaci\u00f3n detallada necesaria para un tratamiento eficaz tras un accidente.<\/p>\n<h2>Experiencia del paciente<\/h2>\n<p>En Hurt 911 Colorado Injury Centers, damos prioridad a su comodidad y facilidad a lo largo de su viaje de diagn\u00f3stico por imagen. Nuestro personal amable y profesional se dedica a proporcionar un ambiente acogedor. Desde el momento en que llegue, se sentir\u00e1 como en casa en nuestras instalaciones. Entendemos que las citas m\u00e9dicas pueden ser estresantes, especialmente despu\u00e9s de un accidente, por lo que nos esforzamos por crear un ambiente seguro y de apoyo para todos los pacientes. Nuestro objetivo es ofrecer resultados r\u00e1pidos y precisos. Nuestra avanzada tecnolog\u00eda de imagen nos permite producir im\u00e1genes detalladas de manera eficiente. Esto significa que usted puede recibir informaci\u00f3n oportuna sobre su condici\u00f3n, ayud\u00e1ndole a tomar decisiones informadas sobre su plan de tratamiento. Nuestro compromiso con una atenci\u00f3n compasiva va m\u00e1s all\u00e1 del proceso de obtenci\u00f3n de im\u00e1genes. Valoramos sus comentarios y fomentamos la comunicaci\u00f3n abierta. Los testimonios de nuestros pacientes reflejan nuestra dedicaci\u00f3n a ofrecer un servicio y una asistencia excepcionales. Estamos aqu\u00ed para guiarle en cada paso del camino, asegur\u00e1ndonos de que su experiencia sea lo m\u00e1s fluida posible.<\/p>\n<h2>Preguntas frecuentes<\/h2>\n<h3>Qu\u00e9 esperar durante su procedimiento de la proyecci\u00f3n de imagen<\/h3>\n<p>Cuando llegue a su cita de diagn\u00f3stico por imagen en los Centros de Lesiones Hurt 911 Colorado, nuestro amable personal le dar\u00e1 la bienvenida y le guiar\u00e1 a trav\u00e9s de cada procedimiento radiol\u00f3gico, asegur\u00e1ndose de que se sienta c\u00f3modo e informado. En primer lugar, usted llenar\u00e1 el papeleo necesario. A continuaci\u00f3n, un tecn\u00f3logo altamente capacitado le explicar\u00e1 el procedimiento, asegur\u00e1ndose de que se sienta c\u00f3modo e informado. Dependiendo del tipo de imagen, ya sea una resonancia magn\u00e9tica o una radiograf\u00eda, es posible que tenga que ponerse una bata. El procedimiento en s\u00ed suele ser r\u00e1pido, y nuestra avanzada tecnolog\u00eda de imagen permite realizar exploraciones eficientes que producen im\u00e1genes detalladas. Usted puede esperar una atenci\u00f3n compasiva a lo largo de su visita, con el personal disponible para responder a cualquier pregunta que pueda tener.<\/p>\n<h3>C\u00f3mo prepararse para su cita<\/h3>\n<p>La preparaci\u00f3n puede variar dependiendo del tipo de imagen que est\u00e1 programado para. Para la mayor\u00eda de los procedimientos, se le aconsejar\u00e1 que lleve ropa c\u00f3moda y evite las joyas. Si va a someterse a una resonancia magn\u00e9tica, es posible que tenga que abstenerse de comer durante unas horas antes. Nuestro equipo le proporcionar\u00e1 instrucciones espec\u00edficas cuando programe su cita, asegur\u00e1ndose de que sabe exactamente qu\u00e9 hacer para prepararse para su imagen.<\/p>\n<h3>Comprensi\u00f3n de los resultados del diagn\u00f3stico por imagen<\/h3>\n<p>Despu\u00e9s de su procedimiento de imagen, nuestros radi\u00f3logos certificados analizar\u00e1n las im\u00e1genes y proporcionar un informe detallado. Este informe ser\u00e1 compartido con su m\u00e9dico, quien discutir\u00e1 los resultados con usted y delinear\u00e1 los pr\u00f3ximos pasos necesarios. Nuestro objetivo es asegurarnos de que comprende claramente sus resultados y las implicaciones para su salud. Si tiene alguna pregunta sobre sus resultados, no dude en ponerse en contacto con nosotros para que se la aclaremos.<\/p>\n<h2>Ubicaciones<\/h2>\n<p>En los Centros de Lesiones Hurt 911 Colorado, nos enorgullecemos de hacer que el diagn\u00f3stico por imagen de calidad sea accesible para todos en el \u00e1rea de Denver. Con m\u00faltiples ubicaciones convenientes, nos aseguramos de que los pacientes puedan encontrar f\u00e1cilmente un centro que satisfaga sus necesidades. Tanto si se encuentra en el coraz\u00f3n de la ciudad o en un suburbio cercano, nuestros centros est\u00e1n dise\u00f1ados para proporcionar una atenci\u00f3n eficiente y compasiva.<\/p>\n<ul>\n<li><a href=\"\/es\/denver\/\">Denver<\/a><\/li>\n<li><a href=\"\/es\/commerce-city\/\">Commerce City<\/a><\/li>\n<li><a href=\"\/es\/northglenn\/\">Northglenn<\/a><\/li>\n<li><a href=\"\/es\/centennial\/\">Centennial<\/a><\/li>\n<li><a href=\"\/es\/aurora\/\">Aurora<\/a><\/li>\n<li><a href=\"\/es\/lakewood\/\">Lakewood<\/a><\/li>\n<li><a href=\"\/es\/colorado-springs\/\">Colorado Springs<\/a><\/li>\n<li><a href=\"\/es\/arvada\/\">Arvada<\/a><\/li>\n<\/ul>\n<p>En Hurt 911 Colorado Injury Centers, estamos aqu\u00ed para ayudarle a navegar su recuperaci\u00f3n con facilidad. P\u00f3ngase en contacto con nosotros para encontrar la ubicaci\u00f3n m\u00e1s cercana a usted y programar su cita hoy.<\/p>\n<h2>P\u00f3ngase en contacto con nosotros hoy para sus necesidades de im\u00e1genes m\u00e9dicas<\/h2>\n<p><img decoding=\"async\" class=\"alignnone wp-image-2064\" src=\"https:\/\/1800hurt911co.com\/wp-content\/uploads\/2020\/12\/banner-bg1-copy-1024x254.webp\" alt=\"Hurt911 Logo\" width=\"500\" height=\"124\" srcset=\"https:\/\/1800hurt911co.com\/wp-content\/uploads\/2020\/12\/banner-bg1-copy-1024x254.webp 1024w, https:\/\/1800hurt911co.com\/wp-content\/uploads\/2020\/12\/banner-bg1-copy-300x75.webp 300w, https:\/\/1800hurt911co.com\/wp-content\/uploads\/2020\/12\/banner-bg1-copy-768x191.webp 768w, https:\/\/1800hurt911co.com\/wp-content\/uploads\/2020\/12\/banner-bg1-copy-1536x382.webp 1536w, https:\/\/1800hurt911co.com\/wp-content\/uploads\/2020\/12\/banner-bg1-copy.webp 1920w\" sizes=\"(max-width: 500px) 100vw, 500px\" \/><\/p>\n<p>En Hurt 911 Colorado Injury Centers, entendemos la importancia de la imagen diagn\u00f3stica oportuna y eficaz para su recuperaci\u00f3n. Nuestro equipo est\u00e1 listo para ayudarle con la programaci\u00f3n de su cita. Ofrecemos opciones flexibles para acomodar su apretada agenda.<\/p>\n<h3>Programar una cita<\/h3>\n<p>Comenzar es sencillo. Usted puede programar su cita en l\u00ednea o ll\u00e1menos. Nuestro amable personal le ayudar\u00e1 a encontrar un momento conveniente que funcione para usted. Ofrecemos citas el mismo d\u00eda y al d\u00eda siguiente para garantizar que reciba la atenci\u00f3n que necesita sin retrasos innecesarios.<\/p>\n<h3>Encuentre un centro cerca de usted<\/h3>\n<p>Disponemos de varias ubicaciones en el \u00e1rea de Denver, lo que facilita el acceso a nuestros servicios. Tanto si se encuentra en Denver, Commerce City, Northglenn o en cualquiera de nuestras otras ubicaciones, puede encontrar un centro cerca de usted. Visite nuestro sitio web o ll\u00e1menos para descubrir el centro de diagn\u00f3stico por imagen m\u00e1s cercano y obtener la atenci\u00f3n que se merece.<\/p>\n<p>P\u00f3ngase en contacto con nosotros hoy mismo y d\u00e9 el primer paso hacia su recuperaci\u00f3n. Estamos aqu\u00ed para apoyarle en cada paso del camino.<\/p>\n","protected":false},"excerpt":{"rendered":"<p>Denver Diagn\u00f3stico por imagen En Hurt 911 Colorado Injury Centers, estamos entre los mejores centros de diagn\u00f3stico por imagen en Denver, ofreciendo servicios avanzados de diagn\u00f3stico por imagen dise\u00f1ados para proporcionar diagn\u00f3sticos precisos para sus lesiones. Nuestra tecnolog\u00eda de vanguardia incluye servicios de im\u00e1genes por resonancia magn\u00e9tica (IRM) y rayos X. Estas herramientas de diagn\u00f3stico [&hellip;]<\/p>\n","protected":false},"author":34,"featured_media":0,"parent":4366,"menu_order":0,"comment_status":"closed","ping_status":"closed","template":"","meta":{"_acf_changed":false,"footnotes":""},"class_list":["post-4386","page","type-page","status-publish","hentry"],"acf":[],"_links":{"self":[{"href":"https:\/\/1800hurt911co.com\/es\/wp-json\/wp\/v2\/pages\/4386","targetHints":{"allow":["GET"]}}],"collection":[{"href":"https:\/\/1800hurt911co.com\/es\/wp-json\/wp\/v2\/pages"}],"about":[{"href":"https:\/\/1800hurt911co.com\/es\/wp-json\/wp\/v2\/types\/page"}],"author":[{"embeddable":true,"href":"https:\/\/1800hurt911co.com\/es\/wp-json\/wp\/v2\/users\/34"}],"replies":[{"embeddable":true,"href":"https:\/\/1800hurt911co.com\/es\/wp-json\/wp\/v2\/comments?post=4386"}],"version-history":[{"count":2,"href":"https:\/\/1800hurt911co.com\/es\/wp-json\/wp\/v2\/pages\/4386\/revisions"}],"predecessor-version":[{"id":4388,"href":"https:\/\/1800hurt911co.com\/es\/wp-json\/wp\/v2\/pages\/4386\/revisions\/4388"}],"up":[{"embeddable":true,"href":"https:\/\/1800hurt911co.com\/es\/wp-json\/wp\/v2\/pages\/4366"}],"wp:attachment":[{"href":"https:\/\/1800hurt911co.com\/es\/wp-json\/wp\/v2\/media?parent=4386"}],"curies":[{"name":"wp","href":"https:\/\/api.w.org\/{rel}","templated":true}]}}