{"id":4392,"date":"2024-09-11T13:52:11","date_gmt":"2024-09-11T17:52:11","guid":{"rendered":"https:\/\/1800hurt911co.com\/denver\/denver-accidente-de-scooter\/"},"modified":"2024-10-03T00:45:43","modified_gmt":"2024-10-03T06:45:43","slug":"denver-accidente-de-scooter","status":"publish","type":"page","link":"https:\/\/1800hurt911co.com\/es\/denver\/denver-accidente-de-scooter\/","title":{"rendered":"Denver Accidente de scooter"},"content":{"rendered":"<h2>Tratamiento Del Accidente Del Scooter De Denver<\/h2>\n<p>En Hurt 911 Colorado Injury Centers, entendemos que recuperarse de un accidente de scooter puede ser un reto. Nuestro equipo dedicado est\u00e1 aqu\u00ed para apoyarle en cada paso del camino. Nos centramos en proporcionar opciones de tratamiento integrales dise\u00f1ados espec\u00edficamente para las lesiones por accidente de scooter. Al elegirnos, tendr\u00e1 acceso a una gama de servicios adaptados a sus necesidades. Nuestros experimentados profesionales llevan a cabo ex\u00e1menes exhaustivos y desarrollan planes de lesiones personalizados para hacer frente a su condici\u00f3n espec\u00edfica. Desde servicios de diagn\u00f3stico como radiograf\u00edas y resonancias magn\u00e9ticas hasta cuidados quiropr\u00e1cticos eficaces, nos aseguramos de que reciba el mejor tratamiento posible para aliviar el dolor y promover la curaci\u00f3n. Tambi\u00e9n ofrecemos programas de fisioterapia personalizados para ayudarle a recuperar la fuerza y la movilidad. Nuestro objetivo es ayudarle a volver a sus actividades diarias de la forma m\u00e1s r\u00e1pida y segura posible. Adem\u00e1s, proporcionamos transporte gratuito para facilitarle el acceso a nuestros servicios. En Hurt 911, damos prioridad a su recuperaci\u00f3n. Nuestro personal compasivo se compromete a ayudarle a navegar por el proceso sin problemas, para que pueda centrarse en mejorar. No dejes que el dolor te frene. P\u00f3ngase en contacto con nosotros hoy mismo y d\u00e9 el primer paso para recuperar su vida.<\/p>\n<p><a href=\"https:\/\/1800hurt911co.com\/wp-content\/uploads\/2024\/09\/shutterstock_1980039440.webp\"><img fetchpriority=\"high\" decoding=\"async\" class=\"alignnone wp-image-2526 size-full\" src=\"https:\/\/1800hurt911co.com\/wp-content\/uploads\/2024\/09\/shutterstock_1980039440.webp\" alt=\"Denver Scooter Accident Treatment, Scooter Accident in Denver\" width=\"500\" height=\"334\" srcset=\"https:\/\/1800hurt911co.com\/wp-content\/uploads\/2024\/09\/shutterstock_1980039440.webp 500w, https:\/\/1800hurt911co.com\/wp-content\/uploads\/2024\/09\/shutterstock_1980039440-300x200.webp 300w\" sizes=\"(max-width: 500px) 100vw, 500px\" \/><\/a><\/p>\n<h2>La vida es demasiado corta estar en dolor<\/h2>\n<p>En Hurt 911 Colorado Injury Centers, entendemos que experimentar dolor de un accidente de scooter puede interrumpir su vida diaria. Nuestro equipo dedicado est\u00e1 aqu\u00ed para ayudarle a recuperar su movilidad y volver a las actividades que le gustan. Nos centramos en proporcionar un tratamiento eficaz y apoyo adaptado a sus necesidades espec\u00edficas. Nuestros pacientes a menudo expresan alivio y gratitud por la atenci\u00f3n integral que reciben. Ellos aprecian nuestro compromiso con su viaje de recuperaci\u00f3n. Con nuestro tratamiento especializado en accidentes de scooter, usted puede esperar evaluaciones exhaustivas y planes personalizados dise\u00f1ados para hacer frente a sus lesiones \u00fanicas. No deje que el dolor le detenga por m\u00e1s tiempo. Tome el primer paso hacia la curaci\u00f3n poni\u00e9ndose en contacto con nosotros. Nuestro personal compasivo est\u00e1 listo para ayudarle a navegar por el proceso de recuperaci\u00f3n. Experimente la diferencia en Hurt 911, donde su bienestar es nuestra prioridad. La vida es demasiado corta para tener dolor, d\u00e9jenos ayudarle a volver a la normalidad. Nuestros experimentados profesionales est\u00e1n comprometidos a proporcionar una atenci\u00f3n eficaz que se dirige a su dolor en su origen. Utilizamos t\u00e9cnicas avanzadas y terapias dise\u00f1adas para facilitar su recuperaci\u00f3n. Ya sea mediante ajustes quiropr\u00e1cticos manuales o ejercicios de rehabilitaci\u00f3n personalizados, nuestro objetivo es ayudarle a volver a una vida sin dolor lo antes posible. No deje que el dolor le detenga por m\u00e1s tiempo. P\u00f3ngase en contacto con nosotros hoy mismo para comenzar su viaje hacia una vida sin dolor. Juntos, trabajaremos para restablecer su salud y volver al camino de la recuperaci\u00f3n.<\/p>\n<h2>Consiga su vida detr\u00e1s con los centros de lesi\u00f3n de Hurt 911 Colorado<\/h2>\n<p>En Hurt 911 Colorado Injury Centers, entendemos c\u00f3mo un accidente de scooter puede interrumpir su vida. Usted puede estar enfrentando dolor, facturas m\u00e9dicas, y el tiempo perdido en el trabajo. Nuestra misi\u00f3n es ayudarle a recuperar el control y volver a su rutina normal tan pronto como sea posible. Nuestro equipo dedicado se especializa en el tratamiento de accidentes de scooter, que le proporciona la atenci\u00f3n que necesita. Nos centramos en los planes de recuperaci\u00f3n integral que se ocupan tanto de su bienestar f\u00edsico y emocional. Desde el momento en que entra por nuestras puertas, damos prioridad a su comodidad y curaci\u00f3n. Ofrecemos una gama de servicios adaptados a sus necesidades espec\u00edficas. Nuestros experimentados profesionales m\u00e9dicos realizan evaluaciones exhaustivas para identificar el alcance de sus lesiones. Bas\u00e1ndonos en esa evaluaci\u00f3n, creamos un plan de tratamiento personalizado que puede incluir cuidados quiropr\u00e1cticos, fisioterapia y otras terapias de apoyo.<\/p>\n<h2>Vuelve a sentirte t\u00fa mismo<\/h2>\n<h3>Paso 1: Hable con un especialista en accidentes de scooter<\/h3>\n<p>El primer paso en su camino hacia la recuperaci\u00f3n es ponerse en contacto con un especialista en accidentes de scooter. Nuestro experimentado equipo entiende los matices de las lesiones por accidente de scooter. Escucharemos sus preocupaciones, evaluaremos su situaci\u00f3n, y le proporcionaremos la orientaci\u00f3n necesaria. Esta consulta inicial es crucial para la comprensi\u00f3n de sus necesidades \u00fanicas y sentar las bases para un tratamiento eficaz.<\/p>\n<h3>Paso 2: Recibir su plan personalizado de lesiones<\/h3>\n<p>Una vez que tengamos una imagen clara de sus lesiones, crearemos un plan de lesiones personalizado. Este plan detallar\u00e1 los tratamientos y terapias espec\u00edficos m\u00e1s adecuados para su recuperaci\u00f3n. Nuestro enfoque est\u00e1 dise\u00f1ado para hacer frente a su dolor y restaurar su movilidad. Nos centramos en proporcionar una estrategia integral para garantizar que reciba la mejor atenci\u00f3n posible, adaptada a sus circunstancias individuales.<\/p>\n<h3>Paso 3: Mej\u00f3rese y recupere su vida<\/h3>\n<p>Con su plan personalizado en marcha, puede comenzar su viaje hacia la recuperaci\u00f3n. Nuestro equipo especializado le apoyar\u00e1 en cada paso del camino, supervisando sus progresos y realizando los ajustes necesarios en su tratamiento. Nos comprometemos a ayudarle a recuperar sus fuerzas y a retomar sus actividades cotidianas sin dolor. Su bienestar es nuestra prioridad y trabajaremos sin descanso para ayudarle a recuperar su vida.<\/p>\n<h2>Opciones de tratamiento integrales<\/h2>\n<p><a href=\"https:\/\/1800hurt911co.com\/wp-content\/uploads\/2024\/08\/chiropractic-care.webp\"><img decoding=\"async\" class=\"alignnone wp-image-2153 size-full\" src=\"https:\/\/1800hurt911co.com\/wp-content\/uploads\/2024\/08\/chiropractic-care.webp\" alt=\"Chiropractic Care\" width=\"500\" height=\"333\" srcset=\"https:\/\/1800hurt911co.com\/wp-content\/uploads\/2024\/08\/chiropractic-care.webp 500w, https:\/\/1800hurt911co.com\/wp-content\/uploads\/2024\/08\/chiropractic-care-300x200.webp 300w\" sizes=\"(max-width: 500px) 100vw, 500px\" \/><\/a><\/p>\n<p>En Hurt 911 Colorado Injury Centers, ofrecemos una gama completa de opciones de tratamiento dise\u00f1adas espec\u00edficamente para las personas que se recuperan de accidentes de scooter. Nuestro enfoque se centra en sus necesidades \u00fanicas y tiene como objetivo facilitar un camino sin problemas a la recuperaci\u00f3n.<\/p>\n<h3>Cuidados M\u00e9dicos: Ex\u00e1menes minuciosos y diagn\u00f3sticos<\/h3>\n<p>Nuestro equipo de profesionales m\u00e9dicos experimentados lleva a cabo ex\u00e1menes detallados para evaluar sus lesiones. Damos prioridad a los diagn\u00f3sticos precisos, lo que nos permite crear planes de tratamiento eficaces adaptados a su condici\u00f3n.<\/p>\n<h3>Servicios de diagn\u00f3stico: Radiograf\u00edas, resonancias magn\u00e9ticas y TAC<\/h3>\n<p>Utilizamos servicios avanzados de diagn\u00f3stico, incluyendo rayos X, resonancias magn\u00e9ticas y tomograf\u00edas computarizadas, para obtener una comprensi\u00f3n completa de sus lesiones. Esta evaluaci\u00f3n exhaustiva es crucial para determinar el mejor curso de acci\u00f3n para su recuperaci\u00f3n.<\/p>\n<h3>Cuidado Quiropr\u00e1ctico: Aliviar el dolor y promover la curaci\u00f3n<\/h3>\n<p>Nuestro cuidado quiropr\u00e1ctico se centra en aliviar el dolor y promover la curaci\u00f3n. Nuestros cualificados quiropr\u00e1cticos utilizan diversas t\u00e9cnicas para reducir las molestias y mejorar su bienestar general, ayud\u00e1ndole a recuperar la movilidad y la funcionalidad.<\/p>\n<h3>Fisioterapia: Programas de rehabilitaci\u00f3n personalizados<\/h3>\n<p>Ofrecemos programas de rehabilitaci\u00f3n personalizados a trav\u00e9s de nuestros servicios de fisioterapia. Estos programas est\u00e1n dise\u00f1ados para fortalecer su cuerpo, mejorar la flexibilidad, y ayudar en su recuperaci\u00f3n de lesiones por accidente de scooter.<\/p>\n<h3>Transporte gratuito<\/h3>\n<p>Para hacer su proceso de recuperaci\u00f3n lo m\u00e1s conveniente posible, ofrecemos transporte gratuito desde y hacia nuestras instalaciones. Esto asegura que usted puede acceder f\u00e1cilmente a la atenci\u00f3n m\u00e9dica sin el estr\u00e9s a\u00f1adido de la log\u00edstica de viaje. Su recuperaci\u00f3n es nuestra prioridad. Con nuestras completas opciones de tratamiento, nos dedicamos a ayudarle a volver a su vida, sin dolor.<\/p>\n<h2>Gesti\u00f3n de la atenci\u00f3n<\/h2>\n<p><a href=\"https:\/\/1800hurt911co.com\/wp-content\/uploads\/2024\/09\/shutterstock_2145507079.webp\"><img decoding=\"async\" class=\"alignnone wp-image-2546 size-full\" src=\"https:\/\/1800hurt911co.com\/wp-content\/uploads\/2024\/09\/shutterstock_2145507079.webp\" alt=\"Physical Therapy\" width=\"500\" height=\"334\" srcset=\"https:\/\/1800hurt911co.com\/wp-content\/uploads\/2024\/09\/shutterstock_2145507079.webp 500w, https:\/\/1800hurt911co.com\/wp-content\/uploads\/2024\/09\/shutterstock_2145507079-300x200.webp 300w\" sizes=\"(max-width: 500px) 100vw, 500px\" \/><\/a><\/p>\n<h3>Planes de tratamiento personalizados adaptados a sus necesidades<\/h3>\n<p>En Hurt 911 Colorado Injury Centers, entendemos que cada lesi\u00f3n por accidente de scooter es diferente. Es por eso que creamos planes de tratamiento personalizados dise\u00f1ados espec\u00edficamente para atender sus necesidades individuales. Nuestro dedicado equipo evaluar\u00e1 su condici\u00f3n y desarrollar\u00e1 una estrategia integral que incluye atenci\u00f3n m\u00e9dica, terapia f\u00edsica y servicios quiropr\u00e1cticos. Este enfoque asegura que usted reciba el tratamiento m\u00e1s eficaz para su viaje de recuperaci\u00f3n.<\/p>\n<h3>Gesti\u00f3n de casos: Documentaci\u00f3n exhaustiva y mantenimiento de registros claros<\/h3>\n<p>Nuestro equipo de gesti\u00f3n de casos desempe\u00f1a un papel vital en su proceso de recuperaci\u00f3n. Llevamos un registro meticuloso de su tratamiento, sus progresos y cualquier comunicaci\u00f3n relacionada con su caso. Esta documentaci\u00f3n minuciosa no s\u00f3lo ayuda a gestionar eficazmente sus cuidados, sino que tambi\u00e9n respalda sus reclamaciones de indemnizaci\u00f3n. Al mantener todo organizado y transparente, nuestro objetivo es simplificar el proceso para usted, lo que le permite centrarse en la curaci\u00f3n, mientras que nosotros nos encargamos de los detalles. Con Hurt 911, usted no es un paciente m\u00e1s; es una persona valiosa en el camino hacia la recuperaci\u00f3n. Perm\u00edtanos ayudarle en su tratamiento y asegurarnos de que vuelve a vivir plenamente.<\/p>\n<h2>Red del especialista<\/h2>\n<p>En Hurt 911 Colorado Injury Centers, entendemos que la recuperaci\u00f3n efectiva de un accidente de scooter a menudo requiere un equipo de especialistas. Nuestra red incluye profesionales m\u00e9dicos experimentados dedicados a proporcionarle una atenci\u00f3n integral. Colaboramos con varios especialistas para abordar todos los aspectos de su viaje de recuperaci\u00f3n. Desde cirujanos ortop\u00e9dicos a fisioterapeutas, nuestros especialistas trabajan juntos para crear un plan de tratamiento cohesivo adaptado a sus lesiones espec\u00edficas. Este enfoque de colaboraci\u00f3n asegura que usted reciba la mejor atenci\u00f3n posible para su lesi\u00f3n por accidente de scooter. Tambi\u00e9n le ponemos en contacto con expertos legales que pueden guiarle a trav\u00e9s de las complejidades de la presentaci\u00f3n de una reclamaci\u00f3n. De esta manera, usted puede centrarse en la curaci\u00f3n, mientras que nosotros nos encargamos de los detalles de su caso. Nuestro objetivo es proporcionar una experiencia sin fisuras que da prioridad a su salud y bienestar. Al elegir Hurt 911, usted obtiene acceso a una s\u00f3lida red de profesionales comprometidos a ayudarle a recuperarse plenamente. Juntos, allanaremos el camino para su regreso a una vida sin dolor.<\/p>\n<h2>\u00bfPor qu\u00e9 elegirnos?<\/h2>\n<p>Estamos orgullosos de nuestro enfoque simplificado y centrado en el paciente. Nuestras completas opciones de tratamiento y nuestro equipo especializado le facilitar\u00e1n el proceso de recuperaci\u00f3n. Nuestro objetivo es reducir su estr\u00e9s y ayudarle a centrarse en lo que realmente importa: volver a sentirse usted mismo. No deje que el dolor controle su vida. P\u00f3ngase en contacto con el Centro de Lesiones Hurt 911 Colorado hoy mismo y d\u00e9 el primer paso hacia un futuro sin dolor.<\/p>\n<h2>Consiga una consulta libre del accidente del scooter<\/h2>\n<p><img loading=\"lazy\" decoding=\"async\" class=\"alignnone wp-image-2064\" src=\"https:\/\/1800hurt911co.com\/wp-content\/uploads\/2020\/12\/banner-bg1-copy-1024x254.webp\" alt=\"Hurt911 Logo\" width=\"500\" height=\"124\" srcset=\"https:\/\/1800hurt911co.com\/wp-content\/uploads\/2020\/12\/banner-bg1-copy-1024x254.webp 1024w, https:\/\/1800hurt911co.com\/wp-content\/uploads\/2020\/12\/banner-bg1-copy-300x75.webp 300w, https:\/\/1800hurt911co.com\/wp-content\/uploads\/2020\/12\/banner-bg1-copy-768x191.webp 768w, https:\/\/1800hurt911co.com\/wp-content\/uploads\/2020\/12\/banner-bg1-copy-1536x382.webp 1536w, https:\/\/1800hurt911co.com\/wp-content\/uploads\/2020\/12\/banner-bg1-copy.webp 1920w\" sizes=\"(max-width: 500px) 100vw, 500px\" \/><\/p>\n<p>En Hurt 911 Colorado Injury Centers, entendemos los desaf\u00edos que usted enfrenta despu\u00e9s de un accidente de scooter. Nuestra meta es proveer de usted una trayectoria clara a la recuperaci\u00f3n. Cuando usted alcanza hacia fuera para una consulta libre, usted puede esperar una discusi\u00f3n compasiva y profesional sobre su situaci\u00f3n. Durante esta reuni\u00f3n inicial, escucharemos cuidadosamente su relato del accidente. Reuniremos detalles cruciales sobre sus lesiones y las circunstancias que rodearon el accidente. Nuestro equipo de expertos le explicar\u00e1 sus opciones y delinear los pr\u00f3ximos pasos para asegurar que usted reciba la atenci\u00f3n que necesita. Nos comprometemos a que este proceso sea lo m\u00e1s sencillo posible. Usted merece entender sus derechos y los recursos disponibles para usted. Al discutir su caso con un especialista en accidentes de scooter, usted puede obtener informaci\u00f3n sobre los tratamientos que ofrecemos y c\u00f3mo podemos ayudarle en la navegaci\u00f3n por el proceso de recuperaci\u00f3n. No deje que la incertidumbre le detenga. P\u00f3ngase en contacto con nosotros hoy para su consulta gratuita y dar el primer paso hacia una vida libre de dolor.<\/p>\n<h2>Recupere su vida con el Centro de Lesiones Hurt 911 Colorado<\/h2>\n<p>En los Centros de Lesiones Hurt 911 Colorado, entendemos los desaf\u00edos que surgen despu\u00e9s de un accidente de scooter. Su recuperaci\u00f3n es nuestra prioridad. Nuestro equipo dedicado est\u00e1 aqu\u00ed para ayudarle a recuperar su fuerza y volver a sus actividades diarias. Ofrecemos una atenci\u00f3n integral adaptada espec\u00edficamente para las lesiones por accidente de scooter, asegurando que usted reciba el tratamiento que necesita para sanar eficazmente. Desde el momento en que se ponga en contacto con nosotros, experimentar\u00e1 un ambiente de apoyo. Nuestros profesionales cualificados evaluar\u00e1n su condici\u00f3n y crear un plan de tratamiento personalizado destinado a aliviar el dolor y promover la curaci\u00f3n. Tanto si necesita atenci\u00f3n quiropr\u00e1ctica, fisioterapia u otros servicios m\u00e9dicos, estamos preparados para ayudarle en su proceso de recuperaci\u00f3n. Nuestro compromiso va m\u00e1s all\u00e1 del tratamiento de sus lesiones. Nuestro objetivo es capacitar a usted por guiarlo a trav\u00e9s de todo el proceso, incluyendo que le remite a un resbal\u00f3n y ca\u00edda abogado. Queremos que se centre en lo que realmente importa: su salud y bienestar. No deje que el dolor dicte su vida. P\u00f3ngase en contacto con nosotros hoy mismo para programar su consulta gratuita. Perm\u00edtanos ayudarle a volver al camino de la recuperaci\u00f3n y recuperar su vida. Te mereces volver a sentirte t\u00fa mismo.<\/p>\n","protected":false},"excerpt":{"rendered":"<p>Tratamiento Del Accidente Del Scooter De Denver En Hurt 911 Colorado Injury Centers, entendemos que recuperarse de un accidente de scooter puede ser un reto. Nuestro equipo dedicado est\u00e1 aqu\u00ed para apoyarle en cada paso del camino. Nos centramos en proporcionar opciones de tratamiento integrales dise\u00f1ados espec\u00edficamente para las lesiones por accidente de scooter. Al [&hellip;]<\/p>\n","protected":false},"author":34,"featured_media":0,"parent":4366,"menu_order":0,"comment_status":"closed","ping_status":"closed","template":"","meta":{"_acf_changed":false,"footnotes":""},"class_list":["post-4392","page","type-page","status-publish","hentry"],"acf":[],"_links":{"self":[{"href":"https:\/\/1800hurt911co.com\/es\/wp-json\/wp\/v2\/pages\/4392","targetHints":{"allow":["GET"]}}],"collection":[{"href":"https:\/\/1800hurt911co.com\/es\/wp-json\/wp\/v2\/pages"}],"about":[{"href":"https:\/\/1800hurt911co.com\/es\/wp-json\/wp\/v2\/types\/page"}],"author":[{"embeddable":true,"href":"https:\/\/1800hurt911co.com\/es\/wp-json\/wp\/v2\/users\/34"}],"replies":[{"embeddable":true,"href":"https:\/\/1800hurt911co.com\/es\/wp-json\/wp\/v2\/comments?post=4392"}],"version-history":[{"count":2,"href":"https:\/\/1800hurt911co.com\/es\/wp-json\/wp\/v2\/pages\/4392\/revisions"}],"predecessor-version":[{"id":4394,"href":"https:\/\/1800hurt911co.com\/es\/wp-json\/wp\/v2\/pages\/4392\/revisions\/4394"}],"up":[{"embeddable":true,"href":"https:\/\/1800hurt911co.com\/es\/wp-json\/wp\/v2\/pages\/4366"}],"wp:attachment":[{"href":"https:\/\/1800hurt911co.com\/es\/wp-json\/wp\/v2\/media?parent=4392"}],"curies":[{"name":"wp","href":"https:\/\/api.w.org\/{rel}","templated":true}]}}