{"id":4395,"date":"2024-09-11T13:19:49","date_gmt":"2024-09-11T17:19:49","guid":{"rendered":"https:\/\/1800hurt911co.com\/denver\/denver-resbalones-y-caidas\/"},"modified":"2024-10-03T00:53:16","modified_gmt":"2024-10-03T06:53:16","slug":"denver-resbalones-y-caidas","status":"publish","type":"page","link":"https:\/\/1800hurt911co.com\/es\/denver\/denver-resbalones-y-caidas\/","title":{"rendered":"Denver Resbalones y ca\u00eddas"},"content":{"rendered":"<h2>Tratamiento de resbalones y ca\u00eddas en Denver<\/h2>\n<p>Los accidentes por resbalones y ca\u00eddas pueden provocar lesiones graves. En Hurt 911 Colorado Injury Centers, nos especializamos en proporcionar atenci\u00f3n integral a los afectados por estos incidentes. Nuestro equipo se dedica a ayudarle a recuperarse f\u00edsica y financieramente de su lesi\u00f3n por resbal\u00f3n y ca\u00edda. Nuestro enfoque para el tratamiento de lesiones por resbal\u00f3n y ca\u00edda abarca una amplia gama de servicios. Desde las evaluaciones iniciales hasta la rehabilitaci\u00f3n continua, nos centramos en proporcionarle la atenci\u00f3n que necesita para curarse eficazmente. Nuestros experimentados m\u00e9dicos de accidentes realizan evaluaciones exhaustivas para determinar el alcance de sus lesiones y desarrollar una estrategia para la recuperaci\u00f3n.<\/p>\n<h2>Planes de tratamiento personalizados para lesiones por resbalones y ca\u00eddas<\/h2>\n<p><a href=\"https:\/\/1800hurt911co.com\/wp-content\/uploads\/2024\/09\/shutterstock_2173813485.webp\"><img fetchpriority=\"high\" decoding=\"async\" class=\"alignnone wp-image-2528 size-full\" src=\"https:\/\/1800hurt911co.com\/wp-content\/uploads\/2024\/09\/shutterstock_2173813485.webp\" alt=\"Slip and Fall Accident\" width=\"500\" height=\"334\" srcset=\"https:\/\/1800hurt911co.com\/wp-content\/uploads\/2024\/09\/shutterstock_2173813485.webp 500w, https:\/\/1800hurt911co.com\/wp-content\/uploads\/2024\/09\/shutterstock_2173813485-300x200.webp 300w\" sizes=\"(max-width: 500px) 100vw, 500px\" \/><\/a><\/p>\n<p>Cada lesi\u00f3n por resbal\u00f3n y ca\u00edda es \u00fanica, y tambi\u00e9n lo es nuestro tratamiento. Creamos planes de tratamiento personalizados adaptados a sus necesidades espec\u00edficas. Esto incluye una combinaci\u00f3n de cuidados quiropr\u00e1cticos, fisioterapia y t\u00e9cnicas de control del dolor. Nuestro objetivo es asegurar que usted reciba la atenci\u00f3n m\u00e1s eficaz posible, lo que le permite volver a sus actividades diarias sin dolor. Con nuestro equipo dedicado, puede confiar en que su recuperaci\u00f3n est\u00e1 en buenas manos. Estamos aqu\u00ed para apoyarle en cada paso del camino. Si usted est\u00e1 tratando con dolor de cuello, dolor de espalda, o cualquier otra lesi\u00f3n resultante de un resbal\u00f3n y ca\u00edda, estamos comprometidos a ayudarle a recuperar su fuerza y movilidad. Llegar a nosotros hoy para empezar en su camino hacia la recuperaci\u00f3n.<\/p>\n<h3>\u00bfPor qu\u00e9 elegir los Centros de Lesiones Hurt 911 Colorado?<\/h3>\n<p>Cuando usted ha experimentado un accidente de resbal\u00f3n y ca\u00edda, el camino hacia la recuperaci\u00f3n puede sentirse abrumador. En el Centro de Lesiones Hurt 911 Colorado, entendemos los desaf\u00edos a los que se enfrenta y estamos comprometidos a proporcionarle el apoyo que necesita. Nos centramos en ofrecer una atenci\u00f3n excepcional adaptada a su situaci\u00f3n espec\u00edfica. He aqu\u00ed por qu\u00e9 deber\u00eda elegirnos para su tratamiento de lesiones por resbal\u00f3n y ca\u00edda.<\/p>\n<h3>Experiencia en casos de resbalones y ca\u00eddas<\/h3>\n<p>Nuestro equipo se especializa en el tratamiento de lesiones derivadas de incidentes de resbalones y ca\u00eddas. Tenemos una amplia experiencia en el manejo de diversos tipos de lesiones, asegurando que usted reciba la atenci\u00f3n m\u00e1s eficaz. Nuestro personal experto est\u00e1 capacitado para identificar los matices de las lesiones por resbalones y ca\u00eddas, lo que nos permite crear un plan de tratamiento integral que se adapte a sus necesidades \u00fanicas.<\/p>\n<h3>Opciones de tratamiento integrales<\/h3>\n<p>Ofrecemos una amplia gama de servicios dise\u00f1ados para abordar todos los aspectos de su recuperaci\u00f3n. Desde las evaluaciones iniciales hasta la rehabilitaci\u00f3n continua, nuestro enfoque es hol\u00edstico. Nuestros servicios incluyen atenci\u00f3n quiropr\u00e1ctica, fisioterapia y tratamiento del dolor. Cada opci\u00f3n de tratamiento tiene como objetivo aliviar el dolor y promover la curaci\u00f3n, ayud\u00e1ndole a recuperar su fuerza y movilidad.<\/p>\n<h3>Cuidado y Atenci\u00f3n Personalizados<\/h3>\n<p>En Hurt 911, creemos en la importancia del cuidado personalizado. Cada paciente es tratado como un individuo, y nuestros planes de tratamiento reflejan eso. Nos tomamos el tiempo para escuchar sus preocupaciones y trabajar en colaboraci\u00f3n para desarrollar un plan que se alinee con sus objetivos de recuperaci\u00f3n. Su comodidad y su progreso son nuestras principales prioridades.<\/p>\n<h3>Apoyo m\u00e1s all\u00e1 del tratamiento m\u00e9dico<\/h3>\n<p>Reconocemos que la recuperaci\u00f3n implica algo m\u00e1s que la curaci\u00f3n f\u00edsica. Por eso ofrecemos servicios de apoyo adicionales, incluida la asistencia en asuntos legales. Nuestro objetivo es aliviar la carga de la gesti\u00f3n de su caso mientras usted se centra en mejorar.<\/p>\n<h3>Compromiso con su recuperaci\u00f3n<\/h3>\n<p>Nuestra dedicaci\u00f3n a su recuperaci\u00f3n es inquebrantable. Estamos aqu\u00ed para guiarle en cada paso del camino, asegur\u00e1ndonos de que tiene acceso a los recursos y el apoyo que necesita. Cuando usted elige el Centro de Lesiones Hurt 911 Colorado, usted est\u00e1 eligiendo un socio en su viaje de curaci\u00f3n. Perm\u00edtanos ayudarle a recuperar su vida despu\u00e9s de un accidente de resbal\u00f3n y ca\u00edda. P\u00f3ngase en contacto con nosotros hoy mismo para obtener m\u00e1s informaci\u00f3n sobre c\u00f3mo podemos ayudarle en su proceso de recuperaci\u00f3n.<\/p>\n<h2>Qu\u00e9 esperar durante su visita<\/h2>\n<p><a href=\"https:\/\/1800hurt911co.com\/wp-content\/uploads\/2024\/09\/shutterstock_2472674703.webp\"><img decoding=\"async\" class=\"alignnone wp-image-2553 size-full\" src=\"https:\/\/1800hurt911co.com\/wp-content\/uploads\/2024\/09\/shutterstock_2472674703.webp\" alt=\"Slip and Fall Treatment in Denver\" width=\"500\" height=\"339\" srcset=\"https:\/\/1800hurt911co.com\/wp-content\/uploads\/2024\/09\/shutterstock_2472674703.webp 500w, https:\/\/1800hurt911co.com\/wp-content\/uploads\/2024\/09\/shutterstock_2472674703-300x203.webp 300w\" sizes=\"(max-width: 500px) 100vw, 500px\" \/><\/a><\/p>\n<p>Cuando usted llega a los Centros de Lesiones Hurt 911 Colorado para su tratamiento de lesiones por resbal\u00f3n y ca\u00edda, puede esperar una experiencia directa y de apoyo. Nuestra meta es hacer su recuperaci\u00f3n tan lisa como sea posible.<\/p>\n<h3>Evaluaci\u00f3n Personal Inicial<\/h3>\n<p>Su visita comenzar\u00e1 con una evaluaci\u00f3n personal completa. Uno de nuestros m\u00e9dicos expertos en accidentes evaluar\u00e1 su estado y discutir\u00e1 sus s\u00edntomas. Este paso es crucial para comprender el alcance de sus lesiones y c\u00f3mo afectan a su vida diaria.<\/p>\n<h3>Servicios de diagn\u00f3stico: Rayos X, resonancia magn\u00e9tica, y m\u00e1s<\/h3>\n<p>Tras la evaluaci\u00f3n, podemos recomendar servicios de diagn\u00f3stico como radiograf\u00edas o resonancias magn\u00e9ticas. Estas pruebas de imagen nos ayudan a identificar las lesiones espec\u00edficas que sufri\u00f3 por el accidente de resbal\u00f3n y ca\u00edda. Diagn\u00f3sticos precisos son esenciales para la creaci\u00f3n de un plan de tratamiento eficaz adaptado a sus necesidades.<\/p>\n<h3>Planes de tratamiento a medida para su recuperaci\u00f3n<\/h3>\n<p>Una vez que tengamos una comprensi\u00f3n clara de sus lesiones, desarrollaremos un plan de tratamiento a medida destinado a promover su recuperaci\u00f3n. Este plan puede incluir cuidados quiropr\u00e1cticos, fisioterapia y estrategias de control del dolor. Nuestro objetivo es proporcionarle la mejor atenci\u00f3n posible para ayudarle a recuperar su fuerza y movilidad. En Hurt 911, estamos comprometidos a apoyarle en cada paso del camino durante su proceso de recuperaci\u00f3n. Su salud y bienestar son nuestras principales prioridades, y estamos aqu\u00ed para ayudarle a lograr una vida libre de dolor despu\u00e9s de su lesi\u00f3n por resbal\u00f3n y ca\u00edda.<\/p>\n<h2>Ayuda Adicional<\/h2>\n<p>En los Centros de Lesiones Hurt 911 Colorado, entendemos que recuperarse de una lesi\u00f3n por resbal\u00f3n y ca\u00edda implica algo m\u00e1s que el tratamiento m\u00e9dico. Nuestro compromiso con su recuperaci\u00f3n se extiende m\u00e1s all\u00e1 de la cl\u00ednica. Ofrecemos una serie de servicios de apoyo adicionales dise\u00f1ados para ayudarle a lo largo de su viaje de curaci\u00f3n.<\/p>\n<h3>Apoyo emocional<\/h3>\n<p>Lidiar con las secuelas de un resbal\u00f3n y ca\u00edda puede ser abrumador. Nuestro equipo est\u00e1 aqu\u00ed para escucharle y orientarle. Le ponemos en contacto con recursos que pueden ayudarle a controlar el estr\u00e9s y la ansiedad relacionados con su lesi\u00f3n.<\/p>\n<h3>Educaci\u00f3n del paciente<\/h3>\n<p>La comprensi\u00f3n de su lesi\u00f3n y las opciones de tratamiento es crucial para la recuperaci\u00f3n. Nos tomamos el tiempo para educarle sobre su condici\u00f3n y los pasos involucrados en su plan de tratamiento. Este conocimiento le permite tomar decisiones informadas sobre su tratamiento.<\/p>\n<h3>Cuidados de seguimiento<\/h3>\n<p>Su recuperaci\u00f3n no termina despu\u00e9s del tratamiento inicial. Programamos citas de seguimiento peri\u00f3dicas para supervisar sus progresos y ajustar su plan de tratamiento seg\u00fan sea necesario. Nuestro objetivo es asegurarnos de que obtiene el mejor resultado posible.<\/p>\n<h3>Sin costes por adelantado para su tratamiento<\/h3>\n<p>En los Centros de Lesiones Hurt 911 Colorado, entendemos que el estr\u00e9s financiero puede a\u00f1adirse a los desaf\u00edos que enfrenta despu\u00e9s de un accidente de resbal\u00f3n y ca\u00edda. Es por eso que ofrecemos servicios que le permiten centrarse en su recuperaci\u00f3n sin la carga de los pagos por adelantado. Nuestra estructura de pagos est\u00e1 dise\u00f1ada para aliviar sus preocupaciones financieras, asegurando que reciba el tratamiento necesario sin ning\u00fan coste inmediato.<\/p>\n<h3>Transporte libre a nuestras cl\u00ednicas<\/h3>\n<p>En los Centros de Lesiones Hurt 911 Colorado, entendemos que llegar a sus citas puede ser un reto, especialmente despu\u00e9s de sufrir una lesi\u00f3n por resbal\u00f3n y ca\u00edda. Por eso ofrecemos servicios de transporte gratuitos para que su recuperaci\u00f3n sea lo m\u00e1s fluida posible. Nuestro servicio de transporte gratuito est\u00e1 dise\u00f1ado para aliviar el estr\u00e9s de los desplazamientos. Tanto si necesita que le llevemos a nuestra cl\u00ednica de lesiones de Denver como si necesita ayuda para volver a casa despu\u00e9s del tratamiento, le tenemos cubierto. Este servicio est\u00e1 disponible para todos los pacientes, lo que garantiza que pueda acceder a la atenci\u00f3n que necesita sin preocuparse por los costes de transporte. Cuando programe su cita, simplemente inf\u00f3rmenos si necesita transporte. Nuestro amable personal organizar\u00e1 una hora de recogida y entrega que se ajuste a su horario. Damos prioridad a su comodidad y conveniencia, con el objetivo de proporcionar un entorno de apoyo durante su viaje de recuperaci\u00f3n. No deje que los problemas de transporte obstaculicen su camino hacia la curaci\u00f3n. Con nuestro servicio de transporte gratuito, podr\u00e1 centrarse en lo que realmente importa: su recuperaci\u00f3n de la lesi\u00f3n por resbal\u00f3n y ca\u00edda. P\u00f3ngase en contacto con nosotros hoy mismo para obtener m\u00e1s informaci\u00f3n sobre c\u00f3mo podemos ayudarle en su proceso de curaci\u00f3n.<\/p>\n<h2>Asistencia legal para casos de resbalones y ca\u00eddas<\/h2>\n<p><a href=\"https:\/\/1800hurt911co.com\/wp-content\/uploads\/2024\/09\/hurt911-colorado-lawyer.webp\"><img decoding=\"async\" class=\"alignnone wp-image-2951 size-full\" src=\"https:\/\/1800hurt911co.com\/wp-content\/uploads\/2024\/09\/hurt911-colorado-lawyer.webp\" alt=\"Denver Slip and Fall Lawyer\" width=\"500\" height=\"334\" srcset=\"https:\/\/1800hurt911co.com\/wp-content\/uploads\/2024\/09\/hurt911-colorado-lawyer.webp 500w, https:\/\/1800hurt911co.com\/wp-content\/uploads\/2024\/09\/hurt911-colorado-lawyer-300x200.webp 300w\" sizes=\"(max-width: 500px) 100vw, 500px\" \/><\/a><\/p>\n<p>Cuando sufre un accidente por resbal\u00f3n y ca\u00edda, las secuelas pueden ser abrumadoras. Navegar el paisaje legal mientras que maneja su recuperaci\u00f3n puede ser un desaf\u00edo. En Hurt 911 Colorado Injury Centers, entendemos la importancia de asegurar una compensaci\u00f3n justa por sus lesiones. Nuestro equipo dedicado est\u00e1 aqu\u00ed para proporcionar orientaci\u00f3n y apoyo en cada paso del camino. Nuestra asistencia jur\u00eddica se centra en ayudarle a entender sus derechos y opciones. Evaluamos las circunstancias que rodean su incidente de resbal\u00f3n y ca\u00edda para determinar qui\u00e9n puede ser responsable. Ya sea un propietario, una empresa u otra parte, trabajamos diligentemente para construir un caso s\u00f3lido en su nombre. Nos encargamos de todos los aspectos de su reclamaci\u00f3n, desde la recopilaci\u00f3n de pruebas hasta la negociaci\u00f3n con las compa\u00f1\u00edas de seguros. Nuestro objetivo es asegurarnos de que reciba la compensaci\u00f3n que se merece por gastos m\u00e9dicos, salarios perdidos y dolor y sufrimiento. Con un equipo de profesionales experimentados, estamos comprometidos a abogar por sus mejores intereses. Adem\u00e1s de la representaci\u00f3n legal, colaboramos con profesionales m\u00e9dicos para documentar sus lesiones y tratamiento. Este enfoque integral fortalece su caso y le ayuda a centrarse en la recuperaci\u00f3n en lugar de complejidades legales. Si ha sufrido lesiones en un accidente por resbal\u00f3n y ca\u00edda, no dude en ponerse en contacto con nosotros. Nuestros expertos legales est\u00e1n listos para ayudarle a buscar justicia y asegurar el alivio financiero que necesita. P\u00f3ngase en contacto con nosotros hoy mismo para obtener m\u00e1s informaci\u00f3n sobre c\u00f3mo podemos ayudarle a gestionar su caso de resbal\u00f3n y ca\u00edda de forma eficaz.<\/p>\n<h2>P\u00f3ngase en contacto con nosotros<\/h2>\n<p><img loading=\"lazy\" decoding=\"async\" class=\"alignnone wp-image-2064\" src=\"https:\/\/1800hurt911co.com\/wp-content\/uploads\/2020\/12\/banner-bg1-copy-1024x254.webp\" alt=\"Hurt911 Logo\" width=\"500\" height=\"124\" srcset=\"https:\/\/1800hurt911co.com\/wp-content\/uploads\/2020\/12\/banner-bg1-copy-1024x254.webp 1024w, https:\/\/1800hurt911co.com\/wp-content\/uploads\/2020\/12\/banner-bg1-copy-300x75.webp 300w, https:\/\/1800hurt911co.com\/wp-content\/uploads\/2020\/12\/banner-bg1-copy-768x191.webp 768w, https:\/\/1800hurt911co.com\/wp-content\/uploads\/2020\/12\/banner-bg1-copy-1536x382.webp 1536w, https:\/\/1800hurt911co.com\/wp-content\/uploads\/2020\/12\/banner-bg1-copy.webp 1920w\" sizes=\"(max-width: 500px) 100vw, 500px\" \/><\/p>\n<p>En <a href=\"\/es\/\">Hurt 911 Colorado Injury Centers<\/a>, entendemos que navegar por las secuelas de un accidente de resbal\u00f3n y ca\u00edda puede ser abrumador. Nuestro equipo dedicado est\u00e1 aqu\u00ed para apoyarle en cada paso del camino. Si se ha lesionado y busca tratamiento experto, no dude en ponerse en contacto con nosotros.<\/p>\n<h3>Programe su consulta gratuita hoy<\/h3>\n<p>Ofrecemos una consulta gratuita para evaluar su situaci\u00f3n y discutir sus opciones de tratamiento. Puede llamarnos directamente o rellenar nuestro formulario en l\u00ednea para programar su cita. Nuestro amable personal le guiar\u00e1 a trav\u00e9s del proceso y responder a cualquier pregunta que pueda tener.<\/p>\n<h3>Ubicaciones que servimos en el \u00e1rea metropolitana de Denver<\/h3>\n<p>Estamos orgullosos de servir a la mayor \u00e1rea de Denver, incluyendo Commerce City, Northglenn, Centennial, Aurora, Lakewood, y m\u00e1s all\u00e1. Con m\u00faltiples ubicaciones convenientes, el acceso a una atenci\u00f3n de calidad es f\u00e1cil. Tanto si necesita atenci\u00f3n m\u00e9dica inmediata como rehabilitaci\u00f3n continua, estamos aqu\u00ed para ayudarle a recuperarse y recobrar su calidad de vida. No deje que una lesi\u00f3n por resbal\u00f3n y ca\u00edda le frene. P\u00f3ngase en contacto con nosotros hoy mismo para dar el primer paso hacia su recuperaci\u00f3n.<\/p>\n","protected":false},"excerpt":{"rendered":"<p>Tratamiento de resbalones y ca\u00eddas en Denver Los accidentes por resbalones y ca\u00eddas pueden provocar lesiones graves. En Hurt 911 Colorado Injury Centers, nos especializamos en proporcionar atenci\u00f3n integral a los afectados por estos incidentes. Nuestro equipo se dedica a ayudarle a recuperarse f\u00edsica y financieramente de su lesi\u00f3n por resbal\u00f3n y ca\u00edda. Nuestro enfoque [&hellip;]<\/p>\n","protected":false},"author":34,"featured_media":0,"parent":4366,"menu_order":0,"comment_status":"closed","ping_status":"closed","template":"","meta":{"_acf_changed":false,"footnotes":""},"class_list":["post-4395","page","type-page","status-publish","hentry"],"acf":[],"_links":{"self":[{"href":"https:\/\/1800hurt911co.com\/es\/wp-json\/wp\/v2\/pages\/4395","targetHints":{"allow":["GET"]}}],"collection":[{"href":"https:\/\/1800hurt911co.com\/es\/wp-json\/wp\/v2\/pages"}],"about":[{"href":"https:\/\/1800hurt911co.com\/es\/wp-json\/wp\/v2\/types\/page"}],"author":[{"embeddable":true,"href":"https:\/\/1800hurt911co.com\/es\/wp-json\/wp\/v2\/users\/34"}],"replies":[{"embeddable":true,"href":"https:\/\/1800hurt911co.com\/es\/wp-json\/wp\/v2\/comments?post=4395"}],"version-history":[{"count":2,"href":"https:\/\/1800hurt911co.com\/es\/wp-json\/wp\/v2\/pages\/4395\/revisions"}],"predecessor-version":[{"id":4397,"href":"https:\/\/1800hurt911co.com\/es\/wp-json\/wp\/v2\/pages\/4395\/revisions\/4397"}],"up":[{"embeddable":true,"href":"https:\/\/1800hurt911co.com\/es\/wp-json\/wp\/v2\/pages\/4366"}],"wp:attachment":[{"href":"https:\/\/1800hurt911co.com\/es\/wp-json\/wp\/v2\/media?parent=4395"}],"curies":[{"name":"wp","href":"https:\/\/api.w.org\/{rel}","templated":true}]}}