{"id":4401,"date":"2024-09-11T12:41:24","date_gmt":"2024-09-11T16:41:24","guid":{"rendered":"https:\/\/1800hurt911co.com\/denver\/denver-accidente-uber\/"},"modified":"2024-10-03T01:24:21","modified_gmt":"2024-10-03T07:24:21","slug":"denver-accidente-uber","status":"publish","type":"page","link":"https:\/\/1800hurt911co.com\/es\/denver\/denver-accidente-uber\/","title":{"rendered":"Denver Accidente Uber"},"content":{"rendered":"<h2>Tratamiento de accidentes de Uber en Denver<\/h2>\n<p>Experimentar un accidente de Uber puede ser abrumador. En Hurt 911 Colorado Injury Centers, entendemos el desgaste f\u00edsico y emocional que conlleva. Nuestro equipo dedicado est\u00e1 aqu\u00ed para apoyarlo en su viaje hacia la recuperaci\u00f3n. Desde el momento en que nos contacta, priorizamos sus necesidades. Nuestro proceso comienza con una evaluaci\u00f3n exhaustiva de sus lesiones. Este paso es crucial para determinar el mejor curso de acci\u00f3n para su tratamiento. Nuestros especialistas est\u00e1n capacitados para manejar una variedad de lesiones com\u00fanmente asociadas con accidentes de viaje compartido, incluyendo latigazo cervical, dolor de espalda y otras lesiones de tejidos blandos. Despu\u00e9s de su evaluaci\u00f3n, desarrollamos un plan de tratamiento personalizado adaptado espec\u00edficamente para usted. Este plan puede incluir atenci\u00f3n quiropr\u00e1ctica, fisioterapia y otros servicios m\u00e9dicos dise\u00f1ados para promover la curaci\u00f3n y aliviar el dolor. Nuestro objetivo es ayudarle a recuperar la fuerza y la movilidad lo antes posible. Tambi\u00e9n reconocemos que la recuperaci\u00f3n implica algo m\u00e1s que la curaci\u00f3n f\u00edsica. Nuestro compasivo personal est\u00e1 aqu\u00ed para proporcionarle apoyo emocional y orientaci\u00f3n durante todo el proceso. Nuestro objetivo es crear un entorno c\u00f3modo en el que se sienta valorado y comprendido. En Hurt 911, nos comprometemos a hacer que su recuperaci\u00f3n sea lo m\u00e1s fluida posible. Ofrecemos transporte gratuito desde y hacia nuestras instalaciones, lo que garantiza que pueda acceder a la atenci\u00f3n que necesita sin estr\u00e9s a\u00f1adido. No deje que las secuelas de un accidente de Uber descarrilen su vida. P\u00f3ngase en contacto con nosotros hoy mismo para dar el primer paso hacia la recuperaci\u00f3n. Su camino hacia la curaci\u00f3n comienza aqu\u00ed, y estamos listos para caminar a su lado en cada paso del camino.<\/p>\n<h2>No dejes que el dolor te detenga<\/h2>\n<p><a href=\"https:\/\/1800hurt911co.com\/wp-content\/uploads\/2024\/09\/uber-accident-car-accident.webp\"><img fetchpriority=\"high\" decoding=\"async\" class=\"alignnone wp-image-2974 size-full\" src=\"https:\/\/1800hurt911co.com\/wp-content\/uploads\/2024\/09\/uber-accident-car-accident.webp\" alt=\"Uber Accident in Denver\" width=\"500\" height=\"334\" srcset=\"https:\/\/1800hurt911co.com\/wp-content\/uploads\/2024\/09\/uber-accident-car-accident.webp 500w, https:\/\/1800hurt911co.com\/wp-content\/uploads\/2024\/09\/uber-accident-car-accident-300x200.webp 300w\" sizes=\"(max-width: 500px) 100vw, 500px\" \/><\/a><\/p>\n<p>Experimentar dolor despu\u00e9s de un accidente de Uber puede ser abrumador. En Hurt 911 Colorado Injury Centers, entendemos los desaf\u00edos que enfrenta, tanto f\u00edsica como financieramente. Nuestro equipo dedicado est\u00e1 aqu\u00ed para ayudarle a navegar el proceso de recuperaci\u00f3n de manera eficiente. Nos centramos en su curaci\u00f3n, asegur\u00e1ndonos de que reciba la atenci\u00f3n que necesita sin retrasos innecesarios. No deje que las molestias le impidan disfrutar de la vida. Nuestro enfoque hace hincapi\u00e9 en un plan de tratamiento integral adaptado a sus lesiones espec\u00edficas. Desde las evaluaciones m\u00e9dicas hasta la fisioterapia, trabajamos con diligencia para atender sus necesidades espec\u00edficas. Nuestro objetivo es ayudarle a recuperar la fuerza y la movilidad lo antes posible. Creemos que la intervenci\u00f3n oportuna es crucial. Al buscar tratamiento r\u00e1pidamente, puede reducir el riesgo de complicaciones a largo plazo y volver antes a sus actividades cotidianas. Nuestro experimentado personal le guiar\u00e1 en cada paso, haciendo que el proceso de recuperaci\u00f3n sea sencillo y manejable. D\u00e9 el primer paso hacia una vida sin dolor. P\u00f3ngase en contacto con nosotros hoy mismo para programar su consulta. Perm\u00edtanos ayudarle a recuperar su vida y volver a hacer lo que m\u00e1s le gusta. No deje que el dolor dicte su futuro; juntos, podemos allanar el camino hacia su recuperaci\u00f3n.<\/p>\n<h2>Volver al trabajo m\u00e1s r\u00e1pido<\/h2>\n<p>Despu\u00e9s de un accidente de Uber, el camino hacia la recuperaci\u00f3n puede sentirse abrumador. En los Centros de Lesiones Hurt 911 Colorado, entendemos la urgencia de que se recupere y vuelva al trabajo. Nuestro equipo est\u00e1 dedicado a proporcionarle la atenci\u00f3n integral que necesita para sanar r\u00e1pida y eficazmente. Nuestros experimentados profesionales evaluar\u00e1n sus lesiones y crear\u00e1n un plan de tratamiento a medida centrado en sus necesidades espec\u00edficas. Este enfoque personalizado garantiza que reciba la atenci\u00f3n adecuada para tratar su dolor y restaurar su funcionalidad. Damos prioridad a su recuperaci\u00f3n para que pueda volver a su trabajo lo antes posible. Ofrecemos una amplia gama de servicios, incluyendo atenci\u00f3n m\u00e9dica, ajustes quiropr\u00e1cticos y fisioterapia. Cada servicio est\u00e1 dise\u00f1ado para facilitar su proceso de curaci\u00f3n y promover el bienestar general. Nuestros especialistas trabajan juntos para supervisar su progreso y hacer los ajustes necesarios en su plan de tratamiento, asegur\u00e1ndose de que se mantiene en el buen camino. No deje que el dolor dicte su vida. P\u00f3ngase en contacto con nosotros hoy mismo para comenzar su viaje hacia la recuperaci\u00f3n y volver al trabajo m\u00e1s r\u00e1pido. Su salud y su medio de vida son nuestras principales prioridades, y estamos comprometidos a ayudarle a recuperar su vida despu\u00e9s de un accidente de Uber.<\/p>\n<h2>Atenci\u00f3n integral para lesiones por accidentes de Uber<\/h2>\n<h3>Paso 1: Hable con un especialista en accidentes de Uber<\/h3>\n<p>El primer paso en su viaje de recuperaci\u00f3n es conectarse con un especialista en accidentes de Uber. Nuestro equipo est\u00e1 listo para escuchar sus preocupaciones y evaluar su situaci\u00f3n. Entendemos que cada caso es diferente, y damos prioridad a sus necesidades individuales. Durante esta consulta inicial, recopilaremos informaci\u00f3n esencial sobre su accidente y lesiones, asegur\u00e1ndonos de que tenemos una comprensi\u00f3n completa de su condici\u00f3n.<\/p>\n<h3>Paso 2: Recibir su plan personalizado de lesiones<\/h3>\n<p>Una vez que hayamos evaluado sus lesiones, crearemos un plan de lesiones personalizado adaptado espec\u00edficamente para usted. Este plan describir\u00e1 los tratamientos m\u00e9dicos y terapias necesarios para facilitar su recuperaci\u00f3n. Nuestro enfoque integral aborda no s\u00f3lo sus necesidades f\u00edsicas, sino tambi\u00e9n su bienestar emocional. Puede confiar en que le guiaremos a trav\u00e9s de cada paso, proporcion\u00e1ndole claridad y apoyo mientras navega por sus opciones de tratamiento.<\/p>\n<h3>Paso 3: Mej\u00f3rese y recupere su vida<\/h3>\n<p>Con su plan de lesiones personalizado en su lugar, el foco se desplaza a su recuperaci\u00f3n. Nuestro dedicado equipo trabajar\u00e1 estrechamente con usted, utilizando una gama de servicios que incluyen atenci\u00f3n quiropr\u00e1ctica, fisioterapia y evaluaciones diagn\u00f3sticas. Nuestro objetivo es aliviar su dolor y restaurar su movilidad de la manera m\u00e1s eficiente posible. Nuestro objetivo final es ayudarle a recuperar su vida, lo que le permite volver al trabajo y participar en actividades que disfrute sin la carga del dolor. Perm\u00edtanos ser su socio en la curaci\u00f3n, gui\u00e1ndole en cada paso del camino.<\/p>\n<h2>Nuestros servicios<\/h2>\n<p><a href=\"https:\/\/1800hurt911co.com\/wp-content\/uploads\/2024\/09\/shutterstock_1770797390.webp\"><img decoding=\"async\" class=\"alignnone wp-image-2539 size-full\" src=\"https:\/\/1800hurt911co.com\/wp-content\/uploads\/2024\/09\/shutterstock_1770797390.webp\" alt=\"Denver Uber Accident Treatment\" width=\"500\" height=\"369\" srcset=\"https:\/\/1800hurt911co.com\/wp-content\/uploads\/2024\/09\/shutterstock_1770797390.webp 500w, https:\/\/1800hurt911co.com\/wp-content\/uploads\/2024\/09\/shutterstock_1770797390-300x221.webp 300w\" sizes=\"(max-width: 500px) 100vw, 500px\" \/><\/a><\/p>\n<p>En Hurt 911 Colorado Injury Centers, damos prioridad a su recuperaci\u00f3n despu\u00e9s de un accidente de Uber. Nuestros servicios integrales est\u00e1n dise\u00f1ados para atender sus necesidades \u00fanicas y promover la curaci\u00f3n.<\/p>\n<h3>Atenci\u00f3n M\u00e9dica<\/h3>\n<p>Nuestro equipo de profesionales m\u00e9dicos experimentados proporciona evaluaciones y tratamientos exhaustivos para las lesiones sufridas en accidentes de Uber. Nos centramos en la identificaci\u00f3n y el tratamiento de las causas fundamentales de su dolor, asegurando que reciba la mejor atenci\u00f3n posible.<\/p>\n<h3>Atenci\u00f3n Quiropr\u00e1ctica<\/h3>\n<p>El cuidado quiropr\u00e1ctico juega un papel crucial en su proceso de recuperaci\u00f3n. Nuestros quiropr\u00e1cticos cualificados utilizan diversas t\u00e9cnicas para aliviar el dolor, restaurar la movilidad, y mejorar su bienestar general. Este enfoque pr\u00e1ctico ayuda a aliviar las molestias y favorece la curaci\u00f3n a largo plazo.<\/p>\n<h3>Fisioterapia<\/h3>\n<p>La fisioterapia es esencial para recuperar la fuerza y la funcionalidad despu\u00e9s de un accidente. Nuestros terapeutas licenciados crean planes de rehabilitaci\u00f3n personalizados adaptados a sus lesiones espec\u00edficas. Le guiar\u00e1n a trav\u00e9s de ejercicios y tratamientos destinados a restablecer sus capacidades f\u00edsicas.<\/p>\n<h3>Servicios de diagn\u00f3stico<\/h3>\n<p>Un diagn\u00f3stico preciso es clave para un tratamiento eficaz. Ofrecemos una amplia gama de servicios de diagn\u00f3stico, como radiograf\u00edas y resonancias magn\u00e9ticas, para evaluar sus lesiones de forma exhaustiva. Esto nos permite desarrollar un plan de tratamiento espec\u00edfico que aborda su condici\u00f3n espec\u00edfica.<\/p>\n<h3>Transporte gratuito<\/h3>\n<p>Entendemos que el transporte puede ser un obst\u00e1culo para recibir atenci\u00f3n m\u00e9dica. Por eso ofrecemos transporte gratuito de ida y vuelta a nuestras instalaciones. Este servicio asegura que usted pueda centrarse en su recuperaci\u00f3n sin preocuparse de c\u00f3mo llegar a sus citas. En Hurt 911 Colorado Injury Centers, estamos comprometidos a brindarle el apoyo que necesita para recuperarse completamente de su accidente de Uber. Perm\u00edtanos ayudarle a navegar su camino hacia la curaci\u00f3n y volver a vivir su vida.<\/p>\n<h2>Nuestro enfoque de la gesti\u00f3n de la atenci\u00f3n<\/h2>\n<p>En Hurt 911 Colorado Injury Centers, damos prioridad a su recuperaci\u00f3n despu\u00e9s de un accidente de Uber. Nuestro enfoque de la gesti\u00f3n de la atenci\u00f3n est\u00e1 dise\u00f1ado para proporcionarle un apoyo integral en cada paso del camino. Entendemos los desaf\u00edos que enfrenta, y estamos comprometidos a hacer que su viaje hacia la recuperaci\u00f3n sea lo m\u00e1s suave posible.<\/p>\n<h3>Planes de tratamiento personalizados<\/h3>\n<p>Cada lesi\u00f3n es diferente, al igual que cada paciente. Nuestro equipo elabora planes de tratamiento personalizados que abordan sus necesidades espec\u00edficas. Tanto si necesita atenci\u00f3n quiropr\u00e1ctica, fisioterapia o atenci\u00f3n m\u00e9dica, adaptamos nuestros servicios para garantizar una recuperaci\u00f3n \u00f3ptima. Su salud es nuestra principal prioridad, y nos centramos en la creaci\u00f3n de un plan que funcione para usted.<\/p>\n<h3>Gesti\u00f3n de casos<\/h3>\n<p>Navegar por las secuelas de un accidente de Uber puede ser abrumador. Nuestros dedicados administradores de casos est\u00e1n aqu\u00ed para guiarlo a trav\u00e9s del proceso. Ellos le ayudar\u00e1n con la programaci\u00f3n de citas, la coordinaci\u00f3n con los especialistas, y el manejo de la comunicaci\u00f3n con las compa\u00f1\u00edas de seguros. Esto le permite centrarse en la curaci\u00f3n, mientras que nosotros nos encargamos de los detalles.<\/p>\n<h3>Red de especialistas<\/h3>\n<p>Hemos creado una s\u00f3lida red de especialistas expertos en el tratamiento de lesiones por accidentes de Uber. Desde quiropr\u00e1cticos a fisioterapeutas, nuestro equipo colabora para proporcionar una atenci\u00f3n integral. Esta red asegura que usted reciba el mejor tratamiento posible, sin importar la naturaleza de sus lesiones. Con Hurt 911, nunca estar\u00e1 solo en su viaje de recuperaci\u00f3n. Elegir los Centros de Lesiones Hurt 911 Colorado significa elegir un socio dedicado en su recuperaci\u00f3n. Estamos aqu\u00ed para apoyarle, en cada paso del camino.<\/p>\n<p><a href=\"https:\/\/1800hurt911co.com\/wp-content\/uploads\/2024\/09\/shutterstock_2304125513.webp\"><img decoding=\"async\" class=\"alignnone wp-image-2537 size-full\" src=\"https:\/\/1800hurt911co.com\/wp-content\/uploads\/2024\/09\/shutterstock_2304125513.webp\" alt=\"Physical Therapy\" width=\"500\" height=\"334\" srcset=\"https:\/\/1800hurt911co.com\/wp-content\/uploads\/2024\/09\/shutterstock_2304125513.webp 500w, https:\/\/1800hurt911co.com\/wp-content\/uploads\/2024\/09\/shutterstock_2304125513-300x200.webp 300w\" sizes=\"(max-width: 500px) 100vw, 500px\" \/><\/a><\/p>\n<h2>Deje de sentirse retenido por el dolor<\/h2>\n<p>En Hurt 911 Colorado Injury Centers, entendemos que el dolor puede ser un obst\u00e1culo importante para su vida diaria. Nuestro objetivo es ayudarle a superar esa barrera y volver a la pista. Ofrecemos un proceso de recuperaci\u00f3n simplificado adaptado espec\u00edficamente para los heridos en accidentes de Uber.<\/p>\n<h3>Proceso de recuperaci\u00f3n simplificado<\/h3>\n<ul>\n<li><strong>Consulta Inicial<\/strong>: Comience con una consulta gratuita donde puede discutir sus lesiones y preocupaciones con un especialista en accidentes de Uber. Esta es su oportunidad de hacer preguntas y conocer sus opciones.<\/li>\n<li><strong>Plan de lesiones personalizado<\/strong>: Despu\u00e9s de evaluar su condici\u00f3n, creamos un plan de tratamiento personalizado dise\u00f1ado para abordar sus necesidades espec\u00edficas. Este plan puede incluir atenci\u00f3n m\u00e9dica, servicios quiropr\u00e1cticos y fisioterapia para promover la curaci\u00f3n.<\/li>\n<li><strong>Apoyo continuo<\/strong>: A lo largo de su recuperaci\u00f3n, nuestro equipo le proporcionar\u00e1 apoyo y orientaci\u00f3n continuos. Seguimos comprometidos con su bienestar y ajustar su plan de tratamiento seg\u00fan sea necesario para garantizar una recuperaci\u00f3n \u00f3ptima.<\/li>\n<\/ul>\n<h3>Obtenga una consulta gratuita de accidentes<\/h3>\n<p>No deje que el dolor dicte su vida. Tome el primer paso hacia la recuperaci\u00f3n poni\u00e9ndose en contacto con nosotros hoy para una consulta gratuita de accidente. Nuestro equipo dedicado est\u00e1 aqu\u00ed para ayudarle a navegar el proceso de curaci\u00f3n, asegurando que reciba la atenci\u00f3n que se merece. Deje que el Centro de Lesiones Hurt 911 Colorado le ayude a recuperar su vida y volver a lo que m\u00e1s le importa.<\/p>\n<h2>Nuestras Localizaciones<\/h2>\n<p>En Hurt 911 Colorado Injury Centers, estamos orgullosos de servir a la gran \u00e1rea metropolitana de Denver. Nuestro compromiso de proporcionar atenci\u00f3n de primera clase para las lesiones por accidentes Uber se extiende a trav\u00e9s de m\u00faltiples ubicaciones convenientes. Nuestro objetivo es facilitarle el acceso al tratamiento que necesita, sin importar en qu\u00e9 parte de la regi\u00f3n se encuentre.<\/p>\n<h3>Denver<\/h3>\n<p>Nuestro centro insignia en Denver ofrece servicios integrales, incluyendo atenci\u00f3n m\u00e9dica, tratamiento quiropr\u00e1ctico y fisioterapia adaptados para la recuperaci\u00f3n de accidentes Uber.<\/p>\n<h3>Ciudad de Commerce<\/h3>\n<p>Situado a un corto trayecto en coche del centro de Denver, nuestro centro de Commerce City ofrece la misma atenci\u00f3n de alta calidad y planes de tratamiento personalizados.<\/p>\n<h3>Northglenn<\/h3>\n<p>En Northglenn, nos centramos en ofrecer evaluaciones eficaces de lesiones y servicios de rehabilitaci\u00f3n, asegurando que reciba la mejor atenci\u00f3n posible.<\/p>\n<h3>Centennial<\/h3>\n<p>Nuestro centro de Centennial est\u00e1 equipado para tratar diversas lesiones relacionadas con accidentes y ofrece servicios especializados para ayudarle a recuperarse r\u00e1pidamente.<\/p>\n<h3>Aurora<\/h3>\n<p>En Aurora, le ofrecemos un entorno acogedor donde podr\u00e1 recibir el tratamiento necesario para sus lesiones por accidente de Uber sin estr\u00e9s a\u00f1adido.<\/p>\n<h3>Lakewood<\/h3>\n<p>Nuestro centro de Lakewood se dedica a ayudarle a recuperar su fuerza y movilidad a trav\u00e9s de programas de rehabilitaci\u00f3n a medida.<\/p>\n<h3>Colorado Springs<\/h3>\n<p>Tambi\u00e9n prestamos servicio en Colorado Springs, donde nuestro experimentado equipo est\u00e1 listo para ayudarle en su viaje hacia la recuperaci\u00f3n.<\/p>\n<h3>Arvada<\/h3>\n<p>Por \u00faltimo, nuestro centro de Arvada le garantiza el acceso a la atenci\u00f3n integral que necesita para recuperarse de sus lesiones de forma eficaz. Dondequiera que se encuentre en el \u00e1rea metropolitana de Denver, el Centro de Lesiones Hurt 911 Colorado est\u00e1 aqu\u00ed para ayudarle en su recuperaci\u00f3n. P\u00f3ngase en contacto con nosotros hoy mismo para obtener m\u00e1s informaci\u00f3n sobre nuestros servicios y c\u00f3mo podemos ayudarle en su camino hacia el bienestar.<\/p>\n<h2>Recupere su vida con los Centros de Lesiones Hurt 911 Colorado<\/h2>\n<p><img loading=\"lazy\" decoding=\"async\" class=\"alignnone wp-image-2064\" src=\"https:\/\/1800hurt911co.com\/wp-content\/uploads\/2020\/12\/banner-bg1-copy-1024x254.webp\" alt=\"Hurt911 Logo\" width=\"500\" height=\"124\" srcset=\"https:\/\/1800hurt911co.com\/wp-content\/uploads\/2020\/12\/banner-bg1-copy-1024x254.webp 1024w, https:\/\/1800hurt911co.com\/wp-content\/uploads\/2020\/12\/banner-bg1-copy-300x75.webp 300w, https:\/\/1800hurt911co.com\/wp-content\/uploads\/2020\/12\/banner-bg1-copy-768x191.webp 768w, https:\/\/1800hurt911co.com\/wp-content\/uploads\/2020\/12\/banner-bg1-copy-1536x382.webp 1536w, https:\/\/1800hurt911co.com\/wp-content\/uploads\/2020\/12\/banner-bg1-copy.webp 1920w\" sizes=\"(max-width: 500px) 100vw, 500px\" \/><\/p>\n<p>En <a href=\"\/es\/\">Hurt 911 Colorado Injury Centers<\/a>, entendemos que un accidente de Uber puede alterar su vida de muchas maneras. Ya sea que est\u00e9 enfrentando dolor f\u00edsico, angustia emocional o tensi\u00f3n financiera, nuestro equipo dedicado est\u00e1 aqu\u00ed para ayudarlo a navegar por este momento dif\u00edcil. Nuestro objetivo es proporcionarle la atenci\u00f3n integral que necesita para sanar y recuperar el control de su vida. Cuando usted nos elige para su tratamiento de accidente Uber, usted no es s\u00f3lo otro caso. Nos centramos en sus necesidades y circunstancias \u00fanicas. Nuestros experimentados profesionales trabajar\u00e1n estrechamente con usted para desarrollar un plan de recuperaci\u00f3n a medida que aborde sus lesiones y preocupaciones espec\u00edficas. Este enfoque personalizado garantiza que reciba la mejor atenci\u00f3n posible, ayud\u00e1ndole a avanzar de forma eficaz. Ofrecemos una amplia gama de servicios, incluyendo atenci\u00f3n m\u00e9dica, tratamiento quiropr\u00e1ctico y fisioterapia. Nuestros especialistas est\u00e1n equipados para manejar diversas lesiones resultantes de accidentes de viaje compartido. Usted puede confiar en que nuestro equipo le proporcionar\u00e1 el m\u00e1s alto nivel de atenci\u00f3n, gui\u00e1ndole a trav\u00e9s de cada paso del proceso de recuperaci\u00f3n. Adem\u00e1s, reconocemos que el transporte puede ser un obst\u00e1culo para muchas personas que se recuperan de un accidente. Es por eso que ofrecemos transporte gratuito desde y hacia nuestras instalaciones, asegurando que tenga acceso a la atenci\u00f3n que necesita sin estr\u00e9s a\u00f1adido. No deje que el dolor le retenga por m\u00e1s tiempo. P\u00f3ngase en contacto con los Centros de Lesiones Hurt 911 Colorado hoy mismo para una consulta gratuita. Perm\u00edtanos ayudarle a recuperar su vida y volver a hacer lo que le gusta. Con nuestro apoyo, usted puede centrarse en la curaci\u00f3n y el logro de un futuro m\u00e1s brillante, libre de dolor.<\/p>\n","protected":false},"excerpt":{"rendered":"<p>Tratamiento de accidentes de Uber en Denver Experimentar un accidente de Uber puede ser abrumador. En Hurt 911 Colorado Injury Centers, entendemos el desgaste f\u00edsico y emocional que conlleva. Nuestro equipo dedicado est\u00e1 aqu\u00ed para apoyarlo en su viaje hacia la recuperaci\u00f3n. Desde el momento en que nos contacta, priorizamos sus necesidades. Nuestro proceso comienza [&hellip;]<\/p>\n","protected":false},"author":34,"featured_media":0,"parent":4366,"menu_order":0,"comment_status":"closed","ping_status":"closed","template":"","meta":{"_acf_changed":false,"footnotes":""},"class_list":["post-4401","page","type-page","status-publish","hentry"],"acf":[],"_links":{"self":[{"href":"https:\/\/1800hurt911co.com\/es\/wp-json\/wp\/v2\/pages\/4401","targetHints":{"allow":["GET"]}}],"collection":[{"href":"https:\/\/1800hurt911co.com\/es\/wp-json\/wp\/v2\/pages"}],"about":[{"href":"https:\/\/1800hurt911co.com\/es\/wp-json\/wp\/v2\/types\/page"}],"author":[{"embeddable":true,"href":"https:\/\/1800hurt911co.com\/es\/wp-json\/wp\/v2\/users\/34"}],"replies":[{"embeddable":true,"href":"https:\/\/1800hurt911co.com\/es\/wp-json\/wp\/v2\/comments?post=4401"}],"version-history":[{"count":2,"href":"https:\/\/1800hurt911co.com\/es\/wp-json\/wp\/v2\/pages\/4401\/revisions"}],"predecessor-version":[{"id":4403,"href":"https:\/\/1800hurt911co.com\/es\/wp-json\/wp\/v2\/pages\/4401\/revisions\/4403"}],"up":[{"embeddable":true,"href":"https:\/\/1800hurt911co.com\/es\/wp-json\/wp\/v2\/pages\/4366"}],"wp:attachment":[{"href":"https:\/\/1800hurt911co.com\/es\/wp-json\/wp\/v2\/media?parent=4401"}],"curies":[{"name":"wp","href":"https:\/\/api.w.org\/{rel}","templated":true}]}}