{"id":4409,"date":"2024-09-10T11:31:42","date_gmt":"2024-09-10T15:31:42","guid":{"rendered":"https:\/\/1800hurt911co.com\/lakewood\/"},"modified":"2024-10-03T02:08:33","modified_gmt":"2024-10-03T08:08:33","slug":"lakewood","status":"publish","type":"page","link":"https:\/\/1800hurt911co.com\/es\/lakewood\/","title":{"rendered":"Lakewood"},"content":{"rendered":"<p>Lakewood, Colorado, es una ciudad vibrante y en expansi\u00f3n situada al oeste de Denver, al pie de las Monta\u00f1as Rocosas. Con una poblaci\u00f3n de m\u00e1s de 155.000 habitantes, Lakewood combina las comodidades de la vida urbana con el encanto de una comunidad suburbana, lo que la convierte en un lugar deseable para vivir y trabajar. Uno de los principales atractivos de Lakewood es su extenso sistema de parques, que incluye m\u00e1s de 80 parques y numerosos senderos. La joya de la corona de la ciudad es Bear Creek Lake Park, un extenso parque de 2.600 acres que ofrece una amplia gama de actividades al aire libre como senderismo, ciclismo, pesca y paseos en barco. El parque tambi\u00e9n cuenta con un gran lago, muy popular para navegar y hacer picnics, que ofrece a residentes y visitantes amplias oportunidades recreativas. Lakewood alberga una gran variedad de instalaciones culturales y recreativas. El Centro Cultural de Lakewood acoge actuaciones, exposiciones de arte y eventos comunitarios, mientras que el cercano Centro Federal de Denver y el Anfiteatro Red Rocks contribuyen a la vitalidad cultural de la ciudad. La zona de Belmar, una urbanizaci\u00f3n de uso mixto, ofrece una mezcla de tiendas, restaurantes y opciones de ocio, creando un animado centro urbano dentro de la ciudad. La ubicaci\u00f3n de la ciudad ofrece f\u00e1cil acceso al \u00e1rea metropolitana de Denver, al tiempo que mantiene su propio car\u00e1cter \u00fanico. La econom\u00eda de Lakewood se beneficia de una fuerte presencia empresarial, que incluye una variedad de industrias minoristas, tecnol\u00f3gicas y de servicios. La posici\u00f3n estrat\u00e9gica de la ciudad cerca de las principales autopistas y rutas de transporte aumenta su atractivo tanto para las empresas como para los residentes. Lakewood tambi\u00e9n da prioridad a la educaci\u00f3n y al bienestar de la comunidad, con varias escuelas y programas comunitarios bien considerados. El compromiso de la ciudad con la sostenibilidad y los espacios verdes aumenta a\u00fan m\u00e1s su atractivo, convirti\u00e9ndola en un destino atractivo para aquellos que buscan un estilo de vida equilibrado con proximidad tanto a la belleza natural como a los servicios urbanos. Con su mezcla de ocio al aire libre, atracciones culturales y pr\u00f3spera vida comunitaria, Lakewood ofrece una alta calidad de vida a sus residentes y un entorno acogedor a los reci\u00e9n llegados.<\/p>\n","protected":false},"excerpt":{"rendered":"<p>Lakewood, Colorado, es una ciudad vibrante y en expansi\u00f3n situada al oeste de Denver, al pie de las Monta\u00f1as Rocosas. Con una poblaci\u00f3n de m\u00e1s de 155.000 habitantes, Lakewood combina las comodidades de la vida urbana con el encanto de una comunidad suburbana, lo que la convierte en un lugar deseable para vivir y trabajar. [&hellip;]<\/p>\n","protected":false},"author":34,"featured_media":4013,"parent":0,"menu_order":0,"comment_status":"closed","ping_status":"closed","template":"","meta":{"_acf_changed":false,"footnotes":""},"class_list":["post-4409","page","type-page","status-publish","has-post-thumbnail","hentry"],"acf":[],"_links":{"self":[{"href":"https:\/\/1800hurt911co.com\/es\/wp-json\/wp\/v2\/pages\/4409","targetHints":{"allow":["GET"]}}],"collection":[{"href":"https:\/\/1800hurt911co.com\/es\/wp-json\/wp\/v2\/pages"}],"about":[{"href":"https:\/\/1800hurt911co.com\/es\/wp-json\/wp\/v2\/types\/page"}],"author":[{"embeddable":true,"href":"https:\/\/1800hurt911co.com\/es\/wp-json\/wp\/v2\/users\/34"}],"replies":[{"embeddable":true,"href":"https:\/\/1800hurt911co.com\/es\/wp-json\/wp\/v2\/comments?post=4409"}],"version-history":[{"count":3,"href":"https:\/\/1800hurt911co.com\/es\/wp-json\/wp\/v2\/pages\/4409\/revisions"}],"predecessor-version":[{"id":4412,"href":"https:\/\/1800hurt911co.com\/es\/wp-json\/wp\/v2\/pages\/4409\/revisions\/4412"}],"wp:featuredmedia":[{"embeddable":true,"href":"https:\/\/1800hurt911co.com\/es\/wp-json\/wp\/v2\/media\/4013"}],"wp:attachment":[{"href":"https:\/\/1800hurt911co.com\/es\/wp-json\/wp\/v2\/media?parent=4409"}],"curies":[{"name":"wp","href":"https:\/\/api.w.org\/{rel}","templated":true}]}}