{"id":4413,"date":"2024-09-11T14:49:54","date_gmt":"2024-09-11T18:49:54","guid":{"rendered":"https:\/\/1800hurt911co.com\/lakewood\/lakewood-accidente-de-autobus\/"},"modified":"2024-10-03T02:21:39","modified_gmt":"2024-10-03T08:21:39","slug":"lakewood-accidente-de-autobus","status":"publish","type":"page","link":"https:\/\/1800hurt911co.com\/es\/lakewood\/lakewood-accidente-de-autobus\/","title":{"rendered":"Lakewood Accidente de autob\u00fas"},"content":{"rendered":"<h2>Lakewood Tratamiento de Accidentes de Autob\u00fas<\/h2>\n<p>Experimentar un accidente de autob\u00fas puede alterar la vida. Las secuelas a menudo implican dolor f\u00edsico, angustia emocional y cargas financieras. En Hurt 911 Colorado Injury Centers, entendemos los desaf\u00edos que enfrenta y estamos comprometidos a ayudarle a recuperar su vida. Nuestro centro de Lakewood se especializa en el tratamiento de accidentes de autob\u00fas, ofreciendo una amplia gama de servicios dise\u00f1ados para hacer frente a sus necesidades \u00fanicas. Desde el momento en que entre por nuestras puertas, recibir\u00e1 la atenci\u00f3n personalizada necesaria para su recuperaci\u00f3n. Nuestro equipo de profesionales cualificados se dedica a proporcionar planes de tratamiento eficaces adaptados a sus lesiones espec\u00edficas. Damos prioridad a su comodidad y bienestar. Nuestro enfoque incluye evaluaciones exhaustivas para identificar sus lesiones y desarrollar una estrategia de tratamiento espec\u00edfico. Tanto si necesita ajustes quiropr\u00e1cticos, fisioterapia o diagn\u00f3stico por imagen, disponemos de los recursos necesarios para ayudarle en su recuperaci\u00f3n. Navegar por las complejidades de la atenci\u00f3n m\u00e9dica despu\u00e9s de un accidente puede ser abrumador. Es por eso que ofrecemos transporte gratuito para asegurarse de que puede acceder a nuestros servicios sin estr\u00e9s a\u00f1adido. Nuestro objetivo es que su proceso de recuperaci\u00f3n sea lo m\u00e1s llevadero posible. Su camino hacia la recuperaci\u00f3n comienza aqu\u00ed. No deje que un accidente de autob\u00fas defina su vida. P\u00f3ngase en contacto con el Centro de Lesiones Hurt 911 Colorado hoy mismo y d\u00e9 el primer paso para recuperar su salud e independencia.<\/p>\n<h2>Conozca a nuestro equipo de especialistas en accidentes de autob\u00fas<\/h2>\n<p><a href=\"https:\/\/1800hurt911co.com\/wp-content\/uploads\/2024\/09\/shutterstock_2234893373.webp\"><img fetchpriority=\"high\" decoding=\"async\" class=\"alignnone wp-image-2522 size-full\" src=\"https:\/\/1800hurt911co.com\/wp-content\/uploads\/2024\/09\/shutterstock_2234893373.webp\" alt=\"Lakewood Bus Accident Treatment, Bus Accident in Lakewood Colorado\" width=\"500\" height=\"333\" srcset=\"https:\/\/1800hurt911co.com\/wp-content\/uploads\/2024\/09\/shutterstock_2234893373.webp 500w, https:\/\/1800hurt911co.com\/wp-content\/uploads\/2024\/09\/shutterstock_2234893373-300x200.webp 300w\" sizes=\"(max-width: 500px) 100vw, 500px\" \/><\/a><\/p>\n<p>En Hurt 911 Colorado Injury Centers, nos enorgullecemos de nuestro dedicado equipo de especialistas en accidentes de autob\u00fas. Nuestros profesionales incluyen m\u00e9dicos experimentados y quiropr\u00e1cticos cualificados que se centran en ayudar a los clientes a recuperarse de la carga f\u00edsica y emocional de los accidentes de autob\u00fas. Cada miembro de nuestro equipo se compromete a proporcionar una atenci\u00f3n compasiva y un tratamiento experto adaptado a sus necesidades espec\u00edficas. Nuestros m\u00e9dicos est\u00e1n bien versados en los matices de las lesiones de accidentes de autob\u00fas. Ellos entienden los desaf\u00edos \u00fanicos que estas lesiones presentan y est\u00e1n equipados con el conocimiento para hacerles frente con eficacia. Si usted est\u00e1 tratando con latigazo cervical, dolor de espalda, u otras lesiones relacionadas, nuestros especialistas est\u00e1n aqu\u00ed para apoyarle en cada paso del camino. Adem\u00e1s de nuestro equipo m\u00e9dico, nuestros quiropr\u00e1cticos desempe\u00f1an un papel crucial en su recuperaci\u00f3n. Utilizan t\u00e9cnicas avanzadas para aliviar el dolor y restaurar la movilidad. Su experiencia con lesiones de accidentes de autob\u00fas les permite crear planes de tratamiento personalizados que se centran en sus objetivos de recuperaci\u00f3n. Creemos en un enfoque de colaboraci\u00f3n a la atenci\u00f3n. Nuestro equipo trabaja conjuntamente para garantizar que usted reciba un tratamiento integral que aborde todos los aspectos de su recuperaci\u00f3n. Desde las evaluaciones iniciales hasta la rehabilitaci\u00f3n continua, nos dedicamos a ayudarle a recuperar su salud y volver a su vida cotidiana. Cuando usted elige los Centros de Lesiones Hurt 911 Colorado, no s\u00f3lo est\u00e1 obteniendo un equipo m\u00e9dico; est\u00e1 ganando un sistema de apoyo comprometido con su bienestar. Perm\u00edtanos ayudarle a recorrer el camino hacia la recuperaci\u00f3n con nuestra atenci\u00f3n experta y enfoque personalizado.<\/p>\n<h2>Servicios especializados de lesi\u00f3n del accidente del autob\u00fas<\/h2>\n<p>En los Centros de Lesiones Hurt 911 Colorado, entendemos los desaf\u00edos \u00fanicos que enfrentan las personas involucradas en accidentes de autob\u00fas. Nuestros servicios especializados est\u00e1n dise\u00f1ados para abordar una amplia gama de lesiones que pueden ocurrir durante estos incidentes.<\/p>\n<h3>Servicios de Diagn\u00f3stico: Rayos X y resonancias magn\u00e9ticas<\/h3>\n<p>Un diagn\u00f3stico preciso es crucial para un tratamiento eficaz. Nuestras instalaciones ofrecen servicios de diagn\u00f3stico de vanguardia, como radiograf\u00edas y resonancias magn\u00e9ticas. Estas herramientas permiten a nuestros profesionales m\u00e9dicos identificar el alcance de sus lesiones y desarrollar un plan de tratamiento espec\u00edfico. La detecci\u00f3n temprana puede mejorar significativamente los resultados de recuperaci\u00f3n.<\/p>\n<h3>La atenci\u00f3n quiropr\u00e1ctica para las lesiones de accidentes de autob\u00fas<\/h3>\n<p>El cuidado quiropr\u00e1ctico es un componente esencial de nuestro enfoque de tratamiento. Nuestros quiropr\u00e1cticos Lakewood se centran en la restauraci\u00f3n de la alineaci\u00f3n, reducir el dolor y mejorar la movilidad. A trav\u00e9s de ajustes suaves y t\u00e9cnicas especializadas, nuestro objetivo es aliviar las molestias causadas por las lesiones de accidentes de autob\u00fas, la promoci\u00f3n de una curaci\u00f3n m\u00e1s r\u00e1pida.<\/p>\n<h3>Fisioterapia para la recuperaci\u00f3n de accidentes de autob\u00fas<\/h3>\n<p>La fisioterapia es vital para recuperar la fuerza y la movilidad despu\u00e9s de un accidente de autob\u00fas. Nuestros fisioterapeutas trabajan estrechamente con usted para crear un plan de rehabilitaci\u00f3n personalizado. Este plan incluye ejercicios y estiramientos dise\u00f1ados para mejorar la funci\u00f3n y reducir el dolor. Damos prioridad a su recuperaci\u00f3n, ayud\u00e1ndole a recuperar su independencia.<\/p>\n<h3>Tratamiento de latigazo cervical para las v\u00edctimas de accidentes de autob\u00fas<\/h3>\n<p>El latigazo cervical es una lesi\u00f3n com\u00fan en los accidentes de autob\u00fas, a menudo conduce a molestias a largo plazo si no se trata adecuadamente. Nuestro equipo est\u00e1 equipado para proporcionar un tratamiento eficaz latigazo cervical, centr\u00e1ndose en el alivio del dolor y la restauraci\u00f3n de la funci\u00f3n normal del cuello. Utilizamos una combinaci\u00f3n de terapias para hacer frente a sus s\u00edntomas y apoyar su viaje de recuperaci\u00f3n. En Hurt 911 Colorado Injury Centers, nuestros servicios especializados est\u00e1n dise\u00f1ados para satisfacer las necesidades de las v\u00edctimas de accidentes de autob\u00fas. Estamos comprometidos a proporcionar una atenci\u00f3n integral que le permite recuperar su vida despu\u00e9s de un accidente.<\/p>\n<h2>Las ventajas de elegir los centros de lesi\u00f3n de Hurt 911 Colorado<\/h2>\n<p><img decoding=\"async\" class=\"alignnone wp-image-2548 size-full\" src=\"https:\/\/1800hurt911co.com\/wp-content\/uploads\/2024\/09\/shutterstock_1805310178.webp\" alt=\"Bus Accident Injury Doctor Holding Spine Model\" width=\"500\" height=\"334\" srcset=\"https:\/\/1800hurt911co.com\/wp-content\/uploads\/2024\/09\/shutterstock_1805310178.webp 500w, https:\/\/1800hurt911co.com\/wp-content\/uploads\/2024\/09\/shutterstock_1805310178-300x200.webp 300w\" sizes=\"(max-width: 500px) 100vw, 500px\" \/><\/p>\n<p>Cuando usted elige Hurt 911 Colorado Injury Centers para su tratamiento de accidente de autob\u00fas Lakewood, usted obtiene acceso a una serie de beneficios dise\u00f1ados para apoyar su recuperaci\u00f3n y bienestar. Nuestro objetivo es proporcionar una atenci\u00f3n eficaz que satisfaga sus necesidades \u00fanicas sin la carga de costos ocultos.<\/p>\n<h3>Tratamientos eficaces y suaves<\/h3>\n<p>Nuestro enfoque da prioridad a su comodidad, mientras que la entrega de un tratamiento eficaz para las lesiones de accidentes de autob\u00fas. Utilizamos las \u00faltimas t\u00e9cnicas en atenci\u00f3n quiropr\u00e1ctica, fisioterapia y servicios de diagn\u00f3stico para asegurar que usted reciba un apoyo integral. Nuestro equipo se dedica a ayudarle a recuperar la movilidad y reducir el dolor, lo que le permite volver a sus actividades diarias lo m\u00e1s r\u00e1pido posible.<\/p>\n<h3>Sin costes por adelantado<\/h3>\n<p>En Hurt 911, creemos que todo el mundo merece tener acceso a una asistencia sanitaria de calidad sin que ello suponga una carga financiera. Por eso tratamos a las v\u00edctimas de accidentes sin costes por adelantado. Nos pagan una vez que usted gana su caso de lesiones personales. Usted puede centrarse en su recuperaci\u00f3n sin preocuparse por gastos inesperados. Nuestro compromiso con la asequibilidad significa que usted puede recibir el tratamiento que necesita sin estr\u00e9s a\u00f1adido.<\/p>\n<h3>Consultas urgentes para situaciones de emergencia<\/h3>\n<p>En las secuelas de un accidente de autob\u00fas, la atenci\u00f3n oportuna es crucial. Ofrecemos consultas urgentes para evaluar sus lesiones y desarrollar un plan de tratamiento adecuado. Nuestro experimentado equipo est\u00e1 listo para atender sus necesidades con prontitud, asegurando que reciba la atenci\u00f3n necesaria cuando m\u00e1s lo necesita. Elegir los Centros de Lesiones Hurt 911 Colorado significa elegir un socio dedicado en su viaje de recuperaci\u00f3n. Estamos aqu\u00ed para apoyarle en cada paso del camino.<\/p>\n<h2>Programe su cita hoy<\/h2>\n<p>En Hurt 911 Colorado Injury Centers, entendemos que el tratamiento oportuno es crucial despu\u00e9s de un accidente de autob\u00fas. Nuestro equipo dedicado est\u00e1 aqu\u00ed para ayudarle a recuperar su salud y volver a su vida cotidiana. Ofrecemos opciones de horarios flexibles para satisfacer sus necesidades. Si usted necesita una consulta urgente o una cita de seguimiento, estamos listos para ayudarle.<\/p>\n<h3>Contacte con nosotros para una consulta gratuita<\/h3>\n<p>P\u00f3ngase en contacto con nosotros hoy mismo para una consulta gratuita. Nuestro amable personal le guiar\u00e1 a trav\u00e9s del proceso, responder\u00e1 a sus preguntas y le ayudar\u00e1 a comprender sus opciones de tratamiento. Damos prioridad a su bienestar y nuestro objetivo es crear un ambiente acogedor para todos nuestros pacientes.<\/p>\n<h3>Ubicaciones convenientes en Lakewood y m\u00e1s all\u00e1<\/h3>\n<p>Con m\u00faltiples ubicaciones en Lakewood y sus alrededores, el acceso a nuestros servicios es f\u00e1cil. Estamos comprometidos a proporcionar una atenci\u00f3n integral cerca de casa. No importa d\u00f3nde se encuentre, nuestro equipo est\u00e1 dedicado a asegurar que usted reciba el mejor tratamiento posible para sus lesiones por accidente de autob\u00fas. No espere m\u00e1s. Programe su cita hoy y d\u00e9 el primer paso hacia su viaje de recuperaci\u00f3n. Su salud es nuestra prioridad, y estamos aqu\u00ed para apoyarle en cada paso del camino.<\/p>\n<h2>Lesiones en accidentes de autob\u00fas<\/h2>\n<p>Los accidentes de autob\u00fas pueden provocar una serie de lesiones que var\u00edan en gravedad. Las lesiones comunes incluyen latigazo cervical, fracturas y da\u00f1os en los tejidos blandos. Estas lesiones son a menudo el resultado del impacto repentino y la fuerza experimentada durante un accidente. El latigazo cervical es particularmente frecuente, ya que se produce cuando la cabeza es sacudida r\u00e1pidamente hacia delante y hacia atr\u00e1s. Los s\u00edntomas pueden no aparecer inmediatamente, por lo que es crucial buscar atenci\u00f3n m\u00e9dica de inmediato. Pueden producirse fracturas en varias partes del cuerpo, especialmente en las extremidades, debido al tama\u00f1o y peso de los autobuses en comparaci\u00f3n con veh\u00edculos m\u00e1s peque\u00f1os. Las lesiones de tejidos blandos, como esguinces y torceduras, tambi\u00e9n pueden deberse a las sacudidas del accidente. El diagn\u00f3stico y el tratamiento precoces son esenciales para una recuperaci\u00f3n eficaz. Retrasar el tratamiento puede conducir a dolor cr\u00f3nico y rehabilitaci\u00f3n prolongada, impactando su calidad de vida. En Hurt 911 Colorado Injury Centers, hacemos hincapi\u00e9 en la importancia de la pronta atenci\u00f3n m\u00e9dica. Nuestro equipo est\u00e1 equipado para realizar evaluaciones integrales de lesiones para identificar todas las lesiones potenciales, incluso aquellas que pueden no ser inmediatamente evidentes. La comprensi\u00f3n de la naturaleza de las lesiones de accidentes de autob\u00fas le permite tomar medidas proactivas hacia la recuperaci\u00f3n. Si usted est\u00e1 experimentando dolor o simplemente quiere asegurarse de que est\u00e1 sano despu\u00e9s de un accidente, en busca de ayuda profesional es vital. Nuestro experimentado equipo est\u00e1 aqu\u00ed para guiarle a trav\u00e9s del proceso de recuperaci\u00f3n, proporcionando el apoyo y el tratamiento necesario para ayudarle a recuperar su fuerza y bienestar.<\/p>\n<h2>Rehabilitaci\u00f3n integral de accidentes de autob\u00fas<\/h2>\n<p><a href=\"https:\/\/1800hurt911co.com\/wp-content\/uploads\/2024\/09\/shutterstock_2500528345.webp\"><img decoding=\"async\" class=\"alignnone wp-image-2542 size-full\" src=\"https:\/\/1800hurt911co.com\/wp-content\/uploads\/2024\/09\/shutterstock_2500528345.webp\" alt=\"Physical Therapy After Bus Accident\" width=\"500\" height=\"333\" srcset=\"https:\/\/1800hurt911co.com\/wp-content\/uploads\/2024\/09\/shutterstock_2500528345.webp 500w, https:\/\/1800hurt911co.com\/wp-content\/uploads\/2024\/09\/shutterstock_2500528345-300x200.webp 300w\" sizes=\"(max-width: 500px) 100vw, 500px\" \/><\/a><\/p>\n<p>Recuperarse de un accidente de autob\u00fas requiere un enfoque exhaustivo para la rehabilitaci\u00f3n. En Hurt 911 Colorado Injury Centers, nos centramos en un plan de recuperaci\u00f3n multifac\u00e9tico adaptado a sus necesidades espec\u00edficas. Nuestro equipo dedicado est\u00e1 aqu\u00ed para apoyarle en cada paso del camino.<\/p>\n<h3>Fisioterapia para la recuperaci\u00f3n a largo plazo<\/h3>\n<p>La fisioterapia desempe\u00f1a un papel crucial en su proceso de recuperaci\u00f3n. Nuestros expertos terapeutas trabajan con usted para recuperar la fuerza, la flexibilidad y la movilidad. Crean programas de ejercicios individualizados dise\u00f1ados para tratar sus lesiones espec\u00edficas y ayudarle a recuperar su independencia. Las sesiones regulares no s\u00f3lo le ayudar\u00e1n en la curaci\u00f3n, sino tambi\u00e9n a prevenir futuras complicaciones.<\/p>\n<h3>Ajustes quiropr\u00e1cticos para aliviar el dolor<\/h3>\n<p>La atenci\u00f3n quiropr\u00e1ctica es esencial para controlar el dolor despu\u00e9s de un accidente de autob\u00fas. Nuestros quiropr\u00e1cticos experimentados utilizan t\u00e9cnicas probadas para realinear la columna vertebral y aliviar el malestar. Estos ajustes pueden mejorar su bienestar general y mejorar la eficacia de su terapia f\u00edsica. Al abordar las desalineaciones, le ayudamos a lograr un mejor movimiento y reducir el dolor.<\/p>\n<h3>Cuidado Integrado con Apoyo M\u00e9dico y Legal<\/h3>\n<p>En los Centros de Lesiones Hurt 911 Colorado, entendemos que la recuperaci\u00f3n va m\u00e1s all\u00e1 del tratamiento f\u00edsico. Proporcionamos una atenci\u00f3n integrada que incluye atenci\u00f3n m\u00e9dica y apoyo legal. Nuestro equipo colabora con expertos legales para asegurar que usted reciba la compensaci\u00f3n que merece. Este enfoque hol\u00edstico no s\u00f3lo ayuda en su recuperaci\u00f3n f\u00edsica, sino que tambi\u00e9n alivia el estr\u00e9s de navegar por las reclamaciones de seguros y asuntos legales. Elija Hurt 911 Colorado Injury Centers para su rehabilitaci\u00f3n por accidente de autob\u00fas. Estamos comprometidos a ayudarle a recuperar su calidad de vida a trav\u00e9s de una atenci\u00f3n integral y apoyo. Su viaje a la recuperaci\u00f3n comienza aqu\u00ed.<\/p>\n<h2>Su camino hacia la recuperaci\u00f3n<\/h2>\n<h3>Pasos a seguir tras un accidente de autob\u00fas<\/h3>\n<p>Despu\u00e9s de un accidente de autob\u00fas, tomar las medidas adecuadas es crucial para su recuperaci\u00f3n. Empiece por buscar atenci\u00f3n m\u00e9dica para cualquier lesi\u00f3n, aunque al principio parezca leve. Es esencial documentar su estado y obtener una evaluaci\u00f3n profesional. A continuaci\u00f3n, informe del accidente a las autoridades competentes y recabe toda la informaci\u00f3n necesaria de los testigos y del conductor del autob\u00fas. Mantener un registro de todos los detalles puede ser beneficioso para su caso m\u00e1s adelante.<\/p>\n<h3>C\u00f3mo los Centros de Heridas Hurt 911 Colorado pueden ayudar<\/h3>\n<p>En el Centro de Lesiones Hurt 911 Colorado, nos especializamos en el tratamiento de accidentes de autob\u00fas. Nuestro equipo se dedica a proporcionar atenci\u00f3n integral adaptada a sus necesidades. Desde la evaluaci\u00f3n inicial de la lesi\u00f3n hasta la rehabilitaci\u00f3n continua, ofrecemos una amplia gama de servicios. Nuestros experimentados m\u00e9dicos y quiropr\u00e1cticos trabajar\u00e1n estrechamente con usted para desarrollar un plan de tratamiento personalizado que aborde sus lesiones espec\u00edficas. Tambi\u00e9n ayudamos a navegar por las complejidades de las reclamaciones de seguros y apoyo legal, asegurando que reciba la compensaci\u00f3n que se merece.<\/p>\n<h3>Lograr los resultados que desea<\/h3>\n<p>Su recuperaci\u00f3n es nuestra prioridad. Al elegir Hurt 911, usted obtiene acceso a tratamientos eficaces que tienen como objetivo aliviar el dolor y promover la curaci\u00f3n. Nuestro enfoque integrado combina la atenci\u00f3n m\u00e9dica con la orientaci\u00f3n legal, haciendo que su camino hacia la recuperaci\u00f3n sea m\u00e1s suave. Nos centramos en ayudarle a recuperar su fuerza y movilidad, permiti\u00e9ndole volver a sus actividades diarias lo antes posible. Con nuestro apoyo, usted puede lograr los resultados que desea y volver a vivir su vida.<\/p>\n<h2>Contacte con los Centros de Lesiones Hurt 911 Colorado<\/h2>\n<p><img loading=\"lazy\" decoding=\"async\" class=\"alignnone wp-image-2064\" src=\"https:\/\/1800hurt911co.com\/wp-content\/uploads\/2020\/12\/banner-bg1-copy-1024x254.webp\" alt=\"Hurt911 Logo\" width=\"500\" height=\"124\" srcset=\"https:\/\/1800hurt911co.com\/wp-content\/uploads\/2020\/12\/banner-bg1-copy-1024x254.webp 1024w, https:\/\/1800hurt911co.com\/wp-content\/uploads\/2020\/12\/banner-bg1-copy-300x75.webp 300w, https:\/\/1800hurt911co.com\/wp-content\/uploads\/2020\/12\/banner-bg1-copy-768x191.webp 768w, https:\/\/1800hurt911co.com\/wp-content\/uploads\/2020\/12\/banner-bg1-copy-1536x382.webp 1536w, https:\/\/1800hurt911co.com\/wp-content\/uploads\/2020\/12\/banner-bg1-copy.webp 1920w\" sizes=\"(max-width: 500px) 100vw, 500px\" \/><\/p>\n<p>Si usted ha estado implicado en un accidente de autob\u00fas, tomar el primer paso hacia la recuperaci\u00f3n es crucial. En Hurt 911 Colorado Injury Centers, estamos dedicados a proporcionar el apoyo que necesita. Nuestro equipo est\u00e1 listo para ayudarle a navegar los desaf\u00edos que vienen despu\u00e9s de un accidente.<\/p>\n<h3>Comience su viaje de recuperaci\u00f3n hoy<\/h3>\n<p>Llegar a nosotros es simple. Puede llamar a nuestra oficina directamente o rellenar nuestro formulario de contacto en l\u00ednea. Damos prioridad a sus necesidades y responder\u00e1 con prontitud para asegurarse de obtener la orientaci\u00f3n que se merece.<\/p>\n<h3>Consulta gratuita<\/h3>\n<p>Ofrecemos una consulta gratuita para discutir sus lesiones y opciones de tratamiento. Esta reuni\u00f3n inicial nos permite entender mejor su situaci\u00f3n y esbozar un plan de atenci\u00f3n personalizada. Nuestro objetivo es hacer que el proceso sea lo m\u00e1s sencillo posible para usted.<\/p>\n<h3>Ubicaciones convenientes<\/h3>\n<p>Con m\u00faltiples ubicaciones en Lakewood, el acceso a nuestros servicios es f\u00e1cil. Ofrecemos transporte gratuito desde y hacia nuestras cl\u00ednicas, asegurando que usted puede centrarse en su recuperaci\u00f3n sin preocuparse por el viaje.<\/p>\n<h3>Su salud es nuestra prioridad<\/h3>\n<p>En los Centros de Lesiones Hurt 911 Colorado, su salud y bienestar son lo primero. Estamos comprometidos a ayudarle a recuperar su fuerza y volver a su vida cotidiana lo m\u00e1s r\u00e1pido posible. P\u00f3ngase en contacto con nosotros hoy mismo para dar el primer paso en su camino hacia la recuperaci\u00f3n.<\/p>\n","protected":false},"excerpt":{"rendered":"<p>Lakewood Tratamiento de Accidentes de Autob\u00fas Experimentar un accidente de autob\u00fas puede alterar la vida. Las secuelas a menudo implican dolor f\u00edsico, angustia emocional y cargas financieras. En Hurt 911 Colorado Injury Centers, entendemos los desaf\u00edos que enfrenta y estamos comprometidos a ayudarle a recuperar su vida. Nuestro centro de Lakewood se especializa en el [&hellip;]<\/p>\n","protected":false},"author":34,"featured_media":0,"parent":4409,"menu_order":0,"comment_status":"closed","ping_status":"closed","template":"","meta":{"_acf_changed":false,"footnotes":""},"class_list":["post-4413","page","type-page","status-publish","hentry"],"acf":[],"_links":{"self":[{"href":"https:\/\/1800hurt911co.com\/es\/wp-json\/wp\/v2\/pages\/4413","targetHints":{"allow":["GET"]}}],"collection":[{"href":"https:\/\/1800hurt911co.com\/es\/wp-json\/wp\/v2\/pages"}],"about":[{"href":"https:\/\/1800hurt911co.com\/es\/wp-json\/wp\/v2\/types\/page"}],"author":[{"embeddable":true,"href":"https:\/\/1800hurt911co.com\/es\/wp-json\/wp\/v2\/users\/34"}],"replies":[{"embeddable":true,"href":"https:\/\/1800hurt911co.com\/es\/wp-json\/wp\/v2\/comments?post=4413"}],"version-history":[{"count":2,"href":"https:\/\/1800hurt911co.com\/es\/wp-json\/wp\/v2\/pages\/4413\/revisions"}],"predecessor-version":[{"id":4415,"href":"https:\/\/1800hurt911co.com\/es\/wp-json\/wp\/v2\/pages\/4413\/revisions\/4415"}],"up":[{"embeddable":true,"href":"https:\/\/1800hurt911co.com\/es\/wp-json\/wp\/v2\/pages\/4409"}],"wp:attachment":[{"href":"https:\/\/1800hurt911co.com\/es\/wp-json\/wp\/v2\/media?parent=4413"}],"curies":[{"name":"wp","href":"https:\/\/api.w.org\/{rel}","templated":true}]}}