{"id":4416,"date":"2024-09-10T21:01:27","date_gmt":"2024-09-11T01:01:27","guid":{"rendered":"https:\/\/1800hurt911co.com\/lakewood\/lakewood-quiropractico-de-accidentes-de-coche\/"},"modified":"2024-10-03T02:28:02","modified_gmt":"2024-10-03T08:28:02","slug":"lakewood-quiropractico-de-accidentes-de-coche","status":"publish","type":"page","link":"https:\/\/1800hurt911co.com\/es\/lakewood\/lakewood-quiropractico-de-accidentes-de-coche\/","title":{"rendered":"Lakewood Quiropr\u00e1ctico de accidentes de coche"},"content":{"rendered":"<h2>Quiropr\u00e1ctico experto en accidentes de coche en Lakewood<\/h2>\n<p>Cuando usted ha estado involucrado en un accidente de coche, la atenci\u00f3n inmediata es crucial. En Hurt 911 Colorado Injury Centers, nos especializamos en proporcionar atenci\u00f3n integral de accidentes adaptada espec\u00edficamente para las v\u00edctimas en Lakewood. Nuestro equipo dedicado entiende el peaje f\u00edsico y emocional que las lesiones de auto pueden tomar en su vida. Nos centramos en la entrega de un tratamiento quiropr\u00e1ctico eficaz para ayudarle a recuperar su salud y bienestar. Nuestro enfoque est\u00e1 dise\u00f1ado para abordar no s\u00f3lo los s\u00edntomas, sino los problemas subyacentes causados por la colisi\u00f3n. La atenci\u00f3n quiropr\u00e1ctica en nuestro centro puede abordar una amplia gama de problemas de salud m\u00e1s all\u00e1 del alivio del dolor, incluyendo la mejora de la funci\u00f3n inmune y la mejora de la vitalidad general. Obtenga tratamiento de los mejores quiropr\u00e1cticos de accidentes de coche en Lakewood, Colorado.<\/p>\n<h2>Atenci\u00f3n integral de accidentes en Lakewood<\/h2>\n<p><a href=\"https:\/\/1800hurt911co.com\/wp-content\/uploads\/2024\/09\/shutterstock_2472681943.webp\"><img fetchpriority=\"high\" decoding=\"async\" class=\"alignnone wp-image-2543 size-full\" src=\"https:\/\/1800hurt911co.com\/wp-content\/uploads\/2024\/09\/shutterstock_2472681943.webp\" alt=\"Lakewood Quiropr\u00e1ctico de accidentes de coche\" width=\"500\" height=\"334\" srcset=\"https:\/\/1800hurt911co.com\/wp-content\/uploads\/2024\/09\/shutterstock_2472681943.webp 500w, https:\/\/1800hurt911co.com\/wp-content\/uploads\/2024\/09\/shutterstock_2472681943-300x200.webp 300w\" sizes=\"(max-width: 500px) 100vw, 500px\" \/><\/a><\/p>\n<p>Nuestros cualificados quiropr\u00e1cticos utilizan herramientas de diagn\u00f3stico avanzadas para evaluar su estado con precisi\u00f3n. Esto nos permite crear un plan de tratamiento personalizado que se dirige a sus necesidades espec\u00edficas. Hacemos hincapi\u00e9 en la interconexi\u00f3n de los sistemas musculoesquel\u00e9tico y nervioso en la salud en general, el tratamiento de las quejas neuromusculoesquel\u00e9tico como el dolor y las lesiones. Si usted est\u00e1 tratando con dolor de cuello, dolores de cabeza, u otras lesiones comunes resultantes de accidentes de tr\u00e1fico, nuestro equipo est\u00e1 aqu\u00ed para ayudar. Elegir Hurt 911 significa elegir un socio en su viaje de recuperaci\u00f3n. Estamos comprometidos a asegurar que usted reciba la m\u00e1s alta calidad de atenci\u00f3n. Nuestra cl\u00ednica es reconocida por su dedicaci\u00f3n al bienestar del paciente y se ha ganado la confianza en toda el \u00e1rea metropolitana de Denver. Si est\u00e1 listo para dar el primer paso hacia la curaci\u00f3n, p\u00f3ngase en contacto con nosotros. Estamos aqu\u00ed para apoyarle en cada paso del camino, proporcionando la atenci\u00f3n que necesita para volver a su vida.<\/p>\n<h2>Qu\u00e9 hacer tras un accidente de tr\u00e1fico<\/h2>\n<p>Despu\u00e9s de sufrir un accidente de coche, es esencial dar prioridad a su salud y bienestar sobre el estado de su veh\u00edculo. Incluso un accidente de coche leve puede causar da\u00f1os importantes a su salud, y es crucial buscar atenci\u00f3n m\u00e9dica tan pronto como sea posible. Estos son algunos pasos a seguir despu\u00e9s de un accidente de coche:<\/p>\n<ul>\n<li><strong>Busque atenci\u00f3n m\u00e9dica<\/strong>: Si usted o alguno de los implicados en el accidente resulta herido, llame inmediatamente a los servicios de urgencias. Aunque no sientas dolor ni molestias, es esencial que te examine un profesional m\u00e9dico. Algunas lesiones, como el latigazo cervical, pueden no manifestarse hasta d\u00edas o semanas despu\u00e9s del accidente.<\/li>\n<li><strong>Documenta el accidente<\/strong>: Haz fotos del lugar del accidente, incluidos los da\u00f1os a veh\u00edculos o propiedades. Aseg\u00farate tambi\u00e9n de intercambiar informaci\u00f3n de contacto y del seguro con las otras partes implicadas.<\/li>\n<li><strong>Informe a su compa\u00f1\u00eda de seguros<\/strong>: Informe a su compa\u00f1\u00eda de seguros sobre el accidente lo antes posible. Ellos le guiar\u00e1n en el proceso de reclamaci\u00f3n y le informar\u00e1n sobre lo que puede esperar.<\/li>\n<li><strong>Visite a un quiropr\u00e1ctico<\/strong>: La atenci\u00f3n quiropr\u00e1ctica es una parte crucial del proceso de recuperaci\u00f3n despu\u00e9s de un accidente automovil\u00edstico. Un quiropr\u00e1ctico puede ayudar a aliviar el dolor muscular y la rigidez, y prevenir da\u00f1os a largo plazo. Tambi\u00e9n puede proporcionarle un enfoque integral del tratamiento, que incluye fisioterapia, rehabilitaci\u00f3n y ejercicios en casa.<\/li>\n<li><strong>No retrase el tratamiento<\/strong>: No espere a que su compa\u00f1\u00eda de seguros tramite su reclamaci\u00f3n antes de buscar tratamiento. Muchos quiropr\u00e1cticos, incluidos los de Hurt 911 Colorado Injury Centers, ofrecen planes de pago y trabajan con abogados para asegurar que su liquidaci\u00f3n no se retrase.<\/li>\n<\/ul>\n<p>Recuerde, el cuidado quiropr\u00e1ctico no es s\u00f3lo para tratar el dolor de espalda o cuello; es un enfoque hol\u00edstico de la salud que puede ayudar con una amplia gama de problemas de salud, incluyendo el estr\u00e9s, la relajaci\u00f3n y la funci\u00f3n del sistema inmunol\u00f3gico. Al buscar atenci\u00f3n quiropr\u00e1ctica despu\u00e9s de un accidente de auto, puede eliminar el dolor, restaurar la movilidad y mejorar su calidad de vida en general. En Hurt 911 Colorado Injury Centers, nuestro equipo de quiropr\u00e1cticos experimentados se dedica a proporcionarle atenci\u00f3n quiropr\u00e1ctica avanzada y un enfoque integral del tratamiento. Contamos con formaci\u00f3n especializada en el cuidado de lesiones relacionadas con accidentes y en la documentaci\u00f3n\/gesti\u00f3n adecuada de casos. P\u00f3ngase en contacto con nosotros hoy para programar una cita y dar el primer paso hacia la recuperaci\u00f3n.<\/p>\n<h2>Planes personalizados del tratamiento de lesi\u00f3n del accidente auto<\/h2>\n<p>En los Centros de Lesiones Hurt 911 Colorado, entendemos que cada v\u00edctima de accidente automovil\u00edstico tiene necesidades \u00fanicas. Es por eso que hacemos hincapi\u00e9 en los planes de tratamiento personalizados adaptados espec\u00edficamente para usted. Nuestro enfoque comienza con una evaluaci\u00f3n exhaustiva de su condici\u00f3n, lo que nos permite identificar el mejor curso de acci\u00f3n para su recuperaci\u00f3n. Nuestro experimentado equipo desarrollar\u00e1 un plan personalizado que se ocupa de sus lesiones espec\u00edficas, ya sea dolor de cuello, lesiones de tejidos blandos, u otras lesiones sufridas en accidentes de tr\u00e1fico. Las lesiones por latigazo cervical son un resultado com\u00fan de los accidentes de coche, a menudo causada por el movimiento brusco de la cabeza. Es crucial para hacer frente a estas lesiones con prontitud para prevenir los s\u00edntomas de retraso y garantizar una recuperaci\u00f3n adecuada. Nos centramos en su situaci\u00f3n individual, asegur\u00e1ndose de que cada opci\u00f3n de tratamiento est\u00e1 alineado con sus objetivos de recuperaci\u00f3n. Utilizamos servicios de diagn\u00f3stico avanzados para recopilar informaci\u00f3n detallada sobre sus lesiones. Esto incluye radiograf\u00edas, resonancias magn\u00e9ticas y otras t\u00e9cnicas de imagen que nos ayudan a evaluar con precisi\u00f3n su estado. Con esta informaci\u00f3n, podemos crear una estrategia de tratamiento espec\u00edfico que alivia eficazmente el dolor y promueve la curaci\u00f3n. Adem\u00e1s de la atenci\u00f3n quiropr\u00e1ctica, nuestros planes de tratamiento pueden incorporar la terapia f\u00edsica y otros servicios. Este enfoque integral asegura que usted reciba la mejor atenci\u00f3n posible, ayud\u00e1ndole a navegar por el camino de la recuperaci\u00f3n con confianza. Su viaje hacia la recuperaci\u00f3n comienza con un plan dise\u00f1ado espec\u00edficamente para usted. Perm\u00edtanos ayudarle a recuperar su salud y volver a su vida.<\/p>\n<h2>Recup\u00e9rese de su lesi\u00f3n automovil\u00edstica con los Centros de Lesiones Hurt 911 Colorado<\/h2>\n<p><a href=\"https:\/\/1800hurt911co.com\/wp-content\/uploads\/2024\/09\/shutterstock_1770797390.webp\"><img decoding=\"async\" class=\"alignnone wp-image-2539 size-full\" src=\"https:\/\/1800hurt911co.com\/wp-content\/uploads\/2024\/09\/shutterstock_1770797390.webp\" alt=\"Chiropractic Care After a Car Accident in Lakewood, Colorado\" width=\"500\" height=\"369\" srcset=\"https:\/\/1800hurt911co.com\/wp-content\/uploads\/2024\/09\/shutterstock_1770797390.webp 500w, https:\/\/1800hurt911co.com\/wp-content\/uploads\/2024\/09\/shutterstock_1770797390-300x221.webp 300w\" sizes=\"(max-width: 500px) 100vw, 500px\" \/><\/a><\/p>\n<h3>C\u00f3mo concertar su primera cita<\/h3>\n<p>Tomar el primer paso hacia la recuperaci\u00f3n es crucial despu\u00e9s de un accidente de coche. Cuando se ponga en contacto con Hurt 911 Colorado Injury Centers, nuestro amable personal le guiar\u00e1 a trav\u00e9s del proceso de programaci\u00f3n de su consulta inicial. Entendemos que usted puede estar tratando con el dolor y la incertidumbre, por lo que nuestro objetivo es hacer de este proceso lo m\u00e1s f\u00e1cil posible.<\/p>\n<p>Durante su primera cita, nuestro equipo llevar\u00e1 a cabo una evaluaci\u00f3n exhaustiva de sus lesiones y discutir su historial m\u00e9dico. Esta informaci\u00f3n nos ayudar\u00e1 a crear un plan de tratamiento personalizado para abordar sus necesidades espec\u00edficas. Tambi\u00e9n tendr\u00e1 la oportunidad de hacer preguntas y expresar cualquier preocupaci\u00f3n que pueda tener acerca de su recuperaci\u00f3n.<\/p>\n<h3>Qu\u00e9 esperar durante la consulta inicial<\/h3>\n<p>Su consulta inicial est\u00e1 dise\u00f1ada para recopilar informaci\u00f3n esencial sobre su enfermedad. Le realizaremos un examen exhaustivo en el que evaluaremos su amplitud de movimiento, su fuerza y cualquier zona que presente molestias. Esta evaluaci\u00f3n nos permite identificar el mejor curso de acci\u00f3n para su tratamiento.<\/p>\n<p>Tambi\u00e9n discutiremos los diversos servicios quiropr\u00e1cticos disponibles para usted, incluyendo t\u00e9cnicas de alivio del dolor y ejercicios de rehabilitaci\u00f3n. Nuestro objetivo es asegurar que usted se sienta informado y c\u00f3modo con su plan de tratamiento.<\/p>\n<h3>Preparaci\u00f3n para su visita<\/h3>\n<p>Para sacar el m\u00e1ximo provecho de su cita, considere traer los siguientes elementos:<\/p>\n<ul>\n<li>Cualquier historial m\u00e9dico relacionado con su accidente de coche<\/li>\n<li>Una lista de los medicamentos que est\u00e1 tomando actualmente<\/li>\n<li>Preguntas o preocupaciones que desea abordar durante su visita<\/li>\n<\/ul>\n<p>Estar preparado nos ayuda a proporcionar la mejor atenci\u00f3n posible y prepara el terreno para un tratamiento eficaz.<\/p>\n<h2>Preguntas frecuentes<\/h2>\n<h3>\u00bfCu\u00e1nto cuesta el cuidado quiropr\u00e1ctico?<\/h3>\n<p>No hay costos por adelantado para el cuidado quiropr\u00e1ctico en Hurt911 Colorado. Nuestro equipo es pagado despu\u00e9s de que usted gane compensaci\u00f3n en su caso de accidente de coche. Remitimos a los pacientes a los abogados de accidentes de coche que pueden agilizar el proceso de reclamaciones.<\/p>\n<h3>\u00bfQu\u00e9 Tan Pronto Empezar\u00e9 a Sentirme Mejor?<\/h3>\n<p>La l\u00ednea de tiempo de recuperaci\u00f3n de cada individuo var\u00eda en funci\u00f3n de la naturaleza de sus lesiones. Algunos pacientes experimentan alivio despu\u00e9s de unas pocas sesiones, mientras que otros pueden requerir m\u00e1s tiempo. Nuestro equipo seguir\u00e1 de cerca su progreso y ajustar\u00e1 su plan de tratamiento seg\u00fan sea necesario para apoyar su viaje de recuperaci\u00f3n.<\/p>\n<p>Estamos aqu\u00ed para ayudarle a superar este dif\u00edcil momento. P\u00f3ngase en contacto con nosotros hoy mismo para iniciar su camino hacia la recuperaci\u00f3n con los Centros de Lesiones Hurt 911 Colorado.<\/p>\n<h2>Cont\u00e1ctenos Hoy<\/h2>\n<p><img decoding=\"async\" class=\"alignnone wp-image-2064\" src=\"https:\/\/1800hurt911co.com\/wp-content\/uploads\/2020\/12\/banner-bg1-copy-1024x254.webp\" alt=\"Hurt911 Logo\" width=\"500\" height=\"124\" srcset=\"https:\/\/1800hurt911co.com\/wp-content\/uploads\/2020\/12\/banner-bg1-copy-1024x254.webp 1024w, https:\/\/1800hurt911co.com\/wp-content\/uploads\/2020\/12\/banner-bg1-copy-300x75.webp 300w, https:\/\/1800hurt911co.com\/wp-content\/uploads\/2020\/12\/banner-bg1-copy-768x191.webp 768w, https:\/\/1800hurt911co.com\/wp-content\/uploads\/2020\/12\/banner-bg1-copy-1536x382.webp 1536w, https:\/\/1800hurt911co.com\/wp-content\/uploads\/2020\/12\/banner-bg1-copy.webp 1920w\" sizes=\"(max-width: 500px) 100vw, 500px\" \/><\/p>\n<h3>Comience su viaje a la recuperaci\u00f3n<\/h3>\n<p>En <a href=\"\/es\/\">Hurt 911 Colorado Injury Centers<\/a>, nos dedicamos a ayudarle a recuperar el control de su vida despu\u00e9s de un accidente de coche. Nuestro equipo est\u00e1 aqu\u00ed para proporcionarle el apoyo que necesita, gui\u00e1ndole a trav\u00e9s de cada paso de su proceso de recuperaci\u00f3n.<\/p>\n<h3>Ubicaciones convenientes en toda el \u00e1rea metropolitana de Denver<\/h3>\n<p>Tenemos m\u00faltiples ubicaciones en toda el \u00e1rea metropolitana de Denver, incluyendo Lakewood, CO, por lo que es f\u00e1cil para que usted pueda acceder a nuestros servicios de confianza y de expertos. Nuestras cl\u00ednicas est\u00e1n estrat\u00e9gicamente situadas para su comodidad.<\/p>\n<h3>Acuda a nuestro equipo en busca de apoyo y orientaci\u00f3n<\/h3>\n<p>No deje que sus lesiones dicten su futuro. P\u00f3ngase en contacto con nosotros hoy mismo para concertar su primera cita. Nuestro atento personal est\u00e1 listo para responder a sus preguntas y ayudarle a entender sus opciones de tratamiento. Damos prioridad a su salud y bienestar, asegur\u00e1ndonos de que reciba la atenci\u00f3n integral que se merece. Perm\u00edtanos ayudarle a recorrer el camino hacia la recuperaci\u00f3n.<\/p>\n","protected":false},"excerpt":{"rendered":"<p>Quiropr\u00e1ctico experto en accidentes de coche en Lakewood Cuando usted ha estado involucrado en un accidente de coche, la atenci\u00f3n inmediata es crucial. En Hurt 911 Colorado Injury Centers, nos especializamos en proporcionar atenci\u00f3n integral de accidentes adaptada espec\u00edficamente para las v\u00edctimas en Lakewood. Nuestro equipo dedicado entiende el peaje f\u00edsico y emocional que las [&hellip;]<\/p>\n","protected":false},"author":34,"featured_media":0,"parent":4409,"menu_order":0,"comment_status":"closed","ping_status":"closed","template":"","meta":{"_acf_changed":false,"footnotes":""},"class_list":["post-4416","page","type-page","status-publish","hentry"],"acf":[],"_links":{"self":[{"href":"https:\/\/1800hurt911co.com\/es\/wp-json\/wp\/v2\/pages\/4416","targetHints":{"allow":["GET"]}}],"collection":[{"href":"https:\/\/1800hurt911co.com\/es\/wp-json\/wp\/v2\/pages"}],"about":[{"href":"https:\/\/1800hurt911co.com\/es\/wp-json\/wp\/v2\/types\/page"}],"author":[{"embeddable":true,"href":"https:\/\/1800hurt911co.com\/es\/wp-json\/wp\/v2\/users\/34"}],"replies":[{"embeddable":true,"href":"https:\/\/1800hurt911co.com\/es\/wp-json\/wp\/v2\/comments?post=4416"}],"version-history":[{"count":2,"href":"https:\/\/1800hurt911co.com\/es\/wp-json\/wp\/v2\/pages\/4416\/revisions"}],"predecessor-version":[{"id":4418,"href":"https:\/\/1800hurt911co.com\/es\/wp-json\/wp\/v2\/pages\/4416\/revisions\/4418"}],"up":[{"embeddable":true,"href":"https:\/\/1800hurt911co.com\/es\/wp-json\/wp\/v2\/pages\/4409"}],"wp:attachment":[{"href":"https:\/\/1800hurt911co.com\/es\/wp-json\/wp\/v2\/media?parent=4416"}],"curies":[{"name":"wp","href":"https:\/\/api.w.org\/{rel}","templated":true}]}}