{"id":4419,"date":"2024-09-10T20:39:38","date_gmt":"2024-09-11T00:39:38","guid":{"rendered":"https:\/\/1800hurt911co.com\/lakewood\/lakewood-medico-de-accidentes-de-trafico\/"},"modified":"2024-10-03T02:37:20","modified_gmt":"2024-10-03T08:37:20","slug":"lakewood-medico-de-accidentes-de-trafico","status":"publish","type":"page","link":"https:\/\/1800hurt911co.com\/es\/lakewood\/lakewood-medico-de-accidentes-de-trafico\/","title":{"rendered":"Lakewood M\u00e9dico de accidentes de tr\u00e1fico"},"content":{"rendered":"<h2>\u00bfNecesite a un doctor del accidente de coche de Lakewood?<\/h2>\n<p>En Hurt 911 Colorado Injury Centers, entendemos los desaf\u00edos que enfrenta despu\u00e9s de un accidente automovil\u00edstico. Nuestro m\u00e9dico de accidentes de coche Lakewood se dedica a ayudarle a recuperar su salud y volver a su vida cotidiana. Ofrecemos un enfoque integral para la recuperaci\u00f3n, asegurando que reciba la atenci\u00f3n m\u00e9dica que necesita para sanar eficazmente.<\/p>\n<p>Cuando visite nuestro centro, puede esperar una evaluaci\u00f3n exhaustiva de sus lesiones. Nuestro experimentado equipo evaluar\u00e1 su estado y crear\u00e1 un plan de tratamiento personalizado que se centre en sus necesidades espec\u00edficas. Si usted est\u00e1 tratando con latigazo cervical, lesiones de tejidos blandos, u otras lesiones por accidente de auto, tenemos la experiencia para guiarlo a trav\u00e9s de su viaje de recuperaci\u00f3n.<\/p>\n<p>Nuestras instalaciones est\u00e1n equipadas con servicios avanzados de diagn\u00f3stico, incluyendo rayos X y resonancia magn\u00e9tica, para identificar con precisi\u00f3n la causa ra\u00edz de su dolor. Esto nos permite desarrollar una estrategia de tratamiento eficaz que promueve la curaci\u00f3n y alivia el malestar.<\/p>\n<p>Tambi\u00e9n reconocemos la importancia de la accesibilidad. Por eso ofrecemos servicios de transporte gratuitos para garantizar que pueda acudir a sus citas sin estr\u00e9s a\u00f1adido.<\/p>\n<p>Su recuperaci\u00f3n es nuestra prioridad. Con nuestro equipo dedicado a su lado, usted puede centrarse en lo que m\u00e1s importa: volver a su vida, libre de dolor. Programe hoy mismo su consulta gratuita sobre accidentes y d\u00e9 el primer paso hacia un futuro m\u00e1s brillante y saludable.<\/p>\n<h2>\u00bfPor qu\u00e9 elegir Hurt 911 Colorado Injury Centers?<\/h2>\n<p><a href=\"https:\/\/1800hurt911co.com\/wp-content\/uploads\/2024\/09\/shutterstock_2428486561.webp\"><img fetchpriority=\"high\" decoding=\"async\" class=\"alignnone wp-image-2550 size-full\" src=\"https:\/\/1800hurt911co.com\/wp-content\/uploads\/2024\/09\/shutterstock_2428486561.webp\" alt=\"Car Accident in Lakewood, Colorado\" width=\"500\" height=\"334\" srcset=\"https:\/\/1800hurt911co.com\/wp-content\/uploads\/2024\/09\/shutterstock_2428486561.webp 500w, https:\/\/1800hurt911co.com\/wp-content\/uploads\/2024\/09\/shutterstock_2428486561-300x200.webp 300w\" sizes=\"(max-width: 500px) 100vw, 500px\" \/><\/a><\/p>\n<p>Cuando usted se enfrenta con las secuelas de un accidente de coche, elegir el proveedor m\u00e9dico adecuado es crucial. En Hurt 911 Colorado Injury Centers, entendemos los desaf\u00edos a los que se enfrenta. Nuestro m\u00e9dico de accidentes de coche Lakewood se dedica a proporcionar la atenci\u00f3n de la m\u00e1s alta calidad para ayudarle a recuperarse.<\/p>\n<p>Damos prioridad a su bienestar. Nuestro experimentado equipo se especializa en el tratamiento de lesiones por accidentes automovil\u00edsticos, asegurando que usted reciba una atenci\u00f3n integral adaptada a sus necesidades espec\u00edficas. Desde las evaluaciones iniciales hasta el tratamiento continuo, nos centramos en todos los aspectos de su recuperaci\u00f3n. Usted puede esperar una atenci\u00f3n personalizada y un compromiso para ayudarle a recuperar su salud y la paz de la mente.<\/p>\n<p>Nuestras instalaciones est\u00e1n equipadas con herramientas de diagn\u00f3stico avanzadas, incluidas radiograf\u00edas y resonancias magn\u00e9ticas, para documentar adecuadamente sus lesiones. Este enfoque exhaustivo no s\u00f3lo ayuda en su tratamiento, sino que tambi\u00e9n apoya cualquier posible reclamaci\u00f3n legal que pueda necesitar para perseguir. Trabajamos estrechamente con usted para crear un plan de recuperaci\u00f3n que aborde su dolor y promueva la curaci\u00f3n.<\/p>\n<p>Elegir Hurt 911 significa elegir un equipo que realmente se preocupa por su recuperaci\u00f3n. Ofrecemos servicios de transporte gratuitos para facilitar el acceso a la atenci\u00f3n, asegurando que pueda centrarse en lo que m\u00e1s importa: volver a su vida. Con nuestra experiencia y enfoque compasivo, puede confiar en que est\u00e1 en buenas manos. Perm\u00edtanos ayudarle a superar este dif\u00edcil momento y a trabajar para conseguir un futuro sin dolor.<\/p>\n<h2>Nos especializamos en accidentes de auto<\/h2>\n<p>En Hurt 911 Colorado Injury Centers, nos centramos en una variedad de tipos de accidentes para proporcionar una atenci\u00f3n integral a nuestros pacientes. Nuestro m\u00e9dico de accidentes de coche Lakewood est\u00e1 equipado para manejar los desaf\u00edos \u00fanicos que vienen con diferentes tipos de lesiones. Si usted ha estado involucrado en un accidente de coche, motocicleta o cami\u00f3n, tenemos la experiencia para ayudarle a recuperarse.<\/p>\n<h3>Accidentes de tr\u00e1fico<\/h3>\n<p>Los accidentes de tr\u00e1fico son una de las causas m\u00e1s comunes de lesiones. Nuestros especialistas est\u00e1n capacitados para diagnosticar y tratar desde latigazos cervicales hasta lesiones m\u00e1s graves.<\/p>\n<h3>Accidentes de moto<\/h3>\n<p>Los accidentes de moto suelen provocar lesiones graves. Ofrecemos planes de tratamiento adaptados a las necesidades espec\u00edficas de los motoristas.<\/p>\n<h3>Accidentes de cami\u00f3n<\/h3>\n<p>Debido a su tama\u00f1o y peso, los accidentes de camiones pueden provocar lesiones graves. Nuestro equipo entiende la complejidad de estos casos y est\u00e1 aqu\u00ed para ayudar.<\/p>\n<h3>Accidentes de autob\u00fas<\/h3>\n<p>Las lesiones por accidentes de autob\u00fas pueden ser complicadas. Proporcionamos atenci\u00f3n minuciosa y orientaci\u00f3n legal para asegurar que su recuperaci\u00f3n es prioritaria.<\/p>\n<h3>Accidentes por conducir ebrio<\/h3>\n<p>Los accidentes por conducir ebrio pueden dejar impactos duraderos. Estamos comprometidos a ayudar a las v\u00edctimas a navegar por el proceso de recuperaci\u00f3n, mientras que la b\u00fasqueda de la justicia.<\/p>\n<h3>Accidentes de bicicleta<\/h3>\n<p>Los ciclistas son vulnerables en la carretera. Nuestra cl\u00ednica se especializa en el tratamiento de lesiones sufridas en accidentes de bicicleta, asegurando una rehabilitaci\u00f3n adecuada.<\/p>\n<h3>Accidentes de Uber y Lyft<\/h3>\n<p>Los accidentes de Uber y Lyft van en aumento. Entendemos los matices de estos casos y ofrecemos una atenci\u00f3n integral para ayudarle a recuperarse.<\/p>\n<h3>Accidentes de Pasajeros\/Peatones<\/h3>\n<p>Las lesiones a pasajeros o peatones pueden alterar la vida. Nuestro objetivo es ayudarle a recuperar su salud y bienestar.<\/p>\n<p>No importa el tipo de accidente, nuestro m\u00e9dico de accidentes de coche Lakewood y equipo dedicado est\u00e1n aqu\u00ed para apoyarle en cada paso del camino. Su recuperaci\u00f3n es nuestra prioridad.<\/p>\n<h2>Atenci\u00f3n integral para lesiones por accidente de auto<\/h2>\n<p><a href=\"https:\/\/1800hurt911co.com\/wp-content\/uploads\/2024\/09\/shutterstock_2078934109.webp\"><img decoding=\"async\" class=\"alignnone wp-image-2547 size-full\" src=\"https:\/\/1800hurt911co.com\/wp-content\/uploads\/2024\/09\/shutterstock_2078934109.webp\" alt=\"Lakewood M\u00e9dico de accidentes de tr\u00e1fico\" width=\"500\" height=\"334\" srcset=\"https:\/\/1800hurt911co.com\/wp-content\/uploads\/2024\/09\/shutterstock_2078934109.webp 500w, https:\/\/1800hurt911co.com\/wp-content\/uploads\/2024\/09\/shutterstock_2078934109-300x200.webp 300w\" sizes=\"(max-width: 500px) 100vw, 500px\" \/><\/a><\/p>\n<p>En los Centros de Lesiones Hurt 911 Colorado, entendemos que la recuperaci\u00f3n de lesiones por accidentes automovil\u00edsticos requiere un enfoque multifac\u00e9tico. Nuestro equipo dedicado proporciona el cuidado comprensivo adaptado a sus necesidades espec\u00edficas. He aqu\u00ed c\u00f3mo le ayudamos a trav\u00e9s del proceso de recuperaci\u00f3n:<\/p>\n<h3>Atenci\u00f3n m\u00e9dica y servicios de diagn\u00f3stico<\/h3>\n<p>Damos prioridad a un diagn\u00f3stico preciso y un tratamiento eficaz. Nuestros servicios incluyen<\/p>\n<p><strong>Rayos X y Resonancia Magn\u00e9tica<\/strong>: Estas herramientas de diagn\u00f3stico nos ayudan a evaluar adecuadamente sus lesiones. La detecci\u00f3n temprana es crucial para una recuperaci\u00f3n exitosa, lo que nos permite identificar problemas como fracturas, da\u00f1os en los tejidos blandos, u otras complicaciones.<\/p>\n<h3>Cuidado Quiropr\u00e1ctico y Fisioterapia<\/h3>\n<p>Nuestro enfoque hace hincapi\u00e9 en la curaci\u00f3n hol\u00edstica a trav\u00e9s de la terapia f\u00edsica y la atenci\u00f3n quiropr\u00e1ctica.<\/p>\n<ul>\n<li><strong>Tratamiento del latigazo cervical<\/strong>: El latigazo cervical es una lesi\u00f3n com\u00fan en los accidentes automovil\u00edsticos. Nuestros quiropr\u00e1cticos y fisioterapeutas proporcionan tratamientos espec\u00edficos para aliviar el dolor y restaurar la movilidad.<\/li>\n<li><strong>Tratamiento de lesiones de tejidos blandos<\/strong>: Nos centramos en la curaci\u00f3n de los m\u00fasculos y ligamentos afectados por su accidente. Nuestras terapias tienen como objetivo reducir la inflamaci\u00f3n y promover la curaci\u00f3n.<\/li>\n<\/ul>\n<h3>Planes personalizados para lesiones<\/h3>\n<p>Cada lesi\u00f3n es \u00fanica, y tambi\u00e9n lo es nuestra estrategia de tratamiento. Seguimos un proceso estructurado para asegurar que usted reciba la mejor atenci\u00f3n:<\/p>\n<ul>\n<li><strong>Paso 1<\/strong>: Hable con un especialista en accidentes automovil\u00edsticos: Nuestro equipo llevar\u00e1 a cabo una evaluaci\u00f3n exhaustiva de su condici\u00f3n y discutir sus s\u00edntomas.<\/li>\n<li><strong>Paso 2<\/strong>: Reciba su plan personalizado de lesiones: Sobre la base de su diagn\u00f3stico, vamos a crear un plan de tratamiento a medida, delineando los pasos necesarios para la recuperaci\u00f3n.<\/li>\n<li><strong>Paso 3<\/strong>: Comience su proceso de curaci\u00f3n: Con su plan en marcha, le guiaremos a trav\u00e9s de su tratamiento, asegur\u00e1ndonos de que reciba el apoyo necesario para una recuperaci\u00f3n exitosa.<\/li>\n<\/ul>\n<p>En Hurt 911 Colorado Injury Centers, estamos comprometidos a ayudarle a recuperar su salud y volver a su vida cotidiana despu\u00e9s de un accidente de auto. Su recuperaci\u00f3n es nuestra prioridad.<\/p>\n<h2>Gesti\u00f3n de Casos y Asistencia Legal<\/h2>\n<p><a href=\"https:\/\/1800hurt911co.com\/wp-content\/uploads\/2024\/09\/hurt911-car-accident-lawyer.webp\"><img decoding=\"async\" class=\"alignnone wp-image-2920 size-full\" src=\"https:\/\/1800hurt911co.com\/wp-content\/uploads\/2024\/09\/hurt911-car-accident-lawyer.webp\" alt=\"Lakewood Car Accident Lawyer\" width=\"500\" height=\"334\" srcset=\"https:\/\/1800hurt911co.com\/wp-content\/uploads\/2024\/09\/hurt911-car-accident-lawyer.webp 500w, https:\/\/1800hurt911co.com\/wp-content\/uploads\/2024\/09\/hurt911-car-accident-lawyer-300x200.webp 300w\" sizes=\"(max-width: 500px) 100vw, 500px\" \/><\/a><\/p>\n<p>Navegar las secuelas de un accidente de coche puede ser abrumador. En Hurt 911 Colorado Injury Centers, entendemos los desaf\u00edos que enfrenta y estamos aqu\u00ed para ayudar. Nuestro equipo dedicado proporciona la gesti\u00f3n de caso comprensiva y la ayuda legal adaptada a sus necesidades.<\/p>\n<h3>Documente correctamente su lesi\u00f3n<\/h3>\n<p>La documentaci\u00f3n exacta es crucial para su recuperaci\u00f3n y cualquier reclamaci\u00f3n legal potencial. Nuestros profesionales le guiar\u00e1n en el mantenimiento de registros detallados de sus lesiones, planes de tratamiento y gastos m\u00e9dicos. Esto asegura que usted tiene la informaci\u00f3n necesaria para apoyar su caso y buscar una compensaci\u00f3n justa.<\/p>\n<h3>Comunicaci\u00f3n con las compa\u00f1\u00edas de seguros<\/h3>\n<p>Tratar con las compa\u00f1\u00edas de seguros puede ser un proceso complejo y frustrante. Nuestra red de abogados maneja toda la comunicaci\u00f3n con los ajustadores de seguros. Ellos trabajan diligentemente para defender sus derechos, asegurando que sus intereses sean priorizados y que usted reciba la compensaci\u00f3n que merece.<\/p>\n<h3>Apoyo legal en casos de lesiones personales<\/h3>\n<p>Si su situaci\u00f3n requiere intervenci\u00f3n legal, nuestros experimentados abogados est\u00e1n listos para ayudarle. Nos especializamos en casos de lesiones personales, ofreciendo orientaci\u00f3n experta durante todo el proceso legal. Desde la presentaci\u00f3n de reclamaciones hasta la negociaci\u00f3n de acuerdos, estamos comprometidos a asegurar el mejor resultado posible para usted.<\/p>\n<p>Con los Centros de Lesiones Hurt 911 Colorado, usted no s\u00f3lo est\u00e1 recibiendo atenci\u00f3n m\u00e9dica; usted est\u00e1 recibiendo un sistema de apoyo integral para ayudarle a recuperarse y recuperar el control de su vida despu\u00e9s de un accidente automovil\u00edstico. Perm\u00edtanos quitarle la carga de sus hombros mientras usted se concentra en sanar.<\/p>\n<h2>Servicios gratuitos de transporte<\/h2>\n<h3>Haciendo el acceso al cuidado m\u00e1s f\u00e1cil<\/h3>\n<p>En Hurt 911 Colorado Injury Centers, entendemos que despu\u00e9s de un accidente de coche, llegar a sus citas m\u00e9dicas puede ser un reto. Es por eso que ofrecemos servicios de transporte gratuito a nuestros pacientes en Lakewood. Su recuperaci\u00f3n debe ser la m\u00e1xima prioridad, y nuestro objetivo es eliminar cualquier barrera para acceder a la atenci\u00f3n.<\/p>\n<p>Si usted necesita un paseo para ver a nuestro m\u00e9dico de accidente de coche, fisioterapeuta o quiropr\u00e1ctico, estamos aqu\u00ed para ayudar. Nuestros servicios de transporte est\u00e1n dise\u00f1ados para ofrecerle una experiencia sin complicaciones. Usted puede centrarse en su curaci\u00f3n, mientras que nosotros nos encargamos de la log\u00edstica.<\/p>\n<p>Nuestro compromiso con su recuperaci\u00f3n va m\u00e1s all\u00e1 del tratamiento m\u00e9dico. Sabemos que el estr\u00e9s puede obstaculizar su proceso de curaci\u00f3n, por lo que nos ocupamos de los detalles. Al ofrecerle transporte gratuito, nos aseguramos de que pueda acudir a todas las citas necesarias sin preocuparse por los costes o los preparativos del transporte.<\/p>\n<p>D\u00e9 el primer paso hacia la recuperaci\u00f3n con los Centros de Lesiones Hurt 911 Colorado. Programe su cita hoy mismo y perm\u00edtanos apoyarle en su viaje para recuperar su salud y bienestar.<\/p>\n<h2>Nuestro compromiso con usted<\/h2>\n<p>En Hurt 911 Colorado Injury Centers, damos prioridad a su recuperaci\u00f3n y bienestar por encima de todo. Entendemos que hacer frente a las secuelas de un accidente de coche puede ser abrumador. Nuestro equipo dedicado est\u00e1 aqu\u00ed para proporcionarle el apoyo y la atenci\u00f3n que necesita para volver a ponerse de pie.<\/p>\n<h3>R\u00e1pida recuperaci\u00f3n y atenci\u00f3n integral<\/h3>\n<p>Nos centramos en la creaci\u00f3n de un plan de tratamiento personalizado dise\u00f1ado para hacer frente a sus lesiones y necesidades \u00fanicas. Nuestros experimentados m\u00e9dicos y fisioterapeutas trabajan juntos para garantizar que reciba una atenci\u00f3n integral que promueva una r\u00e1pida recuperaci\u00f3n. Esto incluye ex\u00e1menes exhaustivos, servicios de diagn\u00f3stico y estrategias de rehabilitaci\u00f3n personalizadas. Nos comprometemos a ayudarle a recuperar su fuerza y funcionalidad lo antes posible.<\/p>\n<h3>Recupere su vida<\/h3>\n<p>Su vida no deber\u00eda estar definida por el dolor y las limitaciones. Estamos aqu\u00ed para ayudarle a recuperar su calidad de vida despu\u00e9s de un accidente de auto. Nuestro enfoque compasivo significa que escuchamos sus preocupaciones y ajustar nuestra atenci\u00f3n para satisfacer sus necesidades espec\u00edficas. Ya se trate de la gesti\u00f3n del dolor de latigazo cervical o abordar las lesiones de tejidos blandos, estamos dedicados a guiarlo a trav\u00e9s del proceso de curaci\u00f3n. Con nuestro apoyo, podr\u00e1 centrarse en lo m\u00e1s importante: volver a sus actividades cotidianas y disfrutar de la vida de nuevo.<\/p>\n<p>P\u00f3ngase en contacto con nosotros hoy mismo para comenzar su viaje hacia la recuperaci\u00f3n. Su salud y felicidad son nuestros principales objetivos, y estamos comprometidos a estar con usted en cada paso del camino.<\/p>\n<h2>Programe hoy su consulta gratuita sobre accidentes<\/h2>\n<p><img loading=\"lazy\" decoding=\"async\" class=\"alignnone wp-image-2064\" src=\"https:\/\/1800hurt911co.com\/wp-content\/uploads\/2020\/12\/banner-bg1-copy-1024x254.webp\" alt=\"Hurt911 Logo\" width=\"500\" height=\"124\" srcset=\"https:\/\/1800hurt911co.com\/wp-content\/uploads\/2020\/12\/banner-bg1-copy-1024x254.webp 1024w, https:\/\/1800hurt911co.com\/wp-content\/uploads\/2020\/12\/banner-bg1-copy-300x75.webp 300w, https:\/\/1800hurt911co.com\/wp-content\/uploads\/2020\/12\/banner-bg1-copy-768x191.webp 768w, https:\/\/1800hurt911co.com\/wp-content\/uploads\/2020\/12\/banner-bg1-copy-1536x382.webp 1536w, https:\/\/1800hurt911co.com\/wp-content\/uploads\/2020\/12\/banner-bg1-copy.webp 1920w\" sizes=\"(max-width: 500px) 100vw, 500px\" \/><\/p>\n<p>En Hurt 911 Colorado Injury Centers, entendemos los desaf\u00edos que enfrenta despu\u00e9s de un accidente automovil\u00edstico. Nuestro doctor del accidente de coche de Lakewood est\u00e1 aqu\u00ed ayudarle a navegar el camino a la recuperaci\u00f3n. Programar su consulta gratuita es el primer paso hacia la recuperaci\u00f3n de su salud y tranquilidad.<\/p>\n<h3>\u00bfPor qu\u00e9 programar una consulta?<\/h3>\n<ul>\n<li><strong>Entender sus opciones<\/strong>: Durante su consulta, usted aprender\u00e1 acerca de las diversas opciones de tratamiento disponibles para sus lesiones espec\u00edficas. Nuestro equipo se dedica a proporcionar una atenci\u00f3n personalizada que se ocupa de sus necesidades \u00fanicas.<\/li>\n<li><strong>Sin costo, sin obligaci\u00f3n<\/strong>: Esta consulta inicial es completamente gratis. Usted puede discutir su situaci\u00f3n sin ninguna presi\u00f3n financiera. Nuestro objetivo es darle la informaci\u00f3n que necesita para tomar decisiones informadas sobre su recuperaci\u00f3n.<\/li>\n<li><strong>Apoyo integral<\/strong>: Ofrecemos un enfoque hol\u00edstico para la recuperaci\u00f3n. Desde la atenci\u00f3n m\u00e9dica a la asistencia jur\u00eddica, nuestro equipo se compromete a ayudarle en cada paso del proceso.<\/li>\n<\/ul>\n<p>Empezar es sencillo. Puede ponerse en contacto con nosotros por tel\u00e9fono o rellenar nuestro formulario en l\u00ednea. Nuestro amable personal trabajar\u00e1 con usted para encontrar un momento conveniente para su cita. No dejes que el dolor y la incertidumbre te detengan. D\u00e9 el primer paso hacia la recuperaci\u00f3n hoy mismo.<\/p>\n<h3>Su salud importa<\/h3>\n<p>Recuerde que su salud y bienestar son nuestras principales prioridades. Perm\u00edtanos ayudarle a volver al camino de la recuperaci\u00f3n. Programe su consulta gratuita accidente de hoy y comenzar el viaje hacia una vida libre de dolor.<\/p>\n","protected":false},"excerpt":{"rendered":"<p>\u00bfNecesite a un doctor del accidente de coche de Lakewood? En Hurt 911 Colorado Injury Centers, entendemos los desaf\u00edos que enfrenta despu\u00e9s de un accidente automovil\u00edstico. Nuestro m\u00e9dico de accidentes de coche Lakewood se dedica a ayudarle a recuperar su salud y volver a su vida cotidiana. Ofrecemos un enfoque integral para la recuperaci\u00f3n, asegurando [&hellip;]<\/p>\n","protected":false},"author":34,"featured_media":0,"parent":4409,"menu_order":0,"comment_status":"closed","ping_status":"closed","template":"","meta":{"_acf_changed":false,"footnotes":""},"class_list":["post-4419","page","type-page","status-publish","hentry"],"acf":[],"_links":{"self":[{"href":"https:\/\/1800hurt911co.com\/es\/wp-json\/wp\/v2\/pages\/4419","targetHints":{"allow":["GET"]}}],"collection":[{"href":"https:\/\/1800hurt911co.com\/es\/wp-json\/wp\/v2\/pages"}],"about":[{"href":"https:\/\/1800hurt911co.com\/es\/wp-json\/wp\/v2\/types\/page"}],"author":[{"embeddable":true,"href":"https:\/\/1800hurt911co.com\/es\/wp-json\/wp\/v2\/users\/34"}],"replies":[{"embeddable":true,"href":"https:\/\/1800hurt911co.com\/es\/wp-json\/wp\/v2\/comments?post=4419"}],"version-history":[{"count":2,"href":"https:\/\/1800hurt911co.com\/es\/wp-json\/wp\/v2\/pages\/4419\/revisions"}],"predecessor-version":[{"id":4421,"href":"https:\/\/1800hurt911co.com\/es\/wp-json\/wp\/v2\/pages\/4419\/revisions\/4421"}],"up":[{"embeddable":true,"href":"https:\/\/1800hurt911co.com\/es\/wp-json\/wp\/v2\/pages\/4409"}],"wp:attachment":[{"href":"https:\/\/1800hurt911co.com\/es\/wp-json\/wp\/v2\/media?parent=4419"}],"curies":[{"name":"wp","href":"https:\/\/api.w.org\/{rel}","templated":true}]}}