{"id":4425,"date":"2024-09-11T14:55:22","date_gmt":"2024-09-11T18:55:22","guid":{"rendered":"https:\/\/1800hurt911co.com\/lakewood\/lakewood-accidente-de-trafico\/"},"modified":"2024-10-03T03:47:18","modified_gmt":"2024-10-03T09:47:18","slug":"lakewood-accidente-de-trafico","status":"publish","type":"page","link":"https:\/\/1800hurt911co.com\/es\/lakewood\/lakewood-accidente-de-trafico\/","title":{"rendered":"Lakewood Accidente de tr\u00e1fico"},"content":{"rendered":"<h2>Lakewood Accidente de tr\u00e1fico<\/h2>\n<p>Despu\u00e9s de experimentar un accidente de coche, recuperar el control sobre su vida es esencial. En Hurt 911 Colorado Injury Centers, entendemos el peaje f\u00edsico y emocional que las lesiones pueden infligir. Nuestro equipo dedicado est\u00e1 aqu\u00ed para ayudarle a navegar el camino hacia la recuperaci\u00f3n.<\/p>\n<p>Ofrecemos una gama de servicios dise\u00f1ados espec\u00edficamente para los heridos en accidentes automovil\u00edsticos. Desde el momento en que se pone en contacto con nosotros, damos prioridad a sus necesidades. Nuestros servicios integrales de tratamiento de accidentes de coche abordan no s\u00f3lo las lesiones inmediatas, sino tambi\u00e9n los efectos a largo plazo sobre su salud y bienestar.<\/p>\n<p>Nuestros profesionales m\u00e9dicos est\u00e1n equipados para tratar diversas lesiones, como dolor de cuello, latigazo cervical y da\u00f1os en los tejidos blandos. Utilizamos servicios de diagn\u00f3stico avanzados, como radiograf\u00edas y resonancias magn\u00e9ticas, para evaluar con precisi\u00f3n su estado. Este enfoque exhaustivo nos permite crear planes de tratamiento personalizados destinados a promover una r\u00e1pida recuperaci\u00f3n.<\/p>\n<p>Creemos en un m\u00e9todo hol\u00edstico de curaci\u00f3n, lo que significa que nos centramos en la salud f\u00edsica y mental. Nuestro objetivo es aliviar el dolor, reducir la inflamaci\u00f3n y apoyar su proceso de recuperaci\u00f3n general. Con nuestro experimentado equipo a su lado, puede confiar en que est\u00e1 recibiendo la mejor atenci\u00f3n posible.<\/p>\n<p>D\u00e9 el primer paso para recuperar su vida. P\u00f3ngase en contacto con nosotros hoy mismo para concertar una cita y comenzar su viaje hacia la recuperaci\u00f3n. Usted no tiene que hacer esto solo, estamos aqu\u00ed para apoyarle en cada paso del camino.<\/p>\n<h2>Atenci\u00f3n m\u00e9dica experta para lesiones por accidente de coche<\/h2>\n<p><a href=\"https:\/\/1800hurt911co.com\/wp-content\/uploads\/2024\/09\/car-accident-treatment.webp\"><img fetchpriority=\"high\" decoding=\"async\" class=\"alignnone wp-image-2877 size-full\" src=\"https:\/\/1800hurt911co.com\/wp-content\/uploads\/2024\/09\/car-accident-treatment.webp\" alt=\"Car Accident Treatment in Lakewood, Colorado\" width=\"500\" height=\"334\" srcset=\"https:\/\/1800hurt911co.com\/wp-content\/uploads\/2024\/09\/car-accident-treatment.webp 500w, https:\/\/1800hurt911co.com\/wp-content\/uploads\/2024\/09\/car-accident-treatment-300x200.webp 300w\" sizes=\"(max-width: 500px) 100vw, 500px\" \/><\/a><\/p>\n<p>En Hurt 911 Colorado Injury Centers, entendemos que un accidente automovil\u00edstico puede alterar su vida de muchas maneras. Nuestro equipo se dedica a proporcionar atenci\u00f3n m\u00e9dica experta dise\u00f1ada espec\u00edficamente para aquellos que han sufrido accidentes automovil\u00edsticos. Nos centramos en ayudarle a recuperarse de las lesiones, aliviar el dolor y recuperar su rutina normal.<\/p>\n<p>Nuestros experimentados m\u00e9dicos de accidentes de coche en Lakewood, CO, son expertos en el diagn\u00f3stico y tratamiento de una variedad de lesiones. Si usted est\u00e1 sufriendo de latigazo cervical, dolor de cuello, u otras lesiones de tejidos blandos, estamos aqu\u00ed para ayudar. Utilizamos servicios avanzados de diagn\u00f3stico, incluyendo rayos X y resonancia magn\u00e9tica, para evaluar con precisi\u00f3n su condici\u00f3n y desarrollar un plan de tratamiento eficaz.<\/p>\n<p>Adem\u00e1s de la atenci\u00f3n m\u00e9dica, ofrecemos servicios quiropr\u00e1cticos especializados para hacer frente a las necesidades \u00fanicas de las v\u00edctimas de accidentes de coche. Nuestros quiropr\u00e1cticos se centran en realinear la columna vertebral y mejorar la funci\u00f3n de su sistema nervioso, que puede ser crucial para su recuperaci\u00f3n.<\/p>\n<p>Nuestro enfoque va m\u00e1s all\u00e1 del tratamiento inmediato. Nuestro objetivo es la curaci\u00f3n a largo plazo, proporcionando terapia f\u00edsica adaptada a sus lesiones espec\u00edficas. Este modelo de atenci\u00f3n integral garantiza que reciba el apoyo necesario para una r\u00e1pida recuperaci\u00f3n.<\/p>\n<p>Si usted ha estado involucrado en un accidente de coche, no espere para buscar atenci\u00f3n m\u00e9dica. P\u00f3ngase en contacto con los Centros de Lesiones Hurt 911 Colorado hoy mismo para programar su cita y dar el primer paso para recuperar su vida.<\/p>\n<h2>Planes personalizados del tratamiento para la recuperaci\u00f3n r\u00e1pida<\/h2>\n<p>En Hurt 911 Colorado Injury Centers, sabemos que cada lesi\u00f3n por accidente de coche es diferente. Nuestra atenci\u00f3n se centra en la creaci\u00f3n de planes de tratamiento personalizados que atienden a sus necesidades espec\u00edficas. Si usted est\u00e1 tratando con latigazo cervical, dolor de cuello, o lesiones de tejidos blandos, nuestro equipo de expertos est\u00e1 aqu\u00ed para ayudarle a recuperarse de manera eficiente.<\/p>\n<p>Comenzamos por realizar una evaluaci\u00f3n exhaustiva de su estado. Esto nos permite identificar la fuente de su dolor y desarrollar un enfoque espec\u00edfico para el tratamiento. Nuestros m\u00e9dicos de accidentes de coche y quiropr\u00e1cticos trabajan en estrecha colaboraci\u00f3n para garantizar que su plan de recuperaci\u00f3n aborda todos los aspectos de sus lesiones.<\/p>\n<p>Nuestros planes de tratamiento a menudo incluyen una combinaci\u00f3n de atenci\u00f3n quiropr\u00e1ctica, fisioterapia y otras modalidades dise\u00f1adas para promover la curaci\u00f3n. Hacemos hincapi\u00e9 en la gesti\u00f3n del dolor y la inflamaci\u00f3n, que puede afectar significativamente su l\u00ednea de tiempo de recuperaci\u00f3n. Al centrarse en el alivio de las molestias, le ayudamos a recuperar la movilidad y mejorar su calidad de vida.<\/p>\n<p>Adem\u00e1s, entendemos que muchas v\u00edctimas de accidentes experimentan dolores de cabeza e hinchaz\u00f3n como resultado de sus lesiones. Nuestro equipo est\u00e1 equipado para proporcionar soluciones eficaces para estos problemas comunes, asegurando que reciba una atenci\u00f3n integral a lo largo de su viaje de recuperaci\u00f3n.<\/p>\n<p>Con nuestros planes de tratamiento personalizado, usted puede esperar un enfoque de colaboraci\u00f3n que da prioridad a su salud y bienestar. Nuestro objetivo es ayudarle a retomar sus actividades diarias de la forma m\u00e1s r\u00e1pida y segura posible. Si ha sufrido lesiones en un accidente de coche, p\u00f3ngase en contacto con nosotros hoy mismo para obtener m\u00e1s informaci\u00f3n sobre c\u00f3mo podemos ayudarle en su recuperaci\u00f3n.<\/p>\n<h2>Enfoque hol\u00edstico para la recuperaci\u00f3n de accidentes de coche<\/h2>\n<p><a href=\"https:\/\/1800hurt911co.com\/wp-content\/uploads\/2024\/08\/chiropractic-care.webp\"><img decoding=\"async\" class=\"alignnone wp-image-2153 size-full\" src=\"https:\/\/1800hurt911co.com\/wp-content\/uploads\/2024\/08\/chiropractic-care.webp\" alt=\"Chiropractic Care\" width=\"500\" height=\"333\" srcset=\"https:\/\/1800hurt911co.com\/wp-content\/uploads\/2024\/08\/chiropractic-care.webp 500w, https:\/\/1800hurt911co.com\/wp-content\/uploads\/2024\/08\/chiropractic-care-300x200.webp 300w\" sizes=\"(max-width: 500px) 100vw, 500px\" \/><\/a><\/p>\n<p>En Hurt 911 Colorado Injury Centers, creemos en una estrategia integral para la curaci\u00f3n despu\u00e9s de un accidente de coche. Nuestro enfoque hol\u00edstico se centra no s\u00f3lo en la recuperaci\u00f3n f\u00edsica, sino tambi\u00e9n en el bienestar emocional y psicol\u00f3gico. Entendemos que un accidente de coche puede afectar a todos los aspectos de su vida, y nuestro objetivo es apoyarle en cada paso de su viaje de recuperaci\u00f3n.<\/p>\n<h3>Cuidado quiropr\u00e1ctico para la curaci\u00f3n a largo plazo<\/h3>\n<p>El cuidado quiropr\u00e1ctico juega un papel vital en su proceso de recuperaci\u00f3n. Nuestros quiropr\u00e1cticos expertos en Lakewood se especializan en el tratamiento de lesiones relacionadas con accidentes automovil\u00edsticos, tales como latigazo cervical y dolor de cuello. Al realinear la columna vertebral y mejorar la funci\u00f3n del sistema nervioso, ayudamos a restaurar la capacidad natural de su cuerpo para sanar. Nuestro objetivo es aliviar el dolor y promover la salud a largo plazo, lo que le permite volver a sus actividades diarias con confianza.<\/p>\n<h3>Fisioterapia y Rehabilitaci\u00f3n<\/h3>\n<p>Adem\u00e1s de la atenci\u00f3n quiropr\u00e1ctica, ofrecemos servicios de fisioterapia personalizada. Nuestros fisioterapeutas trabajan estrechamente con usted para desarrollar un plan de rehabilitaci\u00f3n personalizado que aborde sus necesidades \u00fanicas. Este plan puede incluir ejercicios para fortalecer los m\u00fasculos, mejorar la flexibilidad y reducir la inflamaci\u00f3n. Nos centramos en ayudarle a recuperar la movilidad y la funci\u00f3n para que pueda volver a la vida que le gusta.<\/p>\n<h2>Cuidado conveniente y accesible<\/h2>\n<p>En Hurt 911 Colorado Injury Centers, damos prioridad a su comodidad y accesibilidad al tratamiento. Entendemos que despu\u00e9s de un accidente automovil\u00edstico, lidiar con el transporte puede ser una carga adicional. Es por eso que ofrecemos transporte gratuito desde y hacia sus citas. Nuestro equipo dedicado asegura que usted puede centrarse en su recuperaci\u00f3n sin el estr\u00e9s de c\u00f3mo llegar a sus visitas m\u00e9dicas.<\/p>\n<p>Tambi\u00e9n contamos con m\u00faltiples ubicaciones en toda el \u00e1rea metropolitana de Denver, por lo que le resultar\u00e1 f\u00e1cil encontrar un centro cerca de casa. Tanto si se encuentra en Lakewood como en las cercan\u00edas, nuestras instalaciones est\u00e1n dise\u00f1adas para proporcionarle la atenci\u00f3n que necesita, siempre que la necesite. Nuestro objetivo es crear una experiencia fluida, que le permita recibir atenci\u00f3n m\u00e9dica experta al tiempo que minimiza las interrupciones en su vida diaria.<\/p>\n<p>Con nuestro compromiso de atenci\u00f3n conveniente, usted puede estar seguro de que estamos aqu\u00ed para apoyar su viaje de recuperaci\u00f3n en cada paso del camino.<\/p>\n<h2>Programe su cita hoy mismo<\/h2>\n<h3>Programaci\u00f3n f\u00e1cil y conveniente de la cita<\/h3>\n<p>En los Centros de Lesiones Hurt 911 Colorado, entendemos que obtener el tratamiento adecuado de manera oportuna es crucial para su recuperaci\u00f3n. Es por eso que ofrecemos un proceso \u00e1gil de programaci\u00f3n de citas. Puede reservar f\u00e1cilmente su visita llam\u00e1ndonos o utilizando nuestro formulario en l\u00ednea. Damos prioridad a sus necesidades, lo que garantiza que reciba la atenci\u00f3n que se merece sin retrasos innecesarios.<\/p>\n<h3>P\u00f3ngase en contacto con nosotros para una consulta gratuita<\/h3>\n<p>No espere para obtener la ayuda que necesita. P\u00f3ngase en contacto con nosotros hoy mismo para una consulta gratuita. Nuestro equipo est\u00e1 listo para discutir su situaci\u00f3n, evaluar sus lesiones, y esbozar las opciones de tratamiento disponibles para usted. Si usted est\u00e1 tratando con dolor de cuello, latigazo cervical, u otras lesiones de un accidente de coche, estamos aqu\u00ed para guiarle a trav\u00e9s del proceso de recuperaci\u00f3n.<\/p>\n<p>Su salud y bienestar son nuestras principales prioridades. P\u00f3ngase en contacto con nosotros ahora, y vamos a empezar en su camino hacia la recuperaci\u00f3n.<\/p>\n<h2>Acerca de Hurt 911 Colorado Injury Centers<\/h2>\n<p><img decoding=\"async\" class=\"alignnone wp-image-2064\" src=\"https:\/\/1800hurt911co.com\/wp-content\/uploads\/2020\/12\/banner-bg1-copy-1024x254.webp\" alt=\"Hurt911 Logo\" width=\"500\" height=\"124\" srcset=\"https:\/\/1800hurt911co.com\/wp-content\/uploads\/2020\/12\/banner-bg1-copy-1024x254.webp 1024w, https:\/\/1800hurt911co.com\/wp-content\/uploads\/2020\/12\/banner-bg1-copy-300x75.webp 300w, https:\/\/1800hurt911co.com\/wp-content\/uploads\/2020\/12\/banner-bg1-copy-768x191.webp 768w, https:\/\/1800hurt911co.com\/wp-content\/uploads\/2020\/12\/banner-bg1-copy-1536x382.webp 1536w, https:\/\/1800hurt911co.com\/wp-content\/uploads\/2020\/12\/banner-bg1-copy.webp 1920w\" sizes=\"(max-width: 500px) 100vw, 500px\" \/><\/p>\n<p>En Hurt 911 Colorado Injury Centers, estamos comprometidos a proporcionar una atenci\u00f3n excepcional para los heridos en accidentes automovil\u00edsticos. Nuestra atenci\u00f3n se centra en su recuperaci\u00f3n y bienestar. Entendemos los retos a los que se enfrenta despu\u00e9s de un accidente de coche, desde el dolor f\u00edsico hasta el estr\u00e9s financiero. Es por eso que nuestro equipo se dedica a ofrecer servicios m\u00e9dicos integrales y apoyo adaptado a sus necesidades.<\/p>\n<h3>Dedicados a su recuperaci\u00f3n y compensaci\u00f3n<\/h3>\n<p>Nuestra misi\u00f3n es ayudarle a recuperar el control de su vida. Nos esforzamos por ofrecer la m\u00e1s alta calidad de tratamiento m\u00e9dico, mientras que tambi\u00e9n le gu\u00eda a trav\u00e9s del proceso de compensaci\u00f3n. Nuestros experimentados profesionales trabajan diligentemente para asegurar que usted reciba la atenci\u00f3n que se merece y el apoyo financiero necesario para cubrir sus gastos m\u00e9dicos y salarios perdidos.<\/p>\n<h3>Conozca a nuestro equipo de m\u00e9dicos y quiropr\u00e1cticos<\/h3>\n<p>Nuestro equipo est\u00e1 formado por m\u00e9dicos y quiropr\u00e1cticos expertos que se especializan en lesiones por accidentes automovil\u00edsticos. Cada miembro aporta una riqueza de conocimientos y experiencia a su plan de tratamiento. Colaboramos estrechamente para evaluar su condici\u00f3n y desarrollar un enfoque integral que aborde sus necesidades espec\u00edficas. Si usted est\u00e1 tratando con lesiones de tejidos blandos, latigazo cervical, u otro dolor, nuestros expertos est\u00e1n aqu\u00ed para ayudarle a sanar.<\/p>\n<h3>Nuestro compromiso con su salud y bienestar<\/h3>\n<p>En Hurt 911, su salud es nuestra m\u00e1xima prioridad. Adoptamos un enfoque hol\u00edstico para la recuperaci\u00f3n, asegur\u00e1ndonos de que abordamos no s\u00f3lo sus lesiones f\u00edsicas, sino tambi\u00e9n cualquier impacto emocional o psicol\u00f3gico del accidente. Nuestro personal compasivo est\u00e1 aqu\u00ed para apoyarle a lo largo de su viaje de recuperaci\u00f3n, proporcionando los recursos y la atenci\u00f3n necesaria para ayudarle a lograr una vida libre de dolor.<\/p>\n<p>Elija Hurt 911 Colorado Injury Centers para su tratamiento de accidente de coche, y perm\u00edtanos ayudarle a navegar por este momento dif\u00edcil con confianza y cuidado.<\/p>\n","protected":false},"excerpt":{"rendered":"<p>Lakewood Accidente de tr\u00e1fico Despu\u00e9s de experimentar un accidente de coche, recuperar el control sobre su vida es esencial. En Hurt 911 Colorado Injury Centers, entendemos el peaje f\u00edsico y emocional que las lesiones pueden infligir. Nuestro equipo dedicado est\u00e1 aqu\u00ed para ayudarle a navegar el camino hacia la recuperaci\u00f3n. Ofrecemos una gama de servicios [&hellip;]<\/p>\n","protected":false},"author":34,"featured_media":0,"parent":4409,"menu_order":0,"comment_status":"closed","ping_status":"closed","template":"","meta":{"_acf_changed":false,"footnotes":""},"class_list":["post-4425","page","type-page","status-publish","hentry"],"acf":[],"_links":{"self":[{"href":"https:\/\/1800hurt911co.com\/es\/wp-json\/wp\/v2\/pages\/4425","targetHints":{"allow":["GET"]}}],"collection":[{"href":"https:\/\/1800hurt911co.com\/es\/wp-json\/wp\/v2\/pages"}],"about":[{"href":"https:\/\/1800hurt911co.com\/es\/wp-json\/wp\/v2\/types\/page"}],"author":[{"embeddable":true,"href":"https:\/\/1800hurt911co.com\/es\/wp-json\/wp\/v2\/users\/34"}],"replies":[{"embeddable":true,"href":"https:\/\/1800hurt911co.com\/es\/wp-json\/wp\/v2\/comments?post=4425"}],"version-history":[{"count":2,"href":"https:\/\/1800hurt911co.com\/es\/wp-json\/wp\/v2\/pages\/4425\/revisions"}],"predecessor-version":[{"id":4427,"href":"https:\/\/1800hurt911co.com\/es\/wp-json\/wp\/v2\/pages\/4425\/revisions\/4427"}],"up":[{"embeddable":true,"href":"https:\/\/1800hurt911co.com\/es\/wp-json\/wp\/v2\/pages\/4409"}],"wp:attachment":[{"href":"https:\/\/1800hurt911co.com\/es\/wp-json\/wp\/v2\/media?parent=4425"}],"curies":[{"name":"wp","href":"https:\/\/api.w.org\/{rel}","templated":true}]}}