{"id":4428,"date":"2024-09-11T08:58:23","date_gmt":"2024-09-11T12:58:23","guid":{"rendered":"https:\/\/1800hurt911co.com\/lakewood\/lakewood-diagnostico-por-imagen\/"},"modified":"2024-10-03T03:58:59","modified_gmt":"2024-10-03T09:58:59","slug":"lakewood-diagnostico-por-imagen","status":"publish","type":"page","link":"https:\/\/1800hurt911co.com\/es\/lakewood\/lakewood-diagnostico-por-imagen\/","title":{"rendered":"Lakewood Diagn\u00f3stico por imagen"},"content":{"rendered":"<h2>Lakewood Diagn\u00f3stico por imagen<\/h2>\n<p>En Hurt 911 Colorado Injury Centers, damos prioridad a su salud y recuperaci\u00f3n. Situado convenientemente en Lakewood, nuestro centro se dedica a proporcionar servicios de diagn\u00f3stico por imagen de primera categor\u00eda adaptados a las v\u00edctimas de accidentes. Si usted est\u00e1 tratando con las secuelas de un accidente de coche o cualquier otro incidente, nuestro equipo est\u00e1 aqu\u00ed para apoyarle en cada paso del camino. Nuestro centro ofrece radiograf\u00edas y resonancias magn\u00e9ticas. Cada servicio se realiza con precisi\u00f3n para garantizar diagn\u00f3sticos exactos. Entendemos que la imagen oportuna es crucial para su plan de tratamiento, por lo que nos esforzamos por ofrecer servicios r\u00e1pidos y eficientes. Estamos comprometidos a servir a la comunidad ofreciendo tecnolog\u00eda de imagen avanzada y atenci\u00f3n de calidad. Nuestro ambiente acogedor est\u00e1 dise\u00f1ado para que su visita sea c\u00f3moda. Usted ser\u00e1 recibido por nuestro amable personal, que est\u00e1n capacitados para responder a cualquier pregunta que pueda tener. Nuestro objetivo es crear una experiencia centrada en el paciente, donde sus preocupaciones son escuchadas y atendidas. Cuando usted elige Hurt 911 en Lakewood, usted est\u00e1 seleccionando un centro que combina la tecnolog\u00eda avanzada con la atenci\u00f3n compasiva. Estamos comprometidos a ayudarle a recuperar su salud y tranquilidad despu\u00e9s de un accidente. Programe su cita hoy y d\u00e9 el primer paso hacia la recuperaci\u00f3n.<\/p>\n<h2>\u00bfPor qu\u00e9 elegir Hurt 911 para sus necesidades de diagn\u00f3stico por imagen?<\/h2>\n<p><img fetchpriority=\"high\" decoding=\"async\" class=\"alignnone size-full wp-image-2936\" src=\"https:\/\/1800hurt911co.com\/wp-content\/uploads\/2024\/09\/diagnostic-imaging-x-ray.webp\" alt=\"Lakewood Diagnostic Imaging, X-Ray \" width=\"500\" height=\"334\" srcset=\"https:\/\/1800hurt911co.com\/wp-content\/uploads\/2024\/09\/diagnostic-imaging-x-ray.webp 500w, https:\/\/1800hurt911co.com\/wp-content\/uploads\/2024\/09\/diagnostic-imaging-x-ray-300x200.webp 300w\" sizes=\"(max-width: 500px) 100vw, 500px\" \/><\/p>\n<p>En Hurt 911 Colorado Injury Centers, entendemos los desaf\u00edos que enfrentan las v\u00edctimas de accidentes. Nuestros servicios de diagn\u00f3stico por imagen de Lakewood est\u00e1n dise\u00f1ados teniendo en cuenta sus necesidades. Damos prioridad a su salud y recuperaci\u00f3n a trav\u00e9s de un enfoque integral que se centra en el diagn\u00f3stico preciso y un tratamiento eficaz. Nuestro centro ofrece una amplia gama de servicios de diagn\u00f3stico por imagen, incluyendo radiograf\u00edas y resonancias magn\u00e9ticas. Cada servicio es realizado con precisi\u00f3n por nuestro equipo de expertos. Utilizamos tecnolog\u00eda avanzada para garantizar que usted reciba las evaluaciones m\u00e1s precisas de sus lesiones. Creemos en un enfoque centrado en el paciente, lo que significa que usted est\u00e1 en el centro de todo lo que hacemos. Nuestro amable personal se dedica a hacer que su experiencia sea lo m\u00e1s c\u00f3moda posible. Desde el momento en que entre por nuestras puertas, ser\u00e1 tratado con respeto y cuidado. Nuestro equipo trabaja en colaboraci\u00f3n para proporcionar servicios de alta calidad, garantizando una atenci\u00f3n al paciente eficiente y eficaz a trav\u00e9s de tecnolog\u00eda avanzada. La alta satisfacci\u00f3n del paciente es un sello distintivo de nuestra pr\u00e1ctica. Trabajamos con diligencia para satisfacer y superar sus expectativas. Nuestro objetivo es proporcionar una experiencia sin fisuras, lo que le permite centrarse en su recuperaci\u00f3n en lugar de la log\u00edstica de su cuidado. Elegir Hurt 911 significa optar por un centro que valora su bienestar y se compromete a ofrecer servicios de diagn\u00f3stico por imagen de calidad. Estamos aqu\u00ed para apoyarle en cada paso de su camino hacia la recuperaci\u00f3n.<\/p>\n<h2>Servicios de diagn\u00f3stico por imagen ofrecidos<\/h2>\n<p>En Hurt 911 Colorado Injury Centers en Lakewood, ofrecemos los siguientes servicios: una amplia gama de servicios de diagn\u00f3stico por imagen dise\u00f1ados para satisfacer las necesidades de nuestros pacientes. Nuestras avanzadas instalaciones est\u00e1n equipadas para ofrecer resultados precisos y oportunos, esenciales para una planificaci\u00f3n eficaz del tratamiento.<\/p>\n<h3>Servicios de rayos X<\/h3>\n<p>Nuestros servicios de rayos X son eficientes y eficaces, lo que permite realizar evaluaciones r\u00e1pidas de fracturas \u00f3seas, problemas articulares y otras afecciones internas. Con equipos de \u00faltima generaci\u00f3n, nuestro equipo garantiza im\u00e1genes de alta calidad que ayudan a realizar diagn\u00f3sticos precisos.<\/p>\n<h3>Resonancias magn\u00e9ticas<\/h3>\n<p>La Resonancia Magn\u00e9tica (RM) es crucial para examinar los tejidos blandos, incluyendo m\u00fasculos, ligamentos y \u00f3rganos internos. Nuestras resonancias magn\u00e9ticas se realizan en un entorno c\u00f3modo, con t\u00e9cnicos experimentados que le guiar\u00e1n a trav\u00e9s del proceso para garantizar la facilidad y claridad.<\/p>\n<h3>Tecnolog\u00eda de imagen avanzada<\/h3>\n<p>En los Centros de Lesiones Hurt 911 Colorado, estamos comprometidos a proporcionar servicios de imagen m\u00e9dica de la m\u00e1s alta calidad para satisfacer sus necesidades de diagn\u00f3stico por imagen ambulatorio. Nuestras modalidades avanzadas de imagen est\u00e1n dise\u00f1adas para ofrecer informaci\u00f3n precisa y detallada, esencial para el diagn\u00f3stico y tratamiento de diversas condiciones m\u00e9dicas.<\/p>\n<h2>Diagn\u00f3stico por imagen para condiciones espec\u00edficas<\/h2>\n<p>En los Centros de Lesiones Hurt 911 Colorado, ofrecemos servicios especializados de diagn\u00f3stico por imagen adaptados para tratar una variedad de afecciones m\u00e9dicas espec\u00edficas. Nuestras avanzadas tecnolog\u00edas de imagen nos permiten proporcionar diagn\u00f3sticos precisos y supervisar el progreso de su tratamiento, asegurando que reciba la mejor atenci\u00f3n posible.<\/p>\n<h3>Nuestra tecnolog\u00eda de imagen<\/h3>\n<p>En los Centros de Lesiones Hurt 911 Colorado, aprovechamos la tecnolog\u00eda de imagen m\u00e1s avanzada para proporcionar informaci\u00f3n precisa y detallada para el diagn\u00f3stico y tratamiento de diversas afecciones m\u00e9dicas. Nuestro compromiso con el uso de los \u00faltimos avances en im\u00e1genes m\u00e9dicas asegura que usted reciba el m\u00e1s alto nivel de atenci\u00f3n.<\/p>\n<h3>Nuestro equipo de expertos<\/h3>\n<p>En Hurt 911 Colorado Injury Centers, nos enorgullecemos de contar con un equipo de radi\u00f3logos y t\u00e9cnicos experimentados que se dedican a proporcionar una atenci\u00f3n excepcional. Nuestros radi\u00f3logos est\u00e1n altamente capacitados y tienen conocimientos en diversas t\u00e9cnicas de imagen. Trabajan con diligencia para garantizar diagn\u00f3sticos precisos, ayud\u00e1ndole a obtener el tratamiento que necesita. Nuestro equipo trabaja en colaboraci\u00f3n para garantizar que cada diagn\u00f3stico sea preciso y fiable. Nuestros t\u00e9cnicos son expertos en el manejo de equipos avanzados de diagn\u00f3stico por imagen, lo que garantiza que cada procedimiento se realice con precisi\u00f3n. Comprenden la importancia de su comodidad y seguridad durante las sesiones de diagn\u00f3stico por imagen. Usted puede esperar un ambiente profesional y compasivo donde sus necesidades son prioritarias. Adem\u00e1s de nuestra experiencia t\u00e9cnica, nuestro amable personal est\u00e1 a su disposici\u00f3n para ayudarle en todo momento. Nuestro objetivo es hacer que su experiencia sea lo m\u00e1s tranquila y libre de estr\u00e9s posible. Elegir Hurt 911 significa que est\u00e1 en buenas manos. Nuestro equipo de expertos se compromete a ofrecer servicios de diagn\u00f3stico por imagen de alta calidad adaptados a sus necesidades. Comprendemos la importancia de un diagn\u00f3stico por imagen preciso en su proceso de recuperaci\u00f3n y estamos aqu\u00ed para ayudarle.<\/p>\n<h2>Atenci\u00f3n c\u00f3moda y accesible<\/h2>\n<p><img decoding=\"async\" class=\"alignnone size-full wp-image-2937\" src=\"https:\/\/1800hurt911co.com\/wp-content\/uploads\/2024\/09\/diagnostic-imagin-mri.webp\" alt=\"MRI Machine, Diagnostic Imaging in Lakewood, Colorado\" width=\"500\" height=\"334\" srcset=\"https:\/\/1800hurt911co.com\/wp-content\/uploads\/2024\/09\/diagnostic-imagin-mri.webp 500w, https:\/\/1800hurt911co.com\/wp-content\/uploads\/2024\/09\/diagnostic-imagin-mri-300x200.webp 300w\" sizes=\"(max-width: 500px) 100vw, 500px\" \/><\/p>\n<p>En los Centros de Lesiones Hurt 911 Colorado, entendemos que el acceso oportuno a las im\u00e1genes de diagn\u00f3stico es crucial para su recuperaci\u00f3n. Es por eso que ofrecemos una gama de servicios dise\u00f1ados para satisfacer sus necesidades de manera eficiente. Nuestro centro se compromete a proporcionarle una atenci\u00f3n c\u00f3moda y accesible, garantizando que pueda centrarse en la curaci\u00f3n.<\/p>\n<h3>Servicios de transporte gratuitos<\/h3>\n<p>Ofrecemos transporte gratuito de ida y vuelta a nuestro centro. Este servicio est\u00e1 dise\u00f1ado para aliviar cualquier estr\u00e9s relacionado con llegar a sus citas. Tanto si necesita que le lleven a una radiograf\u00eda como a una resonancia magn\u00e9tica, tenemos todo lo que necesita. Nuestro objetivo es hacer que su experiencia sea lo m\u00e1s agradable posible.<\/p>\n<h3>Citas el mismo d\u00eda y al d\u00eda siguiente<\/h3>\n<p>Damos prioridad a su salud ofreci\u00e9ndole citas el mismo d\u00eda y al d\u00eda siguiente para el diagn\u00f3stico por imagen. Si necesita atenci\u00f3n inmediata, simplemente p\u00f3ngase en contacto con nosotros, y trabajaremos para acomodar su horario. Nuestras opciones de citas flexibles le ayudan a obtener la atenci\u00f3n que necesita sin retrasos innecesarios.<\/p>\n<h2>Consejos para un diagn\u00f3stico por imagen sin complicaciones<\/h2>\n<p>Navegar por el proceso de diagn\u00f3stico por imagen puede ser abrumador, especialmente despu\u00e9s de un accidente. Aqu\u00ed hay algunos consejos pr\u00e1cticos para ayudarle a prepararse para su visita a Hurt 911 Colorado Injury Centers en Lakewood, CO:<\/p>\n<ul>\n<li><strong>Llegue temprano<\/strong>: D\u00e9se suficiente tiempo para completar cualquier papeleo necesario. Llegar temprano puede ayudar a reducir el estr\u00e9s y asegurarse de que tiene tiempo para relajarse antes de su cita.<\/li>\n<li><strong>Traiga los documentos esenciales<\/strong>: Aseg\u00farese de tener a mano su identificaci\u00f3n y cualquier referencia m\u00e9dica. Esto ayudar\u00e1 a agilizar el proceso y evitar retrasos.<\/li>\n<li><strong>Lleve ropa c\u00f3moda<\/strong>: Dependiendo del tipo de diagn\u00f3stico por imagen al que vaya a someterse, lleve ropa holgada. De este modo, le resultar\u00e1 m\u00e1s f\u00e1cil ponerse una bata en caso necesario.<\/li>\n<li><strong>Limite los accesorios<\/strong>: Qu\u00edtese joyas, relojes y cualquier otro accesorio que pueda interferir con la toma de im\u00e1genes. Nuestro personal le proporcionar\u00e1 un lugar seguro para guardar sus pertenencias durante el procedimiento.<\/li>\n<li><strong>Inf\u00f3rmenos sobre su estado de salud<\/strong>: Si usted tiene alguna condici\u00f3n m\u00e9dica o alergias, o si est\u00e1 embarazada o amamantando, por favor informe a nuestro equipo antes de su cita.<\/li>\n<li><strong>Siga las instrucciones previas al procedimiento<\/strong>: Si el diagn\u00f3stico por imagen requiere preparativos espec\u00edficos, como ayunar o evitar ciertos medicamentos, aseg\u00farese de seguir al pie de la letra esas directrices para obtener resultados precisos.<\/li>\n<li><strong>Haga preguntas<\/strong>: No dude en preguntar a nuestro personal sobre el procedimiento. Entender qu\u00e9 esperar puede aliviar cualquier ansiedad que pueda tener.<\/li>\n<\/ul>\n<p>Siguiendo estos consejos, usted puede ayudar a asegurar una experiencia suave y eficiente en nuestro centro de im\u00e1genes.<\/p>\n<h2>Comprensi\u00f3n de los resultados del diagn\u00f3stico por imagen<\/h2>\n<p>Despu\u00e9s de su cita de diagn\u00f3stico por imagen, es posible que reciba los resultados a tiempo. Comprender estos resultados es crucial para su recuperaci\u00f3n. He aqu\u00ed c\u00f3mo abordarlo:<\/p>\n<ul>\n<li><strong>Revise el informe<\/strong>: Cuando reciba el informe por im\u00e1genes, t\u00f3mese su tiempo para leerlo. Busque los t\u00e9rminos clave y los hallazgos relacionados con su enfermedad.<\/li>\n<li><strong>Hable con su m\u00e9dico<\/strong>: Concierte una cita de seguimiento con su m\u00e9dico para revisar los resultados. Ellos pueden aclararle y explicarle c\u00f3mo se relacionan los hallazgos con su salud.<\/li>\n<li><strong>Pregunte sobre los pr\u00f3ximos pasos<\/strong>: En funci\u00f3n de los resultados, inf\u00f3rmese sobre los tratamientos recomendados o las pruebas adicionales. Conocer los pasos siguientes puede ayudarle a sentir que controla mejor su proceso de recuperaci\u00f3n.<\/li>\n<li><strong>Lleve un registro<\/strong>: Mantenga un archivo de los resultados de sus pruebas de imagen y de los documentos m\u00e9dicos relacionados. Esto puede ser \u00fatil para futuras citas y consultas.<\/li>\n<\/ul>\n<p>En Hurt 911 Colorado Injury Centers, estamos comprometidos a ayudarle a entender cada aspecto de su cuidado. Nuestro equipo est\u00e1 aqu\u00ed para apoyarle a trav\u00e9s de su viaje de recuperaci\u00f3n.<\/p>\n<h2>Qu\u00e9 esperar durante su visita<\/h2>\n<p>Cuando llegue a Hurt 911 Colorado Injury Centers para su cita de diagn\u00f3stico por imagen, puede esperar una experiencia agradable y acogedora. Nuestras instalaciones en Lakewood, CO, est\u00e1n dise\u00f1adas para que se sienta c\u00f3modo. A su llegada, se registrar\u00e1 en nuestra \u00e1rea de recepci\u00f3n, donde nuestro amable personal le ayudar\u00e1. Le guiar\u00e1n a trav\u00e9s del papeleo necesario y responder\u00e1n a cualquier pregunta que pueda tener.<\/p>\n<p>Tras el registro, uno de nuestros t\u00e9cnicos le acompa\u00f1ar\u00e1 a la sala de diagn\u00f3stico por imagen. Ellos le explicar\u00e1n el procedimiento en detalle, ayud\u00e1ndole a entender lo que puede esperar. Tanto si se somete a una radiograf\u00eda, una resonancia magn\u00e9tica, un TAC o una ecograf\u00eda, nuestro equipo se asegurar\u00e1 de que se sienta c\u00f3modo durante todo el proceso. Su seguridad y comodidad son nuestras principales prioridades.<\/p>\n<h2>Contacte con nosotros hoy mismo<\/h2>\n<p><img decoding=\"async\" class=\"alignnone wp-image-2064\" src=\"https:\/\/1800hurt911co.com\/wp-content\/uploads\/2020\/12\/banner-bg1-copy-1024x254.webp\" alt=\"Hurt911 Logo\" width=\"500\" height=\"124\" srcset=\"https:\/\/1800hurt911co.com\/wp-content\/uploads\/2020\/12\/banner-bg1-copy-1024x254.webp 1024w, https:\/\/1800hurt911co.com\/wp-content\/uploads\/2020\/12\/banner-bg1-copy-300x75.webp 300w, https:\/\/1800hurt911co.com\/wp-content\/uploads\/2020\/12\/banner-bg1-copy-768x191.webp 768w, https:\/\/1800hurt911co.com\/wp-content\/uploads\/2020\/12\/banner-bg1-copy-1536x382.webp 1536w, https:\/\/1800hurt911co.com\/wp-content\/uploads\/2020\/12\/banner-bg1-copy.webp 1920w\" sizes=\"(max-width: 500px) 100vw, 500px\" \/><\/p>\n<p>No espere para conseguir la proyecci\u00f3n de imagen de diagn\u00f3stico que usted necesita. P\u00f3ngase en contacto con <a href=\"\/es\/\">Hurt 911 Colorado Injury Centers<\/a> hoy para programar su cita. Su salud es nuestra prioridad, y estamos dedicados a proporcionarle la mejor atenci\u00f3n posible. Damos prioridad a su salud y conveniencia. La programaci\u00f3n de su cita de diagn\u00f3stico por imagen es simple y eficiente. Tanto si necesita una radiograf\u00eda como una resonancia magn\u00e9tica, estamos aqu\u00ed para ayudarle en todo momento.<\/p>\n<p>Usted puede programar f\u00e1cilmente su cita llamando directamente a nuestra oficina. Nuestro amable personal est\u00e1 disponible para responder a cualquier pregunta que pueda tener y para encontrar un tiempo que funcione para usted. Si lo prefiere, tambi\u00e9n puede ponerse en contacto con nosotros en l\u00ednea.<\/p>\n","protected":false},"excerpt":{"rendered":"<p>Lakewood Diagn\u00f3stico por imagen En Hurt 911 Colorado Injury Centers, damos prioridad a su salud y recuperaci\u00f3n. Situado convenientemente en Lakewood, nuestro centro se dedica a proporcionar servicios de diagn\u00f3stico por imagen de primera categor\u00eda adaptados a las v\u00edctimas de accidentes. Si usted est\u00e1 tratando con las secuelas de un accidente de coche o cualquier [&hellip;]<\/p>\n","protected":false},"author":34,"featured_media":0,"parent":4409,"menu_order":0,"comment_status":"closed","ping_status":"closed","template":"","meta":{"_acf_changed":false,"footnotes":""},"class_list":["post-4428","page","type-page","status-publish","hentry"],"acf":[],"_links":{"self":[{"href":"https:\/\/1800hurt911co.com\/es\/wp-json\/wp\/v2\/pages\/4428","targetHints":{"allow":["GET"]}}],"collection":[{"href":"https:\/\/1800hurt911co.com\/es\/wp-json\/wp\/v2\/pages"}],"about":[{"href":"https:\/\/1800hurt911co.com\/es\/wp-json\/wp\/v2\/types\/page"}],"author":[{"embeddable":true,"href":"https:\/\/1800hurt911co.com\/es\/wp-json\/wp\/v2\/users\/34"}],"replies":[{"embeddable":true,"href":"https:\/\/1800hurt911co.com\/es\/wp-json\/wp\/v2\/comments?post=4428"}],"version-history":[{"count":2,"href":"https:\/\/1800hurt911co.com\/es\/wp-json\/wp\/v2\/pages\/4428\/revisions"}],"predecessor-version":[{"id":4430,"href":"https:\/\/1800hurt911co.com\/es\/wp-json\/wp\/v2\/pages\/4428\/revisions\/4430"}],"up":[{"embeddable":true,"href":"https:\/\/1800hurt911co.com\/es\/wp-json\/wp\/v2\/pages\/4409"}],"wp:attachment":[{"href":"https:\/\/1800hurt911co.com\/es\/wp-json\/wp\/v2\/media?parent=4428"}],"curies":[{"name":"wp","href":"https:\/\/api.w.org\/{rel}","templated":true}]}}