{"id":4431,"date":"2024-09-11T14:26:33","date_gmt":"2024-09-11T18:26:33","guid":{"rendered":"https:\/\/1800hurt911co.com\/lakewood\/lakewood-tratamiento-de-accidentes-de-moto\/"},"modified":"2024-10-03T04:07:22","modified_gmt":"2024-10-03T10:07:22","slug":"lakewood-tratamiento-de-accidentes-de-moto","status":"publish","type":"page","link":"https:\/\/1800hurt911co.com\/es\/lakewood\/lakewood-tratamiento-de-accidentes-de-moto\/","title":{"rendered":"Lakewood Tratamiento de accidentes de moto"},"content":{"rendered":"<h2>Tratamiento del accidente de la motocicleta de Lakewood &#8211; consiga detr\u00e1s en el camino a la recuperaci\u00f3n<\/h2>\n<p>En los Centros de Lesiones Hurt 911 Colorado, entendemos que los accidentes de motocicleta pueden conducir a lesiones graves e interrupciones significativas en su vida. Nuestro programa de tratamiento de accidentes de motocicleta en Lakewood est\u00e1 dise\u00f1ado para proporcionarle una atenci\u00f3n integral adaptada a sus necesidades espec\u00edficas. Desde el momento en que entra por nuestras puertas, damos prioridad a su recuperaci\u00f3n y bienestar. Nuestro enfoque comienza con una evaluaci\u00f3n exhaustiva de las lesiones por accidente de motocicleta. Nos tomamos el tiempo necesario para evaluar sus lesiones, comprender su dolor e identificar el mejor curso de acci\u00f3n. Nuestro experimentado equipo de m\u00e9dicos y quiropr\u00e1cticos se especializa en el tratamiento de lesiones por accidentes de motocicleta, asegur\u00e1ndose de que usted reciba el m\u00e1s alto nivel de atenci\u00f3n. Ofrecemos una amplia gama de servicios, incluyendo la atenci\u00f3n quiropr\u00e1ctica y fisioterapia, para promover la curaci\u00f3n y restaurar su movilidad. Nuestros servicios de diagn\u00f3stico, como radiograf\u00edas y resonancias magn\u00e9ticas, nos permiten evaluar con precisi\u00f3n su condici\u00f3n y desarrollar un plan de tratamiento espec\u00edfico. Adem\u00e1s, proporcionamos transporte gratuito para que el acceso a nuestros servicios sea lo m\u00e1s c\u00f3modo posible. Elegir Hurt 911 significa seleccionar un socio dedicado en su viaje de recuperaci\u00f3n. Estamos comprometidos a ayudarle a recuperar su fuerza y volver a la carretera. No deje que un accidente defina su vida, p\u00f3ngase en contacto con nosotros hoy para programar su cita y dar el primer paso hacia la recuperaci\u00f3n.<\/p>\n<h2>Conozca a nuestro equipo de expertos<\/h2>\n<p><a href=\"https:\/\/1800hurt911co.com\/wp-content\/uploads\/2024\/09\/shutterstock_1845851293.webp\"><img fetchpriority=\"high\" decoding=\"async\" class=\"alignnone wp-image-2532 size-full\" src=\"https:\/\/1800hurt911co.com\/wp-content\/uploads\/2024\/09\/shutterstock_1845851293.webp\" alt=\"Motorcycle Accident in Lakewood, Colorado\" width=\"500\" height=\"334\" srcset=\"https:\/\/1800hurt911co.com\/wp-content\/uploads\/2024\/09\/shutterstock_1845851293.webp 500w, https:\/\/1800hurt911co.com\/wp-content\/uploads\/2024\/09\/shutterstock_1845851293-300x200.webp 300w\" sizes=\"(max-width: 500px) 100vw, 500px\" \/><\/a><\/p>\n<p>En Hurt 911 Colorado Injury Centers, nuestro equipo est\u00e1 compuesto por m\u00e9dicos y quiropr\u00e1cticos dedicados a accidentes de motocicleta que se especializan en el tratamiento de lesiones por accidentes de motocicleta. Entendemos los desaf\u00edos \u00fanicos que enfrentan los motociclistas y la naturaleza espec\u00edfica de sus lesiones. Nuestros profesionales est\u00e1n comprometidos a proporcionar una atenci\u00f3n de primera clase adaptada a sus necesidades. Cada miembro de nuestro equipo ha recibido una amplia formaci\u00f3n en lesiones por accidentes de motocicleta. Este conocimiento especializado nos permite evaluar con precisi\u00f3n, diagnosticar y tratar una variedad de condiciones derivadas de estos incidentes. Desde latigazos cervicales y fracturas hasta lesiones de tejidos blandos, sabemos c\u00f3mo abordar las complejidades de su situaci\u00f3n. Nuestros especialistas en accidentes de motocicleta trabajan en colaboraci\u00f3n para crear un plan de tratamiento integral que se centra en su recuperaci\u00f3n. Damos prioridad a la comunicaci\u00f3n abierta y nos aseguramos de que entienda cada paso de su proceso de curaci\u00f3n. Con nuestros experimentados profesionales a su lado, puede estar seguro de que est\u00e1 recibiendo la mejor atenci\u00f3n posible. Su viaje hacia la recuperaci\u00f3n comienza con una evaluaci\u00f3n exhaustiva por parte de nuestro equipo de expertos. Estamos aqu\u00ed para apoyarle en cada paso del camino, ayud\u00e1ndole a recuperar su fuerza y confianza despu\u00e9s de un accidente. Elija Hurt 911 Colorado Injury Centers, y deje que nuestros profesionales cualificados le gu\u00eden en el camino hacia la recuperaci\u00f3n.<\/p>\n<h2>Nuestros Servicios<\/h2>\n<p>En el Centro de Lesiones Hurt 911 Colorado, ofrecemos una amplia gama de servicios dise\u00f1ados espec\u00edficamente para atender las necesidades de las v\u00edctimas de accidentes de motocicleta en Lakewood. Nos centramos en proporcionar una atenci\u00f3n eficaz que promueva la recuperaci\u00f3n y le ayude a recuperar su calidad de vida. He aqu\u00ed c\u00f3mo podemos ayudarle:<\/p>\n<h3>Evaluaci\u00f3n de lesiones por accidente de motocicleta<\/h3>\n<p>Comenzamos con una evaluaci\u00f3n exhaustiva de sus lesiones. Nuestro experimentado equipo lleva a cabo evaluaciones detalladas para comprender el alcance de sus lesiones por accidente de motocicleta. Este paso es crucial para el desarrollo de un plan de tratamiento eficaz adaptado a sus necesidades espec\u00edficas.<\/p>\n<h3>Cuidado Quiropr\u00e1ctico para Lesiones de Accidentes de Motocicleta<\/h3>\n<p>Nuestros quiropr\u00e1cticos licenciados se especializan en el tratamiento de lesiones por accidentes de motocicleta. Utilizando t\u00e9cnicas probadas, nuestro objetivo es aliviar el dolor, restaurar la movilidad, y promover la curaci\u00f3n. Nuestro cuidado quiropr\u00e1ctico est\u00e1 dise\u00f1ado para hacer frente a los desaf\u00edos \u00fanicos que enfrentan las v\u00edctimas de accidentes de motocicleta.<\/p>\n<h3>Fisioterapia para la recuperaci\u00f3n de accidentes de motocicleta<\/h3>\n<p>La terapia f\u00edsica es un componente esencial de su proceso de recuperaci\u00f3n. Nuestros fisioterapeutas cualificados trabajan con usted para mejorar la fuerza, la flexibilidad y la funci\u00f3n general. Creamos programas de rehabilitaci\u00f3n personalizados que se centran en ayudarle a volver a sus actividades diarias tan pronto como sea posible.<\/p>\n<h3>Servicios de diagn\u00f3stico: Radiograf\u00edas y resonancias magn\u00e9ticas<\/h3>\n<p>Un diagn\u00f3stico preciso es clave para un tratamiento eficaz. Ofrecemos servicios avanzados de diagn\u00f3stico, como radiograf\u00edas y resonancias magn\u00e9ticas, para obtener una imagen clara de sus lesiones. Esta informaci\u00f3n gu\u00eda nuestras decisiones de tratamiento y asegura que usted reciba la atenci\u00f3n m\u00e1s adecuada.<\/p>\n<h3>Transporte gratuito para su comodidad<\/h3>\n<p>Entendemos que el transporte puede ser un reto, especialmente despu\u00e9s de un accidente. Es por eso que ofrecemos transporte gratuito desde y hacia nuestras oficinas. Este servicio est\u00e1 dise\u00f1ado para facilitarle el acceso a la atenci\u00f3n que necesita sin estr\u00e9s a\u00f1adido. En los Centros de Lesiones Hurt 911 Colorado, nuestro objetivo es apoyarle en su camino hacia la recuperaci\u00f3n. Con nuestros servicios especializados y atenci\u00f3n compasiva, estamos aqu\u00ed para ayudarle en cada paso del camino.<\/p>\n<h2>Entendiendo las Lesiones por Accidentes de Motocicleta<\/h2>\n<p><a href=\"https:\/\/1800hurt911co.com\/wp-content\/uploads\/2024\/08\/shutterstock_495722575-copy.webp\"><img decoding=\"async\" class=\"alignnone wp-image-2144\" src=\"https:\/\/1800hurt911co.com\/wp-content\/uploads\/2024\/08\/shutterstock_495722575-copy.webp\" alt=\"Lakewood Motorcycle Accident Treatment\" width=\"500\" height=\"334\" srcset=\"https:\/\/1800hurt911co.com\/wp-content\/uploads\/2024\/08\/shutterstock_495722575-copy.webp 1000w, https:\/\/1800hurt911co.com\/wp-content\/uploads\/2024\/08\/shutterstock_495722575-copy-300x200.webp 300w, https:\/\/1800hurt911co.com\/wp-content\/uploads\/2024\/08\/shutterstock_495722575-copy-768x513.webp 768w\" sizes=\"(max-width: 500px) 100vw, 500px\" \/><\/a><\/p>\n<p>Los accidentes de moto suelen provocar una serie de lesiones, algunas de las cuales pueden ser graves. Entre las lesiones m\u00e1s comunes que se observan en estos incidentes se incluyen fracturas, conmociones cerebrales y da\u00f1os en los tejidos blandos. Los motoristas son especialmente vulnerables debido a la falta de protecci\u00f3n en comparaci\u00f3n con otros veh\u00edculos. Incluso los accidentes leves pueden dar lugar a problemas importantes si no se atienden con prontitud. Reconocer los tipos de lesiones es crucial para un tratamiento eficaz. Las fracturas, por ejemplo, pueden requerir intervenci\u00f3n quir\u00fargica, mientras que el latigazo cervical y otras lesiones de tejidos blandos suelen beneficiarse de la atenci\u00f3n quiropr\u00e1ctica y la fisioterapia. Los traumatismos craneoencef\u00e1licos pueden provocar complicaciones a largo plazo, por lo que es esencial la atenci\u00f3n m\u00e9dica inmediata. El tratamiento precoz desempe\u00f1a un papel vital en la recuperaci\u00f3n. Cuanto antes busque atenci\u00f3n m\u00e9dica, mayores ser\u00e1n sus posibilidades de minimizar los efectos a largo plazo. Retrasar el tratamiento puede resultar en dolor cr\u00f3nico y complicaciones que podr\u00edan haberse evitado. En Hurt 911 Colorado Injury Centers, hacemos hincapi\u00e9 en la importancia de una pronta evaluaci\u00f3n e intervenci\u00f3n. Nuestro equipo est\u00e1 capacitado para identificar las necesidades espec\u00edficas de las v\u00edctimas de accidentes de motocicleta y proporcionar atenci\u00f3n personalizada para hacerles frente. Si usted ha estado implicado en un accidente de motocicleta, no espere. La comprensi\u00f3n de sus lesiones y la b\u00fasqueda de tratamiento inmediato puede tener un impacto significativo en su viaje de recuperaci\u00f3n. Estamos aqu\u00ed para ayudarle a navegar por este proceso y apoyarle en cada paso del camino.<\/p>\n<h2>Su camino a la recuperaci\u00f3n<\/h2>\n<p>En Hurt 911 Colorado Injury Centers, damos prioridad a su viaje de curaci\u00f3n despu\u00e9s de un accidente de motocicleta. Nuestro enfoque se centra en proporcionar planes de tratamiento personalizados adaptados espec\u00edficamente a sus necesidades. Entendemos que cada lesi\u00f3n es \u00fanica, y nos tomamos el tiempo para evaluar su condici\u00f3n a fondo. Esto asegura que su proceso de recuperaci\u00f3n sea eficaz y eficiente. Planes de tratamiento personalizados Cada cliente recibe una estrategia de tratamiento individualizado dise\u00f1ado para hacer frente a sus lesiones espec\u00edficas. Nuestro equipo de m\u00e9dicos y quiropr\u00e1cticos especializados en accidentes de moto colabora estrechamente para crear un plan que se centre en aliviar el dolor y promover la curaci\u00f3n. Tanto si necesita ajustes quiropr\u00e1cticos, fisioterapia o rehabilitaci\u00f3n especializada, le tenemos cubierto. Curaci\u00f3n a largo plazo y control del dolor La recuperaci\u00f3n no se detiene despu\u00e9s del tratamiento inicial. Hacemos hincapi\u00e9 en la curaci\u00f3n a largo plazo y las estrategias de gesti\u00f3n del dolor para ayudarle a recuperar su calidad de vida. Nuestros servicios incluyen evaluaciones continuas y ajustes de su plan de tratamiento, para garantizar que siga progresando hacia una existencia sin dolor. Asistencia legal para una compensaci\u00f3n justa Navegar por las secuelas de un accidente de motocicleta puede ser abrumador, especialmente cuando se trata de asegurar una compensaci\u00f3n justa. Nuestro equipo est\u00e1 aqu\u00ed para ayudarle a entender sus derechos y opciones. Podemos ponerle en contacto con profesionales del derecho especializados en casos de accidentes de motocicleta, asegur\u00e1ndonos de que reciba el apoyo que necesita durante este dif\u00edcil momento. Con el Centro de Lesiones Hurt 911 Colorado, usted no es un paciente m\u00e1s. Usted es un individuo valioso en el camino hacia la recuperaci\u00f3n. Perm\u00edtanos ayudarle a recuperar su vida despu\u00e9s de un accidente. P\u00f3ngase en contacto con nosotros hoy para comenzar su viaje hacia la curaci\u00f3n y la estabilidad.<\/p>\n<h2>Contacte con nosotros<\/h2>\n<p><img decoding=\"async\" class=\"alignnone wp-image-2064\" src=\"https:\/\/1800hurt911co.com\/wp-content\/uploads\/2020\/12\/banner-bg1-copy-1024x254.webp\" alt=\"Hurt911 Logo\" width=\"500\" height=\"124\" srcset=\"https:\/\/1800hurt911co.com\/wp-content\/uploads\/2020\/12\/banner-bg1-copy-1024x254.webp 1024w, https:\/\/1800hurt911co.com\/wp-content\/uploads\/2020\/12\/banner-bg1-copy-300x75.webp 300w, https:\/\/1800hurt911co.com\/wp-content\/uploads\/2020\/12\/banner-bg1-copy-768x191.webp 768w, https:\/\/1800hurt911co.com\/wp-content\/uploads\/2020\/12\/banner-bg1-copy-1536x382.webp 1536w, https:\/\/1800hurt911co.com\/wp-content\/uploads\/2020\/12\/banner-bg1-copy.webp 1920w\" sizes=\"(max-width: 500px) 100vw, 500px\" \/><\/p>\n<h3>Programe su cita hoy<\/h3>\n<p>En Hurt 911 Colorado Injury Centers, damos prioridad a su recuperaci\u00f3n. Si usted ha estado involucrado en un accidente de motocicleta, llegar a nosotros es su primer paso hacia la curaci\u00f3n. Nuestro equipo dedicado est\u00e1 listo para ayudarle con atenci\u00f3n personalizada adaptada a sus necesidades espec\u00edficas. Simplemente ll\u00e1menos o rellene nuestro formulario en l\u00ednea para programar su cita.<\/p>\n<h3>Ubicaciones al servicio del \u00e1rea metropolitana de Denver<\/h3>\n<p>Convenientemente situado en Lakewood y sus alrededores, estamos aqu\u00ed para ofrecerle el tratamiento que se merece. Nuestras cl\u00ednicas son de f\u00e1cil acceso, asegurando que usted puede obtener la atenci\u00f3n que necesita sin estr\u00e9s a\u00f1adido. Si usted est\u00e1 en Lakewood, Denver, o cerca, nuestra red de ubicaciones est\u00e1 dise\u00f1ado para servirle mejor.<\/p>\n<h3>Consulta gratuita: Comience su viaje de recuperaci\u00f3n ahora<\/h3>\n<p>No dude en pasar a la acci\u00f3n. Ofrecemos una consulta gratuita para discutir su situaci\u00f3n y esbozar c\u00f3mo podemos ayudar. Esta es una oportunidad para hacer preguntas, abordar las preocupaciones, y entender sus opciones de tratamiento sin ning\u00fan compromiso financiero. Su recuperaci\u00f3n es nuestra misi\u00f3n, y estamos aqu\u00ed para apoyarle en cada paso del camino. P\u00f3ngase en contacto con nosotros hoy mismo para comenzar su viaje hacia una vida sin dolor.<\/p>\n","protected":false},"excerpt":{"rendered":"<p>Tratamiento del accidente de la motocicleta de Lakewood &#8211; consiga detr\u00e1s en el camino a la recuperaci\u00f3n En los Centros de Lesiones Hurt 911 Colorado, entendemos que los accidentes de motocicleta pueden conducir a lesiones graves e interrupciones significativas en su vida. Nuestro programa de tratamiento de accidentes de motocicleta en Lakewood est\u00e1 dise\u00f1ado para [&hellip;]<\/p>\n","protected":false},"author":34,"featured_media":0,"parent":4409,"menu_order":0,"comment_status":"closed","ping_status":"closed","template":"","meta":{"_acf_changed":false,"footnotes":""},"class_list":["post-4431","page","type-page","status-publish","hentry"],"acf":[],"_links":{"self":[{"href":"https:\/\/1800hurt911co.com\/es\/wp-json\/wp\/v2\/pages\/4431","targetHints":{"allow":["GET"]}}],"collection":[{"href":"https:\/\/1800hurt911co.com\/es\/wp-json\/wp\/v2\/pages"}],"about":[{"href":"https:\/\/1800hurt911co.com\/es\/wp-json\/wp\/v2\/types\/page"}],"author":[{"embeddable":true,"href":"https:\/\/1800hurt911co.com\/es\/wp-json\/wp\/v2\/users\/34"}],"replies":[{"embeddable":true,"href":"https:\/\/1800hurt911co.com\/es\/wp-json\/wp\/v2\/comments?post=4431"}],"version-history":[{"count":2,"href":"https:\/\/1800hurt911co.com\/es\/wp-json\/wp\/v2\/pages\/4431\/revisions"}],"predecessor-version":[{"id":4433,"href":"https:\/\/1800hurt911co.com\/es\/wp-json\/wp\/v2\/pages\/4431\/revisions\/4433"}],"up":[{"embeddable":true,"href":"https:\/\/1800hurt911co.com\/es\/wp-json\/wp\/v2\/pages\/4409"}],"wp:attachment":[{"href":"https:\/\/1800hurt911co.com\/es\/wp-json\/wp\/v2\/media?parent=4431"}],"curies":[{"name":"wp","href":"https:\/\/api.w.org\/{rel}","templated":true}]}}