{"id":4438,"date":"2024-09-11T14:46:00","date_gmt":"2024-09-11T18:46:00","guid":{"rendered":"https:\/\/1800hurt911co.com\/lakewood\/lakewood-resbalones-y-caidas\/"},"modified":"2024-10-03T09:20:31","modified_gmt":"2024-10-03T15:20:31","slug":"lakewood-resbalones-y-caidas","status":"publish","type":"page","link":"https:\/\/1800hurt911co.com\/es\/lakewood\/lakewood-resbalones-y-caidas\/","title":{"rendered":"Lakewood Resbalones y ca\u00eddas"},"content":{"rendered":"<h2>\u00bfLastimado en un accidente de resbal\u00f3n y ca\u00edda? Podemos ayudarle<\/h2>\n<p>Si usted ha sido da\u00f1ado en un accidente del resbal\u00f3n y de la ca\u00edda, usted necesita a un equipo dedicado asistirle en su recuperaci\u00f3n. En Hurt 911 Colorado Injury Centers, nos especializamos en el tratamiento de lesiones por resbal\u00f3n y ca\u00edda adaptado a sus necesidades \u00fanicas. Nuestros profesionales experimentados en Lakewood est\u00e1n aqu\u00ed para guiarle a trav\u00e9s de cada paso del proceso de recuperaci\u00f3n. Nuestro enfoque incluye una variedad de opciones de tratamiento dise\u00f1adas para apoyar su recuperaci\u00f3n. Desde la atenci\u00f3n quiropr\u00e1ctica a la terapia f\u00edsica, nos centramos en m\u00e9todos que son eficaces y basados en la evidencia. Nuestro objetivo es restaurar su movilidad y reducir el dolor, ayud\u00e1ndole a recuperar su calidad de vida. Navegar por las secuelas de un accidente de resbal\u00f3n y ca\u00edda puede ser abrumador, especialmente cuando se trata de facturas m\u00e9dicas y compensaci\u00f3n potencial. Nuestro equipo trabaja en estrecha colaboraci\u00f3n con profesionales del derecho para garantizar que reciba el apoyo que necesita. Proporcionamos documentaci\u00f3n m\u00e9dica detallada para ayudar en su proceso de reclamaciones, por lo que es m\u00e1s f\u00e1cil para que usted pueda centrarse en la curaci\u00f3n. Elegir los Centros de Lesiones Hurt 911 Colorado significa que est\u00e1 optando por un enfoque compasivo e integral para el tratamiento de resbalones y ca\u00eddas. Sin transporte gratuito ni costes por adelantado, nos esforzamos por hacer que el proceso sea lo m\u00e1s sencillo posible. No deje que su lesi\u00f3n por resbal\u00f3n y ca\u00edda dicte su vida. P\u00f3ngase en contacto con nosotros hoy mismo para una consulta gratuita.<\/p>\n<h2>Evaluaci\u00f3n integral de lesiones<\/h2>\n<p><img fetchpriority=\"high\" decoding=\"async\" class=\"alignnone size-full wp-image-3518\" src=\"https:\/\/1800hurt911co.com\/wp-content\/uploads\/2024\/09\/slip-and-fall-accident-hurt911-colorado.webp\" alt=\"Slip and Fall Accident\" width=\"500\" height=\"334\" srcset=\"https:\/\/1800hurt911co.com\/wp-content\/uploads\/2024\/09\/slip-and-fall-accident-hurt911-colorado.webp 500w, https:\/\/1800hurt911co.com\/wp-content\/uploads\/2024\/09\/slip-and-fall-accident-hurt911-colorado-300x200.webp 300w\" sizes=\"(max-width: 500px) 100vw, 500px\" \/><\/p>\n<p>En Hurt 911 Colorado Injury Centers, damos prioridad a su salud y recuperaci\u00f3n despu\u00e9s de un accidente de resbal\u00f3n y ca\u00edda. Nuestro proceso de evaluaci\u00f3n integral est\u00e1 dise\u00f1ado para identificar el alcance de sus lesiones, lo que nos permite crear un plan de tratamiento eficaz adaptado a sus necesidades.<\/p>\n<h3>Examen y diagn\u00f3stico por imagen<\/h3>\n<p>Nuestro enfoque comienza con un examen inicial exhaustivo. Durante esta evaluaci\u00f3n, nuestro experimentado personal m\u00e9dico:<\/p>\n<ul>\n<li>Llevar a cabo una revisi\u00f3n detallada de su historial m\u00e9dico y las circunstancias que rodearon su incidente de resbal\u00f3n y ca\u00edda.<\/li>\n<li>Realizar un examen f\u00edsico para identificar cualquier lesi\u00f3n visible y evaluar su estado general.<\/li>\n<\/ul>\n<p>Para asegurar un diagn\u00f3stico preciso, utilizamos im\u00e1genes de diagn\u00f3stico avanzado, incluyendo:<\/p>\n<ul>\n<li><strong>Rayos X<\/strong>: Esta t\u00e9cnica de imagen nos ayuda a detectar fracturas o dislocaciones.<\/li>\n<li><strong>RESONANCIA MAGN\u00c9TICA<\/strong>: La resonancia magn\u00e9tica nos permite ver lesiones de tejidos blandos, incluidos da\u00f1os en ligamentos y cart\u00edlagos.<\/li>\n<\/ul>\n<p>Mediante la combinaci\u00f3n de evaluaciones personales con herramientas de diagn\u00f3stico avanzadas, podemos determinar la naturaleza exacta de sus lesiones. Este conocimiento exhaustivo es esencial para desarrollar un plan de tratamiento personalizado que aborde sus necesidades espec\u00edficas y promueva una recuperaci\u00f3n \u00f3ptima. Si usted ha sido lesionado en un accidente de resbal\u00f3n y ca\u00edda, no espere para buscar ayuda. P\u00f3ngase en contacto con nosotros hoy mismo para programar su evaluaci\u00f3n exhaustiva y dar el primer paso hacia la recuperaci\u00f3n.<\/p>\n<h2>Planes personalizados del tratamiento del resbal\u00f3n y de la ca\u00edda<\/h2>\n<p>En los Centros de Lesiones Hurt 911 Colorado, entendemos que cada lesi\u00f3n por resbal\u00f3n y ca\u00edda es distinta. Nuestro enfoque se centra en la creaci\u00f3n de planes de tratamiento individualizados que atienden a sus necesidades espec\u00edficas.<\/p>\n<ul>\n<li><strong>Cuidado Quiropr\u00e1ctico<\/strong>: Nuestros quiropr\u00e1cticos se especializan en abordar el dolor y las molestias asociadas con las lesiones por resbalones y ca\u00eddas. Utilizan diversas t\u00e9cnicas para aliviar la presi\u00f3n sobre la columna vertebral y las articulaciones, ayudando a restaurar la movilidad y promover la curaci\u00f3n.<\/li>\n<li><strong>Fisioterapia<\/strong>: Nuestros fisioterapeutas desarrollan programas destinados a restaurar la fuerza y la funci\u00f3n. Le guiar\u00e1n a trav\u00e9s de ejercicios dise\u00f1ados para mejorar la amplitud de movimiento y la estabilidad, que son cruciales para una recuperaci\u00f3n completa.<\/li>\n<li><strong>Tratamiento del dolor<\/strong>: Ofrecemos varias opciones de tratamiento del dolor adaptadas a su situaci\u00f3n. Esto puede incluir terapias no invasivas, ajustes en el estilo de vida y formaci\u00f3n en t\u00e9cnicas de alivio del dolor para ayudarle en su proceso de recuperaci\u00f3n.<\/li>\n<\/ul>\n<p>Nuestros completos planes de tratamiento integran m\u00faltiples disciplinas para garantizar una recuperaci\u00f3n eficaz. Seguimos de cerca sus progresos y ajustamos su tratamiento seg\u00fan sea necesario para optimizar los resultados. Nuestro equipo est\u00e1 a su disposici\u00f3n para ayudarle en todo momento. Damos prioridad a su comodidad y bienestar, con el objetivo de que vuelva a su vida normal y activa lo antes posible.<\/p>\n<h3>Cuidados Quiropr\u00e1cticos<\/h3>\n<p>Los accidentes por resbalones y ca\u00eddas pueden provocar molestias importantes y problemas duraderos. Nuestra atenci\u00f3n quiropr\u00e1ctica se centra en aliviar el dolor y reducir la inflamaci\u00f3n causada por estas lesiones. Empleamos diversas t\u00e9cnicas adaptadas a sus necesidades espec\u00edficas, promoviendo la curaci\u00f3n a largo plazo a trav\u00e9s de:<\/p>\n<ul>\n<li>Ajustes manuales para realinear la columna vertebral y las articulaciones<\/li>\n<li>Modalidades terap\u00e9uticas para aliviar la tensi\u00f3n muscular<\/li>\n<li>Ejercicios espec\u00edficos para mejorar la movilidad y la fuerza<\/li>\n<\/ul>\n<h3>Fisioterapia y Rehabilitaci\u00f3n<\/h3>\n<p><img decoding=\"async\" class=\"alignnone wp-image-2536 size-full\" src=\"https:\/\/1800hurt911co.com\/wp-content\/uploads\/2024\/09\/shutterstock_2472674969.webp\" alt=\"Slip and Fall Treatment in Lakewood Colorado\" width=\"500\" height=\"337\" srcset=\"https:\/\/1800hurt911co.com\/wp-content\/uploads\/2024\/09\/shutterstock_2472674969.webp 500w, https:\/\/1800hurt911co.com\/wp-content\/uploads\/2024\/09\/shutterstock_2472674969-300x202.webp 300w\" sizes=\"(max-width: 500px) 100vw, 500px\" \/><\/p>\n<p>La recuperaci\u00f3n de una lesi\u00f3n por resbal\u00f3n y ca\u00edda a menudo requiere un programa de rehabilitaci\u00f3n estructurado. Nuestros servicios de fisioterapia est\u00e1n dise\u00f1ados para restaurar la funci\u00f3n y mejorar su calidad de vida. Ofrecemos:<\/p>\n<ul>\n<li>Ejercicios de fortalecimiento y movilidad para reconstruir la funci\u00f3n muscular y articular<\/li>\n<li>T\u00e9cnicas de movilizaci\u00f3n de articulaciones y tejidos blandos para aliviar el dolor y mejorar la flexibilidad<\/li>\n<li>Planes de rehabilitaci\u00f3n personalizados que se adaptan a su evoluci\u00f3n para garantizar una recuperaci\u00f3n \u00f3ptima.<\/li>\n<\/ul>\n<p>Nuestro equipo se compromete a ayudarle en cada paso de su recuperaci\u00f3n. Con un enfoque en la atenci\u00f3n individualizada, nuestro objetivo es ayudarle a recuperar la fuerza y la confianza despu\u00e9s de un accidente de resbal\u00f3n y ca\u00edda.<\/p>\n<h2>Apoyo continuo y recuperaci\u00f3n<\/h2>\n<h3>Programas de ejercicios en casa<\/h3>\n<p>Despu\u00e9s de una lesi\u00f3n por resbal\u00f3n y ca\u00edda, es esencial mantener el progreso. Ofrecemos programas de ejercicios en casa dise\u00f1ados a medida para ayudarle en su proceso de recuperaci\u00f3n. Estos programas incluyen<\/p>\n<ul>\n<li><strong>Ejercicios para la amplitud de movimiento<\/strong>: Movimientos suaves para ayudar a restaurar la flexibilidad y la movilidad en las zonas afectadas.<\/li>\n<li><strong>Ejercicios de fortalecimiento<\/strong>: Rutinas dirigidas a reconstruir la fuerza en los m\u00fasculos debilitados por la lesi\u00f3n.<\/li>\n<li><strong>T\u00e9cnicas de estiramiento<\/strong>: M\u00e9todos para mejorar la flexibilidad y prevenir la rigidez, promoviendo el bienestar general.<br \/>\nEducaci\u00f3n sobre la mec\u00e1nica corporal adecuada<\/li>\n<\/ul>\n<p>Comprender c\u00f3mo moverse de forma segura es crucial para prevenir nuevas lesiones. Nuestro equipo ofrece formaci\u00f3n sobre:<\/p>\n<ul>\n<li><strong>T\u00e9cnicas de elevaci\u00f3n adecuadas<\/strong>: Orientaci\u00f3n sobre c\u00f3mo levantar y transportar objetos de forma segura para evitar forzar la espalda y las articulaciones.<\/li>\n<li><strong>Conciencia postural<\/strong>: Consejos para mantener una buena postura durante las actividades diarias, reduciendo el riesgo de volver a lesionarse.<\/li>\n<li><strong>Estrategias de movimiento seguro<\/strong>: Consejos sobre c\u00f3mo moverse con seguridad en su entorno, especialmente si tiene dolores persistentes o problemas de movilidad.<\/li>\n<\/ul>\n<p>Creemos que el apoyo continuo es vital para su recuperaci\u00f3n. Nuestro compromiso no termina con el tratamiento; le dotamos de los conocimientos y herramientas necesarios para un proceso de rehabilitaci\u00f3n satisfactorio. Perm\u00edtanos ayudarle a recuperar su fuerza y confianza despu\u00e9s de un accidente por resbal\u00f3n y ca\u00edda.<\/p>\n<h2>\u00bfPor qu\u00e9 elija los centros de lesi\u00f3n de Hurt 911 Colorado?<\/h2>\n<p><img decoding=\"async\" class=\"alignnone size-full wp-image-3566\" src=\"https:\/\/1800hurt911co.com\/wp-content\/uploads\/2024\/09\/slip-and-fall-accident-treatment.webp\" alt=\"Slip and Fall Injury Treatment\" width=\"500\" height=\"334\" srcset=\"https:\/\/1800hurt911co.com\/wp-content\/uploads\/2024\/09\/slip-and-fall-accident-treatment.webp 500w, https:\/\/1800hurt911co.com\/wp-content\/uploads\/2024\/09\/slip-and-fall-accident-treatment-300x200.webp 300w\" sizes=\"(max-width: 500px) 100vw, 500px\" \/><\/p>\n<p>Cuando usted ha experimentado una lesi\u00f3n del resbal\u00f3n y de la ca\u00edda, elegir el centro correcto del tratamiento es crucial. En los Centros de Lesiones Hurt 911 Colorado, entendemos los retos a los que se enfrenta. Nuestro compromiso es proporcionar la atenci\u00f3n de la m\u00e1s alta calidad adaptada a sus necesidades espec\u00edficas. He aqu\u00ed por qu\u00e9 destacamos:<\/p>\n<h3>Equipo experimentado y dedicado<\/h3>\n<ul>\n<li><strong>M\u00e9dicos, Quiropr\u00e1cticos y Fisioterapeutas<\/strong>: Nuestro equipo est\u00e1 formado por profesionales altamente cualificados especializados en la recuperaci\u00f3n de lesiones. Aportan una amplia experiencia y conocimientos en la gesti\u00f3n eficaz de lesiones por resbalones y ca\u00eddas.<\/li>\n<li><strong>Enfoque colaborativo para la gesti\u00f3n de lesiones<\/strong>: Creemos en un enfoque orientado al trabajo en equipo. Nuestro personal m\u00e9dico trabaja estrechamente con usted para crear un plan de tratamiento integral que aborde todos los aspectos de su recuperaci\u00f3n.<br \/>\nAtenci\u00f3n integral bajo un mismo techo<\/li>\n<\/ul>\n<p>Ofrecemos un conjunto completo de servicios dise\u00f1ados para simplificar su viaje de recuperaci\u00f3n. Desde las evaluaciones iniciales hasta el apoyo legal, le tenemos cubierto. Nuestro enfoque integrado garantiza que reciba la atenci\u00f3n necesaria al tiempo que navega por las complejidades de la indemnizaci\u00f3n. Nosotros nos encargamos de los detalles para que usted pueda centrarse en recuperarse.<\/p>\n<h3>Transporte gratuito<\/h3>\n<p>En los Centros de Lesiones Hurt 911 Colorado, entendemos que el transporte puede ser una barrera para recibir la atenci\u00f3n m\u00e9dica necesaria despu\u00e9s de un accidente de resbal\u00f3n y ca\u00edda. Es por eso que ofrecemos servicios de transporte gratuito a nuestros clientes. Nuestro objetivo es hacer que su proceso de recuperaci\u00f3n sea lo m\u00e1s sencillo posible.<\/p>\n<h3>Sin costes por adelantado<\/h3>\n<p>\u00bfLe preocupan los costes? No tiene por qu\u00e9. Ofrecemos servicios sin pagos por adelantado, lo que significa que no tendr\u00e1 que preocuparse por pagar de su bolsillo el tratamiento. Nuestro equipo m\u00e9dico y su abogado especializado en resbalones y ca\u00eddas cobran una vez que usted obtiene una indemnizaci\u00f3n. De esta manera, usted puede centrarse en la curaci\u00f3n sin el estr\u00e9s a\u00f1adido de las cargas financieras. Elegir el Centro de Lesiones Hurt 911 Colorado significa dar prioridad a su salud y bienestar. Estamos aqu\u00ed para apoyarle en cada paso del camino, asegur\u00e1ndonos de que reciba la mejor atenci\u00f3n posible para su lesi\u00f3n por resbal\u00f3n y ca\u00edda.<\/p>\n<h2>Asistencia Legal<\/h2>\n<p><img loading=\"lazy\" decoding=\"async\" class=\"alignnone wp-image-3551 size-full\" src=\"https:\/\/1800hurt911co.com\/wp-content\/uploads\/2024\/09\/hurt911-colorado-lawyer-image-4.webp\" alt=\"Lakewood Slip and Fall Lawyer\" width=\"500\" height=\"334\" srcset=\"https:\/\/1800hurt911co.com\/wp-content\/uploads\/2024\/09\/hurt911-colorado-lawyer-image-4.webp 500w, https:\/\/1800hurt911co.com\/wp-content\/uploads\/2024\/09\/hurt911-colorado-lawyer-image-4-300x200.webp 300w\" sizes=\"(max-width: 500px) 100vw, 500px\" \/><\/p>\n<h3>Resbal\u00f3n y Ca\u00edda Referencias Abogado<\/h3>\n<p>Navegar por las secuelas de un accidente puede ser abrumador. Entendemos la importancia de contar con un sistema de apoyo fiable. Nuestros servicios van m\u00e1s all\u00e1 del tratamiento m\u00e9dico. Ponemos en contacto a pacientes con abogados especializados en casos de resbalones y ca\u00eddas. Un abogado con experiencia puede negociar con las compa\u00f1\u00edas de seguros y representarle en un juicio si es necesario. Su abogado especializado en accidentes por resbalones y ca\u00eddas luchar\u00e1 incansablemente para conseguir la m\u00e1xima indemnizaci\u00f3n.<\/p>\n<h3>Trabajando con su abogado<\/h3>\n<p>En los Centros de Lesiones Hurt 911 Colorado, reconocemos la importancia de una colaboraci\u00f3n eficaz entre nuestro personal m\u00e9dico y su equipo legal. Nuestro objetivo es proporcionarle el apoyo integral que necesita durante su proceso de recuperaci\u00f3n. Ayudamos a su abogado ofreci\u00e9ndole documentaci\u00f3n m\u00e9dica detallada que describe el alcance de sus lesiones y el tratamiento que ha recibido. Esta documentaci\u00f3n es crucial para establecer el impacto de su accidente de resbal\u00f3n y ca\u00edda y para perseguir una compensaci\u00f3n justa. Nuestro equipo se compromete a garantizar que toda la informaci\u00f3n necesaria est\u00e9 f\u00e1cilmente disponible, permitiendo a sus representantes legales construir un caso s\u00f3lido en su nombre.<\/p>\n<h2>Cont\u00e1ctenos hoy para su tratamiento de resbal\u00f3n y ca\u00edda en Lakewood<\/h2>\n<p><img loading=\"lazy\" decoding=\"async\" class=\"alignnone wp-image-2064\" src=\"https:\/\/1800hurt911co.com\/wp-content\/uploads\/2020\/12\/banner-bg1-copy-1024x254.webp\" alt=\"Hurt911 Logo\" width=\"500\" height=\"124\" srcset=\"https:\/\/1800hurt911co.com\/wp-content\/uploads\/2020\/12\/banner-bg1-copy-1024x254.webp 1024w, https:\/\/1800hurt911co.com\/wp-content\/uploads\/2020\/12\/banner-bg1-copy-300x75.webp 300w, https:\/\/1800hurt911co.com\/wp-content\/uploads\/2020\/12\/banner-bg1-copy-768x191.webp 768w, https:\/\/1800hurt911co.com\/wp-content\/uploads\/2020\/12\/banner-bg1-copy-1536x382.webp 1536w, https:\/\/1800hurt911co.com\/wp-content\/uploads\/2020\/12\/banner-bg1-copy.webp 1920w\" sizes=\"(max-width: 500px) 100vw, 500px\" \/><\/p>\n<h3>Programe una consulta gratuita<\/h3>\n<p>Si usted ha experimentado un accidente de resbal\u00f3n y ca\u00edda, buscar ayuda es crucial. En Hurt 911 Colorado Injury Centers, estamos aqu\u00ed para ayudarle en cada paso del camino. Nuestro equipo dedicado est\u00e1 listo para proporcionar la atenci\u00f3n que necesita para recuperarse de sus lesiones y volver a su vida cotidiana. Llame <a href=\"tel:+17204140000\"><i class=\"fa fa-phone-alt\"><\/i>720-414-0000<\/a> o utilice nuestro formulario de contacto en l\u00ednea para una consulta gratuita.<\/p>\n<h3>Ubicaciones y \u00e1reas de servicio<\/h3>\n<p>Hurt 911 Colorado Injury Centers se enorgullece de servir al \u00e1rea metropolitana de Denver. Nuestras ubicaciones incluyen Lakewood, Denver, Commerce City, Northglenn, Centennial, Aurora, Colorado Springs y Arvada.<\/p>\n<h3>\u00bfListo para volver a su vida normal y sin dolor?<\/h3>\n<p>Su recuperaci\u00f3n es nuestra prioridad. Solicite una cita hoy para comenzar su viaje hacia la curaci\u00f3n. No espere, p\u00f3ngase en contacto con nosotros y d\u00e9 el primer paso para recuperar su bienestar.<\/p>\n","protected":false},"excerpt":{"rendered":"<p>\u00bfLastimado en un accidente de resbal\u00f3n y ca\u00edda? Podemos ayudarle Si usted ha sido da\u00f1ado en un accidente del resbal\u00f3n y de la ca\u00edda, usted necesita a un equipo dedicado asistirle en su recuperaci\u00f3n. En Hurt 911 Colorado Injury Centers, nos especializamos en el tratamiento de lesiones por resbal\u00f3n y ca\u00edda adaptado a sus necesidades [&hellip;]<\/p>\n","protected":false},"author":34,"featured_media":0,"parent":4409,"menu_order":0,"comment_status":"closed","ping_status":"closed","template":"","meta":{"_acf_changed":false,"footnotes":""},"class_list":["post-4438","page","type-page","status-publish","hentry"],"acf":[],"_links":{"self":[{"href":"https:\/\/1800hurt911co.com\/es\/wp-json\/wp\/v2\/pages\/4438","targetHints":{"allow":["GET"]}}],"collection":[{"href":"https:\/\/1800hurt911co.com\/es\/wp-json\/wp\/v2\/pages"}],"about":[{"href":"https:\/\/1800hurt911co.com\/es\/wp-json\/wp\/v2\/types\/page"}],"author":[{"embeddable":true,"href":"https:\/\/1800hurt911co.com\/es\/wp-json\/wp\/v2\/users\/34"}],"replies":[{"embeddable":true,"href":"https:\/\/1800hurt911co.com\/es\/wp-json\/wp\/v2\/comments?post=4438"}],"version-history":[{"count":2,"href":"https:\/\/1800hurt911co.com\/es\/wp-json\/wp\/v2\/pages\/4438\/revisions"}],"predecessor-version":[{"id":4440,"href":"https:\/\/1800hurt911co.com\/es\/wp-json\/wp\/v2\/pages\/4438\/revisions\/4440"}],"up":[{"embeddable":true,"href":"https:\/\/1800hurt911co.com\/es\/wp-json\/wp\/v2\/pages\/4409"}],"wp:attachment":[{"href":"https:\/\/1800hurt911co.com\/es\/wp-json\/wp\/v2\/media?parent=4438"}],"curies":[{"name":"wp","href":"https:\/\/api.w.org\/{rel}","templated":true}]}}