{"id":4447,"date":"2024-09-11T06:57:24","date_gmt":"2024-09-11T10:57:24","guid":{"rendered":"https:\/\/1800hurt911co.com\/lakewood\/lakewood-doctor-de-latigazo-cervical\/"},"modified":"2024-10-03T09:38:45","modified_gmt":"2024-10-03T15:38:45","slug":"lakewood-doctor-de-latigazo-cervical","status":"publish","type":"page","link":"https:\/\/1800hurt911co.com\/es\/lakewood\/lakewood-doctor-de-latigazo-cervical\/","title":{"rendered":"Lakewood Doctor de latigazo cervical"},"content":{"rendered":"<h2>\u00bfBusca un m\u00e9dico para el latigazo cervical en Lakewood?<\/h2>\n<p>Si usted sospecha que tiene latigazo cervical, la intervenci\u00f3n oportuna es vital. Buscar atenci\u00f3n m\u00e9dica con prontitud puede ayudar a diagnosticar la lesi\u00f3n con precisi\u00f3n e iniciar el tratamiento adecuado. La atenci\u00f3n temprana puede mitigar las consecuencias a largo plazo, asegurando un proceso de recuperaci\u00f3n m\u00e1s suave. No subestime el impacto del latigazo cervical; abordarlo r\u00e1pidamente puede conducir a mejores resultados y a una vuelta a la vida normal. Un m\u00e9dico de latigazo cervical Lakewood en Hurt911 Colorado Injury Centers puede ayudar a su recuperaci\u00f3n despu\u00e9s de un accidente de coche. \u00a1P\u00f3ngase en contacto con nosotros en <a href=\"tel:+17204140000\"><i class=\"fa fa-phone-alt\"><\/i>720-414-0000<\/a> hoy!<\/p>\n<h2>Entendiendo el latigazo cervical y su impacto<\/h2>\n<p><a href=\"https:\/\/1800hurt911co.com\/wp-content\/uploads\/2024\/09\/whiplash-injury-car-accident.webp\"><img fetchpriority=\"high\" decoding=\"async\" class=\"alignnone wp-image-2830 size-full\" src=\"https:\/\/1800hurt911co.com\/wp-content\/uploads\/2024\/09\/whiplash-injury-car-accident.webp\" alt=\"Driver With Whiplash From Car Accident\" width=\"500\" height=\"334\" srcset=\"https:\/\/1800hurt911co.com\/wp-content\/uploads\/2024\/09\/whiplash-injury-car-accident.webp 500w, https:\/\/1800hurt911co.com\/wp-content\/uploads\/2024\/09\/whiplash-injury-car-accident-300x200.webp 300w\" sizes=\"(max-width: 500px) 100vw, 500px\" \/><\/a><\/p>\n<p>El latigazo cervical es una lesi\u00f3n com\u00fan del cuello que suele producirse por movimientos bruscos durante un accidente de autom\u00f3vil. Cuando se produce una colisi\u00f3n, la cabeza es empujada hacia delante y luego hacia atr\u00e1s r\u00e1pidamente, causando tensi\u00f3n en los m\u00fasculos y ligamentos del cuello. Esta lesi\u00f3n puede provocar dolor e incomodidad significativos, afectando a la vida diaria y al bienestar general. Reconocer la gravedad del latigazo cervical es crucial. Aunque algunos pueden considerarlo una lesi\u00f3n menor, sus efectos pueden persistir y provocar dolor cr\u00f3nico y problemas de movilidad. Comprender los matices del latigazo cervical es esencial para un tratamiento y una recuperaci\u00f3n eficaces. En un accidente de tr\u00e1fico, las lesiones por latigazo cervical suelen producirse en colisiones por alcance. Sin embargo, tambi\u00e9n pueden producirse en otras situaciones, como lesiones deportivas o ca\u00eddas. Los s\u00edntomas pueden variar mucho, desde dolor de cuello inmediato hasta dolores de cabeza y rigidez que pueden aparecer d\u00edas despu\u00e9s del incidente.<\/p>\n<h2>La importancia de un tratamiento r\u00e1pido<\/h2>\n<p>El latigazo cervical puede provocar complicaciones graves si no se trata. Los s\u00edntomas iniciales pueden parecer manejables, pero pueden agravarse r\u00e1pidamente. El dolor de cuello, los dolores de cabeza y la rigidez son s\u00f3lo el principio. Con el tiempo, un latigazo cervical no tratado puede provocar dolor cr\u00f3nico, movilidad reducida e incluso efectos psicol\u00f3gicos como ansiedad o depresi\u00f3n. Cuanto m\u00e1s espere para buscar tratamiento, m\u00e1s probabilidades tendr\u00e1 de experimentar problemas duraderos que pueden afectar a su calidad de vida. Un tratamiento r\u00e1pido puede aliviar de forma duradera los s\u00edntomas del latigazo cervical. El diagn\u00f3stico precoz es crucial para tratar eficazmente las lesiones por latigazo cervical. Si consulta a un profesional m\u00e9dico cualificado poco despu\u00e9s del incidente, podr\u00e1 recibir una evaluaci\u00f3n completa que determine el alcance de sus lesiones. Esto permite que los planes de tratamiento adecuados se apliquen de inmediato, mejorando sus posibilidades de una recuperaci\u00f3n completa. En Hurt 911 Colorado Injury Centers, hacemos hincapi\u00e9 en la importancia de un tratamiento r\u00e1pido para el latigazo cervical. Nuestro equipo se dedica a proporcionar evaluaciones exhaustivas y atenci\u00f3n inmediata para ayudarle a recuperarse r\u00e1pida y eficazmente. No espere a que los s\u00edntomas empeoren, act\u00fae ahora para salvaguardar su salud y bienestar.<\/p>\n<h2>Tratamiento comprensivo del latigazo cervical en los centros de lesi\u00f3n de Hurt 911 Colorado<\/h2>\n<p>En el Centro de Lesiones Hurt 911 Colorado, proporcionamos un tratamiento completo y eficaz para las lesiones por latigazo cervical. Nuestro enfoque combina la atenci\u00f3n m\u00e9dica, ajustes quiropr\u00e1cticos, y la terapia f\u00edsica para promover la curaci\u00f3n y restaurar la funci\u00f3n.<\/p>\n<h3>Atenci\u00f3n m\u00e9dica para lesiones de latigazo cervical<\/h3>\n<p>Nuestro experto equipo m\u00e9dico lleva a cabo evaluaciones exhaustivas para comprender el alcance de sus lesiones. Utilizamos servicios avanzados de diagn\u00f3stico, incluyendo rayos X, resonancias magn\u00e9ticas y tomograf\u00edas computarizadas, para evaluar con precisi\u00f3n su condici\u00f3n. Estas evaluaciones tambi\u00e9n comprobar si hay huesos rotos, asegurando que todas las lesiones potenciales se identifican. Este examen exhaustivo nos permite crear un plan de tratamiento preciso que se ocupa de sus necesidades espec\u00edficas.<\/p>\n<h3>Servicios de diagn\u00f3stico: Radiograf\u00edas y resonancias magn\u00e9ticas<\/h3>\n<p>Estas herramientas de diagn\u00f3stico son esenciales para identificar da\u00f1os en los tejidos blandos, fracturas u otras complicaciones relacionadas con el latigazo cervical. Mediante la obtenci\u00f3n de im\u00e1genes claras de la columna vertebral y el cuello, podemos tomar decisiones informadas sobre su tratamiento.<\/p>\n<h3>Planes de tratamiento personalizados<\/h3>\n<p>Cada paciente recibe un plan de tratamiento personalizado dise\u00f1ado para abordar sus s\u00edntomas \u00fanicos y objetivos de recuperaci\u00f3n. Nos centramos en proporcionar un tratamiento eficaz que favorezca la curaci\u00f3n y alivie el dolor. Trabajamos estrechamente con usted para ajustar el plan seg\u00fan sea necesario, asegurando una recuperaci\u00f3n \u00f3ptima.<\/p>\n<h3>Cuidado quiropr\u00e1ctico para el latigazo cervical<\/h3>\n<p><img decoding=\"async\" class=\"alignnone wp-image-2828 size-full\" src=\"https:\/\/1800hurt911co.com\/wp-content\/uploads\/2024\/09\/whiplash-doctor.webp\" alt=\"Whiplash Treatment in Lakewood, Colorado\" width=\"500\" height=\"334\" srcset=\"https:\/\/1800hurt911co.com\/wp-content\/uploads\/2024\/09\/whiplash-doctor.webp 500w, https:\/\/1800hurt911co.com\/wp-content\/uploads\/2024\/09\/whiplash-doctor-300x200.webp 300w\" sizes=\"(max-width: 500px) 100vw, 500px\" \/><\/p>\n<p>Las lesiones por accidentes de coche son un punto clave de nuestro programa de tratamiento del latigazo cervical. Nuestros quiropr\u00e1cticos experimentados utilizan t\u00e9cnicas suaves y no invasivas para realinear la columna vertebral y mejorar la movilidad. Estos ajustes ayudan a reducir la inflamaci\u00f3n y aliviar el dolor, lo que permite a su cuerpo a sanar de manera m\u00e1s eficaz.<\/p>\n<h4>Beneficios de los ajustes quiropr\u00e1cticos<\/h4>\n<p>Los ajustes quiropr\u00e1cticos pueden conducir a mejoras significativas en el dolor de cuello y la funci\u00f3n general. Estos tratamientos no s\u00f3lo abordan el malestar inmediato, sino que tambi\u00e9n apoyan la recuperaci\u00f3n a largo plazo mediante la mejora de la alineaci\u00f3n de la columna vertebral y la funci\u00f3n nerviosa.<\/p>\n<h4>Tratamientos no invasivos y suaves<\/h4>\n<p>Nuestro cuidado quiropr\u00e1ctico se centra en m\u00e9todos no invasivos que son seguros y eficaces. Damos prioridad a su comodidad durante todo el proceso de tratamiento, asegurando que se sienta apoyado y cuidado.<\/p>\n<h3>Fisioterapia para la recuperaci\u00f3n del latigazo cervical<\/h3>\n<p>La fisioterapia para lesiones por accidente de autom\u00f3vil juega un papel vital en su recuperaci\u00f3n del latigazo cervical. Nuestros fisioterapeutas desarrollan programas de rehabilitaci\u00f3n personalizados que incluyen tratamientos pasivos y activos. Estas terapias est\u00e1n dise\u00f1adas para restaurar la fuerza, la flexibilidad y la movilidad de su cuello y columna vertebral.<\/p>\n<h4>Tratamientos Pasivos y Activos<\/h4>\n<p>Los tratamientos pasivos pueden incluir modalidades como el calor, el hielo y la terapia de ultrasonido para reducir el dolor y la inflamaci\u00f3n. Los tratamientos activos incluyen ejercicios dise\u00f1ados para mejorar la fuerza y la amplitud de movimiento. Juntos, estos enfoques facilitan un proceso de recuperaci\u00f3n integral.<\/p>\n<h4>Recuperaci\u00f3n de la movilidad y reducci\u00f3n del dolor<\/h4>\n<p>Nuestro objetivo es ayudarle a recuperar la plena funcionalidad y reducir el dolor asociado a las lesiones por latigazo cervical. A trav\u00e9s de la fisioterapia dirigida, nuestro objetivo es restaurar su movilidad y mejorar su calidad de vida.<\/p>\n<p>En Hurt 911 Colorado Injury Centers, estamos comprometidos a proporcionar un tratamiento integral de latigazo cervical que se ocupa de sus necesidades y apoya su viaje de recuperaci\u00f3n. Nuestro equipo dedicado est\u00e1 aqu\u00ed para ayudarle en cada paso del camino.<\/p>\n<h2>Servicios de Apoyo Adicionales<\/h2>\n<p>En los Centros de Lesiones Hurt 911 Colorado, entendemos que recuperarse de una lesi\u00f3n por latigazo cervical va m\u00e1s all\u00e1 del tratamiento m\u00e9dico. Es por eso que ofrecemos servicios de apoyo adicionales dise\u00f1ados para ayudarle a trav\u00e9s de cada paso de su viaje de recuperaci\u00f3n.<\/p>\n<h3>Asistencia legal para v\u00edctimas de accidentes<\/h3>\n<p>Navegar por las secuelas de un accidente automovil\u00edstico puede ser abrumador. Nuestro equipo legal est\u00e1 aqu\u00ed para ayudarle a entender sus derechos y opciones. Proporcionamos orientaci\u00f3n sobre c\u00f3mo obtener una indemnizaci\u00f3n por sus lesiones, gastos m\u00e9dicos y salarios perdidos.<\/p>\n<p>Nuestros abogados experimentados trabajan diligentemente para asegurar que usted reciba un trato justo de las compa\u00f1\u00edas de seguros y que su caso sea manejado con cuidado. Nos centramos en la defensa de sus mejores intereses, lo que le permite concentrarse en la curaci\u00f3n.<\/p>\n<h3>Transporte gratuito a nuestras oficinas<\/h3>\n<p>El acceso al tratamiento no debe ser un obst\u00e1culo para su recuperaci\u00f3n. Para facilitar sus visitas, le ofrecemos transporte gratuito de ida y vuelta a nuestras oficinas. Este servicio est\u00e1 dise\u00f1ado para eliminar cualquier problema log\u00edstico al que pueda enfrentarse, garantizando que reciba la atenci\u00f3n necesaria sin estr\u00e9s a\u00f1adido. Ya sea que necesite asistir a citas para pruebas de diagn\u00f3stico o tratamientos de seguimiento, nuestro equipo se compromete a hacer que su experiencia sea lo m\u00e1s fluida posible.<\/p>\n<p>En Hurt 911, damos prioridad a su bienestar y nos esforzamos por proporcionarle un apoyo integral durante su proceso de recuperaci\u00f3n. P\u00f3ngase en contacto con nosotros hoy mismo para obtener m\u00e1s informaci\u00f3n sobre c\u00f3mo podemos ayudarle en su camino hacia la curaci\u00f3n.<\/p>\n<h2>\u00bfPor qu\u00e9 elija los centros de lesi\u00f3n de Hurt 911 Colorado?<\/h2>\n<p><a href=\"https:\/\/1800hurt911co.com\/wp-content\/uploads\/2024\/09\/shutterstock_2078934109.webp\"><img decoding=\"async\" class=\"alignnone wp-image-2547 size-full\" src=\"https:\/\/1800hurt911co.com\/wp-content\/uploads\/2024\/09\/shutterstock_2078934109.webp\" alt=\"Lakewood Doctor de latigazo cervical\" width=\"500\" height=\"334\" srcset=\"https:\/\/1800hurt911co.com\/wp-content\/uploads\/2024\/09\/shutterstock_2078934109.webp 500w, https:\/\/1800hurt911co.com\/wp-content\/uploads\/2024\/09\/shutterstock_2078934109-300x200.webp 300w\" sizes=\"(max-width: 500px) 100vw, 500px\" \/><\/a><\/p>\n<p>Cuando se trata de tratamiento de latigazo cervical en Lakewood, Hurt 911 Colorado Injury Centers se destaca como una opci\u00f3n de confianza. Nuestro experimentado equipo se dedica a proporcionar el m\u00e1s alto nivel de atenci\u00f3n para aquellos que sufren de lesiones de latigazo cervical. Nos especializamos en reconocer y tratar el latigazo cervical en Lakewood, particularmente en el contexto de accidentes automovil\u00edsticos donde los individuos pueden experimentar lesiones en el cuello y la columna vertebral. Entendemos los matices de su situaci\u00f3n y dar prioridad a su recuperaci\u00f3n.<\/p>\n<h3>Equipo experimentado y dedicado<\/h3>\n<p>Nuestro personal incluye profesionales m\u00e9dicos cualificados, quiropr\u00e1cticos y fisioterapeutas especializados en el tratamiento del latigazo cervical. Leve a moderada lesiones cerebrales son bastante comunes despu\u00e9s de latigazo cervical debido a los violentos movimientos experimentados durante el accidente. Cada miembro de nuestro equipo est\u00e1 comprometido con su bienestar y recuperaci\u00f3n. Trabajamos en colaboraci\u00f3n para crear estrategias de tratamiento eficaces adaptadas a sus necesidades espec\u00edficas.<\/p>\n<h3>Reconocido por la gesti\u00f3n eficaz de lesiones personales<\/h3>\n<p>El Centro de Lesiones Hurt 911 Colorado se ha forjado una s\u00f3lida reputaci\u00f3n por gestionar con \u00e9xito casos de lesiones personales. Nuestro compromiso con la excelencia nos ha ganado el reconocimiento de la comunidad. Estamos orgullosos de nuestro historial de asegurar una compensaci\u00f3n justa para nuestros clientes, asegurando que reciban el apoyo que se merecen.<\/p>\n<h3>Enfoque centrado en el cliente<\/h3>\n<p>Sus necesidades son lo primero en Hurt 911. Adoptamos un enfoque centrado en el cliente, centr\u00e1ndonos en sus circunstancias y preferencias individuales. Desde su consulta inicial hasta el tratamiento en curso, nos aseguramos de que se sienta escuchado y apoyado durante todo el proceso. Nuestro objetivo es aliviar sus preocupaciones y proporcionar la orientaci\u00f3n necesaria para su viaje de recuperaci\u00f3n.<\/p>\n<p>Elegir el Centro de Lesiones Hurt 911 Colorado significa elegir un socio dedicado en su proceso de curaci\u00f3n. Estamos aqu\u00ed para ayudarle a navegar por los desaf\u00edos de la recuperaci\u00f3n de latigazo cervical con compasi\u00f3n y profesionalismo.<\/p>\n<h2>Preguntas frecuentes<\/h2>\n<h3>\u00bfQu\u00e9 debo hacer si sospecho que tengo un latigazo cervical?<\/h3>\n<p>Si cree que tiene una lesi\u00f3n por latigazo cervical, es crucial que busque atenci\u00f3n m\u00e9dica r\u00e1pidamente. Empiece por visitar a un profesional sanitario que pueda evaluar su estado. Documente sus s\u00edntomas y cualquier incidente que haya provocado la lesi\u00f3n, ya que esta informaci\u00f3n ser\u00e1 vital para el diagn\u00f3stico y el tratamiento. Una intervenci\u00f3n precoz puede ayudar a prevenir complicaciones y facilitar la recuperaci\u00f3n.<\/p>\n<h3>\u00bfCu\u00e1ndo puedo empezar el tratamiento?<\/h3>\n<p>Usted puede comenzar el tratamiento para el latigazo cervical tan pronto como usted reciba una diagnosis. En los Centros de Lesiones Hurt 911 Colorado, damos prioridad a conseguirle la atenci\u00f3n que necesita de inmediato. Nuestro enfoque integral permite el acceso inmediato a las evaluaciones m\u00e9dicas y planes de tratamiento adaptados a sus necesidades espec\u00edficas. Cuanto antes empiece, mejores ser\u00e1n sus posibilidades de una recuperaci\u00f3n exitosa.<\/p>\n<h2>Empiece hoy mismo<\/h2>\n<p><img loading=\"lazy\" decoding=\"async\" class=\"alignnone wp-image-2064\" src=\"https:\/\/1800hurt911co.com\/wp-content\/uploads\/2020\/12\/banner-bg1-copy-1024x254.webp\" alt=\"Hurt911 Logo\" width=\"500\" height=\"124\" srcset=\"https:\/\/1800hurt911co.com\/wp-content\/uploads\/2020\/12\/banner-bg1-copy-1024x254.webp 1024w, https:\/\/1800hurt911co.com\/wp-content\/uploads\/2020\/12\/banner-bg1-copy-300x75.webp 300w, https:\/\/1800hurt911co.com\/wp-content\/uploads\/2020\/12\/banner-bg1-copy-768x191.webp 768w, https:\/\/1800hurt911co.com\/wp-content\/uploads\/2020\/12\/banner-bg1-copy-1536x382.webp 1536w, https:\/\/1800hurt911co.com\/wp-content\/uploads\/2020\/12\/banner-bg1-copy.webp 1920w\" sizes=\"(max-width: 500px) 100vw, 500px\" \/><\/p>\n<p>Si usted ha experimentado una lesi\u00f3n de latigazo cervical, tomar medidas con prontitud es crucial. En Hurt 911 Colorado Injury Centers, entendemos los desaf\u00edos que enfrenta despu\u00e9s de un accidente automovil\u00edstico. Nuestro equipo est\u00e1 aqu\u00ed para ayudarle a navegar el proceso de recuperaci\u00f3n y obtener el tratamiento que necesita para sanar.<\/p>\n<h3>Programe su consulta gratis<\/h3>\n<p>Ofrecemos una consulta gratuita para discutir sus s\u00edntomas y evaluar su condici\u00f3n. Esta reuni\u00f3n inicial nos permite entender sus necesidades espec\u00edficas y esbozar un plan de tratamiento integral. Usted no tiene que enfrentarse a esto solo; nuestros profesionales dedicados est\u00e1n listos para ayudarle en cada paso del camino.<\/p>\n<h3>P\u00f3ngase en contacto con nosotros para obtener m\u00e1s informaci\u00f3n<\/h3>\n<p>No deje que el dolor y las molestias persistan. Alcance hacia fuera hoy para aprender m\u00e1s sobre nuestras opciones del tratamiento del whiplash de Lakewood. Puede llamarnos directamente o rellenar nuestro formulario en l\u00ednea para obtener una respuesta r\u00e1pida. Su recuperaci\u00f3n es nuestra prioridad, y estamos comprometidos a proporcionarle el apoyo que necesita para recuperar su calidad de vida.<\/p>\n","protected":false},"excerpt":{"rendered":"<p>\u00bfBusca un m\u00e9dico para el latigazo cervical en Lakewood? Si usted sospecha que tiene latigazo cervical, la intervenci\u00f3n oportuna es vital. Buscar atenci\u00f3n m\u00e9dica con prontitud puede ayudar a diagnosticar la lesi\u00f3n con precisi\u00f3n e iniciar el tratamiento adecuado. La atenci\u00f3n temprana puede mitigar las consecuencias a largo plazo, asegurando un proceso de recuperaci\u00f3n m\u00e1s [&hellip;]<\/p>\n","protected":false},"author":34,"featured_media":0,"parent":4409,"menu_order":0,"comment_status":"closed","ping_status":"closed","template":"","meta":{"_acf_changed":false,"footnotes":""},"class_list":["post-4447","page","type-page","status-publish","hentry"],"acf":[],"_links":{"self":[{"href":"https:\/\/1800hurt911co.com\/es\/wp-json\/wp\/v2\/pages\/4447","targetHints":{"allow":["GET"]}}],"collection":[{"href":"https:\/\/1800hurt911co.com\/es\/wp-json\/wp\/v2\/pages"}],"about":[{"href":"https:\/\/1800hurt911co.com\/es\/wp-json\/wp\/v2\/types\/page"}],"author":[{"embeddable":true,"href":"https:\/\/1800hurt911co.com\/es\/wp-json\/wp\/v2\/users\/34"}],"replies":[{"embeddable":true,"href":"https:\/\/1800hurt911co.com\/es\/wp-json\/wp\/v2\/comments?post=4447"}],"version-history":[{"count":2,"href":"https:\/\/1800hurt911co.com\/es\/wp-json\/wp\/v2\/pages\/4447\/revisions"}],"predecessor-version":[{"id":4449,"href":"https:\/\/1800hurt911co.com\/es\/wp-json\/wp\/v2\/pages\/4447\/revisions\/4449"}],"up":[{"embeddable":true,"href":"https:\/\/1800hurt911co.com\/es\/wp-json\/wp\/v2\/pages\/4409"}],"wp:attachment":[{"href":"https:\/\/1800hurt911co.com\/es\/wp-json\/wp\/v2\/media?parent=4447"}],"curies":[{"name":"wp","href":"https:\/\/api.w.org\/{rel}","templated":true}]}}