{"id":4450,"date":"2024-09-10T11:34:00","date_gmt":"2024-09-10T15:34:00","guid":{"rendered":"https:\/\/1800hurt911co.com\/northglenn\/"},"modified":"2024-10-03T09:48:42","modified_gmt":"2024-10-03T15:48:42","slug":"northglenn","status":"publish","type":"page","link":"https:\/\/1800hurt911co.com\/es\/northglenn\/","title":{"rendered":"Northglenn"},"content":{"rendered":"<p>Northglenn, Colorado, es una vibrante ciudad suburbana situada justo al norte de Denver, con una poblaci\u00f3n de unos 39.000 habitantes. Fundada en 1959, Northglenn ha pasado de ser una peque\u00f1a comunidad agr\u00edcola a convertirse en una ciudad din\u00e1mica conocida por su fuerte sentido de comunidad, sus barrios bien planificados y sus diversas oportunidades recreativas. Una de las caracter\u00edsticas m\u00e1s destacadas de Northglenn es su extenso sistema de parques, que incluye m\u00e1s de 250 acres de parques y espacios abiertos. El compromiso de la ciudad con los espacios verdes se ejemplifica en el Centro Recreativo de Northglenn y en el cercano Parque E.B. Rains Jr. Memorial, que ofrece instalaciones para deportes, picnics y eventos comunitarios. La red de senderos de la ciudad, incluido el Big Dry Creek Trail, ofrece a los residentes la oportunidad de montar en bicicleta, hacer footing y disfrutar del aire libre. Northglenn tambi\u00e9n es conocida por su activa participaci\u00f3n comunitaria y su ambiente familiar. La ciudad acoge una gran variedad de eventos y festivales a lo largo del a\u00f1o, como la Serie de Conciertos de Verano de Northglenn y el Festival Anual de Vacaciones de Northglenn, que re\u00fanen a los residentes y fomentan un fuerte esp\u00edritu de comunidad. Econ\u00f3micamente, Northglenn se beneficia de su proximidad a las principales autopistas, como la Interestatal 25 y la U.S. Highway 36, que facilitan el acceso a Denver y otras partes de Front Range. El panorama empresarial de la ciudad incluye una mezcla de tiendas locales, restaurantes y oficinas, que contribuyen a una econom\u00eda local creciente y diversa. La educaci\u00f3n y los servicios comunitarios son tambi\u00e9n una prioridad en Northglenn, con varias escuelas y bibliotecas bien consideradas que dan servicio a la zona. El Distrito Escolar de Northglenn-Thornton ofrece oportunidades educativas de calidad para las familias, mientras que la Biblioteca P\u00fablica de Northglenn ofrece una amplia gama de programas y recursos para todas las edades. En general, Northglenn combina el encanto de una comunidad unida con las comodidades de la vida suburbana, por lo que es un lugar atractivo para las familias y las personas que buscan un estilo de vida equilibrado cerca de Denver.<\/p>\n","protected":false},"excerpt":{"rendered":"<p>Northglenn, Colorado, es una vibrante ciudad suburbana situada justo al norte de Denver, con una poblaci\u00f3n de unos 39.000 habitantes. Fundada en 1959, Northglenn ha pasado de ser una peque\u00f1a comunidad agr\u00edcola a convertirse en una ciudad din\u00e1mica conocida por su fuerte sentido de comunidad, sus barrios bien planificados y sus diversas oportunidades recreativas. Una [&hellip;]<\/p>\n","protected":false},"author":34,"featured_media":4014,"parent":0,"menu_order":0,"comment_status":"closed","ping_status":"closed","template":"","meta":{"_acf_changed":false,"footnotes":""},"class_list":["post-4450","page","type-page","status-publish","has-post-thumbnail","hentry"],"acf":[],"_links":{"self":[{"href":"https:\/\/1800hurt911co.com\/es\/wp-json\/wp\/v2\/pages\/4450","targetHints":{"allow":["GET"]}}],"collection":[{"href":"https:\/\/1800hurt911co.com\/es\/wp-json\/wp\/v2\/pages"}],"about":[{"href":"https:\/\/1800hurt911co.com\/es\/wp-json\/wp\/v2\/types\/page"}],"author":[{"embeddable":true,"href":"https:\/\/1800hurt911co.com\/es\/wp-json\/wp\/v2\/users\/34"}],"replies":[{"embeddable":true,"href":"https:\/\/1800hurt911co.com\/es\/wp-json\/wp\/v2\/comments?post=4450"}],"version-history":[{"count":2,"href":"https:\/\/1800hurt911co.com\/es\/wp-json\/wp\/v2\/pages\/4450\/revisions"}],"predecessor-version":[{"id":4452,"href":"https:\/\/1800hurt911co.com\/es\/wp-json\/wp\/v2\/pages\/4450\/revisions\/4452"}],"wp:featuredmedia":[{"embeddable":true,"href":"https:\/\/1800hurt911co.com\/es\/wp-json\/wp\/v2\/media\/4014"}],"wp:attachment":[{"href":"https:\/\/1800hurt911co.com\/es\/wp-json\/wp\/v2\/media?parent=4450"}],"curies":[{"name":"wp","href":"https:\/\/api.w.org\/{rel}","templated":true}]}}