{"id":4453,"date":"2024-09-17T07:11:34","date_gmt":"2024-09-17T11:11:34","guid":{"rendered":"https:\/\/1800hurt911co.com\/northglenn\/northglenn-accidente-de-autobus\/"},"modified":"2024-10-03T10:01:26","modified_gmt":"2024-10-03T16:01:26","slug":"northglenn-accidente-de-autobus","status":"publish","type":"page","link":"https:\/\/1800hurt911co.com\/es\/northglenn\/northglenn-accidente-de-autobus\/","title":{"rendered":"Northglenn Accidente de autob\u00fas"},"content":{"rendered":"<h2>Tratamiento de Accidente de Autob\u00fas en Northglenn, CO<\/h2>\n<p>En Hurt911 Colorado Injury Centers, ofrecemos atenci\u00f3n personalizada para pacientes lesionados en accidentes de autob\u00fas. Nuestros servicios de tratamiento de accidentes de autob\u00fas en Northglenn est\u00e1n dise\u00f1ados para abordar todos los aspectos de su recuperaci\u00f3n, desde el diagn\u00f3stico hasta la rehabilitaci\u00f3n. Nuestro equipo incluye quiropr\u00e1cticos, fisioterapeutas, expertos en el manejo del dolor y especialistas ortop\u00e9dicos. Si usted est\u00e1 sanando de una lesi\u00f3n en la espalda o necesita cirug\u00eda ortop\u00e9dica, nuestros m\u00e9dicos de accidente de autob\u00fas Northglenn puede ayudar. Entendemos las complejidades de navegar por un caso de lesiones por accidente de autob\u00fas, por lo que ofrecemos apoyo legal a trav\u00e9s de nuestras asociaciones con abogados de accidentes de autob\u00fas. Podemos referirle a abogados de confianza que se especializan en casos de lesiones personales. Usted no paga de su bolsillo los gastos de atenci\u00f3n m\u00e9dica o apoyo legal ya que nuestros especialistas en accidentes de autob\u00fas se les paga despu\u00e9s de ganar una indemnizaci\u00f3n. Llame a nuestra cl\u00ednica de lesiones Northglenn hoy para una consulta gratuita.<\/p>\n<h2>Lesiones comunes en accidentes de autob\u00fas<\/h2>\n<p><img fetchpriority=\"high\" decoding=\"async\" class=\"alignnone wp-image-2522 size-full\" src=\"https:\/\/1800hurt911co.com\/wp-content\/uploads\/2024\/09\/shutterstock_2234893373.webp\" alt=\"Northglenn Bus Accident Treatment, Bus Crash\" width=\"500\" height=\"333\" srcset=\"https:\/\/1800hurt911co.com\/wp-content\/uploads\/2024\/09\/shutterstock_2234893373.webp 500w, https:\/\/1800hurt911co.com\/wp-content\/uploads\/2024\/09\/shutterstock_2234893373-300x200.webp 300w\" sizes=\"(max-width: 500px) 100vw, 500px\" \/><\/p>\n<p>Los accidentes de autob\u00fas pueden resultar en varias lesiones, algunas de las cuales pueden no mostrar s\u00edntomas inmediatamente. En Hurt911 Colorado Injury Centers, tratamos una amplia gama de lesiones comunes de accidentes de autob\u00fas.<\/p>\n<h3>Lesiones de Cuello y Latigazo<\/h3>\n<p>Una de las lesiones m\u00e1s comunes despu\u00e9s de un accidente de autob\u00fas es el latigazo cervical, que se produce cuando la cabeza se sacude repentinamente hacia adelante y hacia atr\u00e1s. Este movimiento r\u00e1pido puede forzar los m\u00fasculos y ligamentos del cuello, provocando dolor, rigidez y movilidad limitada. Si no se trata, el latigazo cervical puede causar molestias cr\u00f3nicas y problemas de movilidad a largo plazo. Ofrecemos atenci\u00f3n quiropr\u00e1ctica especializada en Northglenn para tratar lesiones en el cuello y el latigazo cervical, la promoci\u00f3n de una curaci\u00f3n m\u00e1s r\u00e1pida y el alivio del dolor.<\/p>\n<h3>Huesos rotos<\/h3>\n<p>Los accidentes de autob\u00fas a menudo resultan en huesos rotos debido a la fuerza del impacto. Las fracturas pueden variar en gravedad, que van desde simples roturas a fracturas complejas que pueden requerir intervenci\u00f3n quir\u00fargica. Nuestra cl\u00ednica de accidentes Northglenn proporciona im\u00e1genes de diagn\u00f3stico para evaluar el alcance de la lesi\u00f3n y determinar el mejor curso de acci\u00f3n, ya sea un yeso, terapia f\u00edsica o cirug\u00eda.<\/p>\n<h3>Lesiones en la cabeza<\/h3>\n<p>Las lesiones en la cabeza son frecuentes en los accidentes de autob\u00fas. Las conmociones cerebrales y lesiones cerebrales traum\u00e1ticas (TBI) pueden resultar en s\u00edntomas como mareos, confusi\u00f3n, dolores de cabeza, y en casos severos, cambios cognitivos o de comportamiento. Hurt911 ofrece evaluaci\u00f3n de expertos y tratamiento de lesiones en la cabeza para asegurar que se gestionan adecuadamente, ayudando a prevenir complicaciones a largo plazo.<\/p>\n<h3>Lesiones de espalda y lesiones de la m\u00e9dula espinal<\/h3>\n<p>Las lesiones de espalda son otra consecuencia com\u00fan de los accidentes de autob\u00fas. Desde hernias discales hasta lesiones de la m\u00e9dula espinal, estas condiciones pueden causar dolor severo, movilidad limitada y, en casos extremos, par\u00e1lisis. El equipo de Hurt911 Colorado ofrece atenci\u00f3n quiropr\u00e1ctica, terapia f\u00edsica y atenci\u00f3n ortop\u00e9dica para gestionar y tratar las lesiones de espalda. Tambi\u00e9n ofrecemos cirug\u00eda ortop\u00e9dica para tratar problemas m\u00e1s graves de la columna vertebral.<\/p>\n<h2>Servicios Del Tratamiento Del Accidente Del Autob\u00fas<\/h2>\n<p>En Hurt911 Colorado Injury Centers, ofrecemos una gama completa de servicios para atender las necesidades f\u00edsicas y m\u00e9dicas de los pacientes que han sufrido lesiones por accidente de autob\u00fas. Nuestro objetivo es proporcionar una atenci\u00f3n integral que garantice una recuperaci\u00f3n completa.<\/p>\n<h3>Diagn\u00f3stico por imagen<\/h3>\n<p>Un diagn\u00f3stico preciso es el primer paso hacia un tratamiento eficaz. Nuestra cl\u00ednica de lesiones Northglenn est\u00e1 equipado con el estado de la t\u00e9cnica de diagn\u00f3stico por imagen, incluyendo rayos X y resonancia magn\u00e9tica, para determinar la naturaleza exacta y el alcance de su lesi\u00f3n. Esta imagen permite a nuestro equipo para adaptar un plan de tratamiento espec\u00edfico a sus necesidades.<\/p>\n<h3>Accidente de Autob\u00fas Quiropr\u00e1ctico<\/h3>\n<p>Ofrecemos atenci\u00f3n quiropr\u00e1ctica de expertos en Northglenn para diversas lesiones musculoesquel\u00e9ticas, incluyendo latigazo cervical, cuello y dolor de espalda. Los ajustes quiropr\u00e1cticos pueden ayudar a restaurar la movilidad, reducir el dolor y promover la curaci\u00f3n a largo plazo. Nuestros quiropr\u00e1cticos de accidentes de autob\u00fas est\u00e1n altamente cualificados en la prestaci\u00f3n de atenci\u00f3n que se dirige a la causa ra\u00edz de su malestar.<\/p>\n<h2>Fisioterapia en accidentes de autob\u00fas<\/h2>\n<p>La fisioterapia es una parte crucial de la recuperaci\u00f3n de accidentes de autob\u00fas, ayudando a recuperar la fuerza, la flexibilidad y la funci\u00f3n. Nuestros programas de fisioterapia accidente de autob\u00fas se centran en la rehabilitaci\u00f3n a trav\u00e9s de ejercicios espec\u00edficos y tratamientos dise\u00f1ados para mejorar la movilidad y reducir el dolor. Si usted se est\u00e1 recuperando de un hueso roto o una lesi\u00f3n en la columna, nuestros terapeutas trabajan con usted para crear un plan de tratamiento personalizado.<\/p>\n<h3>Atenci\u00f3n ortop\u00e9dica y cirug\u00eda<\/h3>\n<p>Nuestra atenci\u00f3n de lesiones personales Northglenn incluye el acceso a los especialistas ortop\u00e9dicos que pueden tratar una variedad de lesiones, incluyendo fracturas, dislocaciones y lesiones en las articulaciones. Para los casos m\u00e1s graves, ofrecemos cirug\u00eda ortop\u00e9dica para abordar las cuestiones que no pueden resolverse mediante tratamientos conservadores. Nuestro equipo ortop\u00e9dico es experto en la realizaci\u00f3n de cirug\u00edas que ayudan a restaurar la funci\u00f3n y aliviar el dolor, asegurando que usted obtenga el mejor resultado posible.<\/p>\n<h3>Tratamiento del dolor<\/h3>\n<p>Tratar con el dolor es uno de los aspectos m\u00e1s dif\u00edciles de recuperarse de una lesi\u00f3n de accidente de autob\u00fas. Nuestro tratamiento de lesiones por accidente de autob\u00fas incluye servicios integrales de control del dolor, dise\u00f1ados para reducir las molestias al tiempo que apoya su recuperaci\u00f3n. Trabajamos para mantenerlo c\u00f3modo durante todo el proceso de curaci\u00f3n.<\/p>\n<h2>\u00bfPor qu\u00e9 elegir Hurt911 Colorado Injury Centers?<\/h2>\n<p><img decoding=\"async\" class=\"alignnone wp-image-2542 size-full\" src=\"https:\/\/1800hurt911co.com\/wp-content\/uploads\/2024\/09\/shutterstock_2500528345.webp\" alt=\"Bus Accident Treatment in Northglenn, Colorado\" width=\"500\" height=\"333\" srcset=\"https:\/\/1800hurt911co.com\/wp-content\/uploads\/2024\/09\/shutterstock_2500528345.webp 500w, https:\/\/1800hurt911co.com\/wp-content\/uploads\/2024\/09\/shutterstock_2500528345-300x200.webp 300w\" sizes=\"(max-width: 500px) 100vw, 500px\" \/><\/p>\n<p>Elegir la cl\u00ednica adecuada para su tratamiento de lesiones en Northglenn es esencial para su recuperaci\u00f3n. Los Centros de Lesiones de Colorado Hurt911 proporcionan una amplia gama de beneficios para asegurar que usted reciba la mejor atenci\u00f3n posible.<\/p>\n<h3>Transporte gratuito<\/h3>\n<p>Entendemos que llegar a las citas m\u00e9dicas puede ser un reto despu\u00e9s de un accidente de autob\u00fas. Es por eso que ofrecemos servicios de transporte gratuito desde y hacia nuestra cl\u00ednica de accidentes Northglenn para que pueda centrarse en su recuperaci\u00f3n sin preocuparse por la log\u00edstica.<\/p>\n<h3>No hay gastos de su bolsillo<\/h3>\n<p>En Hurt911, creemos en proveer cuidado excepcional sin barreras financieras. Ofrecemos cuidado de accidente de autob\u00fas sin costos por adelantado. Nos pagan una vez que usted gana la compensaci\u00f3n en su demanda por lesiones personales.<\/p>\n<h3>Referencias de abogados de accidentes de autob\u00fas en Northglenn<\/h3>\n<p>Navegar por las complejidades legales de un accidente de autob\u00fas puede ser abrumador, por lo que ofrecemos referencias a abogados con experiencia en accidentes de autob\u00fas Northglenn. Estos abogados se especializan en casos de lesiones personales y trabajar\u00e1n para asegurar la compensaci\u00f3n que usted merece. Si usted viene a nosotros primero o en contacto con un abogado directamente, podemos proporcionar la atenci\u00f3n m\u00e9dica que necesita, mientras que el apoyo a su caso legal.<\/p>\n<h2>Preguntas Frecuentes Sobre Accidentes de Autob\u00fas<\/h2>\n<h3>\u00bfQui\u00e9n puede ser considerado responsable de un accidente de autob\u00fas en Colorado?<\/h3>\n<p>La responsabilidad legal para una colisi\u00f3n de autob\u00fas puede caer en varios partidos. El conductor del autob\u00fas puede ser considerado responsable si la negligencia, como la conducci\u00f3n distra\u00edda o el incumplimiento de las leyes de tr\u00e1fico, contribuy\u00f3 al accidente. Si la compa\u00f1\u00eda de autobuses no mantuvo el veh\u00edculo adecuadamente o contrat\u00f3 a conductores no calificados, tambi\u00e9n podr\u00edan ser responsables. En algunos casos, otros conductores implicados en el accidente o entidades gubernamentales responsables de las condiciones de la carretera o de la seguridad del transporte p\u00fablico pueden compartir la responsabilidad. Identificar a la parte responsable suele requerir una investigaci\u00f3n exhaustiva. La representaci\u00f3n legal es crucial para determinar qui\u00e9n puede ser considerado responsable.<\/p>\n<h3>\u00bfQu\u00e9 indemnizaci\u00f3n pueden recibir las v\u00edctimas de un accidente de autob\u00fas?<\/h3>\n<p>Si usted ha sido herido en un accidente de autob\u00fas, usted puede tener derecho a varios tipos de compensaci\u00f3n. Esto puede incluir la cobertura de las facturas m\u00e9dicas, salarios perdidos, y la compensaci\u00f3n por el dolor y el sufrimiento. En los casos en que las lesiones resultan en incapacidad a largo plazo o permanente, tambi\u00e9n puede tener derecho a una indemnizaci\u00f3n por la reducci\u00f3n de la capacidad de ganancia y la atenci\u00f3n m\u00e9dica futura. Un abogado con experiencia puede ayudarle a recuperar la m\u00e1xima indemnizaci\u00f3n.<\/p>\n<h2>\u00bfDebe Usted Contactar a un Abogado de Accidente de Autob\u00fas o Hurt911 Colorado Primero?<\/h2>\n<p>Despu\u00e9s de un accidente de autob\u00fas, usted puede ponerse en contacto con un abogado o Hurt911 Colorado primero. Si usted se pone en contacto con los Centros de Heridas de Hurt911 Colorado, podemos proporcionar atenci\u00f3n m\u00e9dica inmediata para sus heridas y referirle a un abogado de accidente de autob\u00fas de confianza. Un m\u00e9dico de accidente de autob\u00fas de Northglenn evaluar\u00e1 sus lesiones, y nuestro equipo crear\u00e1 un plan de tratamiento para conseguirle en el camino a la recuperaci\u00f3n. Ya sea que comience con asesor\u00eda legal o tratamiento m\u00e9dico, Hurt911 est\u00e1 aqu\u00ed para apoyarlo en cada paso del camino con atenci\u00f3n experta y recursos legales.<\/p>\n<h3>\u00bfCu\u00e1ndo es demasiado tarde para ver a un m\u00e9dico de accidentes de autob\u00fas?<\/h3>\n<p>Nunca es realmente \u00abdemasiado tarde\u00bb para ver a un m\u00e9dico de accidente de autob\u00fas si experimenta s\u00edntomas tard\u00edos. Sin embargo, buscar atenci\u00f3n m\u00e9dica tan pronto como sea posible despu\u00e9s de un accidente de autob\u00fas es la mejor decisi\u00f3n tanto para su salud como para su posible caso de lesiones personales. El tratamiento m\u00e9dico de emergencia puede descubrir lesiones internas que podr\u00edan ser potencialmente mortales. Mientras que las condiciones como el latigazo cervical o lesiones en la espalda pueden no ser inmediatamente evidentes, a menudo empeoran con el tiempo. La b\u00fasqueda inmediata de tratamiento m\u00e9dico le garantiza la atenci\u00f3n que necesita. Adem\u00e1s, esperar demasiado para ver a un m\u00e9dico de accidente de autob\u00fas podr\u00eda perjudicar su caso legal. Las compa\u00f1\u00edas de seguros o la parte contraria podr\u00eda argumentar que sus lesiones no est\u00e1n relacionadas con el accidente.<\/p>\n<h2>Contacte con nosotros hoy mismo<\/h2>\n<p><img decoding=\"async\" class=\"alignnone wp-image-2064\" src=\"https:\/\/1800hurt911co.com\/wp-content\/uploads\/2020\/12\/banner-bg1-copy-1024x254.webp\" alt=\"Hurt911 Logo\" width=\"500\" height=\"124\" srcset=\"https:\/\/1800hurt911co.com\/wp-content\/uploads\/2020\/12\/banner-bg1-copy-1024x254.webp 1024w, https:\/\/1800hurt911co.com\/wp-content\/uploads\/2020\/12\/banner-bg1-copy-300x75.webp 300w, https:\/\/1800hurt911co.com\/wp-content\/uploads\/2020\/12\/banner-bg1-copy-768x191.webp 768w, https:\/\/1800hurt911co.com\/wp-content\/uploads\/2020\/12\/banner-bg1-copy-1536x382.webp 1536w, https:\/\/1800hurt911co.com\/wp-content\/uploads\/2020\/12\/banner-bg1-copy.webp 1920w\" sizes=\"(max-width: 500px) 100vw, 500px\" \/><\/p>\n<p>En <a href=\"\/es\/\">Hurt911 Colorado Injury Centers<\/a>, estamos comprometidos a proporcionar atenci\u00f3n experta de lesiones para las v\u00edctimas de accidentes de autob\u00fas. Desde el diagn\u00f3stico por imagen hasta la rehabilitaci\u00f3n, ofrecemos una gama de servicios dise\u00f1ados para ayudarle a sanar y recuperar su calidad de vida. Nuestro equipo tambi\u00e9n puede referirle a un abogado de lesiones personales que se especializa en casos de accidentes de autob\u00fas. Si ha sufrido lesiones en un accidente de autob\u00fas, p\u00f3ngase en contacto con nuestra cl\u00ednica de lesiones por accidente en Northglenn hoy mismo y comience su viaje hacia la recuperaci\u00f3n. Llame al <a href=\"tel:+17204140000\"><i class=\"fa fa-phone-alt\"><\/i>720-414-0000<\/a> o p\u00f3ngase en contacto con nosotros en l\u00ednea para una consulta gratuita.<\/p>\n","protected":false},"excerpt":{"rendered":"<p>Tratamiento de Accidente de Autob\u00fas en Northglenn, CO En Hurt911 Colorado Injury Centers, ofrecemos atenci\u00f3n personalizada para pacientes lesionados en accidentes de autob\u00fas. Nuestros servicios de tratamiento de accidentes de autob\u00fas en Northglenn est\u00e1n dise\u00f1ados para abordar todos los aspectos de su recuperaci\u00f3n, desde el diagn\u00f3stico hasta la rehabilitaci\u00f3n. Nuestro equipo incluye quiropr\u00e1cticos, fisioterapeutas, expertos [&hellip;]<\/p>\n","protected":false},"author":6,"featured_media":0,"parent":4450,"menu_order":0,"comment_status":"closed","ping_status":"closed","template":"","meta":{"_acf_changed":false,"footnotes":""},"class_list":["post-4453","page","type-page","status-publish","hentry"],"acf":[],"_links":{"self":[{"href":"https:\/\/1800hurt911co.com\/es\/wp-json\/wp\/v2\/pages\/4453","targetHints":{"allow":["GET"]}}],"collection":[{"href":"https:\/\/1800hurt911co.com\/es\/wp-json\/wp\/v2\/pages"}],"about":[{"href":"https:\/\/1800hurt911co.com\/es\/wp-json\/wp\/v2\/types\/page"}],"author":[{"embeddable":true,"href":"https:\/\/1800hurt911co.com\/es\/wp-json\/wp\/v2\/users\/6"}],"replies":[{"embeddable":true,"href":"https:\/\/1800hurt911co.com\/es\/wp-json\/wp\/v2\/comments?post=4453"}],"version-history":[{"count":2,"href":"https:\/\/1800hurt911co.com\/es\/wp-json\/wp\/v2\/pages\/4453\/revisions"}],"predecessor-version":[{"id":4455,"href":"https:\/\/1800hurt911co.com\/es\/wp-json\/wp\/v2\/pages\/4453\/revisions\/4455"}],"up":[{"embeddable":true,"href":"https:\/\/1800hurt911co.com\/es\/wp-json\/wp\/v2\/pages\/4450"}],"wp:attachment":[{"href":"https:\/\/1800hurt911co.com\/es\/wp-json\/wp\/v2\/media?parent=4453"}],"curies":[{"name":"wp","href":"https:\/\/api.w.org\/{rel}","templated":true}]}}