{"id":4456,"date":"2024-09-17T07:39:10","date_gmt":"2024-09-17T11:39:10","guid":{"rendered":"https:\/\/1800hurt911co.com\/northglenn\/northglenn-quiropractico-de-accidentes-de-coche\/"},"modified":"2024-10-03T23:41:09","modified_gmt":"2024-10-04T05:41:09","slug":"northglenn-quiropractico-de-accidentes-de-coche","status":"publish","type":"page","link":"https:\/\/1800hurt911co.com\/es\/northglenn\/northglenn-quiropractico-de-accidentes-de-coche\/","title":{"rendered":"Northglenn Quiropr\u00e1ctico de accidentes de coche"},"content":{"rendered":"<h2>Quiropr\u00e1ctico del accidente de coche en Northglenn<\/h2>\n<p>En Hurt 911 Colorado Injury Centers, nos especializamos en proporcionar atenci\u00f3n quiropr\u00e1ctica completa dise\u00f1ada espec\u00edficamente para las v\u00edctimas de accidentes automovil\u00edsticos en Northglenn, CO. Nuestro equipo entiende el peaje f\u00edsico y emocional que los accidentes automovil\u00edsticos pueden tomar en los individuos. Estamos comprometidos a ayudarle a recuperarse de sus lesiones y recuperar su calidad de vida. Nuestro enfoque de la atenci\u00f3n quiropr\u00e1ctica se centra en la identificaci\u00f3n de la causa subyacente del dolor y el malestar. Si usted est\u00e1 tratando con dolor de cuello, dolor de espalda, u otros s\u00edntomas de lesiones, nuestros quiropr\u00e1cticos experimentados ofrecen planes de tratamiento personalizados adaptados a sus necesidades espec\u00edficas. Utilizamos una combinaci\u00f3n de ajustes quiropr\u00e1cticos, fisioterapia y movilizaci\u00f3n de tejidos blandos para promover la curaci\u00f3n y aliviar el dolor. El tratamiento quiropr\u00e1ctico en nuestro centro tambi\u00e9n aborda diversas aplicaciones como el tratamiento de migra\u00f1as, dolor cr\u00f3nico y lesiones deportivas, asegurando un enfoque integral para su salud. Adem\u00e1s de nuestros tratamientos pr\u00e1cticos, tambi\u00e9n ofrecemos servicios de diagn\u00f3stico, incluyendo radiograf\u00edas y resonancias magn\u00e9ticas, para evaluar con precisi\u00f3n su condici\u00f3n. Esta informaci\u00f3n nos permite crear un plan de tratamiento eficaz que se dirige a su perfil de lesi\u00f3n \u00fanica. Elegir Hurt 911 significa que recibir\u00e1 una atenci\u00f3n compasiva por parte de profesionales dedicados a su recuperaci\u00f3n. Damos prioridad a sus objetivos de salud y bienestar, asegur\u00e1ndonos de que reciba el apoyo que necesita durante todo el proceso de rehabilitaci\u00f3n. Nuestro enfoque centrado en el paciente incluye servicios de transporte gratuitos para que su viaje de recuperaci\u00f3n sea lo m\u00e1s llevadero posible. Si usted ha estado involucrado en un accidente de coche, no espere. P\u00f3ngase en contacto con los Centros de Lesiones Hurt 911 Colorado hoy mismo para programar su cita y dar el primer paso hacia la recuperaci\u00f3n. Estamos aqu\u00ed para ayudarle a navegar el camino hacia la curaci\u00f3n y restaurar su bienestar.<\/p>\n<h2>Lesiones comunes de accidente de coche que tratamos<\/h2>\n<p><img fetchpriority=\"high\" decoding=\"async\" class=\"alignnone wp-image-2830 size-full\" src=\"https:\/\/1800hurt911co.com\/wp-content\/uploads\/2024\/09\/whiplash-injury-car-accident.webp\" alt=\"Whiplash After a Car Accident\" width=\"500\" height=\"334\" srcset=\"https:\/\/1800hurt911co.com\/wp-content\/uploads\/2024\/09\/whiplash-injury-car-accident.webp 500w, https:\/\/1800hurt911co.com\/wp-content\/uploads\/2024\/09\/whiplash-injury-car-accident-300x200.webp 300w\" sizes=\"(max-width: 500px) 100vw, 500px\" \/><\/p>\n<p>Los accidentes de tr\u00e1fico pueden provocar diversas lesiones, algunas de las cuales pueden no ser evidentes de inmediato. La comprensi\u00f3n de estas lesiones es crucial para un tratamiento eficaz y la recuperaci\u00f3n. En Hurt 911 Colorado Injury Centers, nos centramos en el diagn\u00f3stico y tratamiento de las lesiones sufridas en accidentes de auto para ayudar a nuestros pacientes a recuperar su salud y bienestar.<\/p>\n<h3>Latigazo cervical<\/h3>\n<p>La lesi\u00f3n de latigazo cervical se caracteriza por un movimiento r\u00e1pido de la cabeza hacia atr\u00e1s y hacia adelante, por lo que es una de las lesiones m\u00e1s comunes resultantes de accidentes automovil\u00edsticos. El latigazo cervical se produce cuando la cabeza se mueve bruscamente hacia delante y hacia atr\u00e1s, provocando tensi\u00f3n en los m\u00fasculos y ligamentos del cuello. Los s\u00edntomas pueden incluir dolor de cuello, rigidez, dolores de cabeza y mareos.<\/p>\n<h3>Lesiones de tejidos blandos<\/h3>\n<p>Estas lesiones afectan a los m\u00fasculos, tendones y ligamentos. Pueden causar dolor, hinchaz\u00f3n y limitaci\u00f3n del movimiento. El tratamiento suele incluir ajustes quiropr\u00e1cticos y fisioterapia para favorecer la curaci\u00f3n.<\/p>\n<h3>Lesiones de la columna vertebral<\/h3>\n<p>Las lesiones de la columna vertebral pueden dar lugar a complicaciones graves, como dolor cr\u00f3nico y problemas neurol\u00f3gicos. Nuestros quiropr\u00e1cticos son expertos en la evaluaci\u00f3n y el tratamiento de lesiones de la m\u00e9dula para restaurar la funci\u00f3n y aliviar el dolor.<\/p>\n<h3>Lesiones en la cabeza<\/h3>\n<p>Las conmociones cerebrales y otras lesiones cerebrales traum\u00e1ticas pueden ocurrir durante un accidente de coche. Los s\u00edntomas pueden incluir confusi\u00f3n, dolores de cabeza y problemas de memoria. El tratamiento oportuno es esencial para una recuperaci\u00f3n adecuada.<\/p>\n<h3>Dolor de espalda<\/h3>\n<p>Muchas v\u00edctimas de accidentes experimentan dolor de espalda persistente debido al impacto del accidente. Nuestro equipo proporciona tratamiento espec\u00edfico para aliviar el dolor y restaurar la movilidad.<\/p>\n<h2>La importancia de un tratamiento a tiempo<\/h2>\n<p>Buscar tratamiento inmediatamente despu\u00e9s de un accidente de tr\u00e1fico es vital. La intervenci\u00f3n temprana puede prevenir lesiones menores se conviertan en problemas cr\u00f3nicos. Nuestros experimentados quiropr\u00e1cticos en Northglenn crear\u00e1n un plan de tratamiento personalizado que aborde los s\u00edntomas espec\u00edficos de su lesi\u00f3n. Este enfoque proactivo es clave para lograr una recuperaci\u00f3n exitosa y volver a sus actividades diarias sin dolor. Si usted ha estado involucrado en un accidente de coche, no espere para buscar ayuda. Abordar sus lesiones con prontitud puede hacer una diferencia significativa en su viaje de recuperaci\u00f3n. P\u00f3ngase en contacto con Hurt 911 Colorado Injury Centers hoy para programar su cita y dar el primer paso hacia la curaci\u00f3n.<\/p>\n<h2>Ventajas del cuidado de Chiropractic para las v\u00edctimas del accidente auto<\/h2>\n<p><img decoding=\"async\" class=\"alignnone wp-image-2552 size-full\" src=\"https:\/\/1800hurt911co.com\/wp-content\/uploads\/2024\/09\/shutterstock_2475680809.webp\" alt=\"Northglenn Quiropr\u00e1ctico de accidentes de coche\" width=\"500\" height=\"330\" srcset=\"https:\/\/1800hurt911co.com\/wp-content\/uploads\/2024\/09\/shutterstock_2475680809.webp 500w, https:\/\/1800hurt911co.com\/wp-content\/uploads\/2024\/09\/shutterstock_2475680809-300x198.webp 300w\" sizes=\"(max-width: 500px) 100vw, 500px\" \/><\/p>\n<p>El cuidado quiropr\u00e1ctico es una opci\u00f3n de tratamiento muy eficaz para las v\u00edctimas de accidentes de tr\u00e1fico, ya que alivia el dolor y mejora la funcionalidad. Al abordar las causas subyacentes del dolor y el malestar, la atenci\u00f3n quiropr\u00e1ctica puede ayudar a aliviar s\u00edntomas como dolor de cuello, dolor de espalda y dolores de cabeza. Nuestros quiropr\u00e1cticos experimentados utilizan ajustes espec\u00edficos para restaurar la alineaci\u00f3n adecuada y la funci\u00f3n del sistema m\u00fasculo-esquel\u00e9tico, que puede reducir significativamente el dolor y mejorar la amplitud de movimiento. Adem\u00e1s de aliviar el dolor, la atenci\u00f3n quiropr\u00e1ctica promueve el bienestar general mediante la reducci\u00f3n de la rigidez y mejorar la movilidad. Este enfoque hol\u00edstico ayuda a las v\u00edctimas de accidentes de coche a recuperar su fuerza y confianza, lo que les permite volver a sus actividades diarias sin la carga del dolor cr\u00f3nico. Al centrarse en las causas fundamentales del malestar, la atenci\u00f3n quiropr\u00e1ctica ofrece una soluci\u00f3n integral que apoya la recuperaci\u00f3n y la salud a largo plazo.<\/p>\n<h2>Qu\u00e9 esperar de la atenci\u00f3n quiropr\u00e1ctica<\/h2>\n<h3>Consulta y Examen Inicial<\/h3>\n<p>Cuando se busca la atenci\u00f3n quiropr\u00e1ctica para las lesiones de autom\u00f3viles, es esencial saber qu\u00e9 esperar de la consulta inicial y el examen. Durante su primera cita, nuestro quiropr\u00e1ctico llevar\u00e1 a cabo un examen a fondo para entender sus lesiones y necesidades espec\u00edficas. Este proceso incluye un examen f\u00edsico detallado, una revisi\u00f3n de su historial m\u00e9dico, y posiblemente pruebas de imagen como radiograf\u00edas o resonancias magn\u00e9ticas. El quiropr\u00e1ctico tambi\u00e9n le har\u00e1 preguntas sobre el accidente, incluida la gravedad del impacto, la localizaci\u00f3n del dolor y cualquier lesi\u00f3n o afecci\u00f3n m\u00e9dica previa. Esta evaluaci\u00f3n exhaustiva permite al quiropr\u00e1ctico desarrollar un plan de tratamiento personalizado adaptado a sus necesidades y objetivos espec\u00edficos. Mediante la comprensi\u00f3n de todo el alcance de sus lesiones, podemos proporcionar el tratamiento adecuado para promover la curaci\u00f3n efectiva y la recuperaci\u00f3n.<\/p>\n<h2>Nuestros Servicios Quiropr\u00e1cticos<\/h2>\n<p>En Hurt 911 Colorado Injury Centers, nos especializamos en proporcionar atenci\u00f3n quiropr\u00e1ctica experta adaptada espec\u00edficamente para las v\u00edctimas de accidentes automovil\u00edsticos en Northglenn, CO. Nuestro equipo dedicado entiende los desaf\u00edos \u00fanicos que enfrenta despu\u00e9s de un accidente de auto, y hacemos hincapi\u00e9 en la importancia de los tratamientos quiropr\u00e1cticos en su proceso de recuperaci\u00f3n. Seguimos de cerca su progreso y ajustar su atenci\u00f3n en consecuencia, asegur\u00e1ndose de que la frecuencia y la intensidad de los tratamientos se modifican seg\u00fan sea necesario para mejorar la curaci\u00f3n y proporcionar una atenci\u00f3n eficaz y personalizada del paciente.<\/p>\n<h3>Quiropr\u00e1ctico de accidentes de coche<\/h3>\n<p>Nuestro quiropr\u00e1ctico de accidentes de coche se centra en el diagn\u00f3stico y tratamiento de las lesiones sufridas en accidentes automovil\u00edsticos. Utilizamos t\u00e9cnicas avanzadas para tratar el dolor, restaurar la movilidad y promover el bienestar general. Si usted est\u00e1 tratando con dolor de cuello, dolor de espalda, u otros s\u00edntomas de lesiones, nuestro quiropr\u00e1ctico est\u00e1 equipado para proporcionar la atenci\u00f3n que necesita.<\/p>\n<h3>Doctor de latigazo cervical<\/h3>\n<p>El latigazo cervical es una lesi\u00f3n com\u00fan resultante de accidentes automovil\u00edsticos. Nuestro doctor de latigazo cervical se especializa en reconocer los signos de esta condici\u00f3n y en desarrollar planes de tratamiento efectivos. Empleamos diversos m\u00e9todos para aliviar el dolor, reducir la inflamaci\u00f3n y ayudarle a recuperar todas sus funciones.<\/p>\n<h3>Fisioterapeuta de accidentes de tr\u00e1fico<\/h3>\n<p>Nuestro fisioterapeuta de accidentes de tr\u00e1fico trabaja estrechamente con usted para crear un plan de rehabilitaci\u00f3n personalizado. Esto incluye ejercicios dise\u00f1ados para fortalecer su cuerpo, mejorar la flexibilidad y facilitar una recuperaci\u00f3n exitosa de las lesiones. Nos centramos en sus objetivos de salud y bienestar, asegur\u00e1ndonos de que recupere su fuerza y movilidad.<\/p>\n<h3>Servicios de diagn\u00f3stico: Radiograf\u00edas y resonancias magn\u00e9ticas<\/h3>\n<p>Un diagn\u00f3stico preciso es crucial para un tratamiento eficaz. Ofrecemos servicios integrales de diagn\u00f3stico, incluyendo radiograf\u00edas y resonancias magn\u00e9ticas, para evaluar sus lesiones a fondo. Estas herramientas nos ayudan a comprender el alcance de sus lesiones y a desarrollar un plan de tratamiento espec\u00edfico que aborde sus necesidades concretas. En Hurt 911 Colorado Injury Centers, estamos comprometidos a proporcionar atenci\u00f3n quiropr\u00e1ctica excepcional para ayudarle a recuperarse de sus lesiones por accidente de coche. Nuestro experimentado equipo est\u00e1 aqu\u00ed para apoyarle en cada paso del camino.<\/p>\n<h2>Planes de tratamiento personalizado para el dolor cr\u00f3nico<\/h2>\n<p><img decoding=\"async\" class=\"alignnone wp-image-2543 size-full\" src=\"https:\/\/1800hurt911co.com\/wp-content\/uploads\/2024\/09\/shutterstock_2472681943.webp\" alt=\"Northglenn Chiropractor\" width=\"500\" height=\"334\" srcset=\"https:\/\/1800hurt911co.com\/wp-content\/uploads\/2024\/09\/shutterstock_2472681943.webp 500w, https:\/\/1800hurt911co.com\/wp-content\/uploads\/2024\/09\/shutterstock_2472681943-300x200.webp 300w\" sizes=\"(max-width: 500px) 100vw, 500px\" \/><\/p>\n<p>En Hurt 911 Colorado Injury Centers, entendemos que cada v\u00edctima de accidente de coche tiene necesidades \u00fanicas. Nuestros planes de tratamiento personalizados se centran en abordar sus lesiones espec\u00edficas y problemas de salud. Este enfoque nos ayuda a proporcionar la atenci\u00f3n m\u00e1s eficaz posible. Nuestros quiropr\u00e1cticos experimentados realizar evaluaciones exhaustivas para determinar el mejor curso de acci\u00f3n para su recuperaci\u00f3n. Tenemos en cuenta la naturaleza de sus lesiones, su historial m\u00e9dico y sus objetivos generales de salud. Esto asegura que su plan de tratamiento no s\u00f3lo es eficaz, sino que tambi\u00e9n se alinea con sus objetivos de bienestar personal. Utilizamos ajustes quiropr\u00e1cticos destinados a aliviar el dolor, restaurar la movilidad y mejorar la funci\u00f3n general. Estos ajustes est\u00e1n dise\u00f1ados para centrarse en \u00e1reas espec\u00edficas de malestar, ayudando a aliviar el dolor persistente y mejorar su calidad de vida. Adem\u00e1s de los ajustes quiropr\u00e1cticos, incorporamos la movilizaci\u00f3n de tejidos blandos y la terapia de masaje en su plan. Estas t\u00e9cnicas ayudan a reducir la inflamaci\u00f3n y promover la curaci\u00f3n en los tejidos blandos afectados por el accidente. Los servicios de fisioterapia y rehabilitaci\u00f3n tambi\u00e9n forman parte de nuestro enfoque. Nuestro equipo trabaja con usted para desarrollar ejercicios que fortalezcan su cuerpo, mejorar la flexibilidad y apoyar la recuperaci\u00f3n a largo plazo. Con un enfoque en la atenci\u00f3n individualizada, nuestro objetivo es ayudarle a recuperarse r\u00e1pida y eficazmente de sus lesiones por accidente de coche. Estamos comprometidos a proporcionar un plan de tratamiento integral que se ocupa tanto de sus necesidades inmediatas y el bienestar a largo plazo.<\/p>\n<h2>Prevenci\u00f3n del dolor cr\u00f3nico y promoci\u00f3n del bienestar<\/h2>\n<h3>Cuidado Integrativo y Estrategias Preventivas<\/h3>\n<p>La atenci\u00f3n quiropr\u00e1ctica no se trata s\u00f3lo de tratar el dolor y las lesiones, sino tambi\u00e9n de prevenir el dolor cr\u00f3nico y promover el bienestar general. Mediante la incorporaci\u00f3n de la atenci\u00f3n integral y estrategias preventivas en sus planes de tratamiento, nuestros quiropr\u00e1cticos ayudar a las v\u00edctimas de accidentes de auto evitar m\u00e1s lesiones y mantener una salud \u00f3ptima. Este enfoque hol\u00edstico incluye modificaciones de estilo de vida como el ejercicio y la nutrici\u00f3n para promover la fuerza muscular y prevenir futuras lesiones. Adem\u00e1s, nuestros quiropr\u00e1cticos pueden recomendar t\u00e9cnicas para reducir el estr\u00e9s como la meditaci\u00f3n o ejercicios de respiraci\u00f3n profunda para ayudar a controlar el estr\u00e9s y promover la relajaci\u00f3n. Estas estrategias contribuyen al bienestar general y mejoran los procesos naturales de curaci\u00f3n del cuerpo. Mediante la adopci\u00f3n de un enfoque integral de la atenci\u00f3n, nuestro objetivo es ayudar a las v\u00edctimas de accidentes de auto lograr el alivio del dolor a largo plazo y mantener un estilo de vida saludable y activo.<\/p>\n<h3>Enfoque centrado en el paciente<\/h3>\n<p>En el Centro de Lesiones Hurt 911 Colorado, nos centramos en usted. Entendemos que cada v\u00edctima de accidente de coche tiene necesidades y preocupaciones \u00fanicas. Nuestro enfoque centrado en el paciente significa que damos prioridad a su bienestar y comodidad durante todo el proceso de recuperaci\u00f3n. Empezamos por escuchar su historia. La comprensi\u00f3n de sus lesiones, s\u00edntomas y circunstancias personales nos permite desarrollar un plan de tratamiento integral adaptado s\u00f3lo para usted. Nuestros quiropr\u00e1cticos experimentados se toman el tiempo para explicar cada paso, asegur\u00e1ndose de que se sienta informado y capacitado en su viaje de recuperaci\u00f3n. Su comodidad es nuestra prioridad. Ofrecemos servicios de transporte gratuito para eliminar cualquier barrera para acceder a la atenci\u00f3n. Si usted necesita un paseo a su cita o ayuda para llegar a casa despu\u00e9s del tratamiento, estamos aqu\u00ed para ayudar. Queremos que se centre en curarse sin preocuparse de la log\u00edstica. Su recuperaci\u00f3n es nuestra misi\u00f3n. Con un equipo dedicado y preparado para ayudarle, nuestro objetivo es crear un entorno de curaci\u00f3n positivo y eficaz. Perm\u00edtanos ayudarle a recuperar su salud y volver a su vida cotidiana con confianza.<\/p>\n<h2>Preguntas m\u00e1s frecuentes<\/h2>\n<p><img loading=\"lazy\" decoding=\"async\" class=\"alignnone wp-image-2882 size-full\" src=\"https:\/\/1800hurt911co.com\/wp-content\/uploads\/2024\/09\/chiropractic-treatment.webp\" alt=\"Chiropractic Care After a Car Accident\" width=\"500\" height=\"334\" srcset=\"https:\/\/1800hurt911co.com\/wp-content\/uploads\/2024\/09\/chiropractic-treatment.webp 500w, https:\/\/1800hurt911co.com\/wp-content\/uploads\/2024\/09\/chiropractic-treatment-300x200.webp 300w\" sizes=\"(max-width: 500px) 100vw, 500px\" \/><\/p>\n<p>Entendemos que los pacientes potenciales pueden tener muchas preguntas sobre nuestros servicios y lo que pueden esperar. Aqu\u00ed est\u00e1n algunas preguntas comunes:<\/p>\n<h3>\u00bfQu\u00e9 tan pronto debo ver a un quiropr\u00e1ctico despu\u00e9s de un accidente de coche?<\/h3>\n<p>Es aconsejable buscar atenci\u00f3n quiropr\u00e1ctica tan pronto como sea posible despu\u00e9s de un accidente. La intervenci\u00f3n temprana puede ayudar a prevenir complicaciones a largo plazo y promover una recuperaci\u00f3n m\u00e1s r\u00e1pida.<\/p>\n<h3>\u00bfQu\u00e9 debo esperar durante mi visita?<\/h3>\n<p>Durante su primera cita, nuestros quiropr\u00e1cticos experimentados llevar\u00e1n a cabo una evaluaci\u00f3n exhaustiva para entender sus lesiones espec\u00edficas. Sobre la base de esta evaluaci\u00f3n, vamos a discutir un plan de tratamiento personalizado adaptado a sus necesidades.<\/p>\n<h2>D\u00e9 el primer paso hacia la recuperaci\u00f3n<\/h2>\n<p>Si usted ha estado involucrado en un accidente de coche y est\u00e1 experimentando dolor o malestar, no dude en ponerse en contacto. Nuestro equipo dedicado est\u00e1 listo para ayudarle en su viaje hacia la recuperaci\u00f3n. Su salud y bienestar son nuestras principales prioridades. P\u00f3ngase en contacto con nosotros hoy para programar su consulta inicial gratuita y dar el primer paso hacia una vida libre de dolor. Estamos aqu\u00ed para apoyarle en cada paso del camino.<\/p>\n<h3>Contacte con nosotros<\/h3>\n<p><img loading=\"lazy\" decoding=\"async\" class=\"alignnone wp-image-2064\" src=\"https:\/\/1800hurt911co.com\/wp-content\/uploads\/2020\/12\/banner-bg1-copy-1024x254.webp\" alt=\"Hurt911 Logo\" width=\"500\" height=\"124\" srcset=\"https:\/\/1800hurt911co.com\/wp-content\/uploads\/2020\/12\/banner-bg1-copy-1024x254.webp 1024w, https:\/\/1800hurt911co.com\/wp-content\/uploads\/2020\/12\/banner-bg1-copy-300x75.webp 300w, https:\/\/1800hurt911co.com\/wp-content\/uploads\/2020\/12\/banner-bg1-copy-768x191.webp 768w, https:\/\/1800hurt911co.com\/wp-content\/uploads\/2020\/12\/banner-bg1-copy-1536x382.webp 1536w, https:\/\/1800hurt911co.com\/wp-content\/uploads\/2020\/12\/banner-bg1-copy.webp 1920w\" sizes=\"(max-width: 500px) 100vw, 500px\" \/><\/p>\n<p>En <a href=\"\/es\/\">Hurt 911 Colorado Injury Centers<\/a>, damos prioridad a su salud y recuperaci\u00f3n. Si usted ha estado implicado en un accidente de coche y est\u00e1 tratando con dolor o malestar, llegar a nosotros es su primer paso hacia la curaci\u00f3n. Nuestros quiropr\u00e1cticos Northglenn accidente de coche est\u00e1n aqu\u00ed para proporcionar el apoyo que necesita. Comenzar es simple. Ll\u00e1menos o rellene nuestro formulario en l\u00ednea para programar su cita. Ofrecemos horarios flexibles para acomodar su vida ocupada. Si usted necesita atenci\u00f3n inmediata o desea discutir sus opciones de tratamiento, nuestro equipo est\u00e1 listo para ayudarle.<\/p>\n<h3>Ubicaciones convenientes en Northglenn y m\u00e1s all\u00e1<\/h3>\n<p>Entendemos que la accesibilidad es importante. Nuestras ubicaciones en Northglenn y sus alrededores est\u00e1n dise\u00f1adas para facilitarle la atenci\u00f3n. No importa d\u00f3nde usted est\u00e1 en el \u00e1rea metropolitana de Denver, nos esforzamos por ofrecerle los mejores servicios quiropr\u00e1cticos cerca de casa. No deje que el dolor le detenga. P\u00f3ngase en contacto con nosotros hoy mismo y d\u00e9 el primer paso hacia una vida sin dolor. Su recuperaci\u00f3n es nuestra prioridad.<\/p>\n","protected":false},"excerpt":{"rendered":"<p>Quiropr\u00e1ctico del accidente de coche en Northglenn En Hurt 911 Colorado Injury Centers, nos especializamos en proporcionar atenci\u00f3n quiropr\u00e1ctica completa dise\u00f1ada espec\u00edficamente para las v\u00edctimas de accidentes automovil\u00edsticos en Northglenn, CO. Nuestro equipo entiende el peaje f\u00edsico y emocional que los accidentes automovil\u00edsticos pueden tomar en los individuos. Estamos comprometidos a ayudarle a recuperarse de [&hellip;]<\/p>\n","protected":false},"author":6,"featured_media":0,"parent":4450,"menu_order":0,"comment_status":"closed","ping_status":"closed","template":"","meta":{"_acf_changed":false,"footnotes":""},"class_list":["post-4456","page","type-page","status-publish","hentry"],"acf":[],"_links":{"self":[{"href":"https:\/\/1800hurt911co.com\/es\/wp-json\/wp\/v2\/pages\/4456","targetHints":{"allow":["GET"]}}],"collection":[{"href":"https:\/\/1800hurt911co.com\/es\/wp-json\/wp\/v2\/pages"}],"about":[{"href":"https:\/\/1800hurt911co.com\/es\/wp-json\/wp\/v2\/types\/page"}],"author":[{"embeddable":true,"href":"https:\/\/1800hurt911co.com\/es\/wp-json\/wp\/v2\/users\/6"}],"replies":[{"embeddable":true,"href":"https:\/\/1800hurt911co.com\/es\/wp-json\/wp\/v2\/comments?post=4456"}],"version-history":[{"count":2,"href":"https:\/\/1800hurt911co.com\/es\/wp-json\/wp\/v2\/pages\/4456\/revisions"}],"predecessor-version":[{"id":4458,"href":"https:\/\/1800hurt911co.com\/es\/wp-json\/wp\/v2\/pages\/4456\/revisions\/4458"}],"up":[{"embeddable":true,"href":"https:\/\/1800hurt911co.com\/es\/wp-json\/wp\/v2\/pages\/4450"}],"wp:attachment":[{"href":"https:\/\/1800hurt911co.com\/es\/wp-json\/wp\/v2\/media?parent=4456"}],"curies":[{"name":"wp","href":"https:\/\/api.w.org\/{rel}","templated":true}]}}