{"id":4459,"date":"2024-09-17T07:38:08","date_gmt":"2024-09-17T11:38:08","guid":{"rendered":"https:\/\/1800hurt911co.com\/northglenn\/northglenn-medico-de-accidentes-de-trafico\/"},"modified":"2024-10-04T00:04:12","modified_gmt":"2024-10-04T06:04:12","slug":"northglenn-medico-de-accidentes-de-trafico","status":"publish","type":"page","link":"https:\/\/1800hurt911co.com\/es\/northglenn\/northglenn-medico-de-accidentes-de-trafico\/","title":{"rendered":"Northglenn M\u00e9dico de accidentes de tr\u00e1fico"},"content":{"rendered":"<h2>\u00bfBusca un m\u00e9dico para accidentes automovil\u00edsticos en Northglenn?<\/h2>\n<p>Si usted ha estado implicado recientemente en un accidente de autom\u00f3vil en Northglenn, la atenci\u00f3n m\u00e9dica inmediata y la comprensi\u00f3n de las implicaciones legales son cruciales. En Hurt 911 Colorado Injury Centers, nos especializamos en el tratamiento de lesiones por accidentes automovil\u00edsticos y estamos comprometidos con su recuperaci\u00f3n. Nuestro equipo entiende los retos a los que se enfrenta, desde la gesti\u00f3n del dolor hasta las reclamaciones de seguros. Estamos aqu\u00ed para ayudarle a navegar este momento dif\u00edcil. Cuando llegue a nuestro centro, recibir\u00e1 una evaluaci\u00f3n exhaustiva por parte de profesionales experimentados que entienden los matices de las lesiones por accidente de coche. Vamos a evaluar su condici\u00f3n, discutir sus s\u00edntomas, y determinar el mejor curso de acci\u00f3n para promover la curaci\u00f3n. Nuestro enfoque hace hincapi\u00e9 en la atenci\u00f3n integral. No s\u00f3lo nos ocupamos de las lesiones f\u00edsicas, sino que tambi\u00e9n proporcionamos apoyo para su bienestar general. Esto incluye la coordinaci\u00f3n con los profesionales legales para asegurar que usted reciba una compensaci\u00f3n justa por sus lesiones y p\u00e9rdidas. No deje que las secuelas de un accidente de coche le abrumen. P\u00f3ngase en contacto con nosotros para obtener ayuda inmediata. Ofrecemos horarios flexibles y consultas gratuitas para ayudarle a comenzar su camino hacia la recuperaci\u00f3n. Su salud y la curaci\u00f3n son nuestras principales prioridades.<\/p>\n<h2>Qui\u00e9nes somos<\/h2>\n<p><img fetchpriority=\"high\" decoding=\"async\" class=\"alignnone wp-image-2540 size-full\" src=\"https:\/\/1800hurt911co.com\/wp-content\/uploads\/2024\/09\/shutterstock_2267710669.webp\" alt=\"Northglenn M\u00e9dico de accidentes de tr\u00e1fico\" width=\"500\" height=\"326\" srcset=\"https:\/\/1800hurt911co.com\/wp-content\/uploads\/2024\/09\/shutterstock_2267710669.webp 500w, https:\/\/1800hurt911co.com\/wp-content\/uploads\/2024\/09\/shutterstock_2267710669-300x196.webp 300w\" sizes=\"(max-width: 500px) 100vw, 500px\" \/><\/p>\n<p>En Hurt 911 Colorado Injury Centers, nos especializamos en proporcionar una atenci\u00f3n excepcional a las personas lesionadas en accidentes automovil\u00edsticos. Nuestro equipo se dedica a ayudar a las v\u00edctimas de accidentes de coche Northglenn navegar por su viaje de recuperaci\u00f3n con la compasi\u00f3n y la experiencia. Entendemos que un accidente puede interrumpir su vida, dej\u00e1ndole en el dolor y frente a las facturas m\u00e9dicas de montaje. Nuestro objetivo es apoyarle en cada paso del camino. Estamos orgullosos de nuestro enfoque integral de la atenci\u00f3n por accidente. Nuestras instalaciones combinan el tratamiento m\u00e9dico, la rehabilitaci\u00f3n y la asistencia jur\u00eddica, todo bajo un mismo techo. Este modelo integrado nos permite abordar tanto sus necesidades de recuperaci\u00f3n f\u00edsica y financiera. Nuestros experimentados profesionales m\u00e9dicos, incluyendo m\u00e9dicos de accidentes de coche y fisioterapeutas, trabajan en colaboraci\u00f3n para crear planes de tratamiento personalizados adaptados a sus lesiones espec\u00edficas. Cuando usted elige Hurt 911 Colorado Injury Centers, usted est\u00e1 eligiendo un socio dedicado en su proceso de curaci\u00f3n. Nuestro equipo se compromete a garantizar que usted reciba la atenci\u00f3n m\u00e9dica que necesita, mientras que tambi\u00e9n le gu\u00eda a trav\u00e9s de las complejidades de las reclamaciones de seguros y asuntos legales. Damos prioridad a su salud y bienestar, esforz\u00e1ndonos por ayudarle a recuperar su calidad de vida despu\u00e9s de un accidente.<\/p>\n<h2>\u00bfPor qu\u00e9 elegir el Centro de Lesiones Hurt 911 Colorado?<\/h2>\n<p>En el Centro de Lesiones Hurt 911 Colorado, damos prioridad a su recuperaci\u00f3n despu\u00e9s de un accidente de coche. Nuestro enfoque combina m\u00faltiples disciplinas de la salud bajo un mismo techo, por lo que es m\u00e1s f\u00e1cil para que usted reciba una atenci\u00f3n integral. Este modelo multidisciplinario significa que usted puede tener acceso a tratamiento m\u00e9dico, terapia f\u00edsica y asistencia legal en un solo lugar, asegurando un proceso de recuperaci\u00f3n m\u00e1s suave. Nuestros m\u00e9dicos Northglenn accidente de coche son profesionales experimentados que entienden los matices de las lesiones relacionadas con accidentes. Est\u00e1n equipados para hacer frente a una amplia gama de problemas, desde el latigazo cervical y dolor de cuello a condiciones m\u00e1s complejas, como hernias discales. Su experiencia les permite crear planes de tratamiento eficaces adaptados a sus necesidades espec\u00edficas, centr\u00e1ndose en las lesiones sufridas en el accidente. Estos especialistas proporcionan una atenci\u00f3n personalizada, utilizando diversas t\u00e9cnicas para promover la curaci\u00f3n y restaurar la movilidad despu\u00e9s de los accidentes. Tambi\u00e9n ofrecemos transporte gratuito a nuestras oficinas, eliminando las barreras que podr\u00edan impedirle buscar la atenci\u00f3n que necesita. Este servicio forma parte de nuestro compromiso de hacer que su recuperaci\u00f3n sea lo menos estresante posible. Entendemos que despu\u00e9s de un accidente, su atenci\u00f3n debe centrarse en la curaci\u00f3n, no en la log\u00edstica. La elecci\u00f3n de Hurt 911 significa que usted est\u00e1 asociando con un equipo que realmente se preocupa por su bienestar. Estamos dedicados a ayudarle a navegar el viaje de recuperaci\u00f3n, asegurando que reciba la mejor atenci\u00f3n posible y el apoyo en cada paso del camino.<\/p>\n<h2>Lesiones Comunes Del Accidente De Coche Que Tratamos<\/h2>\n<p>En Hurt 911 Colorado Injury Centers, nos especializamos en diagnosticar y tratar una variedad de lesiones que a menudo resultan de accidentes automovil\u00edsticos. Nuestros experimentados m\u00e9dicos de accidentes automovil\u00edsticos de Northglenn se dedican a proporcionar una atenci\u00f3n integral para ayudarle a recuperarse por completo. A continuaci\u00f3n se presentan algunas de las lesiones m\u00e1s comunes que nos encontramos.<\/p>\n<h3>Latigazo cervical y dolor de cuello<\/h3>\n<p>El latigazo cervical es una lesi\u00f3n en el cuello prevalente despu\u00e9s de un accidente de coche. Ocurre cuando la cabeza es repentinamente sacudida hacia adelante y luego hacia atr\u00e1s, causando tensi\u00f3n en los m\u00fasculos del cuello y los ligamentos. Los s\u00edntomas pueden incluir dolor de cuello, rigidez y movilidad reducida. Nuestro equipo emplea varios m\u00e9todos de tratamiento para aliviar el dolor y mejorar la movilidad del cuello.<\/p>\n<h3>Lesiones de tejidos blandos<\/h3>\n<p>Lesiones de tejidos blandos como esguinces y distensiones son comunes en los accidentes de auto. Estas lesiones afectan a los m\u00fasculos, tendones y ligamentos. Pueden provocar molestias importantes y pueden requerir una combinaci\u00f3n de fisioterapia y terapia manual para una recuperaci\u00f3n eficaz. Nos centramos en la reducci\u00f3n de la inflamaci\u00f3n y la promoci\u00f3n de la curaci\u00f3n a trav\u00e9s de planes de tratamiento espec\u00edficos.<\/p>\n<h3>Dolor de espalda y hernia discal<\/h3>\n<p>El dolor de espalda es otra queja frecuente entre las v\u00edctimas de accidentes de coche. Puede provenir de lesiones musculares o condiciones m\u00e1s graves como hernias discales. Nuestros m\u00e9dicos Northglenn accidente de coche utilizar im\u00e1genes de diagn\u00f3stico para evaluar el alcance de la lesi\u00f3n y desarrollar un plan de tratamiento a medida destinada a aliviar el dolor y restaurar la movilidad.<\/p>\n<h3>S\u00edntomas de conmoci\u00f3n cerebral y dolores de cabeza<\/h3>\n<p>Las conmociones cerebrales pueden ocurrir incluso en accidentes menores. Los s\u00edntomas pueden incluir dolores de cabeza, mareos y dificultades cognitivas. Si sospecha que ha sufrido una conmoci\u00f3n cerebral, es fundamental que busque atenci\u00f3n m\u00e9dica de inmediato. Nuestro equipo ofrece evaluaciones exhaustivas y atenci\u00f3n continua para tratar estos s\u00edntomas y facilitar su recuperaci\u00f3n. Cada lesi\u00f3n es \u00fanica, y tambi\u00e9n lo es nuestro enfoque. Estamos comprometidos a proporcionar una atenci\u00f3n personalizada que se ocupa de sus necesidades espec\u00edficas, ayudando a recuperar su salud y volver a sus actividades diarias tan pronto como sea posible. Si usted ha sido lesionado en un accidente de coche, no dude en llegar a la ayuda que necesita.<\/p>\n<h2>Nuestro enfoque de tratamiento<\/h2>\n<p><img decoding=\"async\" class=\"alignnone wp-image-2546 size-full\" src=\"https:\/\/1800hurt911co.com\/wp-content\/uploads\/2024\/09\/shutterstock_2145507079.webp\" alt=\"Car Accident Rehabilitation\" width=\"500\" height=\"334\" srcset=\"https:\/\/1800hurt911co.com\/wp-content\/uploads\/2024\/09\/shutterstock_2145507079.webp 500w, https:\/\/1800hurt911co.com\/wp-content\/uploads\/2024\/09\/shutterstock_2145507079-300x200.webp 300w\" sizes=\"(max-width: 500px) 100vw, 500px\" \/><\/p>\n<p>En Hurt 911 Colorado Injury Centers, damos prioridad a su recuperaci\u00f3n de lesiones por accidente de coche. Nuestro enfoque de tratamiento es exhaustivo y adaptado para satisfacer las necesidades espec\u00edficas de cada paciente.<\/p>\n<h3>Consulta Inicial y Servicios de Diagn\u00f3stico<\/h3>\n<p>Su viaje comienza con una consulta inicial. Durante esta visita, nuestros experimentados m\u00e9dicos de accidentes de coche Northglenn evaluar\u00e1 las lesiones sufridas y discutir sus s\u00edntomas. Utilizamos servicios avanzados de diagn\u00f3stico, tales como radiograf\u00edas y resonancias magn\u00e9ticas para identificar con precisi\u00f3n su condici\u00f3n. Este paso es crucial para establecer una clara comprensi\u00f3n de su salud y el mejor camino a seguir.<\/p>\n<h3>Planes de tratamiento personalizados<\/h3>\n<p>Despu\u00e9s de la evaluaci\u00f3n, creamos un plan de tratamiento personalizado dise\u00f1ado para abordar su perfil de lesi\u00f3n \u00fanico. Si usted est\u00e1 tratando con latigazo cervical, dolor de cuello, o lesiones de tejidos blandos, nuestros planes se centran en aliviar el dolor y restaurar la funci\u00f3n. Colaboramos con usted para asegurar que su tratamiento se alinea con sus objetivos de recuperaci\u00f3n.<\/p>\n<h3>Quiropr\u00e1ctica para el alivio del dolor<\/h3>\n<p>El cuidado quiropr\u00e1ctico es la piedra angular de nuestra estrategia de tratamiento. Nuestros cualificados quiropr\u00e1cticos emplean t\u00e9cnicas dirigidas a reducir el dolor y mejorar la movilidad. Este enfoque pr\u00e1ctico ayuda a aliviar la tensi\u00f3n en los m\u00fasculos y las articulaciones, promoviendo la curaci\u00f3n y la mejora de su bienestar general.<\/p>\n<h3>Fisioterapia y rehabilitaci\u00f3n<\/h3>\n<p>La fisioterapia forma parte integral del proceso de recuperaci\u00f3n. Nuestros fisioterapeutas le guiar\u00e1n a trav\u00e9s de ejercicios terap\u00e9uticos dise\u00f1ados para mejorar la flexibilidad, la fuerza y la resistencia. Estos ejercicios son cruciales para recuperar la plena funcionalidad y prevenir futuras lesiones.<\/p>\n<h3>Terapia manual y ejercicios terap\u00e9uticos<\/h3>\n<p>Adem\u00e1s de la atenci\u00f3n quiropr\u00e1ctica y la fisioterapia, ofrecemos terapia manual. Esta t\u00e9cnica consiste en la manipulaci\u00f3n manual de los tejidos blandos para aliviar el dolor y mejorar el movimiento. Nuestro equipo tambi\u00e9n le proporcionar\u00e1 ejercicios terap\u00e9uticos para continuar su progreso en casa, asegurando que se mantenga en el camino de su recuperaci\u00f3n. En Hurt 911 Colorado Injury Centers, estamos dedicados a ayudarle a recuperar su salud y volver a una vida libre de dolor. Nuestro enfoque de tratamiento integral est\u00e1 dise\u00f1ado para apoyarle en cada paso del camino.<\/p>\n<h2>Asistencia financiera y legal<\/h2>\n<p><img decoding=\"async\" class=\"alignnone wp-image-2920 size-full\" src=\"https:\/\/1800hurt911co.com\/wp-content\/uploads\/2024\/09\/hurt911-car-accident-lawyer.webp\" alt=\"Car Accident Lawyer\" width=\"500\" height=\"334\" srcset=\"https:\/\/1800hurt911co.com\/wp-content\/uploads\/2024\/09\/hurt911-car-accident-lawyer.webp 500w, https:\/\/1800hurt911co.com\/wp-content\/uploads\/2024\/09\/hurt911-car-accident-lawyer-300x200.webp 300w\" sizes=\"(max-width: 500px) 100vw, 500px\" \/><\/p>\n<p>Navegar por las secuelas de un accidente de coche puede ser abrumador, especialmente cuando se trata de facturas m\u00e9dicas y salarios perdidos. En Hurt 911 Colorado Injury Centers, entendemos la tensi\u00f3n financiera que puede seguir a un accidente automovil\u00edstico. Nuestro equipo est\u00e1 aqu\u00ed para proporcionarle el apoyo que necesita.<\/p>\n<h3>Trabajar con las compa\u00f1\u00edas de seguros<\/h3>\n<p>Tomamos el estr\u00e9s de tratar con las compa\u00f1\u00edas de seguros. Nuestro personal capacitado le ayudar\u00e1 en la presentaci\u00f3n de sus reclamaciones con precisi\u00f3n, asegurando que usted reciba la compensaci\u00f3n que se merece. Sabemos c\u00f3mo comunicarnos eficazmente con las aseguradoras para abogar por sus mejores intereses. Usted no deber\u00eda tener que enfrentarse a la compa\u00f1\u00eda de seguros solo.<\/p>\n<h3>Embargos M\u00e9dicos y Sin Costes por Adelantado<\/h3>\n<p>Nuestros servicios est\u00e1n dise\u00f1ados para adaptarse a su situaci\u00f3n financiera. Ofrecemos grav\u00e1menes m\u00e9dicos, lo que le permite recibir el tratamiento necesario sin preocuparse por los costes iniciales. Esto significa que usted puede centrarse en su recuperaci\u00f3n, mientras que nosotros nos encargamos del proceso de facturaci\u00f3n. No pagar\u00e1 por nuestros servicios hasta que reciba una indemnizaci\u00f3n por sus lesiones.<\/p>\n<h3>Colaboraci\u00f3n con abogados de lesiones personales<\/h3>\n<p>Trabajamos en estrecha colaboraci\u00f3n con abogados expertos en lesiones personales que se especializan en casos de accidentes automovil\u00edsticos. Esta colaboraci\u00f3n nos permite ofrecerle un apoyo integral, desde el tratamiento m\u00e9dico hasta la representaci\u00f3n legal. Nuestro objetivo es asegurar que usted tenga la mejor oportunidad de obtener una compensaci\u00f3n justa por sus lesiones. Con nuestro equipo a su lado, usted puede sentirse seguro en la b\u00fasqueda de su recuperaci\u00f3n y la justicia.<\/p>\n<h2>Qu\u00e9 puede esperar<\/h2>\n<h3>Su Primera Visita<\/h3>\n<p>Cuando llegue a su cita inicial en los Centros de Lesiones Hurt 911 Colorado, espere una c\u00e1lida bienvenida por parte de nuestro equipo. Damos prioridad a su comodidad y bienestar. Durante esta visita, usted ser\u00e1 sometido a una evaluaci\u00f3n exhaustiva por nuestros experimentados m\u00e9dicos de accidentes de coche en Northglenn. Esto incluye la discusi\u00f3n de sus lesiones en detalle, la revisi\u00f3n de su historial m\u00e9dico, y la realizaci\u00f3n de las pruebas de diagn\u00f3stico necesarias. Nuestro objetivo es reunir toda la informaci\u00f3n pertinente para crear una comprensi\u00f3n global de su condici\u00f3n.<\/p>\n<h3>Tratamiento continuo y proceso de recuperaci\u00f3n<\/h3>\n<p>Despu\u00e9s de su primera visita, vamos a desarrollar un plan de tratamiento personalizado adaptado a sus necesidades espec\u00edficas. Este plan puede incluir atenci\u00f3n quiropr\u00e1ctica, fisioterapia y otras modalidades terap\u00e9uticas dise\u00f1adas para aliviar el dolor y promover la curaci\u00f3n. Usted puede esperar citas regulares de seguimiento para supervisar su progreso y ajustar su tratamiento seg\u00fan sea necesario. Nuestro enfoque multidisciplinar garantiza que reciba la mejor atenci\u00f3n posible durante su proceso de recuperaci\u00f3n.<\/p>\n<h3>Apoyo integral a lo largo de su viaje de curaci\u00f3n<\/h3>\n<p>En Hurt 911, creemos en proporcionar apoyo hol\u00edstico a nuestros clientes. No s\u00f3lo nos centramos en su recuperaci\u00f3n f\u00edsica, sino que tambi\u00e9n le ayudamos a navegar por las complejidades de las reclamaciones de seguros y los asuntos legales. Nuestro equipo est\u00e1 aqu\u00ed para responder a sus preguntas y proporcionar orientaci\u00f3n en cada paso del camino. Si usted necesita ayuda con el papeleo o la comprensi\u00f3n de sus opciones de tratamiento, estamos comprometidos a ser su socio de confianza en la recuperaci\u00f3n.<\/p>\n<h2>Contacte con nosotros hoy mismo<\/h2>\n<p><img loading=\"lazy\" decoding=\"async\" class=\"alignnone wp-image-2064\" src=\"https:\/\/1800hurt911co.com\/wp-content\/uploads\/2020\/12\/banner-bg1-copy-1024x254.webp\" alt=\"Hurt911 Logo\" width=\"500\" height=\"124\" srcset=\"https:\/\/1800hurt911co.com\/wp-content\/uploads\/2020\/12\/banner-bg1-copy-1024x254.webp 1024w, https:\/\/1800hurt911co.com\/wp-content\/uploads\/2020\/12\/banner-bg1-copy-300x75.webp 300w, https:\/\/1800hurt911co.com\/wp-content\/uploads\/2020\/12\/banner-bg1-copy-768x191.webp 768w, https:\/\/1800hurt911co.com\/wp-content\/uploads\/2020\/12\/banner-bg1-copy-1536x382.webp 1536w, https:\/\/1800hurt911co.com\/wp-content\/uploads\/2020\/12\/banner-bg1-copy.webp 1920w\" sizes=\"(max-width: 500px) 100vw, 500px\" \/><\/p>\n<p>Si usted o un ser querido ha estado involucrado en un accidente de coche en Northglenn, no espere para buscar ayuda. En Hurt 911 Colorado Injury Centers, entendemos los desaf\u00edos que enfrenta despu\u00e9s de un accidente. Nuestro equipo dedicado est\u00e1 aqu\u00ed para proporcionarle la atenci\u00f3n m\u00e9dica y el apoyo que necesita para recuperarse por completo. Ponerse en contacto con nosotros es sencillo. Puede llamarnos directamente o rellenar nuestro formulario en l\u00ednea. Nuestro personal est\u00e1 listo para responder a sus preguntas y ayudarle a programar su consulta gratuita. Damos prioridad a su salud y bienestar, asegur\u00e1ndonos de que reciba la atenci\u00f3n necesaria sin demora. No deje que el dolor y la incertidumbre le frenen. P\u00f3ngase en contacto con nosotros hoy para comenzar su viaje hacia la recuperaci\u00f3n. Deje que nuestros experimentados m\u00e9dicos de accidentes automovil\u00edsticos de Northglenn le gu\u00eden a trav\u00e9s del proceso de curaci\u00f3n y le ayuden a volver a su vida cotidiana. Su camino hacia la recuperaci\u00f3n comienza aqu\u00ed.<\/p>\n<h2>Preguntas Frecuentes<\/h2>\n<p><img loading=\"lazy\" decoding=\"async\" class=\"alignnone wp-image-2550 size-full\" src=\"https:\/\/1800hurt911co.com\/wp-content\/uploads\/2024\/09\/shutterstock_2428486561.webp\" alt=\"Car Accident, Car Crash\" width=\"500\" height=\"334\" srcset=\"https:\/\/1800hurt911co.com\/wp-content\/uploads\/2024\/09\/shutterstock_2428486561.webp 500w, https:\/\/1800hurt911co.com\/wp-content\/uploads\/2024\/09\/shutterstock_2428486561-300x200.webp 300w\" sizes=\"(max-width: 500px) 100vw, 500px\" \/><\/p>\n<h3>\u00bfQu\u00e9 debo hacer inmediatamente despu\u00e9s de un accidente de tr\u00e1fico?<\/h3>\n<p>Despu\u00e9s de un accidente de coche, d\u00e9 prioridad a su salud. Busque atenci\u00f3n m\u00e9dica aunque se sienta bien. Lesiones como el latigazo cervical o da\u00f1os en los tejidos blandos pueden manifestarse m\u00e1s tarde. Documente la escena del accidente y recopile informaci\u00f3n de los testigos. P\u00f3ngase en contacto con un m\u00e9dico de accidente de coche Northglenn tan pronto como sea posible para una evaluaci\u00f3n.<\/p>\n<h3>\u00bfC\u00f3mo puede Hurt 911 Colorado Injury Centers ayudarme?<\/h3>\n<p>Ofrecemos una amplia gama de servicios adaptados a las v\u00edctimas de accidentes de coche. Nuestros m\u00e9dicos de accidentes de coche de Northglenn proporcionan atenci\u00f3n m\u00e9dica inmediata, incluyendo servicios de diagn\u00f3stico como radiograf\u00edas y resonancias magn\u00e9ticas. Tambi\u00e9n colaboramos con abogados de lesiones personales para apoyar su recuperaci\u00f3n y asegurar que reciba una compensaci\u00f3n justa por sus lesiones.<\/p>\n<h3>\u00bfQu\u00e9 tipos de lesiones tratan?<\/h3>\n<p>Nos especializamos en una variedad de lesiones relacionadas con accidentes, incluyendo latigazo cervical, dolor de cuello, dolor de espalda y hernias discales. Nuestro equipo est\u00e1 equipado para manejar las lesiones de tejidos blandos y los s\u00edntomas de conmoci\u00f3n cerebral tambi\u00e9n. Cada plan de tratamiento es personalizado para atender sus necesidades espec\u00edficas y promover la curaci\u00f3n.<\/p>\n<h3>\u00bfCu\u00e1nto durar\u00e1 mi tratamiento?<\/h3>\n<p>La duraci\u00f3n de su tratamiento depender\u00e1 de la gravedad de sus lesiones y su proceso de recuperaci\u00f3n individual. Durante su consulta inicial, nuestros m\u00e9dicos de accidentes de coche Northglenn evaluar\u00e1 su condici\u00f3n y proporcionar una l\u00ednea de tiempo para su plan de tratamiento. Seguimientos regulares ayudar\u00e1n a controlar su progreso y ajustar su cuidado seg\u00fan sea necesario.<\/p>\n<h3>\u00bfQu\u00e9 puedo esperar durante mi primera visita?<\/h3>\n<p>Durante su primera visita, usted se someter\u00e1 a un examen completo y servicios de diagn\u00f3stico para determinar el alcance de sus lesiones. Nuestro equipo discutir\u00e1 sus s\u00edntomas, historial m\u00e9dico y cualquier preocupaci\u00f3n que pueda tener. A partir de ah\u00ed, vamos a desarrollar un plan de tratamiento personalizado dirigido a aliviar su dolor y restaurar su movilidad.<\/p>\n<h3>\u00bfC\u00f3mo puedo concertar una cita?<\/h3>\n<p>Usted puede programar f\u00e1cilmente una cita llamando a nuestra oficina o rellenando nuestro formulario de contacto en l\u00ednea. Ofrecemos consultas gratuitas para discutir sus necesidades y c\u00f3mo podemos ayudarle. No dude en ponerse en contacto con nosotros; estamos aqu\u00ed para ayudarle en su camino hacia la recuperaci\u00f3n.<\/p>\n","protected":false},"excerpt":{"rendered":"<p>\u00bfBusca un m\u00e9dico para accidentes automovil\u00edsticos en Northglenn? Si usted ha estado implicado recientemente en un accidente de autom\u00f3vil en Northglenn, la atenci\u00f3n m\u00e9dica inmediata y la comprensi\u00f3n de las implicaciones legales son cruciales. En Hurt 911 Colorado Injury Centers, nos especializamos en el tratamiento de lesiones por accidentes automovil\u00edsticos y estamos comprometidos con su [&hellip;]<\/p>\n","protected":false},"author":6,"featured_media":0,"parent":4450,"menu_order":0,"comment_status":"closed","ping_status":"closed","template":"","meta":{"_acf_changed":false,"footnotes":""},"class_list":["post-4459","page","type-page","status-publish","hentry"],"acf":[],"_links":{"self":[{"href":"https:\/\/1800hurt911co.com\/es\/wp-json\/wp\/v2\/pages\/4459","targetHints":{"allow":["GET"]}}],"collection":[{"href":"https:\/\/1800hurt911co.com\/es\/wp-json\/wp\/v2\/pages"}],"about":[{"href":"https:\/\/1800hurt911co.com\/es\/wp-json\/wp\/v2\/types\/page"}],"author":[{"embeddable":true,"href":"https:\/\/1800hurt911co.com\/es\/wp-json\/wp\/v2\/users\/6"}],"replies":[{"embeddable":true,"href":"https:\/\/1800hurt911co.com\/es\/wp-json\/wp\/v2\/comments?post=4459"}],"version-history":[{"count":2,"href":"https:\/\/1800hurt911co.com\/es\/wp-json\/wp\/v2\/pages\/4459\/revisions"}],"predecessor-version":[{"id":4461,"href":"https:\/\/1800hurt911co.com\/es\/wp-json\/wp\/v2\/pages\/4459\/revisions\/4461"}],"up":[{"embeddable":true,"href":"https:\/\/1800hurt911co.com\/es\/wp-json\/wp\/v2\/pages\/4450"}],"wp:attachment":[{"href":"https:\/\/1800hurt911co.com\/es\/wp-json\/wp\/v2\/media?parent=4459"}],"curies":[{"name":"wp","href":"https:\/\/api.w.org\/{rel}","templated":true}]}}