{"id":4462,"date":"2024-09-17T08:05:17","date_gmt":"2024-09-17T12:05:17","guid":{"rendered":"https:\/\/1800hurt911co.com\/northglenn\/northglenn-fisioterapeuta-de-accidentes-de-trafico\/"},"modified":"2024-10-04T00:25:18","modified_gmt":"2024-10-04T06:25:18","slug":"northglenn-fisioterapeuta-de-accidentes-de-trafico","status":"publish","type":"page","link":"https:\/\/1800hurt911co.com\/es\/northglenn\/northglenn-fisioterapeuta-de-accidentes-de-trafico\/","title":{"rendered":"Northglenn Fisioterapeuta de accidentes de tr\u00e1fico"},"content":{"rendered":"<h2>Accidente de coche fisioterapeuta en Northglenn<\/h2>\n<p>Nuestro tratamiento de fisioterapia est\u00e1 dise\u00f1ado para proporcionar una atenci\u00f3n integral que se ocupa de las necesidades espec\u00edficas de las v\u00edctimas de accidentes de coche. Estamos confiados a ayudarle a recuperarse con eficacia y eficientemente, as\u00ed que usted puede volver a vivir su vida. P\u00f3ngase en contacto con Hurt911 Colorado Injury Centers hoy.<\/p>\n<h2>Entendiendo las Lesiones de Accidentes de Coche<\/h2>\n<p><img fetchpriority=\"high\" decoding=\"async\" class=\"alignnone wp-image-2554 size-full\" src=\"https:\/\/1800hurt911co.com\/wp-content\/uploads\/2024\/09\/shutterstock_2329005869.webp\" alt=\"Car Accident Injuries\" width=\"500\" height=\"264\" srcset=\"https:\/\/1800hurt911co.com\/wp-content\/uploads\/2024\/09\/shutterstock_2329005869.webp 500w, https:\/\/1800hurt911co.com\/wp-content\/uploads\/2024\/09\/shutterstock_2329005869-300x158.webp 300w\" sizes=\"(max-width: 500px) 100vw, 500px\" \/><\/p>\n<p>Los accidentes de tr\u00e1fico pueden provocar una amplia gama de lesiones, desde leves a graves. Comprender los tipos de lesiones que pueden producirse es crucial para un tratamiento y una recuperaci\u00f3n eficaces. Entre las lesiones m\u00e1s comunes en accidentes de coche se encuentran el latigazo cervical, el dolor de espalda, el dolor de cuello y las lesiones de tejidos blandos. El latigazo cervical es un tipo de lesi\u00f3n cervical que se produce cuando la cabeza se sacude repentinamente hacia delante y hacia atr\u00e1s, causando da\u00f1os en los tejidos blandos del cuello. El dolor de espalda puede deberse al impacto del accidente o a la tensi\u00f3n ejercida sobre los m\u00fasculos y ligamentos de la espalda. Las lesiones de tejidos blandos, como esguinces, distensiones y contusiones, pueden causar dolor, inflamaci\u00f3n y movilidad limitada.<\/p>\n<h2>\u00bfEstuvo usted en un accidente de coche en Northglenn?<\/h2>\n<p>Si usted ha estado involucrado recientemente en un accidente de coche en Northglenn, es esencial prestar mucha atenci\u00f3n a su salud y las lesiones de accidentes de auto que pueda haber sufrido. Incluso si usted se siente bien al principio, las lesiones pueden manifestarse m\u00e1s tarde. Ignorar el dolor o el malestar puede conducir a problemas a largo plazo. Esto es lo que debe hacer<\/p>\n<ul>\n<li><strong>Busque atenci\u00f3n m\u00e9dica<\/strong>: El primer paso es consultar a un profesional sanitario, aunque creas que tus lesiones son leves. Un examen exhaustivo puede identificar problemas subyacentes que podr\u00edan no ser evidentes de inmediato.<\/li>\n<li><strong>Documente sus lesiones<\/strong>: Lleva un registro de todos los s\u00edntomas de dolor, visitas m\u00e9dicas y tratamientos. Esta documentaci\u00f3n es crucial para su recuperaci\u00f3n y para cualquier posible reclamaci\u00f3n al seguro.<\/li>\n<li><strong>Considere la posibilidad de terapia f\u00edsica<\/strong>: La participaci\u00f3n con un accidente de coche Northglenn fisioterapeuta puede ser beneficioso para su proceso de recuperaci\u00f3n. Los tratamientos de fisioterapia pueden abordar las lesiones comunes de accidentes de coche y ayudarle a recuperar la fuerza y la movilidad.<\/li>\n<li><strong>Siga su plan de tratamiento<\/strong>: Adhi\u00e9rase a las recomendaciones proporcionadas por su proveedor de atenci\u00f3n m\u00e9dica. La consistencia en su tratamiento es clave para una recuperaci\u00f3n efectiva.<\/li>\n<li><strong>Mant\u00e9ngase informado<\/strong>: Conozca sus derechos y las opciones de que dispone. Esto incluye saber c\u00f3mo navegar por el proceso del seguro y a qu\u00e9 compensaci\u00f3n puede tener derecho.<\/li>\n<\/ul>\n<p>Tomar estas medidas puede tener un impacto significativo en su viaje de recuperaci\u00f3n. No dude en pedir ayuda. En Hurt 911 Colorado Injury Centers, estamos aqu\u00ed para apoyarle a trav\u00e9s de cada etapa de su proceso de curaci\u00f3n.<\/p>\n<h2>El papel de un fisioterapeuta<\/h2>\n<p>Un fisioterapeuta desempe\u00f1a un papel fundamental en el proceso de recuperaci\u00f3n tras un accidente de tr\u00e1fico. Los fisioterapeutas son profesionales sanitarios formados que se especializan en ayudar a los pacientes a recuperarse de lesiones y controlar el dolor cr\u00f3nico. Utilizan diversas t\u00e9cnicas, como ejercicios, masajes y otras modalidades, para promover la curaci\u00f3n, aliviar el dolor y mejorar la movilidad. Los fisioterapeutas trabajan en estrecha colaboraci\u00f3n con los pacientes para desarrollar planes de tratamiento personalizados que aborden sus necesidades y objetivos espec\u00edficos.<\/p>\n<h2>C\u00f3mo funciona nuestro tratamiento de fisioterapia<\/h2>\n<p><img decoding=\"async\" class=\"alignnone wp-image-2537 size-full\" src=\"https:\/\/1800hurt911co.com\/wp-content\/uploads\/2024\/09\/shutterstock_2304125513.webp\" alt=\"Car Accident Physical Therapist in Northglenn, Colorado\" width=\"500\" height=\"334\" srcset=\"https:\/\/1800hurt911co.com\/wp-content\/uploads\/2024\/09\/shutterstock_2304125513.webp 500w, https:\/\/1800hurt911co.com\/wp-content\/uploads\/2024\/09\/shutterstock_2304125513-300x200.webp 300w\" sizes=\"(max-width: 500px) 100vw, 500px\" \/><\/p>\n<p>En Hurt 911 Colorado Injury Centers, nuestro enfoque de la fisioterapia para lesiones por accidente de coche se basa en proporcionar una atenci\u00f3n completa y eficaz. Entendemos que cada lesi\u00f3n es \u00fanica, y adaptamos nuestros planes de tratamiento para satisfacer las necesidades espec\u00edficas de nuestros pacientes.<\/p>\n<h3>Cuidado comprensivo para lesiones del accidente de coche<\/h3>\n<p>Cuando usted viene a nosotros despu\u00e9s de un accidente de coche, empezamos con una evaluaci\u00f3n detallada de su condici\u00f3n. Nuestros fisioterapeutas tienen experiencia en el tratamiento de lesiones de auto, asegurando que reciba la atenci\u00f3n especializada necesaria para la recuperaci\u00f3n efectiva. Nuestros fisioterapeutas evaluar\u00e1n su rango de movimiento, fuerza y s\u00edntomas de dolor para identificar el mejor curso de acci\u00f3n. Nos ocupamos de las lesiones comunes de accidentes de coche, tales como latigazo cervical, dolor de cuello, dolor de espalda y lesiones de tejidos blandos. Una vez que tenemos una clara comprensi\u00f3n de sus lesiones, dise\u00f1amos un plan de tratamiento personalizado. Este plan puede incluir una combinaci\u00f3n de ejercicios terap\u00e9uticos, terapia manual y modalidades como la terapia de calor o fr\u00edo. Nuestro objetivo es promover la curaci\u00f3n, reducir el dolor y mejorar su funci\u00f3n general. Tambi\u00e9n nos centramos en educarle sobre sus lesiones y el proceso de recuperaci\u00f3n. Entender c\u00f3mo funciona su cuerpo y qu\u00e9 esperar puede darle poder durante su viaje de rehabilitaci\u00f3n. Nuestro equipo especializado le guiar\u00e1 en cada paso de su tratamiento, asegur\u00e1ndose de que se sienta apoyado e informado. Mediante el fomento de un entorno de colaboraci\u00f3n, le ayudamos a recuperar la fuerza y la movilidad, lo que le permite volver a sus actividades diarias lo m\u00e1s r\u00e1pido y seguro posible.<\/p>\n<h3>T\u00e9cnicas y modalidades de fisioterapia<\/h3>\n<p>Los fisioterapeutas utilizan una serie de t\u00e9cnicas y modalidades para promover la curaci\u00f3n y aliviar el dolor. Entre ellas se incluyen<\/p>\n<ul>\n<li><strong>Ejercicio<\/strong>: Los fisioterapeutas pueden prescribir ejercicios para fortalecer los m\u00fasculos, mejorar la flexibilidad y promover la movilidad.<\/li>\n<li><strong>Masaje terap\u00e9utico<\/strong>: El masaje puede ayudar a reducir el dolor y la inflamaci\u00f3n, promover la relajaci\u00f3n y mejorar la amplitud de movimiento.<\/li>\n<li><strong>Modalidades<\/strong>: Los fisioterapeutas pueden utilizar modalidades como el calor, el fr\u00edo o la estimulaci\u00f3n el\u00e9ctrica para promover la curaci\u00f3n y aliviar el dolor.<\/li>\n<li><strong>Terapia manual<\/strong>: Los fisioterapeutas pueden utilizar t\u00e9cnicas de terapia manual, como la movilizaci\u00f3n articular y la movilizaci\u00f3n de tejidos blandos, para promover la curaci\u00f3n y aliviar el dolor.<\/li>\n<\/ul>\n<h2>Lesiones comunes en accidentes de coche que tratamos<\/h2>\n<p>Los accidentes de coche pueden resultar en una variedad de lesiones, cada una de las cuales requiere una atenci\u00f3n espec\u00edfica para una recuperaci\u00f3n efectiva. En Hurt 911 Colorado Injury Centers, nos especializamos en el tratamiento de las lesiones m\u00e1s comunes sufridas durante los accidentes automovil\u00edsticos. Nuestro objetivo es ayudarle a recuperar su salud y volver a sus actividades diarias lo m\u00e1s r\u00e1pido posible. Adem\u00e1s de la fisioterapia, tambi\u00e9n ofrecemos tratamiento quiropr\u00e1ctico para tratar diversas dolencias f\u00edsicas y promover una recuperaci\u00f3n integral.<\/p>\n<h3>Latigazo cervical y dolor de cuello<\/h3>\n<p>El latigazo cervical es una de las lesiones m\u00e1s frecuentes despu\u00e9s de un accidente de coche. Se produce cuando la cabeza de repente se sacudi\u00f3 hacia adelante y luego hacia atr\u00e1s, forzando los m\u00fasculos del cuello y los ligamentos. Los s\u00edntomas suelen incluir dolor, rigidez y reducci\u00f3n de la amplitud de movimiento. Nuestros fisioterapeutas emplean m\u00e9todos de tratamiento espec\u00edficos para aliviar el dolor y mejorar la movilidad, ayud\u00e1ndole a recuperarse eficazmente del latigazo cervical.<\/p>\n<h3>Dolor de espalda y lesiones de la columna vertebral<\/h3>\n<p>Las lesiones en la espalda y la columna vertebral pueden ser debilitantes. Estas lesiones suelen afectar al sistema musculoesquel\u00e9tico y requieren intervenciones espec\u00edficas para restaurar la funci\u00f3n y aliviar el dolor. Pueden derivarse del impacto del accidente o de una posici\u00f3n inc\u00f3moda durante el choque. El dolor de espalda puede variar desde una molestia leve hasta un dolor intenso que afecta a las actividades cotidianas. Nuestro equipo se centra en restaurar la funci\u00f3n a trav\u00e9s de tratamientos de fisioterapia a medida que abordan sus necesidades espec\u00edficas y promueven la curaci\u00f3n.<\/p>\n<h3>Lesiones de tejidos blandos y esguinces<\/h3>\n<p>Las lesiones de tejidos blandos, incluyendo esguinces y distensiones, tambi\u00e9n son comunes en los accidentes automovil\u00edsticos. Estas lesiones afectan a los m\u00fasculos, tendones y ligamentos, provocando dolor y limitaci\u00f3n del movimiento. Nuestros fisioterapeutas utilizan una combinaci\u00f3n de ejercicios terap\u00e9uticos y modalidades para reducir la inflamaci\u00f3n, mejorar la fuerza, y promover la recuperaci\u00f3n. Al abordar estas lesiones comunes de accidentes de coche, nuestro objetivo es proporcionar una atenci\u00f3n integral que apoya su viaje de recuperaci\u00f3n. Si usted est\u00e1 tratando con latigazo cervical, dolor de espalda o lesiones de tejidos blandos, nuestro equipo est\u00e1 aqu\u00ed para ayudarle a recuperar su fuerza y movilidad.<\/p>\n<h2>Beneficios de la fisioterapia para la recuperaci\u00f3n de accidentes de coche<\/h2>\n<p><img decoding=\"async\" class=\"alignnone wp-image-2866 size-full\" src=\"https:\/\/1800hurt911co.com\/wp-content\/uploads\/2024\/09\/physical-therapy-after-car-accident.webp\" alt=\"Physical Therapy After a Car Accident\" width=\"500\" height=\"334\" srcset=\"https:\/\/1800hurt911co.com\/wp-content\/uploads\/2024\/09\/physical-therapy-after-car-accident.webp 500w, https:\/\/1800hurt911co.com\/wp-content\/uploads\/2024\/09\/physical-therapy-after-car-accident-300x200.webp 300w\" sizes=\"(max-width: 500px) 100vw, 500px\" \/><\/p>\n<p>Despu\u00e9s de un accidente de coche, la fisioterapia puede desempe\u00f1ar un papel crucial en su proceso de recuperaci\u00f3n. Este enfoque se centra en ayudarle a recuperar la fuerza y la movilidad al tiempo que controla eficazmente el dolor. Estos son algunos de los principales beneficios de la fisioterapia despu\u00e9s de un accidente de coche:<\/p>\n<h3>Reducir el dolor y la inflamaci\u00f3n<\/h3>\n<p>La fisioterapia emplea diversas t\u00e9cnicas para proporcionar alivio del dolor y aliviar los s\u00edntomas de dolor asociados con lesiones de accidentes de coche. A trav\u00e9s de ejercicios terap\u00e9uticos espec\u00edficos y terapia manual, nuestros fisioterapeutas ayudan a reducir la inflamaci\u00f3n y proporcionar alivio de las molestias. Esta opci\u00f3n de tratamiento no invasivo minimiza la necesidad de medicamentos para el dolor, lo que permite un proceso de recuperaci\u00f3n m\u00e1s natural.<\/p>\n<h3>Restaurar la movilidad y la flexibilidad<\/h3>\n<p>Las lesiones por accidentes de coche pueden limitar seriamente su rango de movimiento. Nuestros tratamientos de fisioterapia se centran en restaurar la movilidad y la flexibilidad de las zonas afectadas. Mediante la incorporaci\u00f3n de ejercicios y estiramientos espec\u00edficos, le ayudamos a recuperar su capacidad para realizar las actividades diarias sin restricciones. Esto es especialmente importante para volver al trabajo y participar en sus rutinas habituales.<\/p>\n<h3>Prevenir la formaci\u00f3n de tejido cicatricial<\/h3>\n<p>Tras un accidente de coche, puede formarse tejido cicatricial en el lugar de la lesi\u00f3n, lo que puede provocar complicaciones a largo plazo. La fisioterapia aborda activamente este problema mediante intervenciones espec\u00edficas que favorecen una curaci\u00f3n adecuada. Al fomentar el flujo sangu\u00edneo y estimular el movimiento, ayudamos a prevenir la formaci\u00f3n de tejido cicatricial, lo que garantiza una recuperaci\u00f3n m\u00e1s suave y una mejor funci\u00f3n general. La elecci\u00f3n de la terapia f\u00edsica despu\u00e9s de un accidente de coche es un paso proactivo hacia la recuperaci\u00f3n de su salud y bienestar. Nuestro dedicado equipo de Hurt 911 Colorado Injury Centers est\u00e1 aqu\u00ed para apoyarle en cada paso del camino.<\/p>\n<h2>La importancia de la intervenci\u00f3n precoz<\/h2>\n<p>La intervenci\u00f3n precoz es crucial para un tratamiento eficaz y la recuperaci\u00f3n despu\u00e9s de un accidente de coche. Retrasar el tratamiento m\u00e9dico puede provocar dolor cr\u00f3nico, enfermedad degenerativa del disco y otras complicaciones a largo plazo. Buscar atenci\u00f3n m\u00e9dica inmediatamente despu\u00e9s de un accidente puede ayudar a prevenir futuras lesiones y promover una recuperaci\u00f3n m\u00e1s r\u00e1pida. Un fisioterapeuta puede trabajar con los pacientes para desarrollar un plan de tratamiento personalizado que se ocupa de sus necesidades y objetivos y les ayuda a lograr una recuperaci\u00f3n \u00f3ptima.<\/p>\n<h2>\u00bfPor qu\u00e9 elegir los Centros de Lesiones Hurt 911 Colorado?<\/h2>\n<p>Elegir al abastecedor derecho de la terapia f\u00edsica despu\u00e9s de que un accidente de coche sea crucial para su recuperaci\u00f3n. En los Centros de Lesiones Hurt 911 Colorado, nos especializamos en el tratamiento de lesiones por accidentes automovil\u00edsticos con un enfoque en la atenci\u00f3n personalizada y estrategias de tratamiento eficaces. Aqu\u00ed est\u00e1 porqu\u00e9 usted debe considerarnos para sus necesidades de la rehabilitaci\u00f3n.<\/p>\n<h3>Profesionales con experiencia<\/h3>\n<p>Nuestro equipo est\u00e1 formado por fisioterapeutas certificados con amplia experiencia en el tratamiento de lesiones por accidente de coche. Entendemos los retos espec\u00edficos a los que se enfrenta y empleamos t\u00e9cnicas basadas en la evidencia para promover la curaci\u00f3n. Usted puede confiar en nuestra experiencia para guiarle a trav\u00e9s de su viaje de recuperaci\u00f3n.<\/p>\n<h3>Planes de tratamiento a medida<\/h3>\n<p>Cada lesi\u00f3n es \u00fanica, y tambi\u00e9n lo es nuestro enfoque. Creamos planes de tratamiento individualizados que abordan sus necesidades espec\u00edficas. Nuestro objetivo no es s\u00f3lo aliviar el dolor, sino tambi\u00e9n mejorar su funcionamiento general. Si usted est\u00e1 tratando con latigazo cervical, dolor de espalda, o lesiones de tejidos blandos, ofrecemos terapias espec\u00edficas que se adapten a su condici\u00f3n.<\/p>\n<h3>Apoyo integral<\/h3>\n<p>Ofrecemos un enfoque multidisciplinar de la atenci\u00f3n, colaborando con profesionales m\u00e9dicos y especialistas para garantizar que reciba un apoyo integral. Este modelo de atenci\u00f3n integral nos ayuda a abordar todos los aspectos de su recuperaci\u00f3n, desde la fisioterapia hasta la asistencia jur\u00eddica.<\/p>\n<h3>Ubicaci\u00f3n y servicios convenientes<\/h3>\n<p>Situado en Northglenn, nuestro centro es de f\u00e1cil acceso para los residentes locales. Tambi\u00e9n proporcionamos transporte gratuito de ida y vuelta a sus citas, lo que facilita que pueda centrarse en su recuperaci\u00f3n sin preocuparse por la log\u00edstica del viaje.<\/p>\n<h3>Compromiso con su bienestar<\/h3>\n<p>En los Centros de Lesiones Hurt 911 Colorado, su bienestar es nuestra m\u00e1xima prioridad. Nos dedicamos a ayudarle a recuperar su fuerza y movilidad, permiti\u00e9ndole volver a su vida diaria lo antes posible. Nuestro personal compasivo est\u00e1 aqu\u00ed para apoyarle en cada paso del camino. Elegir el centro de fisioterapia adecuado puede marcar una diferencia significativa en su recuperaci\u00f3n. Conf\u00ede en los Centros de Lesiones Hurt 911 Colorado para proporcionar la atenci\u00f3n y el apoyo que necesita despu\u00e9s de un accidente de coche.<\/p>\n<h2>Asistencia financiera y legal<\/h2>\n<p><img loading=\"lazy\" decoding=\"async\" class=\"alignnone wp-image-2951 size-full\" src=\"https:\/\/1800hurt911co.com\/wp-content\/uploads\/2024\/09\/hurt911-colorado-lawyer.webp\" alt=\"Car Accident Lawyer\" width=\"500\" height=\"334\" srcset=\"https:\/\/1800hurt911co.com\/wp-content\/uploads\/2024\/09\/hurt911-colorado-lawyer.webp 500w, https:\/\/1800hurt911co.com\/wp-content\/uploads\/2024\/09\/hurt911-colorado-lawyer-300x200.webp 300w\" sizes=\"(max-width: 500px) 100vw, 500px\" \/><\/p>\n<p>Navegar por las secuelas de un accidente de coche puede ser abrumador, especialmente cuando se trata de lesiones y facturas m\u00e9dicas. En Hurt 911 Colorado Injury Centers, entendemos la presi\u00f3n financiera que puede estar sufriendo. Nuestro equipo est\u00e1 dedicado a proporcionarle el apoyo que necesita para manejar su recuperaci\u00f3n mientras se asegura de que reciba la compensaci\u00f3n que se merece.<\/p>\n<h3>Trabajando con su compa\u00f1\u00eda de seguros<\/h3>\n<p>Entender su p\u00f3liza de seguro puede ser complejo. Nuestro personal experto le ayudar\u00e1 a comunicarse con su proveedor de seguros. Le ayudaremos a reunir la documentaci\u00f3n y las pruebas necesarias para respaldar su reclamaci\u00f3n. Esto incluye registros m\u00e9dicos, planes de tratamiento y cualquier otra informaci\u00f3n relevante que demuestre el alcance de sus lesiones. Nuestro objetivo es hacer que este proceso sea lo m\u00e1s sencillo posible, permiti\u00e9ndole centrarse en su recuperaci\u00f3n f\u00edsica.<\/p>\n<h3>Apoyo legal para su reclamaci\u00f3n por lesiones<\/h3>\n<p>Adem\u00e1s de la fisioterapia, le ofrecemos acceso a asistencia jur\u00eddica para su reclamaci\u00f3n por lesiones. Nuestra red incluye abogados con experiencia especializados en casos de lesiones personales. Trabajar\u00e1n con diligencia para garantizar la protecci\u00f3n de sus derechos durante todo el proceso de reclamaci\u00f3n. Esto incluye negociar con los ajustadores de seguros y, si es necesario, representarle ante los tribunales. Estamos comprometidos a luchar por sus mejores intereses para que pueda recibir una compensaci\u00f3n justa por sus gastos m\u00e9dicos, salarios perdidos, y el dolor y el sufrimiento. Juntos, le ayudaremos a navegar por los aspectos financieros y legales de su recuperaci\u00f3n, lo que le permite recuperar su salud y la paz de la mente.<\/p>\n<h2>Qu\u00e9 esperar durante el tratamiento<\/h2>\n<h3>Consulta Inicial y Diagn\u00f3stico<\/h3>\n<p>Cuando usted visita los Centros de Lesiones Hurt 911 Colorado, su viaje comienza con una consulta inicial. Durante esta visita, nuestros fisioterapeutas expertos realizar\u00e1n una evaluaci\u00f3n completa de su condici\u00f3n. Revisaremos su historial m\u00e9dico, discutiremos los detalles espec\u00edficos de su accidente de coche, y evaluaremos sus s\u00edntomas actuales. Esta evaluaci\u00f3n es crucial para identificar el mejor curso de acci\u00f3n para su recuperaci\u00f3n. Queremos entender sus s\u00edntomas de dolor y c\u00f3mo afectan a su vida diaria.<\/p>\n<h3>Planes de tratamiento personalizados<\/h3>\n<p>Tras su diagn\u00f3stico, crearemos un plan de tratamiento personalizado adaptado a sus necesidades espec\u00edficas. Cada plan est\u00e1 dise\u00f1ado para hacer frente a sus lesiones \u00fanicas, ya se trate de latigazo cervical, dolor de espalda o lesiones de tejidos blandos. Nuestro objetivo es aplicar tratamientos de fisioterapia eficaces que le ayudar\u00e1n a recuperarse m\u00e1s r\u00e1pidamente. Usted puede esperar una combinaci\u00f3n de ejercicios terap\u00e9uticos, terapia manual y t\u00e9cnicas de manejo del dolor dirigidas a restaurar la funci\u00f3n y mejorar la movilidad.<\/p>\n<h3>Apoyo Continuo y Recuperaci\u00f3n<\/h3>\n<p>La recuperaci\u00f3n de una lesi\u00f3n por accidente de coche es un proceso continuo. Nuestro equipo se compromete a proporcionarle apoyo continuo a lo largo de su viaje de rehabilitaci\u00f3n. Supervisaremos regularmente su progreso y ajustaremos su plan de tratamiento seg\u00fan sea necesario. La comunicaci\u00f3n es clave, as\u00ed que no dude en compartir cualquier preocupaci\u00f3n o cambio en su condici\u00f3n. Nuestro objetivo es ayudarle a recuperar fuerzas y alcanzar sus objetivos de recuperaci\u00f3n. Con nuestra ayuda, podr\u00e1 retomar sus actividades habituales y llevar una vida sin dolor.<\/p>\n<h2>P\u00f3ngase en contacto con nosotros para una consulta gratuita<\/h2>\n<p><img loading=\"lazy\" decoding=\"async\" class=\"alignnone wp-image-2064\" src=\"https:\/\/1800hurt911co.com\/wp-content\/uploads\/2020\/12\/banner-bg1-copy-1024x254.webp\" alt=\"Hurt911 Logo\" width=\"500\" height=\"124\" srcset=\"https:\/\/1800hurt911co.com\/wp-content\/uploads\/2020\/12\/banner-bg1-copy-1024x254.webp 1024w, https:\/\/1800hurt911co.com\/wp-content\/uploads\/2020\/12\/banner-bg1-copy-300x75.webp 300w, https:\/\/1800hurt911co.com\/wp-content\/uploads\/2020\/12\/banner-bg1-copy-768x191.webp 768w, https:\/\/1800hurt911co.com\/wp-content\/uploads\/2020\/12\/banner-bg1-copy-1536x382.webp 1536w, https:\/\/1800hurt911co.com\/wp-content\/uploads\/2020\/12\/banner-bg1-copy.webp 1920w\" sizes=\"(max-width: 500px) 100vw, 500px\" \/><\/p>\n<p>Si usted ha estado implicado en un accidente de coche en Northglenn, no espere para buscar ayuda. En <a href=\"\/es\/\">Hurt 911 Colorado Injury Centers<\/a>, estamos aqu\u00ed para apoyar su viaje de recuperaci\u00f3n. Nuestro equipo de profesionales experimentados est\u00e1 listo para ayudarle a navegar por los desaf\u00edos que vienen despu\u00e9s de un accidente, especialmente cuando se trata de terapia f\u00edsica. P\u00f3ngase en contacto con nosotros para una consulta gratuita donde discutiremos su situaci\u00f3n y necesidades espec\u00edficas. Esta reuni\u00f3n inicial nos permite entender sus lesiones y c\u00f3mo podemos ayudarle a recuperar su fuerza y movilidad. Le proporcionaremos informaci\u00f3n sobre nuestras opciones de tratamiento y responderemos a cualquier pregunta que pueda tener sobre su proceso de recuperaci\u00f3n. Concertar una cita es muy sencillo. Puede llamarnos directamente o rellenar nuestro formulario en l\u00ednea. Nuestro amable personal trabajar\u00e1 con usted para encontrar un momento conveniente para su visita. Estamos comprometidos a hacer el proceso lo m\u00e1s f\u00e1cil posible, asegurando que reciba la atenci\u00f3n que necesita sin estr\u00e9s a\u00f1adido. No deje que el dolor o la incertidumbre le detengan. P\u00f3ngase en contacto con el Centro de Lesiones Hurt 911 Colorado hoy mismo. Perm\u00edtanos ayudarle en el camino hacia la recuperaci\u00f3n y la vuelta a su vida normal.<\/p>\n","protected":false},"excerpt":{"rendered":"<p>Accidente de coche fisioterapeuta en Northglenn Nuestro tratamiento de fisioterapia est\u00e1 dise\u00f1ado para proporcionar una atenci\u00f3n integral que se ocupa de las necesidades espec\u00edficas de las v\u00edctimas de accidentes de coche. Estamos confiados a ayudarle a recuperarse con eficacia y eficientemente, as\u00ed que usted puede volver a vivir su vida. P\u00f3ngase en contacto con Hurt911 [&hellip;]<\/p>\n","protected":false},"author":6,"featured_media":0,"parent":4450,"menu_order":0,"comment_status":"closed","ping_status":"closed","template":"","meta":{"_acf_changed":false,"footnotes":""},"class_list":["post-4462","page","type-page","status-publish","hentry"],"acf":[],"_links":{"self":[{"href":"https:\/\/1800hurt911co.com\/es\/wp-json\/wp\/v2\/pages\/4462","targetHints":{"allow":["GET"]}}],"collection":[{"href":"https:\/\/1800hurt911co.com\/es\/wp-json\/wp\/v2\/pages"}],"about":[{"href":"https:\/\/1800hurt911co.com\/es\/wp-json\/wp\/v2\/types\/page"}],"author":[{"embeddable":true,"href":"https:\/\/1800hurt911co.com\/es\/wp-json\/wp\/v2\/users\/6"}],"replies":[{"embeddable":true,"href":"https:\/\/1800hurt911co.com\/es\/wp-json\/wp\/v2\/comments?post=4462"}],"version-history":[{"count":2,"href":"https:\/\/1800hurt911co.com\/es\/wp-json\/wp\/v2\/pages\/4462\/revisions"}],"predecessor-version":[{"id":4464,"href":"https:\/\/1800hurt911co.com\/es\/wp-json\/wp\/v2\/pages\/4462\/revisions\/4464"}],"up":[{"embeddable":true,"href":"https:\/\/1800hurt911co.com\/es\/wp-json\/wp\/v2\/pages\/4450"}],"wp:attachment":[{"href":"https:\/\/1800hurt911co.com\/es\/wp-json\/wp\/v2\/media?parent=4462"}],"curies":[{"name":"wp","href":"https:\/\/api.w.org\/{rel}","templated":true}]}}