{"id":4465,"date":"2024-09-17T07:00:40","date_gmt":"2024-09-17T11:00:40","guid":{"rendered":"https:\/\/1800hurt911co.com\/northglenn\/northglenn-tratamiento-de-accidentes\/"},"modified":"2024-10-04T00:32:27","modified_gmt":"2024-10-04T06:32:27","slug":"northglenn-tratamiento-de-accidentes","status":"publish","type":"page","link":"https:\/\/1800hurt911co.com\/es\/northglenn\/northglenn-tratamiento-de-accidentes\/","title":{"rendered":"Northglenn Tratamiento de accidentes"},"content":{"rendered":"<h2>Tratamiento de Accidente de Coche en Northglenn, CO<\/h2>\n<p>En Hurt 911 Colorado Injury Centers, damos prioridad a su recuperaci\u00f3n despu\u00e9s de un accidente de coche. Nuestro equipo est\u00e1 formado por m\u00e9dicos expertos en accidentes y quiropr\u00e1cticos especializados en el tratamiento de diversas lesiones. Desde el momento en que entre en nuestras instalaciones, recibir\u00e1 una atenci\u00f3n integral adaptada a sus necesidades espec\u00edficas. Nuestros profesionales m\u00e9dicos entienden los matices de las lesiones por accidente de coche. Est\u00e1n capacitados para identificar y tratar condiciones tales como latigazo cervical, dolor de cuello y lesiones de tejidos blandos. Con un enfoque en el alivio del dolor y la rehabilitaci\u00f3n, nuestro objetivo es ayudarle a recuperar su movilidad y mejorar su calidad de vida. Utilizamos servicios avanzados de diagn\u00f3stico, incluyendo radiograf\u00edas y resonancias magn\u00e9ticas, para evaluar con precisi\u00f3n sus lesiones. Esta evaluaci\u00f3n exhaustiva nos permite crear un plan de tratamiento espec\u00edfico que aborda sus niveles de dolor y los s\u00edntomas de manera efectiva. Nuestro enfoque combina la terapia manual, ejercicios terap\u00e9uticos y ajustes quiropr\u00e1cticos para promover la curaci\u00f3n y restaurar la funci\u00f3n. En Hurt 911, tambi\u00e9n reconocemos la importancia de la accesibilidad. Ofrecemos transporte gratuito de ida y vuelta a nuestros centros, asegur\u00e1ndonos de que pueda acceder f\u00e1cilmente a la atenci\u00f3n m\u00e9dica que necesita. Nuestro compromiso con su bienestar va m\u00e1s all\u00e1 del mero tratamiento; nuestro objetivo es proporcionarle un entorno de apoyo en el que pueda centrarse \u00fanicamente en su recuperaci\u00f3n. Elija los Centros de Lesiones Hurt 911 Colorado para recibir una atenci\u00f3n m\u00e9dica experta que priorice su salud y su camino hacia la recuperaci\u00f3n. Perm\u00edtanos ayudarle a navegar el camino hacia una vida libre de dolor despu\u00e9s de su accidente.<\/p>\n<h2>Comprender la importancia de la atenci\u00f3n m\u00e9dica inmediata<\/h2>\n<p><img fetchpriority=\"high\" decoding=\"async\" class=\"alignnone wp-image-2877 size-full\" src=\"https:\/\/1800hurt911co.com\/wp-content\/uploads\/2024\/09\/car-accident-treatment.webp\" alt=\"Car Accident in Northglenn, Colorado\" width=\"500\" height=\"334\" srcset=\"https:\/\/1800hurt911co.com\/wp-content\/uploads\/2024\/09\/car-accident-treatment.webp 500w, https:\/\/1800hurt911co.com\/wp-content\/uploads\/2024\/09\/car-accident-treatment-300x200.webp 300w\" sizes=\"(max-width: 500px) 100vw, 500px\" \/><\/p>\n<p>Tras un accidente de coche, es crucial buscar atenci\u00f3n m\u00e9dica inmediata. Muchas personas subestiman el impacto de sus lesiones, pensando que pueden esperar para ver a un m\u00e9dico. Sin embargo, algunas lesiones pueden no mostrar s\u00edntomas de inmediato. Afecciones como el latigazo cervical, las hernias discales o las lesiones de tejidos blandos pueden empeorar sin un tratamiento r\u00e1pido. Ignorar estas lesiones puede provocar dolor cr\u00f3nico y problemas de salud a largo plazo. Recibir atenci\u00f3n m\u00e9dica poco despu\u00e9s de un accidente ayuda a establecer una conexi\u00f3n clara entre el incidente y sus lesiones. Esta documentaci\u00f3n es vital para futuras reclamaciones al seguro o acciones legales. Los profesionales m\u00e9dicos pueden evaluar su estado y elaborar un plan de tratamiento adaptado a sus necesidades. Una intervenci\u00f3n temprana puede mejorar significativamente su proceso de recuperaci\u00f3n. Adem\u00e1s, tratar sus lesiones con prontitud puede ayudar a aliviar los niveles de dolor y mejorar su movilidad general. Tanto si padece dolor de cuello como otros s\u00edntomas, es esencial que le examine un profesional cualificado. No deje que las posibles complicaciones de lesiones no tratadas afecten a su vida. D\u00e9 prioridad a su salud y bienestar buscando tratamiento de inmediato.<\/p>\n<h2>Servicios integrales para una recuperaci\u00f3n hol\u00edstica<\/h2>\n<p>En Hurt 911 Colorado Injury Centers, reconocemos que la recuperaci\u00f3n de un accidente de coche va m\u00e1s all\u00e1 del tratamiento m\u00e9dico. Nuestros servicios integrales est\u00e1n estructurados para abordar todos los aspectos de su viaje de curaci\u00f3n. Ofrecemos una gama de opciones de atenci\u00f3n especializada para asegurar que usted reciba el apoyo que necesita durante este tiempo dif\u00edcil.<\/p>\n<h3>Servicios m\u00e9dicos en accidentes de tr\u00e1fico<\/h3>\n<p>Nuestros experimentados m\u00e9dicos de accidentes de coche se dedican a diagnosticar y tratar las lesiones sufridas en accidentes automovil\u00edsticos. Desde las evaluaciones iniciales hasta la atenci\u00f3n continua, nos centramos en sus necesidades espec\u00edficas. Nuestro equipo es experto en la gesti\u00f3n de una variedad de lesiones por accidente, asegurando que usted reciba la atenci\u00f3n adecuada para su condici\u00f3n.<\/p>\n<h3>Servicios Quiropr\u00e1cticos en Accidentes de Coche<\/h3>\n<p>La atenci\u00f3n quiropr\u00e1ctica es esencial para muchas v\u00edctimas de accidentes de coche. Nuestros quiropr\u00e1cticos expertos utilizan t\u00e9cnicas de terapia manual para aliviar el dolor y restaurar la movilidad. Este enfoque pr\u00e1ctico ayuda a tratar las lesiones de tejidos blandos, mejorar la flexibilidad y promover la recuperaci\u00f3n general. Si usted est\u00e1 tratando con dolor de cuello o molestias en la espalda, nuestros quiropr\u00e1cticos est\u00e1n aqu\u00ed para ayudar.<\/p>\n<h3>Fisioterapia para lesiones por accidente de coche<\/h3>\n<p>La terapia f\u00edsica juega un papel crucial en la rehabilitaci\u00f3n despu\u00e9s de un accidente de coche. Nuestros fisioterapeutas licenciados dise\u00f1an planes de tratamiento personalizados que incluyen ejercicios terap\u00e9uticos destinados a restaurar la fuerza y la funci\u00f3n. Nos centramos en reducir los niveles de dolor y mejorar la capacidad de su cuerpo para moverse libremente, ayud\u00e1ndole a recuperar su independencia.<\/p>\n<h3>Tratamiento del latigazo cervical y alivio del dolor<\/h3>\n<p>El latigazo cervical es una lesi\u00f3n com\u00fan despu\u00e9s de los accidentes de coche. Nuestro equipo se especializa en el tratamiento eficaz de latigazo cervical, utilizando una combinaci\u00f3n de la atenci\u00f3n quiropr\u00e1ctica, fisioterapia y t\u00e9cnicas de manejo del dolor. Nuestro objetivo es reducir el dolor, mejorar el movimiento, y facilitar un retorno m\u00e1s r\u00e1pido a sus actividades diarias.<\/p>\n<h3>Transporte gratuito para facilitar el acceso a la atenci\u00f3n<\/h3>\n<p>Entendemos que el acceso a la atenci\u00f3n puede ser un reto despu\u00e9s de un accidente. Por eso ofrecemos transporte gratuito de ida y vuelta a nuestras instalaciones. Este servicio asegura que usted pueda asistir a sus citas sin el estr\u00e9s a\u00f1adido de la log\u00edstica del viaje, permiti\u00e9ndole centrarse \u00fanicamente en su recuperaci\u00f3n. En los Centros de Lesiones Hurt 911 Colorado, estamos comprometidos a proporcionar servicios integrales que apoyen su viaje hacia la recuperaci\u00f3n. Nuestro objetivo es ayudarle a recuperar su calidad de vida y garantizar que reciba la atenci\u00f3n m\u00e9dica que se merece.<\/p>\n<h2>La diferencia del Centro de Lesiones Hurt 911 Colorado<\/h2>\n<p><img decoding=\"async\" class=\"alignnone wp-image-2536 size-full\" src=\"https:\/\/1800hurt911co.com\/wp-content\/uploads\/2024\/09\/shutterstock_2472674969.webp\" alt=\"Northglenn Tratamiento de accidentes\" width=\"500\" height=\"337\" srcset=\"https:\/\/1800hurt911co.com\/wp-content\/uploads\/2024\/09\/shutterstock_2472674969.webp 500w, https:\/\/1800hurt911co.com\/wp-content\/uploads\/2024\/09\/shutterstock_2472674969-300x202.webp 300w\" sizes=\"(max-width: 500px) 100vw, 500px\" \/><\/p>\n<p>En Hurt 911 Colorado Injury Centers, damos prioridad a su recuperaci\u00f3n. Nuestro enfoque es integral y centrado en el cliente, asegurando que reciba la mejor atenci\u00f3n posible despu\u00e9s de un accidente de coche. Entendemos los retos f\u00edsicos, emocionales y financieros a los que se enfrenta. Es por eso que ofrecemos una perfecta integraci\u00f3n de apoyo m\u00e9dico y legal para ayudarle a navegar este momento dif\u00edcil. Nuestro equipo multidisciplinario se compromete a proporcionar planes de tratamiento a medida que aborden sus lesiones y s\u00edntomas espec\u00edficos. Esto significa que no s\u00f3lo recibir\u00e1 atenci\u00f3n gen\u00e9rica, sino que nuestros m\u00e9dicos y quiropr\u00e1cticos trabajar\u00e1n estrechamente con usted para desarrollar una estrategia que promueva la curaci\u00f3n y el alivio del dolor. Si usted est\u00e1 tratando con latigazo cervical, dolor de cuello, u otras lesiones por accidente de coche, tenemos la experiencia para ayudarle a recuperar su salud y mejorar su calidad de vida. Tambi\u00e9n reconocemos la importancia de la colaboraci\u00f3n. Nuestro centro trabaja en estrecha colaboraci\u00f3n con expertos legales para asegurar que usted reciba la compensaci\u00f3n que se merece. Esta colaboraci\u00f3n nos permite apoyarle en todos los aspectos de su recuperaci\u00f3n, desde el tratamiento m\u00e9dico hasta la navegaci\u00f3n por las complejidades de las reclamaciones al seguro. Nuestro objetivo es aliviar su estr\u00e9s y ayudarle a centrarse en lo que m\u00e1s importa: su salud y recuperaci\u00f3n. Hurt 911 Colorado Injury Centers es reconocido por su excelencia en la gesti\u00f3n de lesiones personales. Nos enorgullecemos de nuestra reputaci\u00f3n de ofrecer una atenci\u00f3n de alta calidad y un apoyo eficaz a nuestros clientes. Cuando usted nos elige, usted est\u00e1 eligiendo un equipo dedicado a ayudarle a trav\u00e9s de cada paso de su viaje de curaci\u00f3n. Perm\u00edtanos ayudarle a volver a vivir su vida al m\u00e1ximo.<\/p>\n<h2>Al servicio del \u00e1rea metropolitana de Denver<\/h2>\n<p>En Hurt 911 Colorado Injury Centers, estamos orgullosos de servir a una amplia gama de lugares en el \u00e1rea metropolitana de Denver. Nuestro compromiso de proporcionar atenci\u00f3n de primer nivel se extiende m\u00e1s all\u00e1 de nuestra oficina principal. Entendemos que la accesibilidad es crucial para nuestros clientes, especialmente despu\u00e9s de un accidente de coche. Es por eso que tenemos m\u00faltiples ubicaciones, incluyendo Denver, Northglenn, Aurora, y las comunidades circundantes. Si usted est\u00e1 en el coraz\u00f3n de Denver o en los suburbios como Northglenn y Aurora, nuestro equipo dedicado est\u00e1 aqu\u00ed para ayudarle. Cada ubicaci\u00f3n est\u00e1 equipada con los recursos necesarios para diagnosticar y tratar sus lesiones con eficacia. Desde ex\u00e1menes exhaustivos hasta terapias especializadas, nuestros servicios est\u00e1n dise\u00f1ados para atender sus necesidades espec\u00edficas.<\/p>\n<h3>Acceso c\u00f3modo a una atenci\u00f3n de calidad<\/h3>\n<p>Reconocemos que recuperarse de un accidente de coche puede ser abrumador. Es por eso que nos esforzamos para que el acceso a nuestros servicios sea lo m\u00e1s f\u00e1cil posible. Con horarios flexibles y ubicaciones convenientes, usted puede recibir la atenci\u00f3n m\u00e9dica que necesita sin estr\u00e9s a\u00f1adido. Nuestro enfoque est\u00e1 dise\u00f1ado para adaptarse a su horario, asegurando que usted no tiene que sacrificar su recuperaci\u00f3n para la log\u00edstica. En Hurt 911 Colorado Injury Centers, nos dedicamos a servir al \u00e1rea metropolitana de Denver con compasi\u00f3n y experiencia. Su salud y recuperaci\u00f3n son nuestras principales prioridades. P\u00f3ngase en contacto con nosotros hoy mismo para descubrir c\u00f3mo podemos ayudarle en su camino hacia la curaci\u00f3n.<\/p>\n<h2>Asistencia legal para v\u00edctimas de accidentes automovil\u00edsticos<\/h2>\n<p><img decoding=\"async\" class=\"alignnone wp-image-2920 size-full\" src=\"https:\/\/1800hurt911co.com\/wp-content\/uploads\/2024\/09\/hurt911-car-accident-lawyer.webp\" alt=\"Northglenn Car Accident Lawyer\" width=\"500\" height=\"334\" srcset=\"https:\/\/1800hurt911co.com\/wp-content\/uploads\/2024\/09\/hurt911-car-accident-lawyer.webp 500w, https:\/\/1800hurt911co.com\/wp-content\/uploads\/2024\/09\/hurt911-car-accident-lawyer-300x200.webp 300w\" sizes=\"(max-width: 500px) 100vw, 500px\" \/><\/p>\n<h3>Abogados con experiencia en accidentes de tr\u00e1fico<\/h3>\n<p>Navegar por las secuelas de un accidente de coche puede ser abrumador, especialmente cuando se trata de entender la compensaci\u00f3n que puede recuperar. Esto incluye gastos m\u00e9dicos, salarios perdidos y compensaci\u00f3n adicional por dolor y sufrimiento. Trabajamos con una red de abogados con experiencia en accidentes de coche que pueden guiarle a trav\u00e9s del proceso de reclamaciones.<\/p>\n<h3>Sin costes por adelantado: Embargos M\u00e9dicos y Apoyo Legal<\/h3>\n<p>En Hurt 911, reconocemos la carga financiera que conllevan las lesiones relacionadas con accidentes. Es por eso que ofrecemos servicios sin costos por adelantado. Nuestros profesionales m\u00e9dicos trabajan sobre una base de derecho de retenci\u00f3n m\u00e9dica. Esto significa que usted puede recibir el tratamiento necesario sin preocuparse por el pago inmediato. Sus facturas m\u00e9dicas se liquidar\u00e1n de su liquidaci\u00f3n una vez que su caso se resuelva. Este enfoque le permite centrarse en la recuperaci\u00f3n sin el estr\u00e9s de los gastos crecientes. Adem\u00e1s, nuestro equipo legal est\u00e1 preparado para ayudarle a navegar por las complejidades de las reclamaciones de seguros. Trabajamos en base a honorarios de contingencia, lo que significa que usted no paga a menos que ganemos su caso. Esto asegura que usted reciba el apoyo que necesita sin el temor de costos ocultos o procesos complicados. Nuestro objetivo es ayudarle a recuperarse &#8211; f\u00edsica, emocional y financieramente &#8211; proporcionando el apoyo integral que se merece. Perm\u00edtanos ayudarle a entender sus opciones y asegurar la compensaci\u00f3n que le ayudar\u00e1 a restaurar su estabilidad despu\u00e9s de un accidente.<\/p>\n<h2>Porqu\u00e9 nuestros clientes conf\u00edan en los centros de lesi\u00f3n de Hurt 911 Colorado<\/h2>\n<p>Nuestros clientes eligen Hurt 911 porque nos centramos en sus necesidades por encima de todo. Ofrecemos:<\/p>\n<ul>\n<li><strong>Atenci\u00f3n Personalizada<\/strong>: Cada plan de tratamiento se adapta a las lesiones espec\u00edficas y a los objetivos de recuperaci\u00f3n de nuestros clientes.<\/li>\n<li><strong>Apoyo Integral<\/strong>: Asistimos tanto con el tratamiento m\u00e9dico como con la orientaci\u00f3n legal, asegurando que nuestros clientes est\u00e9n completamente apoyados durante su recuperaci\u00f3n.<\/li>\n<li><strong>Resultados probados<\/strong>: Nuestro historial de resultados exitosos y clientes satisfechos habla por s\u00ed mismo. Trabajamos duro para asegurar los mejores resultados posibles para cada caso individual.<\/li>\n<\/ul>\n<p>Cuando usted elige Hurt 911 Colorado Injury Centers, usted no es un caso m\u00e1s. Usted se convierte en parte de nuestra comunidad, donde su salud y recuperaci\u00f3n son nuestras principales prioridades.<\/p>\n<h2>Comience su camino hacia la recuperaci\u00f3n<\/h2>\n<p><img loading=\"lazy\" decoding=\"async\" class=\"alignnone wp-image-2064\" src=\"https:\/\/1800hurt911co.com\/wp-content\/uploads\/2020\/12\/banner-bg1-copy-1024x254.webp\" alt=\"Hurt911 Logo\" width=\"500\" height=\"124\" srcset=\"https:\/\/1800hurt911co.com\/wp-content\/uploads\/2020\/12\/banner-bg1-copy-1024x254.webp 1024w, https:\/\/1800hurt911co.com\/wp-content\/uploads\/2020\/12\/banner-bg1-copy-300x75.webp 300w, https:\/\/1800hurt911co.com\/wp-content\/uploads\/2020\/12\/banner-bg1-copy-768x191.webp 768w, https:\/\/1800hurt911co.com\/wp-content\/uploads\/2020\/12\/banner-bg1-copy-1536x382.webp 1536w, https:\/\/1800hurt911co.com\/wp-content\/uploads\/2020\/12\/banner-bg1-copy.webp 1920w\" sizes=\"(max-width: 500px) 100vw, 500px\" \/><\/p>\n<p>En <a href=\"\/es\/\">Hurt 911 Colorado Injury Centers<\/a>, entendemos que las secuelas de un accidente de coche puede ser abrumador. Usted puede enfrentar dolor, confusi\u00f3n, y cuentas m\u00e9dicas crecientes. Es por eso que estamos aqu\u00ed para ayudarle a navegar este momento dif\u00edcil. Dar el primer paso hacia la recuperaci\u00f3n es crucial. P\u00f3ngase en contacto con nosotros hoy para obtener ayuda inmediata. Nuestro equipo est\u00e1 listo para guiarle a trav\u00e9s del proceso, asegur\u00e1ndose de que reciba la atenci\u00f3n m\u00e9dica que necesita. Ofrecemos una consulta gratuita para evaluar su situaci\u00f3n y discutir sus opciones. No tiene por qu\u00e9 pasar por esto solo. Perm\u00edtanos ayudarle a encontrar el camino correcto hacia la curaci\u00f3n y la compensaci\u00f3n. Programar su cita hoy, y dar el primer paso hacia la recuperaci\u00f3n de su vida despu\u00e9s de un accidente. Su viaje de recuperaci\u00f3n comienza con una simple llamada.<\/p>\n","protected":false},"excerpt":{"rendered":"<p>Tratamiento de Accidente de Coche en Northglenn, CO En Hurt 911 Colorado Injury Centers, damos prioridad a su recuperaci\u00f3n despu\u00e9s de un accidente de coche. Nuestro equipo est\u00e1 formado por m\u00e9dicos expertos en accidentes y quiropr\u00e1cticos especializados en el tratamiento de diversas lesiones. Desde el momento en que entre en nuestras instalaciones, recibir\u00e1 una atenci\u00f3n [&hellip;]<\/p>\n","protected":false},"author":6,"featured_media":0,"parent":4450,"menu_order":0,"comment_status":"closed","ping_status":"closed","template":"","meta":{"_acf_changed":false,"footnotes":""},"class_list":["post-4465","page","type-page","status-publish","hentry"],"acf":[],"_links":{"self":[{"href":"https:\/\/1800hurt911co.com\/es\/wp-json\/wp\/v2\/pages\/4465","targetHints":{"allow":["GET"]}}],"collection":[{"href":"https:\/\/1800hurt911co.com\/es\/wp-json\/wp\/v2\/pages"}],"about":[{"href":"https:\/\/1800hurt911co.com\/es\/wp-json\/wp\/v2\/types\/page"}],"author":[{"embeddable":true,"href":"https:\/\/1800hurt911co.com\/es\/wp-json\/wp\/v2\/users\/6"}],"replies":[{"embeddable":true,"href":"https:\/\/1800hurt911co.com\/es\/wp-json\/wp\/v2\/comments?post=4465"}],"version-history":[{"count":2,"href":"https:\/\/1800hurt911co.com\/es\/wp-json\/wp\/v2\/pages\/4465\/revisions"}],"predecessor-version":[{"id":4467,"href":"https:\/\/1800hurt911co.com\/es\/wp-json\/wp\/v2\/pages\/4465\/revisions\/4467"}],"up":[{"embeddable":true,"href":"https:\/\/1800hurt911co.com\/es\/wp-json\/wp\/v2\/pages\/4450"}],"wp:attachment":[{"href":"https:\/\/1800hurt911co.com\/es\/wp-json\/wp\/v2\/media?parent=4465"}],"curies":[{"name":"wp","href":"https:\/\/api.w.org\/{rel}","templated":true}]}}