{"id":4468,"date":"2024-09-17T08:03:31","date_gmt":"2024-09-17T12:03:31","guid":{"rendered":"https:\/\/1800hurt911co.com\/northglenn\/northglenn-diagnostico-por-imagen\/"},"modified":"2024-10-04T00:40:25","modified_gmt":"2024-10-04T06:40:25","slug":"northglenn-diagnostico-por-imagen","status":"publish","type":"page","link":"https:\/\/1800hurt911co.com\/es\/northglenn\/northglenn-diagnostico-por-imagen\/","title":{"rendered":"Northglenn Diagn\u00f3stico por imagen"},"content":{"rendered":"<h2>Diagn\u00f3stico por im\u00e1genes en Northglenn, CO<\/h2>\n<p>En Hurt911 Colorado Injury Centers, nos dedicamos a la prestaci\u00f3n de servicios de diagn\u00f3stico por imagen de alta calidad para las personas que han resultado heridas en accidentes automovil\u00edsticos, resbalones y ca\u00eddas, u otros incidentes de lesiones personales. Nuestros servicios de diagn\u00f3stico por imagen en Northglenn incluyen radiograf\u00edas y resonancias magn\u00e9ticas. Con nuestra avanzada tecnolog\u00eda de imagen, nos aseguramos de que cada paciente reciba la atenci\u00f3n y el cuidado necesario para el diagn\u00f3stico y tratamiento adecuados, mientras que tambi\u00e9n proporciona la documentaci\u00f3n m\u00e9dica esencial para apoyar las reclamaciones por lesiones personales. P\u00f3ngase en contacto con nosotros hoy para una consulta gratuita.<\/p>\n<h2>\u00bfPor qu\u00e9 elegir Hurt911 Injury Centers?<\/h2>\n<p><img fetchpriority=\"high\" decoding=\"async\" class=\"alignnone wp-image-2937 size-full\" src=\"https:\/\/1800hurt911co.com\/wp-content\/uploads\/2024\/09\/diagnostic-imagin-mri.webp\" alt=\"Diagnostic Imaging in Northglenn, MRI Machine\" width=\"500\" height=\"334\" srcset=\"https:\/\/1800hurt911co.com\/wp-content\/uploads\/2024\/09\/diagnostic-imagin-mri.webp 500w, https:\/\/1800hurt911co.com\/wp-content\/uploads\/2024\/09\/diagnostic-imagin-mri-300x200.webp 300w\" sizes=\"(max-width: 500px) 100vw, 500px\" \/><\/p>\n<p>Cuando se trata de diagn\u00f3stico por imagen en Northglenn, usted necesita un centro que entiende tanto los aspectos m\u00e9dicos y legales de los casos de lesiones personales. Hurt911 Colorado Injury Centers ofrece varias ventajas dominantes para sus necesidades de la proyecci\u00f3n de imagen de diagn\u00f3stico del paciente no internado:<\/p>\n<h3>Cuidado personalizado para las v\u00edctimas de lesi\u00f3n<\/h3>\n<p>Nos especializamos en proporcionar cuidado compasivo y paciente-centrado para los individuos da\u00f1ados en accidentes. Nuestro equipo est\u00e1 bien versado en el tratamiento de lesiones por accidentes automovil\u00edsticos, resbalones y ca\u00eddas, y otros incidentes de lesiones personales. Reconocemos el impacto f\u00edsico y emocional de estas lesiones, y nuestra atenci\u00f3n se centra siempre en su recuperaci\u00f3n y bienestar. Nuestros servicios incluyen:<\/p>\n<ul>\n<li>Cuidado Quiropr\u00e1ctico<\/li>\n<li>Fisioterapia<\/li>\n<li>Cuidado Ortop\u00e9dico, incluyendo Cirug\u00eda Ortop\u00e9dica<\/li>\n<li>Manejo del Dolor<\/li>\n<\/ul>\n<h3>Equipo avanzado de la proyecci\u00f3n de imagen<\/h3>\n<p>En Hurt911 Colorado Injury Centers, utilizamos herramientas de diagn\u00f3stico de \u00faltima generaci\u00f3n para garantizar una imagen precisa de sus lesiones. Si usted requiere radiograf\u00edas o exploraciones de MRI, nuestra tecnolog\u00eda avanzada nos permite diagnosticar varias condiciones m\u00e9dicas que afectan huesos, m\u00fasculos, y \u00f3rganos internos. Este nivel de precisi\u00f3n ayuda a los m\u00e9dicos a determinar el tratamiento m\u00e1s eficaz y tambi\u00e9n fortalece su demanda por lesiones personales, proporcionando pruebas m\u00e9dicas s\u00f3lidas.<\/p>\n<h3>Transporte gratuito<\/h3>\n<p>Entendiendo que viajar puede ser dif\u00edcil despu\u00e9s de una lesi\u00f3n, ofrecemos transporte gratuito desde y hacia sus citas de diagn\u00f3stico por imagen. Nuestro objetivo es asegurar que usted reciba la atenci\u00f3n que necesita sin preocuparse por la log\u00edstica de llegar a nuestra ubicaci\u00f3n Northglenn.<\/p>\n<h3>No hay gastos de su bolsillo<\/h3>\n<p>En Hurt911 Colorado Injury Centers, entendemos la tensi\u00f3n financiera que los accidentes pueden causar. Es por eso que ofrecemos servicios de diagn\u00f3stico por imagen sin costos iniciales o gastos de bolsillo. Operamos sobre una base de derecho de retenci\u00f3n, lo que significa que nuestros m\u00e9dicos se les paga una vez que su caso de lesiones personales se resuelve con \u00e9xito. Esto le permite centrarse en su recuperaci\u00f3n sin el estr\u00e9s a\u00f1adido de las facturas m\u00e9dicas.<\/p>\n<h3>Acceso a abogados de lesiones personales<\/h3>\n<p>Si a\u00fan no ha contratado a un abogado de lesiones personales, podemos referirlo a abogados de confianza en el \u00e1rea de Northglenn. Nuestra fuerte red de abogados de lesiones personales entiende el papel cr\u00edtico que las im\u00e1genes m\u00e9dicas precisas y la documentaci\u00f3n juegan en ganar su caso.<\/p>\n<h2>C\u00f3mo funcionan las radiograf\u00edas y qu\u00e9 diagnostican<\/h2>\n<p><img decoding=\"async\" class=\"alignnone size-full wp-image-2936\" src=\"https:\/\/1800hurt911co.com\/wp-content\/uploads\/2024\/09\/diagnostic-imaging-x-ray.webp\" alt=\"Diagnostic Imaging, X-Ray\" width=\"500\" height=\"334\" srcset=\"https:\/\/1800hurt911co.com\/wp-content\/uploads\/2024\/09\/diagnostic-imaging-x-ray.webp 500w, https:\/\/1800hurt911co.com\/wp-content\/uploads\/2024\/09\/diagnostic-imaging-x-ray-300x200.webp 300w\" sizes=\"(max-width: 500px) 100vw, 500px\" \/><\/p>\n<p>Las radiograf\u00edas son una herramienta de diagn\u00f3stico habitual y esencial que se utiliza para evaluar diversas lesiones. Esta tecnolog\u00eda utiliza niveles bajos de radiaci\u00f3n para captar im\u00e1genes de los huesos, tejidos y \u00f3rganos internos. Los rayos X se utilizan a menudo para diagnosticar lesiones como fracturas, dislocaciones articulares y otras afecciones relacionadas con el sistema musculoesquel\u00e9tico. Algunas de las afecciones m\u00e9dicas para cuyo diagn\u00f3stico se utilizan las radiograf\u00edas son:<\/p>\n<ul>\n<li>Huesos rotos y fracturas<\/li>\n<li>Articulaciones dislocadas<\/li>\n<li>Infecciones \u00f3seas<\/li>\n<\/ul>\n<p>Nuestros radi\u00f3logos se aseguran de que usted reciba resultados de rayos X r\u00e1pidos y claros, proporcionando a sus m\u00e9dicos la informaci\u00f3n que necesitan para avanzar con su plan de tratamiento.<\/p>\n<h2>C\u00f3mo funcionan las resonancias magn\u00e9ticas y qu\u00e9 diagnostican<\/h2>\n<p>La resonancia magn\u00e9tica (RM) es otra herramienta vital para diagnosticar lesiones. A diferencia de las radiograf\u00edas, que se basan en la radiaci\u00f3n, las resonancias magn\u00e9ticas utilizan campos magn\u00e9ticos y ondas de radio para producir im\u00e1genes muy detalladas de los tejidos blandos, los m\u00fasculos y las estructuras internas. La RM es especialmente \u00fatil para identificar lesiones que podr\u00edan no ser visibles en una radiograf\u00eda, como roturas de ligamentos o lesiones de la m\u00e9dula espinal. Entre las afecciones m\u00e1s comunes que se diagnostican con RM se incluyen<\/p>\n<ul>\n<li>Rotura de ligamentos y tendones<\/li>\n<li>Distensiones musculares<\/li>\n<li>Lesiones medulares<\/li>\n<li>Traumatismos cerebrales<\/li>\n<\/ul>\n<p>Una resonancia magn\u00e9tica puede proporcionar a su m\u00e9dico una visi\u00f3n completa de su lesi\u00f3n, ayud\u00e1ndole a crear el plan de tratamiento adecuado. Adem\u00e1s, los resultados de la resonancia magn\u00e9tica suelen ser cruciales para demostrar el alcance de sus lesiones en un caso de lesiones personales.<\/p>\n<h2>Qu\u00e9 esperar durante una resonancia magn\u00e9tica<\/h2>\n<p>La resonancia magn\u00e9tica es un procedimiento no invasivo que dura entre 30 y 60 minutos, dependiendo de la zona explorada. Deber\u00e1 tumbarse en una camilla acolchada que se desplaza dentro de la m\u00e1quina de resonancia magn\u00e9tica y es posible que oiga golpes fuertes durante el procedimiento. Se le proporcionar\u00e1n tapones para los o\u00eddos o auriculares para que se sienta m\u00e1s c\u00f3modo. Es importante permanecer quieto durante la exploraci\u00f3n para asegurar im\u00e1genes claras. Nuestro equipo en Hurt911 Colorado Injury Centers le guiar\u00e1 a trav\u00e9s de cada paso del proceso de resonancia magn\u00e9tica, respondiendo a cualquier pregunta y asegurando su comodidad.<\/p>\n<h2>La Importancia de Im\u00e1genes M\u00e9dicas en Casos de Lesiones Personales<\/h2>\n<p>Las im\u00e1genes de diagn\u00f3stico son cruciales no s\u00f3lo para determinar el mejor curso de tratamiento, sino tambi\u00e9n para fortalecer su demanda por lesiones personales. Las im\u00e1genes m\u00e9dicas, tales como radiograf\u00edas y resonancias magn\u00e9ticas, proporcionan pruebas irrefutables de la extensi\u00f3n y gravedad de sus lesiones, que pueden ser utilizadas para apoyar su caso y ayudarle a asegurar un acuerdo justo. Al elegir Hurt911 Colorado Injury Centers para su diagn\u00f3stico por imagen, usted puede estar seguro de que su documentaci\u00f3n m\u00e9dica ser\u00e1 completa y precisa, dando a su abogado la mejor base posible para su caso de lesiones personales.<\/p>\n<h2>Preguntas frecuentes sobre el diagn\u00f3stico por imagen<\/h2>\n<h3>\u00bfC\u00f3mo me preparo para una resonancia magn\u00e9tica?<\/h3>\n<p>Antes de someterse a una resonancia magn\u00e9tica, siga las instrucciones de su m\u00e9dico. Es posible que tenga que quitarse todos los objetos met\u00e1licos, como joyas y relojes, y ponerse una bata de hospital. Aseg\u00farese de informar al equipo si tiene alg\u00fan dispositivo m\u00e9dico, como un marcapasos, que pudiera interferir con la RM. Si el procedimiento le produce ansiedad, comun\u00edqueselo a nuestro personal: estamos aqu\u00ed para asegurarnos de que se sienta c\u00f3modo e informado durante todo el proceso.<\/p>\n<h3>\u00bfEs segura una resonancia magn\u00e9tica?<\/h3>\n<p>Las resonancias magn\u00e9ticas son seguras para la mayor\u00eda de las personas, ya que no utilizan radiaci\u00f3n. En su lugar, se basan en campos magn\u00e9ticos para capturar im\u00e1genes de las estructuras internas. Sin embargo, si tiene ciertos tipos de implantes met\u00e1licos, como un marcapasos o pr\u00f3tesis articulares met\u00e1licas, es posible que su m\u00e9dico le recomiende m\u00e9todos alternativos de obtenci\u00f3n de im\u00e1genes. Comente siempre cualquier duda m\u00e9dica con su m\u00e9dico antes del procedimiento.<\/p>\n<h3>\u00bfSon seguros los rayos X?<\/h3>\n<p>Los rayos X implican un nivel muy bajo de radiaci\u00f3n, y los riesgos asociados con ellos son m\u00ednimos. Aunque se produce una cierta exposici\u00f3n a la radiaci\u00f3n, los beneficios de diagnosticar y tratar afecciones m\u00e9dicas superan con creces los riesgos. Si usted tiene preocupaciones acerca de la exposici\u00f3n a la radiaci\u00f3n, nuestros radi\u00f3logos estar\u00e1n encantados de proporcionarle informaci\u00f3n detallada.<\/p>\n<h2>Programe su diagn\u00f3stico por imagen en Northglenn<\/h2>\n<p><img decoding=\"async\" class=\"alignnone wp-image-2064\" src=\"https:\/\/1800hurt911co.com\/wp-content\/uploads\/2020\/12\/banner-bg1-copy-1024x254.webp\" alt=\"Hurt911 Logo\" width=\"500\" height=\"124\" srcset=\"https:\/\/1800hurt911co.com\/wp-content\/uploads\/2020\/12\/banner-bg1-copy-1024x254.webp 1024w, https:\/\/1800hurt911co.com\/wp-content\/uploads\/2020\/12\/banner-bg1-copy-300x75.webp 300w, https:\/\/1800hurt911co.com\/wp-content\/uploads\/2020\/12\/banner-bg1-copy-768x191.webp 768w, https:\/\/1800hurt911co.com\/wp-content\/uploads\/2020\/12\/banner-bg1-copy-1536x382.webp 1536w, https:\/\/1800hurt911co.com\/wp-content\/uploads\/2020\/12\/banner-bg1-copy.webp 1920w\" sizes=\"(max-width: 500px) 100vw, 500px\" \/><\/p>\n<p>Si usted ha sido herido en un accidente y requiere de im\u00e1genes de diagn\u00f3stico, p\u00f3ngase en contacto con <a href=\"\/es\/\">Hurt911 Colorado Injury Centers<\/a> hoy. Nuestras instalaciones de \u00faltima generaci\u00f3n ofrecen una atenci\u00f3n compasiva y servicios avanzados de diagn\u00f3stico por imagen para satisfacer todas sus necesidades de diagn\u00f3stico por imagen ambulatorio. Sin costos por adelantado y transporte gratuito, hacemos que sea f\u00e1cil para que usted reciba la atenci\u00f3n que necesita. Programe su cita hoy y deje que nuestro equipo de expertos le ayude en el camino hacia la recuperaci\u00f3n mientras apoya su caso de lesiones personales.<\/p>\n","protected":false},"excerpt":{"rendered":"<p>Diagn\u00f3stico por im\u00e1genes en Northglenn, CO En Hurt911 Colorado Injury Centers, nos dedicamos a la prestaci\u00f3n de servicios de diagn\u00f3stico por imagen de alta calidad para las personas que han resultado heridas en accidentes automovil\u00edsticos, resbalones y ca\u00eddas, u otros incidentes de lesiones personales. Nuestros servicios de diagn\u00f3stico por imagen en Northglenn incluyen radiograf\u00edas y [&hellip;]<\/p>\n","protected":false},"author":6,"featured_media":0,"parent":4450,"menu_order":0,"comment_status":"closed","ping_status":"closed","template":"","meta":{"_acf_changed":false,"footnotes":""},"class_list":["post-4468","page","type-page","status-publish","hentry"],"acf":[],"_links":{"self":[{"href":"https:\/\/1800hurt911co.com\/es\/wp-json\/wp\/v2\/pages\/4468","targetHints":{"allow":["GET"]}}],"collection":[{"href":"https:\/\/1800hurt911co.com\/es\/wp-json\/wp\/v2\/pages"}],"about":[{"href":"https:\/\/1800hurt911co.com\/es\/wp-json\/wp\/v2\/types\/page"}],"author":[{"embeddable":true,"href":"https:\/\/1800hurt911co.com\/es\/wp-json\/wp\/v2\/users\/6"}],"replies":[{"embeddable":true,"href":"https:\/\/1800hurt911co.com\/es\/wp-json\/wp\/v2\/comments?post=4468"}],"version-history":[{"count":2,"href":"https:\/\/1800hurt911co.com\/es\/wp-json\/wp\/v2\/pages\/4468\/revisions"}],"predecessor-version":[{"id":4470,"href":"https:\/\/1800hurt911co.com\/es\/wp-json\/wp\/v2\/pages\/4468\/revisions\/4470"}],"up":[{"embeddable":true,"href":"https:\/\/1800hurt911co.com\/es\/wp-json\/wp\/v2\/pages\/4450"}],"wp:attachment":[{"href":"https:\/\/1800hurt911co.com\/es\/wp-json\/wp\/v2\/media?parent=4468"}],"curies":[{"name":"wp","href":"https:\/\/api.w.org\/{rel}","templated":true}]}}