{"id":4477,"date":"2024-09-17T07:25:05","date_gmt":"2024-09-17T11:25:05","guid":{"rendered":"https:\/\/1800hurt911co.com\/northglenn\/northglenn-resbalones-y-caidas\/"},"modified":"2024-10-04T01:03:44","modified_gmt":"2024-10-04T07:03:44","slug":"northglenn-resbalones-y-caidas","status":"publish","type":"page","link":"https:\/\/1800hurt911co.com\/es\/northglenn\/northglenn-resbalones-y-caidas\/","title":{"rendered":"Northglenn Resbalones y ca\u00eddas"},"content":{"rendered":"<h2>\u00bfLesionado en un resbal\u00f3n y ca\u00edda? Podemos Ayudarle<\/h2>\n<p>Si usted ha experimentado un accidente de resbal\u00f3n y ca\u00edda en Northglenn, usted puede estar enfrentando dolor f\u00edsico, angustia emocional, y cargas financieras. En Hurt 911 Colorado Injury Centers, entendemos los desaf\u00edos que usted est\u00e1 tratando. Nuestro equipo dedicado est\u00e1 aqu\u00ed para proporcionar el apoyo que necesita para recuperarse y recuperar su calidad de vida. Cuando se ponga en contacto con nosotros, daremos prioridad a su salud y bienestar. Nuestro proceso comienza con una evaluaci\u00f3n exhaustiva de sus lesiones. Esta evaluaci\u00f3n nos permite entender el alcance de su condici\u00f3n y determinar el mejor curso de acci\u00f3n. Nos tomamos el tiempo para escuchar sus preocupaciones y reunir toda la informaci\u00f3n pertinente acerca de su accidente. Una vez que tengamos una imagen clara de su situaci\u00f3n, nuestros profesionales experimentados crear\u00e1n un plan de tratamiento personalizado adaptado a sus necesidades espec\u00edficas. Este plan puede incluir una combinaci\u00f3n de cuidados quiropr\u00e1cticos, fisioterapia y otros servicios especializados dise\u00f1ados para facilitar su recuperaci\u00f3n. Nuestro objetivo es aliviar su dolor, restaurar su movilidad, y ayudarle a volver a sus actividades diarias tan pronto como sea posible. Adem\u00e1s de nuestras opciones de tratamiento integral, tambi\u00e9n ofrecemos apoyo continuo a lo largo de su viaje de recuperaci\u00f3n. Nos comprometemos a garantizar que reciba la atenci\u00f3n necesaria para un proceso de rehabilitaci\u00f3n satisfactorio. Nuestro equipo est\u00e1 aqu\u00ed para guiarle en cada paso del camino, respondiendo a cualquier pregunta o preocupaci\u00f3n que pueda tener. No deje que las secuelas de un accidente de resbal\u00f3n y ca\u00edda le detengan. P\u00f3ngase en contacto con los Centros de Lesiones Hurt 911 Colorado hoy mismo para programar su consulta gratuita. Perm\u00edtanos ayudarle a navegar por el camino de la recuperaci\u00f3n y recuperar el control de su vida.<\/p>\n<h2>Servicios especializados de la lesi\u00f3n del resbal\u00f3n y de la ca\u00edda<\/h2>\n<p>En los Centros de Lesiones Hurt 911 Colorado, entendemos que los accidentes por resbalones y ca\u00eddas pueden conducir a desaf\u00edos f\u00edsicos y emocionales significativos. Nuestros servicios especializados est\u00e1n dise\u00f1ados para abordar las necesidades \u00fanicas de cada cliente, asegurando que usted reciba la mejor atenci\u00f3n posible.<\/p>\n<h3>Atenci\u00f3n quiropr\u00e1ctica para lesiones por resbalones y ca\u00eddas<\/h3>\n<p>Nuestros quiropr\u00e1cticos expertos se centran en restaurar la funci\u00f3n de su cuerpo y aliviar el dolor causado por incidentes de resbalones y ca\u00eddas. Empleamos diversas t\u00e9cnicas para realinear la columna vertebral, reducir la inflamaci\u00f3n y promover la curaci\u00f3n general. Este enfoque pr\u00e1ctico no s\u00f3lo se ocupa de las molestias inmediatas, sino que tambi\u00e9n trabaja para prevenir problemas a largo plazo.<\/p>\n<h3>Fisioterapia para la recuperaci\u00f3n de resbalones y ca\u00eddas<\/h3>\n<p>La fisioterapia desempe\u00f1a un papel crucial en su viaje de recuperaci\u00f3n. Nuestros terapeutas experimentados crean programas de rehabilitaci\u00f3n individualizados adaptados a sus lesiones espec\u00edficas. Estos programas tienen como objetivo mejorar la movilidad, la fuerza y la flexibilidad, lo que le permite recuperar su independencia y volver a las actividades diarias.<\/p>\n<h3>Servicios de diagn\u00f3stico: Radiograf\u00edas y resonancias magn\u00e9ticas<\/h3>\n<p>Un diagn\u00f3stico preciso es esencial para un tratamiento eficaz. Ofrecemos servicios de diagn\u00f3stico completos, incluidas radiograf\u00edas y resonancias magn\u00e9ticas, para evaluar el alcance de sus lesiones. Esta informaci\u00f3n permite a nuestro equipo m\u00e9dico desarrollar un plan de tratamiento informado que aborde su situaci\u00f3n \u00fanica. Al elegir los Centros de Lesiones Hurt 911 Colorado, usted est\u00e1 dando un paso proactivo hacia la recuperaci\u00f3n. Nuestros servicios especializados est\u00e1n dise\u00f1ados para apoyarle a trav\u00e9s de cada fase de la curaci\u00f3n, asegurando que usted puede seguir adelante con confianza.<\/p>\n<h2>Apoyo y rehabilitaci\u00f3n continuos<\/h2>\n<p>Despu\u00e9s de una lesi\u00f3n por resbal\u00f3n y ca\u00edda, el proceso de recuperaci\u00f3n no termina una vez que usted sale de la cl\u00ednica. En Hurt 911 Colorado Injury Centers, hacemos hincapi\u00e9 en el apoyo continuo y la rehabilitaci\u00f3n para ayudarle a recuperar su fuerza y movilidad. Nuestro equipo dedicado est\u00e1 aqu\u00ed para guiarle en cada paso del camino.<\/p>\n<h3>Programas de ejercicios en casa<\/h3>\n<p>Ofrecemos programas personalizados de ejercicios en casa dise\u00f1ados para ayudar a su recuperaci\u00f3n. Estos programas se centran en movimientos suaves y estiramientos adaptados a sus lesiones espec\u00edficas. Mediante la incorporaci\u00f3n de estos ejercicios en su rutina diaria, puede mejorar su curaci\u00f3n y restaurar gradualmente sus capacidades f\u00edsicas.<\/p>\n<h3>Control del dolor a largo plazo<\/h3>\n<p>Controlar el dolor es crucial para una recuperaci\u00f3n satisfactoria. Nuestro equipo trabajar\u00e1 con usted para desarrollar una estrategia de control del dolor a largo plazo que se adapte a sus necesidades. Esto puede incluir ajustes quiropr\u00e1cticos, fisioterapia y otras modalidades para garantizar que se sienta lo mejor posible. Damos prioridad a su comodidad y nuestro objetivo es minimizar cualquier molestia que pueda experimentar mientras se cura. Con nuestro apoyo continuo y servicios de rehabilitaci\u00f3n, puede confiar en que est\u00e1 en buenas manos. Nos comprometemos a ayudarle en su camino hacia la recuperaci\u00f3n, asegur\u00e1ndonos de que dispone de las herramientas y los recursos necesarios para recuperar su calidad de vida.<\/p>\n<h2>\u00bfPor qu\u00e9 elegir los centros de lesi\u00f3n de Hurt 911 Colorado?<\/h2>\n<p>Cuando usted ha sufrido una lesi\u00f3n del resbal\u00f3n y de la ca\u00edda, seleccionar al abastecedor derecho del cuidado es crucial. En los centros de lesi\u00f3n de Hurt 911 Colorado, nos destacamos por varias razones que puedan afectar perceptiblemente su viaje de la recuperaci\u00f3n.<\/p>\n<h3>Nuestro dedicado equipo de expertos<\/h3>\n<p>Nuestras instalaciones cuentan con un equipo dedicado de profesionales listos para ayudarle. Nuestros experimentados m\u00e9dicos de accidentes y quiropr\u00e1cticos se especializan en el tratamiento de lesiones por resbalones y ca\u00eddas. Ellos entienden los matices de estos casos y adaptar su enfoque a sus necesidades espec\u00edficas. Este nivel de experiencia puede marcar una diferencia sustancial en su proceso de recuperaci\u00f3n.<\/p>\n<h4>M\u00e9dicos y quiropr\u00e1cticos con experiencia en accidentes<\/h4>\n<p>Cada miembro de nuestro equipo aporta a\u00f1os de experiencia en la gesti\u00f3n de lesiones por resbalones y ca\u00eddas. Est\u00e1n capacitados para identificar los problemas subyacentes que pueden no ser inmediatamente evidentes. Esta evaluaci\u00f3n exhaustiva garantiza que usted reciba el mejor tratamiento posible para su dolencia.<\/p>\n<h4>Enfoque colaborativo para el tratamiento de lesiones<\/h4>\n<p>Creemos en un enfoque colaborativo de la atenci\u00f3n. Nuestros m\u00e9dicos y quiropr\u00e1cticos trabajan juntos para crear un plan de tratamiento integral que aborde todos los aspectos de su lesi\u00f3n. Este trabajo en equipo mejora su recuperaci\u00f3n y promueve mejores resultados.<\/p>\n<h3>Atenci\u00f3n c\u00f3moda y accesible<\/h3>\n<p>Entendemos que la accesibilidad es vital cuando se busca tratamiento. Por eso ofrecemos servicios pr\u00e1cticos dise\u00f1ados para satisfacer sus necesidades.<\/p>\n<h4>Servicios de transporte gratuitos<\/h4>\n<p>Para que su recuperaci\u00f3n sea lo m\u00e1s sencilla posible, le ofrecemos transporte gratuito de ida y vuelta a nuestras instalaciones. Este servicio garantiza que pueda acudir a sus citas sin el estr\u00e9s a\u00f1adido de la log\u00edstica del viaje.<\/p>\n<h4>M\u00faltiples ubicaciones en todo Denver<\/h4>\n<p>Con varias ubicaciones en el \u00e1rea metropolitana de Denver, acceder a nuestros servicios es f\u00e1cil y c\u00f3modo. Usted puede encontrar un centro cerca de usted, por lo que es m\u00e1s sencillo recibir atenci\u00f3n continua. Elegir los Centros de Lesiones Hurt 911 Colorado significa elegir un equipo dedicado y centrado en su recuperaci\u00f3n. Nuestro compromiso con la atenci\u00f3n de calidad y la satisfacci\u00f3n del paciente nos distingue. P\u00f3ngase en contacto con nosotros hoy mismo para ver c\u00f3mo podemos ayudarle en su camino hacia la curaci\u00f3n.<\/p>\n<h2>Ayuda financiera y legal<\/h2>\n<p>En Hurt 911 Colorado Injury Centers, entendemos que lidiar con las secuelas de un accidente de resbal\u00f3n y ca\u00edda puede ser abrumador, especialmente cuando se trata de asuntos financieros. Nuestra meta es aliviar algo de esa carga ofreciendo ayuda financiera y legal comprensiva a nuestros clientes.<\/p>\n<h3>Tratamiento m\u00e9dico sobre una base de derecho de retenci\u00f3n: Sin costes por adelantado<\/h3>\n<p>Ofrecemos tratamiento m\u00e9dico sobre una base de derecho de retenci\u00f3n, lo que significa que puede recibir la atenci\u00f3n que necesita sin preocuparse por los costos iniciales. Este acuerdo le permite centrarse en su recuperaci\u00f3n, mientras que nosotros nos encargamos de los aspectos financieros. No tendr\u00e1 que pagar por su tratamiento hasta que reciba la indemnizaci\u00f3n de su reclamaci\u00f3n por resbal\u00f3n y ca\u00edda. Este enfoque garantiza que pueda acceder a los servicios m\u00e9dicos esenciales sin el estr\u00e9s a\u00f1adido del pago inmediato.<\/p>\n<h3>Coordinaci\u00f3n con su abogado de resbalones y ca\u00eddas<\/h3>\n<p>Navegar por las complejidades de las reclamaciones de seguros y los procesos legales puede ser desalentador. Nuestro equipo especializado trabaja estrechamente con su abogado para agilizar el proceso. Nos aseguramos de que toda la documentaci\u00f3n necesaria se presente con prontitud y precisi\u00f3n, ayudando a acelerar su reclamaci\u00f3n. Nuestra experiencia en casos de resbalones y ca\u00eddas significa que sabemos c\u00f3mo defender sus derechos y buscar una compensaci\u00f3n justa de manera efectiva. Al elegir Hurt 911 Colorado Injury Centers, usted obtiene acceso a una red de apoyo que prioriza su recuperaci\u00f3n y bienestar financiero. Perm\u00edtanos ayudarle a navegar este tiempo desafiante con confianza.<\/p>\n<h2>Testimonios de Pacientes e Historias de \u00c9xito<\/h2>\n<p>En los Centros de Lesiones Hurt 911 Colorado, nos enorgullecemos de los resultados positivos que experimentan nuestros clientes despu\u00e9s de sufrir lesiones por resbalones y ca\u00eddas. Nuestros pacientes a menudo comparten sus viajes de recuperaci\u00f3n, destacando c\u00f3mo nuestro dedicado equipo les ayud\u00f3 a recuperar su fuerza y confianza. Entendemos que cada lesi\u00f3n por resbal\u00f3n y ca\u00edda es \u00fanica, y tambi\u00e9n lo es cada viaje de recuperaci\u00f3n. Nuestro compromiso con su recuperaci\u00f3n va m\u00e1s all\u00e1 del tratamiento m\u00e9dico. Colaboramos estrechamente con nuestros clientes para asegurarnos de que se sientan apoyados en cada paso del camino. Desde el momento en que entra por nuestras puertas, pasa a formar parte de nuestra familia. Nos dedicamos a proporcionar una atenci\u00f3n de la m\u00e1xima calidad, asegur\u00e1ndonos de que recibe la atenci\u00f3n y los recursos necesarios para curarse. Las historias de \u00e9xito de nuestros clientes reflejan nuestra inquebrantable dedicaci\u00f3n a ayudarle a recuperar su calidad de vida despu\u00e9s de una lesi\u00f3n. \u00danase a los muchos que han confiado en nosotros para su recuperaci\u00f3n, y perm\u00edtanos ayudarle a usted tambi\u00e9n.<\/p>\n<h2>Contacte con nosotros hoy mismo<\/h2>\n<p><img fetchpriority=\"high\" decoding=\"async\" class=\"alignnone wp-image-2064\" src=\"https:\/\/1800hurt911co.com\/wp-content\/uploads\/2020\/12\/banner-bg1-copy-1024x254.webp\" alt=\"1-800-HURT911\" width=\"500\" height=\"124\" srcset=\"https:\/\/1800hurt911co.com\/wp-content\/uploads\/2020\/12\/banner-bg1-copy-1024x254.webp 1024w, https:\/\/1800hurt911co.com\/wp-content\/uploads\/2020\/12\/banner-bg1-copy-300x75.webp 300w, https:\/\/1800hurt911co.com\/wp-content\/uploads\/2020\/12\/banner-bg1-copy-768x191.webp 768w, https:\/\/1800hurt911co.com\/wp-content\/uploads\/2020\/12\/banner-bg1-copy-1536x382.webp 1536w, https:\/\/1800hurt911co.com\/wp-content\/uploads\/2020\/12\/banner-bg1-copy.webp 1920w\" sizes=\"(max-width: 500px) 100vw, 500px\" \/><\/p>\n<p>Si usted ha experimentado un accidente del resbal\u00f3n y de la ca\u00edda, es crucial buscar ayuda puntualmente. En los Centros de Lesiones Hurt 911 Colorado, entendemos los desaf\u00edos que enfrenta despu\u00e9s de una lesi\u00f3n. Nuestro equipo est\u00e1 aqu\u00ed para proporcionarle el apoyo que necesita para comenzar su viaje de recuperaci\u00f3n.<\/p>\n<h3>Programe su consulta gratuita<\/h3>\n<p>Cont\u00e1ctenos hoy para programar una consulta gratuita. Durante esta reuni\u00f3n, vamos a discutir su situaci\u00f3n espec\u00edfica, evaluar sus necesidades, y esbozar las opciones de tratamiento disponibles para usted. Su salud y bienestar son nuestras principales prioridades, y queremos asegurarnos de que reciba la mejor atenci\u00f3n posible.<\/p>\n<h3>Obtenga la ayuda que necesita ahora<\/h3>\n<p>No deje que su lesi\u00f3n por resbal\u00f3n y ca\u00edda le detenga. P\u00f3ngase en contacto con nosotros ahora para obtener orientaci\u00f3n experta y atenci\u00f3n compasiva. Nuestro personal especializado est\u00e1 listo para ayudarle a dar los siguientes pasos hacia la recuperaci\u00f3n. Ya sea que necesite atenci\u00f3n m\u00e9dica inmediata o asistencia con las reclamaciones de seguros, estamos aqu\u00ed para ayudarle en cada paso del camino.<\/p>\n","protected":false},"excerpt":{"rendered":"<p>\u00bfLesionado en un resbal\u00f3n y ca\u00edda? Podemos Ayudarle Si usted ha experimentado un accidente de resbal\u00f3n y ca\u00edda en Northglenn, usted puede estar enfrentando dolor f\u00edsico, angustia emocional, y cargas financieras. En Hurt 911 Colorado Injury Centers, entendemos los desaf\u00edos que usted est\u00e1 tratando. Nuestro equipo dedicado est\u00e1 aqu\u00ed para proporcionar el apoyo que necesita [&hellip;]<\/p>\n","protected":false},"author":6,"featured_media":0,"parent":4450,"menu_order":0,"comment_status":"closed","ping_status":"closed","template":"","meta":{"_acf_changed":false,"footnotes":""},"class_list":["post-4477","page","type-page","status-publish","hentry"],"acf":[],"_links":{"self":[{"href":"https:\/\/1800hurt911co.com\/es\/wp-json\/wp\/v2\/pages\/4477","targetHints":{"allow":["GET"]}}],"collection":[{"href":"https:\/\/1800hurt911co.com\/es\/wp-json\/wp\/v2\/pages"}],"about":[{"href":"https:\/\/1800hurt911co.com\/es\/wp-json\/wp\/v2\/types\/page"}],"author":[{"embeddable":true,"href":"https:\/\/1800hurt911co.com\/es\/wp-json\/wp\/v2\/users\/6"}],"replies":[{"embeddable":true,"href":"https:\/\/1800hurt911co.com\/es\/wp-json\/wp\/v2\/comments?post=4477"}],"version-history":[{"count":2,"href":"https:\/\/1800hurt911co.com\/es\/wp-json\/wp\/v2\/pages\/4477\/revisions"}],"predecessor-version":[{"id":4479,"href":"https:\/\/1800hurt911co.com\/es\/wp-json\/wp\/v2\/pages\/4477\/revisions\/4479"}],"up":[{"embeddable":true,"href":"https:\/\/1800hurt911co.com\/es\/wp-json\/wp\/v2\/pages\/4450"}],"wp:attachment":[{"href":"https:\/\/1800hurt911co.com\/es\/wp-json\/wp\/v2\/media?parent=4477"}],"curies":[{"name":"wp","href":"https:\/\/api.w.org\/{rel}","templated":true}]}}