{"id":4480,"date":"2024-09-17T07:06:07","date_gmt":"2024-09-17T11:06:07","guid":{"rendered":"https:\/\/1800hurt911co.com\/northglenn\/northglenn-accidente-de-camion\/"},"modified":"2024-10-04T01:12:17","modified_gmt":"2024-10-04T07:12:17","slug":"northglenn-accidente-de-camion","status":"publish","type":"page","link":"https:\/\/1800hurt911co.com\/es\/northglenn\/northglenn-accidente-de-camion\/","title":{"rendered":"Northglenn Accidente de cami\u00f3n"},"content":{"rendered":"<h2>Asistencia inmediata para lesiones por accidente de cami\u00f3n<\/h2>\n<p>Si usted o un ser querido est\u00e1 tratando con las secuelas de un accidente de cami\u00f3n, el tiempo es esencial. En Hurt 911 Colorado Injury Centers, estamos listos para asistirle inmediatamente. Nuestro equipo dedicado entiende la urgencia de su situaci\u00f3n y est\u00e1 aqu\u00ed para ayudarle a navegar el camino a la recuperaci\u00f3n. Las lesiones pueden ser abrumadoras, y hacer frente a las facturas m\u00e9dicas y reclamaciones de seguros se suma al estr\u00e9s. Por eso ofrecemos asistencia inmediata para lesiones por accidente. Nuestra cl\u00ednica se especializa en la atenci\u00f3n integral adaptada a sus necesidades espec\u00edficas, asegurando que reciba el tratamiento necesario para sanar eficazmente. No espere para buscar ayuda. Su salud y bienestar son nuestras principales prioridades. P\u00f3ngase en contacto con nosotros ahora para programar una consulta inicial gratuita. Llevaremos a cabo una evaluaci\u00f3n detallada de la lesi\u00f3n y crearemos un plan de recuperaci\u00f3n que funcione para usted. Si usted necesita un m\u00e9dico de accidente de cami\u00f3n, quiropr\u00e1ctico, o fisioterapeuta, nuestro equipo multidisciplinario est\u00e1 aqu\u00ed para proporcionar apoyo en cada paso del camino. Recuerde, usted no tiene que enfrentar esto solo. Perm\u00edtanos guiarle a trav\u00e9s del proceso de recuperaci\u00f3n y ayudarle a recuperar su vida. Ponte en contacto con nosotros hoy mismo.<\/p>\n<h2>Qui\u00e9nes somos<\/h2>\n<p><img fetchpriority=\"high\" decoding=\"async\" class=\"alignnone wp-image-2144\" src=\"https:\/\/1800hurt911co.com\/wp-content\/uploads\/2024\/08\/shutterstock_495722575-copy.webp\" alt=\"Northglenn Truck Accident Treatment\" width=\"500\" height=\"334\" srcset=\"https:\/\/1800hurt911co.com\/wp-content\/uploads\/2024\/08\/shutterstock_495722575-copy.webp 1000w, https:\/\/1800hurt911co.com\/wp-content\/uploads\/2024\/08\/shutterstock_495722575-copy-300x200.webp 300w, https:\/\/1800hurt911co.com\/wp-content\/uploads\/2024\/08\/shutterstock_495722575-copy-768x513.webp 768w\" sizes=\"(max-width: 500px) 100vw, 500px\" \/><\/p>\n<p>En Hurt 911 Colorado Injury Centers, damos prioridad a su recuperaci\u00f3n despu\u00e9s de un accidente de cami\u00f3n. Nuestro enfoque multidisciplinario combina el tratamiento m\u00e9dico, rehabilitaci\u00f3n y asistencia legal para proporcionar una experiencia de recuperaci\u00f3n integral. Contamos con un equipo de m\u00e9dicos experimentados, quiropr\u00e1cticos y fisioterapeutas que trabajan en colaboraci\u00f3n para hacer frente a sus necesidades \u00fanicas. Desde el momento en que entre por nuestras puertas, recibir\u00e1 atenci\u00f3n personalizada y un plan de tratamiento a medida dise\u00f1ado para promover la curaci\u00f3n y restaurar su calidad de vida. Estamos orgullosos de ser un recurso de confianza en el \u00e1rea de Denver. Nuestro compromiso con la excelencia y la atenci\u00f3n centrada en el paciente nos distingue. No somos s\u00f3lo una cl\u00ednica; somos sus socios en la recuperaci\u00f3n. Nuestro objetivo es ayudarle a navegar por los desaf\u00edos que siguen a un accidente, asegurando que reciba la atenci\u00f3n m\u00e9dica que necesita y la compensaci\u00f3n que se merece. Cuando usted elige Hurt 911 Colorado Injury Centers, usted est\u00e1 eligiendo un equipo que realmente se preocupa por su bienestar. Estamos aqu\u00ed para ayudarle a recuperar su vida despu\u00e9s de una lesi\u00f3n. Perm\u00edtanos ser su primera llamada para la atenci\u00f3n integral de accidentes.<\/p>\n<h2>Nuestro enfoque de tratamiento de accidentes de camiones<\/h2>\n<p>En Hurt 911 Colorado Injury Centers, damos prioridad a su recuperaci\u00f3n con un enfoque de tratamiento integral adaptado para satisfacer sus necesidades espec\u00edficas despu\u00e9s de un accidente. Nuestro equipo multidisciplinario se compromete a ofrecer el m\u00e1s alto nivel de atenci\u00f3n, asegurando que usted reciba el apoyo necesario para sanar tanto f\u00edsica como emocionalmente. Lo que nos diferencia es nuestro enfoque inquebrantable en la atenci\u00f3n personalizada. Cada paciente es \u00fanico, y nos tomamos el tiempo necesario para comprender sus lesiones y circunstancias individuales. Nuestros experimentados m\u00e9dicos, quiropr\u00e1cticos y fisioterapeutas colaboran estrechamente para desarrollar un plan de recuperaci\u00f3n personalizado que se ocupa de sus condiciones espec\u00edficas, ya sea latigazo cervical, dolor de cuello, u otras lesiones relacionadas con accidentes. Tambi\u00e9n utilizamos servicios avanzados de diagn\u00f3stico, incluyendo radiograf\u00edas y resonancias magn\u00e9ticas, para evaluar con precisi\u00f3n sus lesiones. Esta evaluaci\u00f3n exhaustiva informa a nuestras decisiones de tratamiento, lo que nos permite abordar las causas fundamentales de su dolor y disfunci\u00f3n con eficacia. Desde su consulta inicial gratuita hasta su rehabilitaci\u00f3n en curso, nuestro equipo est\u00e1 aqu\u00ed para apoyarle en cada paso del camino. Elija Hurt 911 Colorado Injury Centers para contar con un socio dedicado en su viaje de recuperaci\u00f3n.<\/p>\n<h2>Lesiones Que Tratamos<\/h2>\n<p>En Hurt 911 Colorado Injury Centers, nos especializamos en una variedad de lesiones que a menudo resultan de accidentes. Nuestro equipo se dedica a proporcionar una atenci\u00f3n integral para ayudarle a recuperarse eficazmente. Aqu\u00ed est\u00e1n algunas de las lesiones claves que tratamos:<\/p>\n<h3>Latigazo cervical<\/h3>\n<p>El latigazo cervical es una lesi\u00f3n com\u00fan despu\u00e9s de un accidente de cami\u00f3n. Se produce cuando la cabeza se sacudi\u00f3 de repente hacia adelante y luego hacia atr\u00e1s, causando tensi\u00f3n en los m\u00fasculos del cuello y los ligamentos. Nuestros especialistas ofrecen planes de tratamiento espec\u00edficos para aliviar el dolor y recuperar la movilidad.<\/p>\n<h3>Conmociones cerebrales<\/h3>\n<p>Las conmociones cerebrales pueden producirse a causa de un impacto repentino, provocando diversos s\u00edntomas como dolores de cabeza, mareos y confusi\u00f3n. Ofrecemos evaluaciones exhaustivas y opciones de tratamiento para ayudar a gestionar su recuperaci\u00f3n de esta grave lesi\u00f3n.<\/p>\n<h3>Dolor de cuello<\/h3>\n<p>El dolor de cuello puede provenir de m\u00faltiples fuentes, incluyendo la tensi\u00f3n muscular o lesi\u00f3n. Nuestro equipo utiliza la atenci\u00f3n quiropr\u00e1ctica, fisioterapia y otras modalidades para ayudar a reducir las molestias y mejorar la funci\u00f3n.<\/p>\n<h3>Dolor de espalda<\/h3>\n<p>El dolor de espalda es otro problema frecuente que puede surgir despu\u00e9s de un accidente. Ya sea debido a una distensi\u00f3n muscular o una afecci\u00f3n m\u00e1s grave, evaluamos su situaci\u00f3n y creamos un plan de recuperaci\u00f3n a medida para hacer frente a sus necesidades espec\u00edficas.<\/p>\n<h3>Dolor y disfunci\u00f3n de las extremidades<\/h3>\n<p>Las lesiones en brazos, piernas, manos o pies pueden afectar significativamente a su vida diaria. Nuestra cl\u00ednica proporciona una atenci\u00f3n integral para tratar el dolor y la disfunci\u00f3n de las extremidades, garantizando que recupere la fuerza y la movilidad. En Hurt 911, entendemos que cada lesi\u00f3n es \u00fanica. Nuestro equipo dedicado est\u00e1 aqu\u00ed para guiarle en cada paso de su viaje de recuperaci\u00f3n, asegur\u00e1ndose de que reciba la mejor atenci\u00f3n posible adaptada a sus necesidades.<\/p>\n<h2>Servicios financieros<\/h2>\n<p><img decoding=\"async\" class=\"alignnone wp-image-3137 size-full\" src=\"https:\/\/1800hurt911co.com\/wp-content\/uploads\/2024\/09\/truck-accident-treatment-2.webp\" alt=\"Accidente de cami\u00f3n\" width=\"500\" height=\"334\" srcset=\"https:\/\/1800hurt911co.com\/wp-content\/uploads\/2024\/09\/truck-accident-treatment-2.webp 500w, https:\/\/1800hurt911co.com\/wp-content\/uploads\/2024\/09\/truck-accident-treatment-2-300x200.webp 300w\" sizes=\"(max-width: 500px) 100vw, 500px\" \/><\/p>\n<h3>No hay costos por adelantado para su tratamiento<\/h3>\n<p>En los Centros de Lesiones Hurt 911 Colorado, entendemos que la carga financiera despu\u00e9s de un accidente puede ser abrumadora. Es por eso que ofrecemos una pol\u00edtica sin costos por adelantado para su tratamiento. Puede centrarse en su recuperaci\u00f3n sin preocuparse por los gastos m\u00e9dicos inmediatos. Nuestro compromiso es proporcionarle la atenci\u00f3n que necesita, cuando lo necesite, sin a\u00f1adir a su estr\u00e9s financiero.<\/p>\n<h3>Trabajar directamente con las compa\u00f1\u00edas de seguros<\/h3>\n<p>Navegar por el proceso de seguros puede ser un reto. Su abogado de accidente de cami\u00f3n trabajar\u00e1 directamente con las compa\u00f1\u00edas de seguros para gestionar las reclamaciones y asegurarse de que recibe la compensaci\u00f3n que se merece. Al manejar el papeleo y las negociaciones, nuestro objetivo es hacer que su recuperaci\u00f3n sea lo m\u00e1s suave posible. Usted puede confiar en nosotros para abogar en su nombre, lo que le permite concentrarse en la curaci\u00f3n y volver a su vida cotidiana.<\/p>\n<h2>Servicios jur\u00eddicos<\/h2>\n<h3>Asistencia con Representaci\u00f3n Legal<\/h3>\n<p>En Hurt 911 Colorado Injury Centers, entendemos que navegar las secuelas de un accidente de cami\u00f3n puede ser abrumador. Es por eso que ofrecemos servicios legales integrales para apoyarle. Nuestro experimentado equipo colabora con abogados expertos que se especializan en casos de lesiones personales. Ellos trabajan diligentemente para defender sus derechos y buscar la compensaci\u00f3n que usted merece. Le guiamos a trav\u00e9s del proceso legal, asegur\u00e1ndonos de que tenga voz durante las negociaciones y, si es necesario, en los tribunales.<\/p>\n<h3>Proporcionamos documentaci\u00f3n m\u00e9dica esencial para su caso<\/h3>\n<p>Reunir la documentaci\u00f3n m\u00e9dica adecuada es crucial para su demanda por lesiones personales. Nuestra cl\u00ednica proporciona evaluaciones m\u00e9dicas exhaustivas e informes detallados que describen el alcance de sus lesiones. Esta documentaci\u00f3n es vital para su abogado, ya que ayuda a establecer una conexi\u00f3n clara entre su accidente y las lesiones sufridas. Al trabajar en estrecha colaboraci\u00f3n con profesionales del derecho, nos aseguramos de que toda la informaci\u00f3n necesaria se recopila de manera eficiente, agilizando su camino hacia la recuperaci\u00f3n y la compensaci\u00f3n.<\/p>\n<h2>Qu\u00e9 puede esperar<\/h2>\n<p><img decoding=\"async\" class=\"alignnone wp-image-2548 size-full\" src=\"https:\/\/1800hurt911co.com\/wp-content\/uploads\/2024\/09\/shutterstock_1805310178.webp\" alt=\"Truck Accident Doctor in Northglenn, Colorado\" width=\"500\" height=\"334\" srcset=\"https:\/\/1800hurt911co.com\/wp-content\/uploads\/2024\/09\/shutterstock_1805310178.webp 500w, https:\/\/1800hurt911co.com\/wp-content\/uploads\/2024\/09\/shutterstock_1805310178-300x200.webp 300w\" sizes=\"(max-width: 500px) 100vw, 500px\" \/><\/p>\n<p>Cuando usted elige Hurt 911 Colorado Injury Centers, usted puede anticipar un proceso aerodin\u00e1mico dise\u00f1ado para apoyar su viaje de recuperaci\u00f3n. Su experiencia con nosotros comienza con una Consulta Inicial Gratuita. Esta sesi\u00f3n nos permite entender sus necesidades y preocupaciones espec\u00edficas sin ning\u00fan compromiso financiero. Nuestros profesionales m\u00e9dicos evaluar\u00e1n sus lesiones a fondo, utilizando herramientas de diagn\u00f3stico avanzadas como radiograf\u00edas y resonancias magn\u00e9ticas. Bas\u00e1ndonos en esta evaluaci\u00f3n, crearemos un plan de recuperaci\u00f3n personalizado adaptado a su situaci\u00f3n particular. Este plan describir\u00e1 los tratamientos y terapias necesarios para ayudarle a recuperar su salud y bienestar. Nuestro personal especializado trabaja directamente con su abogado para gestionar las reclamaciones, ayud\u00e1ndole a recuperar la indemnizaci\u00f3n que merece. Podemos proporcionar documentaci\u00f3n m\u00e9dica esencial para apoyar su caso de accidente de cami\u00f3n, haciendo el proceso m\u00e1s f\u00e1cil para usted. En Hurt 911, damos prioridad a su recuperaci\u00f3n y nuestro objetivo es aliviar el estr\u00e9s que a menudo acompa\u00f1a a un accidente. Puede confiar en nosotros para guiarle en cada paso del camino.<\/p>\n<h2>\u00c1reas de servicio<\/h2>\n<p>En los Centros de Lesiones Hurt 911 Colorado, estamos orgullosos de servir a una amplia gama de lugares para asegurar que las personas que necesitan atenci\u00f3n de accidentes puedan acceder a nuestros servicios integrales. Nuestras cl\u00ednicas est\u00e1n ubicadas estrat\u00e9gicamente para proporcionar un tratamiento oportuno y eficaz a las personas lesionadas en accidentes.<\/p>\n<h3>Denver<\/h3>\n<p>Como nuestra ubicaci\u00f3n principal, Denver ofrece f\u00e1cil acceso a nuestro equipo multidisciplinario, asegurando que usted reciba la mejor atenci\u00f3n posible.<\/p>\n<h3>Ciudad de Commerce<\/h3>\n<p>En Commerce City, ofrecemos servicios especializados adaptados a las necesidades de quienes se recuperan de diversos tipos de accidentes.<\/p>\n<h3>Northglenn<\/h3>\n<p>Nuestra cl\u00ednica de Northglenn est\u00e1 equipada para tratar una gran variedad de lesiones, ofreciendo atenci\u00f3n y apoyo compasivos.<\/p>\n<h3>Centennial<\/h3>\n<p>Los residentes de Centennial pueden beneficiarse de nuestros expertos servicios m\u00e9dicos y legales, todos ellos dise\u00f1ados para facilitar un proceso de recuperaci\u00f3n sin problemas.<\/p>\n<h3>Aurora<\/h3>\n<p>En Aurora, nos centramos en abordar los desaf\u00edos \u00fanicos a los que se enfrentan las v\u00edctimas de accidentes, garantizando planes de tratamiento integrales.<\/p>\n<h3>Lakewood<\/h3>\n<p>Los clientes de Lakewood reciben atenci\u00f3n personalizada de nuestros experimentados profesionales, dedicados a ayudarle a recuperar la salud.<\/p>\n<h3>Colorado Springs<\/h3>\n<p>Nuestra ubicaci\u00f3n en Colorado Springs ampl\u00eda nuestro alcance, lo que nos permite ayudar a m\u00e1s personas en su viaje de recuperaci\u00f3n.<\/p>\n<h3>Arvada<\/h3>\n<p>En Arvada, estamos comprometidos a proporcionar el m\u00e1s alto nivel de servicio, asegurando que usted se sienta apoyado a lo largo de su recuperaci\u00f3n. No importa d\u00f3nde se encuentre dentro de estas \u00e1reas de servicio, el Centro de Lesiones Hurt 911 Colorado est\u00e1 listo para ayudarle en su momento de necesidad. Entendemos los desaf\u00edos que siguen a un accidente y estamos aqu\u00ed para ayudarle a navegar el camino hacia la recuperaci\u00f3n.<\/p>\n<h2>Contacto<\/h2>\n<p><img loading=\"lazy\" decoding=\"async\" class=\"alignnone wp-image-2064\" src=\"https:\/\/1800hurt911co.com\/wp-content\/uploads\/2020\/12\/banner-bg1-copy-1024x254.webp\" alt=\"Hurt911 Logo\" width=\"500\" height=\"124\" srcset=\"https:\/\/1800hurt911co.com\/wp-content\/uploads\/2020\/12\/banner-bg1-copy-1024x254.webp 1024w, https:\/\/1800hurt911co.com\/wp-content\/uploads\/2020\/12\/banner-bg1-copy-300x75.webp 300w, https:\/\/1800hurt911co.com\/wp-content\/uploads\/2020\/12\/banner-bg1-copy-768x191.webp 768w, https:\/\/1800hurt911co.com\/wp-content\/uploads\/2020\/12\/banner-bg1-copy-1536x382.webp 1536w, https:\/\/1800hurt911co.com\/wp-content\/uploads\/2020\/12\/banner-bg1-copy.webp 1920w\" sizes=\"(max-width: 500px) 100vw, 500px\" \/><\/p>\n<h3>Solicite una cita<\/h3>\n<p>Si usted ha sido herido en un accidente, no dude en ponerse en contacto. En Hurt 911 Colorado Injury Centers, estamos aqu\u00ed para ayudarle en cada paso del camino. Para comenzar su viaje de recuperaci\u00f3n, simplemente ll\u00e1menos al <a href=\"tel:+17204140000\"><i class=\"fa fa-phone-alt\"><\/i>720-414-0000<\/a> o llene el formulario de contacto a continuaci\u00f3n. Nuestro equipo est\u00e1 listo para proporcionarle el apoyo que necesita. Su salud y bienestar son nuestras principales prioridades. Comprendemos la urgencia de su situaci\u00f3n y nos comprometemos a proporcionarle asistencia inmediata. P\u00f3ngase en contacto con nosotros hoy mismo para programar su consulta gratuita. Perm\u00edtanos ayudarle a navegar el camino hacia la recuperaci\u00f3n y garantizar que reciba la atenci\u00f3n que se merece.<\/p>\n<h2>\u00bfPor qu\u00e9 elegir el Centro de Lesiones Hurt 911 Colorado?<\/h2>\n<p>Cuando usted ha estado involucrado en un accidente, la elecci\u00f3n del proveedor de atenci\u00f3n adecuada es crucial. En el Centro de Lesiones Hurt 911 Colorado, damos prioridad a su recuperaci\u00f3n y nos esforzamos para que el proceso sea lo m\u00e1s sencillo posible.<\/p>\n<h3>Dedicados a su recuperaci\u00f3n y compensaci\u00f3n<\/h3>\n<p>Nuestro compromiso es ayudarle a recuperar su salud y asegurar la compensaci\u00f3n que se merece. Entendemos los retos a los que se enfrenta despu\u00e9s de un accidente, desde el dolor f\u00edsico hasta el estr\u00e9s financiero. Nuestro equipo trabaja diligentemente para proporcionar una atenci\u00f3n integral adaptada a sus necesidades. Nos centramos tanto en su tratamiento m\u00e9dico inmediato como en sus objetivos de recuperaci\u00f3n a largo plazo.<\/p>\n<h3>Equipo experimentado y compasivo<\/h3>\n<p>Nuestros cualificados profesionales aportan una gran experiencia a su atenci\u00f3n. Cada miembro de nuestro equipo se dedica a comprender su situaci\u00f3n particular. Escuchamos sus preocupaciones y desarrollamos un plan de recuperaci\u00f3n personalizado que aborda sus lesiones espec\u00edficas. Con un enfoque compasivo, nos aseguramos de que se sienta apoyado en cada paso del camino.<\/p>\n<h3>Ubicaciones convenientes y transporte gratuito<\/h3>\n<p>El acceso a una atenci\u00f3n de calidad no deber\u00eda ser un obst\u00e1culo durante su recuperaci\u00f3n. Los Centros de Lesiones Hurt 911 Colorado tienen m\u00faltiples ubicaciones convenientes en toda el \u00e1rea de Denver. Tambi\u00e9n ofrecemos transporte gratuito de ida y vuelta a nuestras cl\u00ednicas, lo que facilita su asistencia a las citas sin estr\u00e9s a\u00f1adido. Su bienestar es nuestra prioridad, y estamos aqu\u00ed para ayudarle en todo lo posible. Elija los Centros de Lesiones Hurt 911 Colorado para una experiencia de recuperaci\u00f3n integral y de apoyo. Su salud y tranquilidad son nuestra misi\u00f3n.<\/p>\n","protected":false},"excerpt":{"rendered":"<p>Asistencia inmediata para lesiones por accidente de cami\u00f3n Si usted o un ser querido est\u00e1 tratando con las secuelas de un accidente de cami\u00f3n, el tiempo es esencial. En Hurt 911 Colorado Injury Centers, estamos listos para asistirle inmediatamente. Nuestro equipo dedicado entiende la urgencia de su situaci\u00f3n y est\u00e1 aqu\u00ed para ayudarle a navegar [&hellip;]<\/p>\n","protected":false},"author":6,"featured_media":0,"parent":4450,"menu_order":0,"comment_status":"closed","ping_status":"closed","template":"","meta":{"_acf_changed":false,"footnotes":""},"class_list":["post-4480","page","type-page","status-publish","hentry"],"acf":[],"_links":{"self":[{"href":"https:\/\/1800hurt911co.com\/es\/wp-json\/wp\/v2\/pages\/4480","targetHints":{"allow":["GET"]}}],"collection":[{"href":"https:\/\/1800hurt911co.com\/es\/wp-json\/wp\/v2\/pages"}],"about":[{"href":"https:\/\/1800hurt911co.com\/es\/wp-json\/wp\/v2\/types\/page"}],"author":[{"embeddable":true,"href":"https:\/\/1800hurt911co.com\/es\/wp-json\/wp\/v2\/users\/6"}],"replies":[{"embeddable":true,"href":"https:\/\/1800hurt911co.com\/es\/wp-json\/wp\/v2\/comments?post=4480"}],"version-history":[{"count":2,"href":"https:\/\/1800hurt911co.com\/es\/wp-json\/wp\/v2\/pages\/4480\/revisions"}],"predecessor-version":[{"id":4482,"href":"https:\/\/1800hurt911co.com\/es\/wp-json\/wp\/v2\/pages\/4480\/revisions\/4482"}],"up":[{"embeddable":true,"href":"https:\/\/1800hurt911co.com\/es\/wp-json\/wp\/v2\/pages\/4450"}],"wp:attachment":[{"href":"https:\/\/1800hurt911co.com\/es\/wp-json\/wp\/v2\/media?parent=4480"}],"curies":[{"name":"wp","href":"https:\/\/api.w.org\/{rel}","templated":true}]}}