{"id":4483,"date":"2024-09-17T07:28:52","date_gmt":"2024-09-17T11:28:52","guid":{"rendered":"https:\/\/1800hurt911co.com\/northglenn\/northglenn-accidente-uber\/"},"modified":"2024-10-04T03:40:34","modified_gmt":"2024-10-04T09:40:34","slug":"northglenn-accidente-uber","status":"publish","type":"page","link":"https:\/\/1800hurt911co.com\/es\/northglenn\/northglenn-accidente-uber\/","title":{"rendered":"Northglenn Accidente Uber"},"content":{"rendered":"<h2>Atenci\u00f3n integral de lesiones por accidentes de Uber en Northglenn, CO<\/h2>\n<p>En Hurt 911 Colorado Injury Centers, brindamos atenci\u00f3n minuciosa y especializada para personas lesionadas en accidentes de Uber. Nuestro enfoque se centra en abordar las necesidades \u00fanicas de cada paciente, asegurando que reciban el tratamiento necesario para recuperarse por completo. Entendemos que las lesiones por accidentes de Uber pueden afectar significativamente su vida, y nuestro equipo dedicado est\u00e1 aqu\u00ed para apoyarlo en cada paso del camino. Nuestros servicios abarcan una amplia gama de tratamientos de lesiones adaptados espec\u00edficamente para las v\u00edctimas de accidentes de Uber. Desde las evaluaciones iniciales hasta los planes de recuperaci\u00f3n en curso, damos prioridad a su salud y bienestar. Nuestros experimentados profesionales utilizan herramientas de diagn\u00f3stico avanzadas para identificar con precisi\u00f3n el alcance de sus lesiones, lo que nos permite crear un plan de tratamiento personalizado que mejor se adapte a su situaci\u00f3n. Adem\u00e1s de la atenci\u00f3n m\u00e9dica, tambi\u00e9n reconocemos la importancia de abordar las cargas emocionales y financieras que a menudo acompa\u00f1an a los accidentes. Nuestro enfoque integral significa que no s\u00f3lo tratamos sus lesiones f\u00edsicas; tambi\u00e9n le ayudamos a navegar por las complejidades de las reclamaciones de seguros y nos aseguramos de que reciba una compensaci\u00f3n justa por su sufrimiento. Elegir el Centro de Lesiones Hurt 911 Colorado significa elegir un equipo comprometido con su recuperaci\u00f3n. Nos esforzamos por ofrecerle una experiencia sin fisuras, desde su primera consulta hasta su \u00faltima sesi\u00f3n de rehabilitaci\u00f3n. Perm\u00edtanos ayudarle a recuperar su fuerza y tranquilidad despu\u00e9s de su accidente de Uber. Comun\u00edquese hoy para obtener m\u00e1s informaci\u00f3n sobre c\u00f3mo podemos ayudarlo en su camino hacia la recuperaci\u00f3n.<\/p>\n<h2>C\u00f3mo puede ayudar el cuidado quiropr\u00e1ctico en Northglenn<\/h2>\n<p><img fetchpriority=\"high\" decoding=\"async\" class=\"alignnone wp-image-2882 size-full\" src=\"https:\/\/1800hurt911co.com\/wp-content\/uploads\/2024\/09\/chiropractic-treatment.webp\" alt=\"Uber Accident Treatment in Northglenn, Chiropractic Care\" width=\"500\" height=\"334\" srcset=\"https:\/\/1800hurt911co.com\/wp-content\/uploads\/2024\/09\/chiropractic-treatment.webp 500w, https:\/\/1800hurt911co.com\/wp-content\/uploads\/2024\/09\/chiropractic-treatment-300x200.webp 300w\" sizes=\"(max-width: 500px) 100vw, 500px\" \/><\/p>\n<p>La atenci\u00f3n quiropr\u00e1ctica desempe\u00f1a un papel vital en el proceso de recuperaci\u00f3n de las personas lesionadas en accidentes de Uber. Despu\u00e9s de un accidente, muchas v\u00edctimas experimentan dolor, movilidad limitada y malestar. Nuestros quiropr\u00e1cticos Northglenn est\u00e1n equipados con diversas t\u00e9cnicas dirigidas espec\u00edficamente a aliviar estos problemas.<\/p>\n<h3>T\u00e9cnicas quiropr\u00e1cticas para la recuperaci\u00f3n de accidentes Uber<\/h3>\n<p>Nuestro enfoque incluye ajustes de la columna para realinear las v\u00e9rtebras y aliviar la presi\u00f3n sobre los nervios. Esta t\u00e9cnica puede reducir significativamente el dolor y mejorar la funci\u00f3n. Tambi\u00e9n utilizamos la terapia de tejidos blandos para hacer frente a las tensiones musculares y esguinces que son comunes despu\u00e9s de un accidente Uber. Al centrarse tanto en la columna vertebral y los m\u00fasculos circundantes, creamos un plan de tratamiento integral que promueve la curaci\u00f3n. Adem\u00e1s, podemos incorporar modalidades como la estimulaci\u00f3n el\u00e9ctrica y la terapia de ultrasonido. Estos m\u00e9todos ayudan a reducir la inflamaci\u00f3n y mejorar la circulaci\u00f3n, que son cruciales para la recuperaci\u00f3n. Cada tratamiento se personaliza para satisfacer las necesidades espec\u00edficas de nuestros clientes, lo que garantiza una atenci\u00f3n eficaz.<\/p>\n<h3>La importancia de un tratamiento temprano para las lesiones por accidentes de Uber<\/h3>\n<p>Buscar atenci\u00f3n quiropr\u00e1ctica temprano despu\u00e9s de un accidente de Uber es esencial. La intervenci\u00f3n temprana puede prevenir el desarrollo de dolor cr\u00f3nico y otras complicaciones a largo plazo. Muchas personas pueden no reconocer inmediatamente el alcance de sus lesiones, por lo que es fundamental una evaluaci\u00f3n exhaustiva por parte de un quiropr\u00e1ctico. El tratamiento oportuno no s\u00f3lo puede aliviar el dolor, sino tambi\u00e9n apoyar su proceso de recuperaci\u00f3n general. Al tratar las lesiones a tiempo, podemos ayudarle a recuperar la fuerza y la movilidad, lo que le permitir\u00e1 volver a sus actividades diarias m\u00e1s r\u00e1pidamente. No espere a que los s\u00edntomas empeoren; p\u00f3ngase en contacto con nuestra cl\u00ednica de lesiones de Northglenn hoy mismo para iniciar su camino hacia la recuperaci\u00f3n.<\/p>\n<h2>Servicios de diagn\u00f3stico para lesiones por accidentes de Uber<\/h2>\n<p>Nuestro equipo se compromete a garantizar que usted reciba el diagn\u00f3stico m\u00e1s preciso posible. Esto nos permite adaptar eficazmente su plan de tratamiento. La evaluaci\u00f3n temprana y precisa de las lesiones puede conducir a mejores resultados de recuperaci\u00f3n. Si usted ha estado involucrado en un accidente de viaje compartido, no se demore en la b\u00fasqueda de servicios de diagn\u00f3stico. Cuanto antes podamos evaluar sus lesiones, m\u00e1s r\u00e1pido podremos comenzar su viaje de recuperaci\u00f3n. P\u00f3ngase en contacto con nosotros hoy para aprender m\u00e1s acerca de nuestros servicios de diagn\u00f3stico y c\u00f3mo pueden apoyar su proceso de curaci\u00f3n.<\/p>\n<h3>Rayos X y resonancias magn\u00e9ticas para una evaluaci\u00f3n precisa de las lesiones<\/h3>\n<p>Cuando se trata de lesiones de un accidente de Uber, los diagn\u00f3sticos precisos son cruciales. En los Centros de Lesiones Hurt 911 Colorado, utilizamos t\u00e9cnicas de imagen avanzadas para determinar el alcance y la naturaleza de sus lesiones. Las radiograf\u00edas son a menudo el primer paso. Nos ayudan a identificar fracturas y problemas estructurales en los huesos. Esto es esencial para la planificaci\u00f3n inmediata del tratamiento. Si se sospecha de lesiones en los tejidos blandos, las resonancias magn\u00e9ticas proporcionan una visi\u00f3n detallada de m\u00fasculos, ligamentos y discos. Estas im\u00e1genes son vitales para la comprensi\u00f3n de la imagen completa de su condici\u00f3n.<\/p>\n<h2>Planes de tratamiento personalizados para v\u00edctimas de accidentes de Uber<\/h2>\n<p><img decoding=\"async\" class=\"alignnone wp-image-2974 size-full\" src=\"https:\/\/1800hurt911co.com\/wp-content\/uploads\/2024\/09\/uber-accident-car-accident.webp\" alt=\"Uber Accident Injuries, Whiplash\" width=\"500\" height=\"334\" srcset=\"https:\/\/1800hurt911co.com\/wp-content\/uploads\/2024\/09\/uber-accident-car-accident.webp 500w, https:\/\/1800hurt911co.com\/wp-content\/uploads\/2024\/09\/uber-accident-car-accident-300x200.webp 300w\" sizes=\"(max-width: 500px) 100vw, 500px\" \/><\/p>\n<p>En Hurt 911 Colorado Injury Centers, entendemos que cada v\u00edctima de accidente Uber se enfrenta a un conjunto \u00fanico de desaf\u00edos. Nuestros planes de tratamiento personalizados se adaptan para abordar sus lesiones espec\u00edficas y necesidades de recuperaci\u00f3n. Damos prioridad a su salud y bienestar, asegurando que reciba la atenci\u00f3n m\u00e1s eficaz posible.<\/p>\n<h3>Ajustes quiropr\u00e1cticos y alineaci\u00f3n de la columna vertebral<\/h3>\n<p>Los ajustes quiropr\u00e1cticos son la piedra angular de nuestro enfoque de tratamiento. Estos ajustes ayudan a realinear la columna vertebral, aliviar el dolor y restaurar la movilidad. Nuestros quiropr\u00e1cticos expertos se centran en corregir los desajustes causados por el accidente, que puede conducir a mejoras significativas en su funci\u00f3n general. Los ajustes regulares tambi\u00e9n pueden prevenir complicaciones a largo plazo, promoviendo un proceso de recuperaci\u00f3n m\u00e1s suave.<\/p>\n<h3>Fisioterapia y rehabilitaci\u00f3n<\/h3>\n<p>La fisioterapia desempe\u00f1a un papel fundamental en su proceso de recuperaci\u00f3n. Nuestro equipo dise\u00f1a programas de rehabilitaci\u00f3n personalizados destinados a fortalecer las zonas lesionadas, aumentar la flexibilidad y mejorar el rendimiento f\u00edsico general. Incorporamos diversos ejercicios y t\u00e9cnicas terap\u00e9uticos para favorecer su curaci\u00f3n. Este enfoque espec\u00edfico le ayuda a recuperar la fuerza y la movilidad a la vez que reduce el riesgo de volver a lesionarse.<\/p>\n<h3>Masaje m\u00e9dico para aliviar el dolor<\/h3>\n<p>Adem\u00e1s de la atenci\u00f3n quiropr\u00e1ctica y la fisioterapia, ofrecemos masajes m\u00e9dicos como parte de nuestros planes de tratamiento integral. Esta terapia se centra en la tensi\u00f3n muscular y promueve la relajaci\u00f3n, proporcionando alivio del dolor asociado con sus lesiones. Nuestros terapeutas de masaje con licencia utilizan t\u00e9cnicas dise\u00f1adas para mejorar la circulaci\u00f3n y acelerar el proceso de curaci\u00f3n, lo que le permite sentirse mejor m\u00e1s r\u00e1pido. Mediante la combinaci\u00f3n de estas modalidades de tratamiento, creamos un enfoque hol\u00edstico que aborda tanto los aspectos f\u00edsicos como emocionales de su recuperaci\u00f3n. En el Centro de Lesiones Hurt 911 Colorado, su recuperaci\u00f3n es nuestra prioridad. Perm\u00edtanos ayudarle a recuperar su calidad de vida despu\u00e9s de un accidente de Uber.<\/p>\n<h2>Transporte libre para los pacientes del accidente de Uber<\/h2>\n<p>En Hurt 911 Colorado Injury Centers, entendemos los desaf\u00edos que vienen despu\u00e9s de un accidente de Uber. El transporte no debe ser una carga adicional durante su recuperaci\u00f3n. Es por eso que ofrecemos transporte gratuito para nuestros pacientes en Northglenn. Nuestro servicio de transporte gratuito est\u00e1 dise\u00f1ado para ayudarlo a acceder a la atenci\u00f3n que necesita sin preocuparse por los costos de viaje o la log\u00edstica. Este servicio es especialmente beneficioso para quienes sufren lesiones que dificultan la conducci\u00f3n o el uso del transporte p\u00fablico. Nuestro objetivo es eliminar barreras para que pueda centrarse en su curaci\u00f3n. Cuando usted elige Hurt 911, usted puede esperar una experiencia sin problemas desde el momento en que se comunique. Nuestro equipo coordinar\u00e1 sus necesidades de transporte, asegur\u00e1ndose de que llegue a sus citas a tiempo y sin estr\u00e9s. Creemos que cada aspecto de su recuperaci\u00f3n debe ser lo m\u00e1s suave posible, lo que le permite concentrarse en la recuperaci\u00f3n de su salud y bienestar. Con nuestro servicio de transporte gratuito, puede embarcarse en su viaje de recuperaci\u00f3n con confianza, sabiendo que la ayuda est\u00e1 a solo una llamada de distancia.<\/p>\n<h2>Asistencia legal para reclamaciones por accidentes con Uber<\/h2>\n<p><img decoding=\"async\" class=\"alignnone wp-image-2920 size-full\" src=\"https:\/\/1800hurt911co.com\/wp-content\/uploads\/2024\/09\/hurt911-car-accident-lawyer.webp\" alt=\"Uber Accident Lawyer\" width=\"500\" height=\"334\" srcset=\"https:\/\/1800hurt911co.com\/wp-content\/uploads\/2024\/09\/hurt911-car-accident-lawyer.webp 500w, https:\/\/1800hurt911co.com\/wp-content\/uploads\/2024\/09\/hurt911-car-accident-lawyer-300x200.webp 300w\" sizes=\"(max-width: 500px) 100vw, 500px\" \/><\/p>\n<h3>Garantizar una compensaci\u00f3n justa por sus lesiones<\/h3>\n<p>Despu\u00e9s de un accidente de Uber, navegar por el panorama legal puede ser abrumador. Usted puede estar enfrentando facturas m\u00e9dicas crecientes, salarios perdidos, y el estr\u00e9s de la recuperaci\u00f3n. En Hurt 911 Colorado Injury Centers, proporcionamos asistencia legal dedicada para ayudarle a asegurar una compensaci\u00f3n justa por sus lesiones. Nuestro experimentado equipo legal entiende las complejidades de las reclamaciones por accidentes de Uber. Vamos a investigar a fondo las circunstancias de su accidente, la recopilaci\u00f3n de pruebas esenciales para apoyar su caso. Esto incluye la obtenci\u00f3n de informes policiales, declaraciones de testigos y documentaci\u00f3n m\u00e9dica. Al construir un caso s\u00f3lido, nuestro objetivo es que las partes responsables rindan cuentas. Tambi\u00e9n nos encargamos de todas las comunicaciones con las compa\u00f1\u00edas de seguros. Las aseguradoras a menudo tratan de minimizar los pagos, pero nuestro equipo lucha por sus derechos. Negociamos agresivamente para asegurar que usted reciba la compensaci\u00f3n que se merece por gastos m\u00e9dicos, p\u00e9rdida de ingresos y dolor y sufrimiento. Si es necesario, estamos preparados para llevar su caso a los tribunales. Nuestros abogados son h\u00e1biles litigantes que representar\u00e1n sus intereses con determinaci\u00f3n y profesionalismo. Entendemos la importancia de alcanzar un resultado favorable para usted y su familia. En Hurt 911, nuestro compromiso se extiende m\u00e1s all\u00e1 de la asistencia jur\u00eddica. Trabajamos en colaboraci\u00f3n con nuestro equipo m\u00e9dico para asegurar que usted reciba la mejor atenci\u00f3n posible. Este enfoque hol\u00edstico nos permite abordar eficazmente tanto su recuperaci\u00f3n f\u00edsica como sus necesidades legales. No deje que las complejidades de su demanda por accidente de Uber le agobien. P\u00f3ngase en contacto con nosotros hoy para una consulta. Perm\u00edtanos ayudarlo a navegar por el proceso y asegurar la compensaci\u00f3n que necesita para seguir adelante con su vida.<\/p>\n<h2>\u00bfPor qu\u00e9 elegir Hurt 911 Colorado Injury Centers?<\/h2>\n<p><img loading=\"lazy\" decoding=\"async\" class=\"alignnone wp-image-2064\" src=\"https:\/\/1800hurt911co.com\/wp-content\/uploads\/2020\/12\/banner-bg1-copy-1024x254.webp\" alt=\"Hurt911 Logo\" width=\"500\" height=\"124\" srcset=\"https:\/\/1800hurt911co.com\/wp-content\/uploads\/2020\/12\/banner-bg1-copy-1024x254.webp 1024w, https:\/\/1800hurt911co.com\/wp-content\/uploads\/2020\/12\/banner-bg1-copy-300x75.webp 300w, https:\/\/1800hurt911co.com\/wp-content\/uploads\/2020\/12\/banner-bg1-copy-768x191.webp 768w, https:\/\/1800hurt911co.com\/wp-content\/uploads\/2020\/12\/banner-bg1-copy-1536x382.webp 1536w, https:\/\/1800hurt911co.com\/wp-content\/uploads\/2020\/12\/banner-bg1-copy.webp 1920w\" sizes=\"(max-width: 500px) 100vw, 500px\" \/><\/p>\n<p>Cuando usted ha estado involucrado en un accidente de Uber, la selecci\u00f3n del proveedor de atenci\u00f3n adecuada es crucial. Hurt 911 Colorado Injury Centers se destaca por varias razones que son importantes para usted.<\/p>\n<h3>Equipo m\u00e9dico experimentado especializado en lesiones por accidentes de Uber<\/h3>\n<p>Nuestro equipo m\u00e9dico tiene una amplia experiencia en el tratamiento de lesiones relacionadas con accidentes de Uber. Entendemos los desaf\u00edos espec\u00edficos que presentan estas lesiones y empleamos las \u00faltimas t\u00e9cnicas para la recuperaci\u00f3n. Nos centramos en su bienestar y en que vuelva a su vida cotidiana lo antes posible.<\/p>\n<h3>Reconocidos por un servicio dedicado y un tratamiento eficaz de las lesiones<\/h3>\n<p>Estamos orgullosos de habernos ganado una reputaci\u00f3n por nuestro compromiso con los clientes. Nuestra dedicaci\u00f3n a la gesti\u00f3n eficaz de las lesiones significa que damos prioridad a su recuperaci\u00f3n en cada etapa. Escuchamos sus preocupaciones y adaptamos nuestro enfoque para satisfacer sus necesidades \u00fanicas, asegurando que reciba la mejor atenci\u00f3n posible.<\/p>\n<h2>Enfoque de colaboraci\u00f3n que integra la experiencia m\u00e9dica y legal<\/h2>\n<p>En Hurt 911, creemos en un enfoque de equipo. Nuestros profesionales m\u00e9dicos trabajan en estrecha colaboraci\u00f3n con expertos legales para proporcionar un apoyo integral. Esta colaboraci\u00f3n garantiza que usted no s\u00f3lo reciba una atenci\u00f3n m\u00e9dica de primera categor\u00eda, sino que tambi\u00e9n disponga de la orientaci\u00f3n jur\u00eddica necesaria para reclamar una indemnizaci\u00f3n. Agilizamos el proceso, lo que hace que sea m\u00e1s f\u00e1cil para que usted pueda centrarse en la curaci\u00f3n. Elegir el Centro de Lesiones Hurt 911 Colorado significa elegir un socio comprometido con su recuperaci\u00f3n y bienestar. Perm\u00edtanos ayudarle a navegar las secuelas de su accidente de Uber con confianza y cuidado.<\/p>\n<h2>P\u00f3ngase en contacto con el Centro de Lesiones Hurt 911 Colorado hoy mismo<\/h2>\n<p>Si ha estado involucrado en un accidente de Uber, dar el primer paso hacia la recuperaci\u00f3n es crucial. En los Centros de Lesiones Hurt 911 Colorado, entendemos los desaf\u00edos que enfrenta despu\u00e9s de un accidente. Nuestro equipo dedicado est\u00e1 listo para ayudarlo tanto con sus necesidades m\u00e9dicas como con sus inquietudes legales. Para programar su consulta, simplemente ll\u00e1menos o rellene nuestro formulario en l\u00ednea. Nuestro amable personal le guiar\u00e1 a trav\u00e9s del proceso y responder a cualquier pregunta que pueda tener. Damos prioridad a su conveniencia y comodidad, asegurando que usted reciba la atenci\u00f3n que necesita sin estr\u00e9s a\u00f1adido. No espere para buscar el tratamiento que se merece. La intervenci\u00f3n temprana puede tener un impacto significativo en su recuperaci\u00f3n. Ya sea que necesite atenci\u00f3n quiropr\u00e1ctica, terapia f\u00edsica o asistencia legal, estamos aqu\u00ed para ayudarle en cada paso del camino. P\u00f3ngase en contacto con el Centro de Lesiones Hurt 911 Colorado hoy mismo y perm\u00edtanos ayudarle a comenzar su viaje de recuperaci\u00f3n. Su salud y bienestar son nuestras principales prioridades.<\/p>\n","protected":false},"excerpt":{"rendered":"<p>Atenci\u00f3n integral de lesiones por accidentes de Uber en Northglenn, CO En Hurt 911 Colorado Injury Centers, brindamos atenci\u00f3n minuciosa y especializada para personas lesionadas en accidentes de Uber. Nuestro enfoque se centra en abordar las necesidades \u00fanicas de cada paciente, asegurando que reciban el tratamiento necesario para recuperarse por completo. Entendemos que las lesiones [&hellip;]<\/p>\n","protected":false},"author":6,"featured_media":0,"parent":4450,"menu_order":0,"comment_status":"closed","ping_status":"closed","template":"","meta":{"_acf_changed":false,"footnotes":""},"class_list":["post-4483","page","type-page","status-publish","hentry"],"acf":[],"_links":{"self":[{"href":"https:\/\/1800hurt911co.com\/es\/wp-json\/wp\/v2\/pages\/4483","targetHints":{"allow":["GET"]}}],"collection":[{"href":"https:\/\/1800hurt911co.com\/es\/wp-json\/wp\/v2\/pages"}],"about":[{"href":"https:\/\/1800hurt911co.com\/es\/wp-json\/wp\/v2\/types\/page"}],"author":[{"embeddable":true,"href":"https:\/\/1800hurt911co.com\/es\/wp-json\/wp\/v2\/users\/6"}],"replies":[{"embeddable":true,"href":"https:\/\/1800hurt911co.com\/es\/wp-json\/wp\/v2\/comments?post=4483"}],"version-history":[{"count":2,"href":"https:\/\/1800hurt911co.com\/es\/wp-json\/wp\/v2\/pages\/4483\/revisions"}],"predecessor-version":[{"id":4485,"href":"https:\/\/1800hurt911co.com\/es\/wp-json\/wp\/v2\/pages\/4483\/revisions\/4485"}],"up":[{"embeddable":true,"href":"https:\/\/1800hurt911co.com\/es\/wp-json\/wp\/v2\/pages\/4450"}],"wp:attachment":[{"href":"https:\/\/1800hurt911co.com\/es\/wp-json\/wp\/v2\/media?parent=4483"}],"curies":[{"name":"wp","href":"https:\/\/api.w.org\/{rel}","templated":true}]}}