{"id":4486,"date":"2024-09-17T07:39:53","date_gmt":"2024-09-17T11:39:53","guid":{"rendered":"https:\/\/1800hurt911co.com\/northglenn\/northglenn-doctor-de-latigazo-cervical\/"},"modified":"2024-10-04T03:46:42","modified_gmt":"2024-10-04T09:46:42","slug":"northglenn-doctor-de-latigazo-cervical","status":"publish","type":"page","link":"https:\/\/1800hurt911co.com\/es\/northglenn\/northglenn-doctor-de-latigazo-cervical\/","title":{"rendered":"Northglenn Doctor de latigazo cervical"},"content":{"rendered":"<h2>Latigazo cervical Doctor en Northglenn, CO<\/h2>\n<p>El latigazo cervical es una lesi\u00f3n com\u00fan que ocurre a menudo en accidentes automovil\u00edsticos, particularmente durante colisiones traseras. Ocurre cuando la cabeza es repentinamente sacudida hacia adelante y luego hacia atr\u00e1s, causando tensi\u00f3n en los tejidos blandos del cuello. Este movimiento r\u00e1pido puede conducir a una variedad de s\u00edntomas, incluyendo dolor de cuello, rigidez, dolores de cabeza, y algunas veces problemas neurol\u00f3gicos. En Northglenn, CO, lesiones de latigazo cervical se ven con frecuencia entre las v\u00edctimas de accidentes automovil\u00edsticos. El impacto de estas lesiones puede ser significativo, afectando no s\u00f3lo la salud f\u00edsica, sino tambi\u00e9n las actividades diarias y la calidad de vida en general. Muchas personas experimentan dolor persistente y malestar, que puede conducir a desaf\u00edos en la realizaci\u00f3n de tareas relacionadas con el trabajo y disfrutar de actividades de ocio. Comprender las implicaciones del latigazo cervical es crucial. La lesi\u00f3n puede provocar dolor cr\u00f3nico si no se trata, por lo que es vital buscar atenci\u00f3n m\u00e9dica r\u00e1pidamente. Buscar el tratamiento adecuado para las lesiones de latigazo cervical es esencial para asegurar una recuperaci\u00f3n efectiva y prevenir complicaciones a largo plazo. En Hurt 911 Colorado Injury Centers, nuestro equipo se especializa en el diagn\u00f3stico y tratamiento del latigazo cervical. Nos centramos en proporcionar una atenci\u00f3n eficaz para ayudar a los pacientes a recuperarse r\u00e1pidamente y volver a sus rutinas normales. Su salud y bienestar son nuestras principales prioridades, y estamos aqu\u00ed para apoyarle en cada paso del camino.<\/p>\n<h2>Causas comunes del latigazo cervical<\/h2>\n<p><img fetchpriority=\"high\" decoding=\"async\" class=\"alignnone wp-image-2557 size-full\" src=\"https:\/\/1800hurt911co.com\/wp-content\/uploads\/2024\/09\/shutterstock_2460501509.webp\" alt=\"Woman With Whiplash From a Car Accident\" width=\"500\" height=\"264\" srcset=\"https:\/\/1800hurt911co.com\/wp-content\/uploads\/2024\/09\/shutterstock_2460501509.webp 500w, https:\/\/1800hurt911co.com\/wp-content\/uploads\/2024\/09\/shutterstock_2460501509-300x158.webp 300w\" sizes=\"(max-width: 500px) 100vw, 500px\" \/><\/p>\n<p>El latigazo cervical es una lesi\u00f3n frecuente que se produce cuando la cabeza se mueve brusca y en\u00e9rgicamente hacia delante y hacia atr\u00e1s, provocando tensi\u00f3n en los m\u00fasculos y ligamentos del cuello. Este movimiento r\u00e1pido puede deberse a diversas situaciones, cada una de las cuales supone un riesgo importante para el sistema musculoesquel\u00e9tico. Una de las causas m\u00e1s frecuentes de latigazo cervical son los accidentes de coche, sobre todo las colisiones por alcance. El impacto repentino de estos accidentes puede hacer que la cabeza se desplace hacia delante y hacia atr\u00e1s, provocando lesiones cervicales importantes. Las lesiones deportivas son otra causa com\u00fan, especialmente en deportes de contacto como el f\u00fatbol, el hockey y el rugby, en los que son frecuentes los movimientos bruscos y en\u00e9rgicos. Las ca\u00eddas, ya sean desde una altura o sobre una superficie dura, tambi\u00e9n pueden provocar un latigazo cervical. La sacudida inesperada de una ca\u00edda puede tensar los m\u00fasculos y ligamentos del cuello, provocando dolor y malestar. Adem\u00e1s, los malos tratos f\u00edsicos, como las sacudidas o los pu\u00f1etazos, pueden causar lesiones similares, lo que subraya la importancia de abordar y tratar el latigazo cervical con prontitud. Comprender estas causas comunes puede ayudar a reconocer los factores de riesgo y a buscar atenci\u00f3n m\u00e9dica oportuna para prevenir el dolor cr\u00f3nico y garantizar una recuperaci\u00f3n completa.<\/p>\n<h2>S\u00edntomas del latigazo cervical<\/h2>\n<p>Los s\u00edntomas del latigazo cervical pueden variar mucho de una persona a otra, pero varios signos comunes pueden indicar la presencia de esta lesi\u00f3n. El dolor y la rigidez de cuello son algunos de los s\u00edntomas m\u00e1s frecuentes, a menudo acompa\u00f1ados de dolores de cabeza que suelen comenzar en la base del cr\u00e1neo. Tambi\u00e9n son frecuentes los mareos y el aturdimiento, ya que el movimiento brusco puede afectar al o\u00eddo interno y al equilibrio. Muchas personas experimentan fatiga e irritabilidad, que pueden verse exacerbadas por la dificultad para conciliar el sue\u00f1o debido al malestar. En algunos casos, puede producirse entumecimiento u hormigueo en brazos o manos, lo que indica una posible afectaci\u00f3n nerviosa. Reconocer estos s\u00edntomas a tiempo y buscar el tratamiento adecuado es crucial para controlar el dolor y prevenir complicaciones a largo plazo. En Hurt 911 Colorado Injury Centers, nos dedicamos a proporcionar una atenci\u00f3n integral para hacer frente a estos s\u00edntomas y apoyar su viaje de recuperaci\u00f3n.<\/p>\n<h2>\u00bfPor qu\u00e9 elegir los Centros de Lesiones Hurt 911 Colorado?<\/h2>\n<p>Cuando usted est\u00e1 tratando con las secuelas de un accidente de coche, encontrar la atenci\u00f3n adecuada es crucial. En los Centros de Lesiones Hurt 911 Colorado, nos especializamos en proporcionar apoyo integral para el latigazo cervical y otras lesiones sufridas en accidentes automovil\u00edsticos. Es importante encontrar un quiropr\u00e1ctico especializado en lesiones automovil\u00edsticas para garantizar un tratamiento eficaz y apoyo durante la recuperaci\u00f3n. Nuestro dedicado equipo est\u00e1 comprometido con su recuperaci\u00f3n y bienestar.<\/p>\n<h3>Servicios integrales de atenci\u00f3n de accidentes<\/h3>\n<p>Ofrecemos una gama completa de servicios dise\u00f1ados para abordar todos los aspectos de su recuperaci\u00f3n. Desde el tratamiento m\u00e9dico hasta la rehabilitaci\u00f3n, nuestro enfoque garantiza que reciba la atenci\u00f3n que necesita bajo un mismo techo. Este modelo integrado agiliza su proceso de recuperaci\u00f3n y minimiza el estr\u00e9s de navegar por m\u00faltiples proveedores.<\/p>\n<h3>M\u00e9dicos y quiropr\u00e1cticos con experiencia en latigazos cervicales<\/h3>\n<p>Nuestro equipo est\u00e1 formado por m\u00e9dicos especialistas en latigazo cervical y quiropr\u00e1cticos con experiencia que comprenden las complejidades de las lesiones por latigazo cervical. Est\u00e1n capacitados para identificar las necesidades espec\u00edficas de cada paciente y proporcionar un tratamiento espec\u00edfico. Con un enfoque en sus objetivos de salud y bienestar, trabajamos diligentemente para aliviar el dolor y restaurar la funci\u00f3n.<\/p>\n<h3>Servicios de diagn\u00f3stico: Radiograf\u00edas y resonancias magn\u00e9ticas<\/h3>\n<p>Un diagn\u00f3stico preciso es esencial para un tratamiento eficaz. Ofrecemos servicios avanzados de diagn\u00f3stico, como radiograf\u00edas y resonancias magn\u00e9ticas, para evaluar el alcance de sus lesiones. Estas herramientas permiten a nuestros profesionales m\u00e9dicos crear un plan de tratamiento preciso adaptado a su condici\u00f3n. Un examen f\u00edsico es crucial en la evaluaci\u00f3n de lesiones por accidente de auto, ya que ayuda a identificar las causas subyacentes del dolor y la disfunci\u00f3n.<\/p>\n<h3>Planes de tratamiento personalizados para lesiones por latigazo cervical<\/h3>\n<p>Cada lesi\u00f3n es \u00fanica, y tambi\u00e9n lo es nuestro enfoque. Desarrollamos planes de tratamiento personalizados que abordan sus s\u00edntomas espec\u00edficos y objetivos de recuperaci\u00f3n. Tanto si necesita ajustes quiropr\u00e1cticos, fisioterapia u otras intervenciones, nuestro objetivo es ayudarle a conseguir una recuperaci\u00f3n satisfactoria y a reincorporarse a su vida cotidiana. Es importante supervisar el progreso del paciente y ajustar los tratamientos quiropr\u00e1cticos seg\u00fan sea necesario para mejorar los resultados de recuperaci\u00f3n. Elegir Hurt 911 Colorado Injury Centers significa dar prioridad a su salud y asegurarse de que recibe una atenci\u00f3n de la m\u00e1s alta calidad. Estamos aqu\u00ed para apoyarle en cada paso de su camino hacia la recuperaci\u00f3n.<\/p>\n<h2>Atenci\u00f3n quiropr\u00e1ctica para el latigazo cervical y dolor de cuello<\/h2>\n<p><img decoding=\"async\" class=\"alignnone wp-image-2539 size-full\" src=\"https:\/\/1800hurt911co.com\/wp-content\/uploads\/2024\/09\/shutterstock_1770797390.webp\" alt=\"Whiplash Treatment, Chiropractic Care\" width=\"500\" height=\"369\" srcset=\"https:\/\/1800hurt911co.com\/wp-content\/uploads\/2024\/09\/shutterstock_1770797390.webp 500w, https:\/\/1800hurt911co.com\/wp-content\/uploads\/2024\/09\/shutterstock_1770797390-300x221.webp 300w\" sizes=\"(max-width: 500px) 100vw, 500px\" \/><\/p>\n<h3>C\u00f3mo ayudan los ajustes quiropr\u00e1cticos a los pacientes con latigazo cervical<\/h3>\n<p>Los ajustes quiropr\u00e1cticos desempe\u00f1an un papel crucial en el proceso de recuperaci\u00f3n de las personas que sufren un latigazo cervical. Estos ajustes act\u00faan realineando la columna vertebral y el cuello, lo que puede aliviar la presi\u00f3n sobre los nervios y reducir el dolor. La atenci\u00f3n quiropr\u00e1ctica es una soluci\u00f3n no invasiva para el alivio del dolor, que ofrece un tratamiento eficaz para diversas dolencias f\u00edsicas como dolor de espalda, migra\u00f1as y dolor cr\u00f3nico. Al abordar los desajustes causados por el movimiento brusco durante un accidente de auto, nuestros quiropr\u00e1cticos experimentados pueden ayudar a restaurar la funci\u00f3n adecuada y la movilidad. Este enfoque pr\u00e1ctico no s\u00f3lo se centra en el dolor inmediato, sino que tambi\u00e9n promueve la curaci\u00f3n general de los tejidos blandos afectados por la lesi\u00f3n.<\/p>\n<h3>Beneficios de la atenci\u00f3n quiropr\u00e1ctica para las lesiones por accidente de auto<\/h3>\n<p>El cuidado quiropr\u00e1ctico ofrece numerosas ventajas para quienes sufren lesiones por accidentes de tr\u00e1fico, en particular el latigazo cervical. Uno de los principales beneficios es la reducci\u00f3n del dolor sin depender de la medicaci\u00f3n. Muchos pacientes informan de un alivio significativo del dolor de cuello y dolores de cabeza despu\u00e9s de unas pocas sesiones. Adem\u00e1s, el tratamiento quiropr\u00e1ctico puede aumentar la flexibilidad, mejorar la amplitud de movimiento y acelerar los tiempos de recuperaci\u00f3n. Este enfoque hol\u00edstico se centra en el tratamiento de la ra\u00edz del dolor y la identificaci\u00f3n de la causa subyacente de los problemas de salud y lesiones, en lugar de simplemente enmascarar los s\u00edntomas, lo que lleva a una recuperaci\u00f3n m\u00e1s sostenible.<\/p>\n<h2>Fisioterapia para el latigazo cervical<\/h2>\n<p><img decoding=\"async\" class=\"alignnone wp-image-2828 size-full\" src=\"https:\/\/1800hurt911co.com\/wp-content\/uploads\/2024\/09\/whiplash-doctor.webp\" alt=\"Northglenn Doctor de latigazo cervical\" width=\"500\" height=\"334\" srcset=\"https:\/\/1800hurt911co.com\/wp-content\/uploads\/2024\/09\/whiplash-doctor.webp 500w, https:\/\/1800hurt911co.com\/wp-content\/uploads\/2024\/09\/whiplash-doctor-300x200.webp 300w\" sizes=\"(max-width: 500px) 100vw, 500px\" \/><\/p>\n<p>Nuestros servicios de fisioterapia est\u00e1n dise\u00f1ados para ayudarle a recuperar la fuerza, la flexibilidad y la movilidad despu\u00e9s de una lesi\u00f3n por latigazo cervical. Nuestros fisioterapeutas cualificados trabajan estrechamente con usted para crear un programa de rehabilitaci\u00f3n que aborde sus necesidades espec\u00edficas. Esto puede incluir ejercicios para mejorar la amplitud de movimiento, entrenamiento de fuerza y t\u00e9cnicas para aliviar el dolor. Al centrarnos en su recuperaci\u00f3n, nuestro objetivo es ayudarle a retomar sus actividades cotidianas de la forma m\u00e1s r\u00e1pida y segura posible.<\/p>\n<h3>Ejercicios de fortalecimiento y curaci\u00f3n<\/h3>\n<p>El ejercicio puede desempe\u00f1ar un papel vital en el proceso de recuperaci\u00f3n del latigazo cervical, ayudando a fortalecer y curar los m\u00fasculos y ligamentos del cuello. La incorporaci\u00f3n de ejercicios espec\u00edficos a su rutina puede mejorar significativamente la amplitud de movimiento y reducir el dolor. Los estiramientos cervicales son una forma suave de empezar. Estos ejercicios pueden ayudar a mejorar la flexibilidad y reducir la rigidez, haciendo que las actividades diarias sean m\u00e1s llevaderas. Los ejercicios de fortalecimiento, como los giros de hombros y los puentes de cuello, pueden mejorar la estabilidad de los m\u00fasculos del cuello, proporcionando un mejor apoyo y reduciendo el dolor. Un fisioterapeuta cualificado puede crear un programa personalizado de ejercicios y estiramientos adaptado a sus necesidades espec\u00edficas. Este enfoque espec\u00edfico puede ayudar a mejorar la movilidad, aliviar el dolor y acelerar la recuperaci\u00f3n. Al incorporar estos ejercicios a su rutina, puede tomar medidas proactivas para curarse y recuperar su calidad de vida.<\/p>\n<h2>Servicios adicionales para apoyar su recuperaci\u00f3n<\/h2>\n<p>En los Centros de Lesiones Hurt 911 Colorado, reconocemos que recuperarse de un latigazo cervical y otras lesiones implica algo m\u00e1s que un tratamiento m\u00e9dico. Nuestro enfoque integral incluye varios servicios adicionales dise\u00f1ados para apoyar su viaje de recuperaci\u00f3n.<\/p>\n<h3>Servicios de transporte para facilitar el acceso a la atenci\u00f3n<\/h3>\n<p>Entendemos que llegar a las citas puede ser un reto, especialmente cuando se trata de dolor y malestar. Por eso ofrecemos servicios de transporte para facilitarle el acceso a nuestra atenci\u00f3n. Si usted necesita un paseo a su consulta inicial o citas de seguimiento, nuestro equipo est\u00e1 aqu\u00ed para ayudar a asegurar que usted reciba el tratamiento que necesita sin estr\u00e9s a\u00f1adido.<\/p>\n<h3>Asistencia legal para una compensaci\u00f3n justa<\/h3>\n<p>Navegar por las secuelas de un accidente de auto puede ser abrumador, sobre todo cuando se trata de lidiar con las compa\u00f1\u00edas de seguros y la comprensi\u00f3n de sus derechos. Nuestro equipo est\u00e1 equipado para proporcionar asistencia legal para ayudarle a obtener una compensaci\u00f3n justa por sus lesiones. Trabajamos con abogados experimentados en lesiones personales que pueden guiarle a trav\u00e9s del proceso de reclamaciones, asegurando que sus mejores intereses est\u00e9n representados. Con nuestra ayuda, usted puede centrarse en su recuperaci\u00f3n mientras que manejamos las complejidades de su caso. Al ofrecer estos servicios adicionales, Hurt 911 Colorado Injury Centers tiene como objetivo proporcionar un enfoque hol\u00edstico para su recuperaci\u00f3n. Estamos comprometidos a apoyarle en cada paso del camino, desde el tratamiento m\u00e9dico hasta la orientaci\u00f3n legal, para que pueda lograr el mejor resultado posible despu\u00e9s de su lesi\u00f3n por latigazo cervical.<\/p>\n<h2>C\u00f3mo encontrar el m\u00e9dico adecuado para el latigazo cervical en Northglenn<\/h2>\n<p><img loading=\"lazy\" decoding=\"async\" class=\"alignnone wp-image-2540 size-full\" src=\"https:\/\/1800hurt911co.com\/wp-content\/uploads\/2024\/09\/shutterstock_2267710669.webp\" alt=\"Whiplash Doctor in Northglenn, Colorado\" width=\"500\" height=\"326\" srcset=\"https:\/\/1800hurt911co.com\/wp-content\/uploads\/2024\/09\/shutterstock_2267710669.webp 500w, https:\/\/1800hurt911co.com\/wp-content\/uploads\/2024\/09\/shutterstock_2267710669-300x196.webp 300w\" sizes=\"(max-width: 500px) 100vw, 500px\" \/><\/p>\n<p>Encontrar el m\u00e9dico adecuado para el latigazo cervical en Northglenn puede ser una tarea desalentadora, pero saber qu\u00e9 buscar puede facilitar el proceso. La experiencia es un factor crucial; un quiropr\u00e1ctico con amplia experiencia en el tratamiento de lesiones de latigazo cervical tendr\u00e1 los conocimientos y habilidades necesarias para proporcionar una atenci\u00f3n eficaz. Las credenciales son igualmente importantes. Aseg\u00farese de que el quiropr\u00e1ctico tiene licencia y est\u00e1 certificado, lo que indica que ha cumplido las normas de pr\u00e1ctica requeridas. La atenci\u00f3n personalizada es otra cualidad clave. Busque un quiropr\u00e1ctico que dedique tiempo a escuchar sus preocupaciones y desarrolle un plan de tratamiento adaptado a sus necesidades espec\u00edficas. Los equipos m\u00e1s avanzados, como las radiograf\u00edas y las resonancias magn\u00e9ticas, son esenciales para un diagn\u00f3stico y un tratamiento precisos. Un quiropr\u00e1ctico que utilice estas herramientas puede comprender mejor el alcance de sus lesiones y crear un plan de tratamiento m\u00e1s eficaz. Si tiene en cuenta estas cualidades, puede encontrar un m\u00e9dico especialista en latigazo cervical que le proporcione la atenci\u00f3n integral que necesita para una recuperaci\u00f3n satisfactoria.<\/p>\n<h3>Cualidades que debe buscar en un quiropr\u00e1ctico<\/h3>\n<p>Cuando busque atenci\u00f3n quiropr\u00e1ctica para el latigazo cervical, ciertas cualidades pueden marcar una diferencia significativa en su experiencia y resultados del tratamiento. La compasi\u00f3n es un rasgo fundamental; un quiropr\u00e1ctico comprensivo y emp\u00e1tico puede proporcionarle un entorno de mayor apoyo y consuelo. Las habilidades de comunicaci\u00f3n efectiva tambi\u00e9n son vitales. Un quiropr\u00e1ctico que se toma el tiempo necesario para explicarle sus opciones de tratamiento y responde a sus preguntas puede ayudarle a sentirse m\u00e1s informado y confiado en su tratamiento. La profesionalidad es otra cualidad importante. Un quiropr\u00e1ctico profesional y cort\u00e9s respetar\u00e1 su tiempo y le proporcionar\u00e1 un alto nivel de atenci\u00f3n. La formaci\u00f3n continua es crucial en el campo en constante evoluci\u00f3n de la atenci\u00f3n quiropr\u00e1ctica. Un quiropr\u00e1ctico que se mantiene al d\u00eda de las \u00faltimas t\u00e9cnicas e investigaciones puede ofrecer los tratamientos m\u00e1s avanzados y eficaces disponibles. Al dar prioridad a estas cualidades, usted puede encontrar un quiropr\u00e1ctico que le proporcionar\u00e1 la atenci\u00f3n compasiva, bien informada y profesional que necesita para recuperarse de su lesi\u00f3n por latigazo cervical.<\/p>\n<h2>C\u00f3mo empezar con Hurt 911 Colorado Injury Centers<\/h2>\n<p><img loading=\"lazy\" decoding=\"async\" class=\"alignnone wp-image-2064\" src=\"https:\/\/1800hurt911co.com\/wp-content\/uploads\/2020\/12\/banner-bg1-copy-1024x254.webp\" alt=\"Hurt911 Logo\" width=\"500\" height=\"124\" srcset=\"https:\/\/1800hurt911co.com\/wp-content\/uploads\/2020\/12\/banner-bg1-copy-1024x254.webp 1024w, https:\/\/1800hurt911co.com\/wp-content\/uploads\/2020\/12\/banner-bg1-copy-300x75.webp 300w, https:\/\/1800hurt911co.com\/wp-content\/uploads\/2020\/12\/banner-bg1-copy-768x191.webp 768w, https:\/\/1800hurt911co.com\/wp-content\/uploads\/2020\/12\/banner-bg1-copy-1536x382.webp 1536w, https:\/\/1800hurt911co.com\/wp-content\/uploads\/2020\/12\/banner-bg1-copy.webp 1920w\" sizes=\"(max-width: 500px) 100vw, 500px\" \/><\/p>\n<h3>C\u00f3mo concertar su primera cita<\/h3>\n<p>Dar el primer paso hacia la recuperaci\u00f3n es crucial. Para programar su cita inicial con nuestro m\u00e9dico Northglenn latigazo cervical, simplemente llame a nuestra oficina o rellene el formulario en l\u00ednea en nuestro sitio web. Nuestro amable personal le guiar\u00e1 a trav\u00e9s del proceso y encontrar un tiempo que funcione para usted. Entendemos que hacer frente a las lesiones puede ser abrumador, por lo que nuestro objetivo es hacer que la programaci\u00f3n lo m\u00e1s sencillo posible.<\/p>\n<h3>Qu\u00e9 esperar durante su visita<\/h3>\n<p>Durante su primera visita, se reunir\u00e1 con un quiropr\u00e1ctico experimentado que se especializa en lesiones por latigazo cervical. Llevaremos a cabo un examen completo para evaluar su condici\u00f3n y discutir sus s\u00edntomas. Esperar a responder a preguntas acerca de su accidente, los niveles de dolor, y cualquier historial m\u00e9dico previo. Esta informaci\u00f3n es vital para que podamos crear un plan de tratamiento eficaz adaptado a sus necesidades. Despu\u00e9s de la evaluaci\u00f3n, podemos recomendar servicios de diagn\u00f3stico como radiograf\u00edas o resonancias magn\u00e9ticas para obtener una comprensi\u00f3n m\u00e1s clara de sus lesiones.<\/p>\n<h3>Contacte con nosotros para m\u00e1s informaci\u00f3n<\/h3>\n<p>Si tiene alguna pregunta o necesita m\u00e1s informaci\u00f3n sobre nuestros servicios, no dude en ponerse en contacto con nosotros. Puede ponerse en contacto con nosotros por tel\u00e9fono, texto o correo electr\u00f3nico. Nuestro equipo est\u00e1 aqu\u00ed para ayudarle y proporcionarle el apoyo que necesita. Recuerde, usted no tiene que navegar este viaje solo. En <a href=\"\/es\/\">Hurt 911 Colorado Injury Centers<\/a>, estamos comprometidos a ayudarle a recuperarse de su lesi\u00f3n de latigazo cervical y volver a su vida cotidiana.<\/p>\n","protected":false},"excerpt":{"rendered":"<p>Latigazo cervical Doctor en Northglenn, CO El latigazo cervical es una lesi\u00f3n com\u00fan que ocurre a menudo en accidentes automovil\u00edsticos, particularmente durante colisiones traseras. Ocurre cuando la cabeza es repentinamente sacudida hacia adelante y luego hacia atr\u00e1s, causando tensi\u00f3n en los tejidos blandos del cuello. Este movimiento r\u00e1pido puede conducir a una variedad de s\u00edntomas, [&hellip;]<\/p>\n","protected":false},"author":6,"featured_media":0,"parent":4450,"menu_order":0,"comment_status":"closed","ping_status":"closed","template":"","meta":{"_acf_changed":false,"footnotes":""},"class_list":["post-4486","page","type-page","status-publish","hentry"],"acf":[],"_links":{"self":[{"href":"https:\/\/1800hurt911co.com\/es\/wp-json\/wp\/v2\/pages\/4486","targetHints":{"allow":["GET"]}}],"collection":[{"href":"https:\/\/1800hurt911co.com\/es\/wp-json\/wp\/v2\/pages"}],"about":[{"href":"https:\/\/1800hurt911co.com\/es\/wp-json\/wp\/v2\/types\/page"}],"author":[{"embeddable":true,"href":"https:\/\/1800hurt911co.com\/es\/wp-json\/wp\/v2\/users\/6"}],"replies":[{"embeddable":true,"href":"https:\/\/1800hurt911co.com\/es\/wp-json\/wp\/v2\/comments?post=4486"}],"version-history":[{"count":2,"href":"https:\/\/1800hurt911co.com\/es\/wp-json\/wp\/v2\/pages\/4486\/revisions"}],"predecessor-version":[{"id":4488,"href":"https:\/\/1800hurt911co.com\/es\/wp-json\/wp\/v2\/pages\/4486\/revisions\/4488"}],"up":[{"embeddable":true,"href":"https:\/\/1800hurt911co.com\/es\/wp-json\/wp\/v2\/pages\/4450"}],"wp:attachment":[{"href":"https:\/\/1800hurt911co.com\/es\/wp-json\/wp\/v2\/media?parent=4486"}],"curies":[{"name":"wp","href":"https:\/\/api.w.org\/{rel}","templated":true}]}}